{"id":831,"date":"2017-02-23T15:59:26","date_gmt":"2017-02-23T14:59:26","guid":{"rendered":"https:\/\/www.institut-solidaris.be\/?page_id=831"},"modified":"2019-12-16T11:04:26","modified_gmt":"2019-12-16T10:04:26","slug":"france","status":"publish","type":"page","link":"https:\/\/www.institut-solidaris.be\/index.php\/france\/","title":{"rendered":"France"},"content":{"rendered":"<div class=\"fusion-fullwidth fullwidth-box fusion-builder-row-1 nonhundred-percent-fullwidth non-hundred-percent-height-scrolling\" style=\"--awb-background-position:left top;--awb-border-radius-top-left:0px;--awb-border-radius-top-right:0px;--awb-border-radius-bottom-right:0px;--awb-border-radius-bottom-left:0px;--awb-padding-top:20px;--awb-padding-bottom:20px;--awb-border-sizes-top:0px;--awb-border-sizes-bottom:0px;--awb-flex-wrap:wrap;\" ><div class=\"fusion-builder-row fusion-row\"><div class=\"fusion-layout-column fusion_builder_column fusion-builder-column-0 fusion_builder_column_1_2 1_2 fusion-one-half fusion-column-first\" style=\"--awb-bg-size:cover;width:48%; margin-right: 4%;\"><div class=\"fusion-column-wrapper fusion-flex-column-wrapper-legacy\"><div class=\"fusion-slider-sc fusion-flexslider-loading flexslider flexslider-hover-type-none\" data-slideshow_autoplay=\"1\" data-slideshow_smooth_height=\"0\" data-slideshow_speed=\"7000\" style=\"max-width:100%;height:100%;\"><ul class=\"slides\"><li class=\"image\"><span class=\"fusion-image-hover-element hover-type-none\"><img decoding=\"async\" src=\"https:\/\/www.institut-solidaris.be\/wp-content\/uploads\/2017\/02\/Baro_France-Belgique.jpg\" width=\"600\" height=\"350\" \/><\/span><\/li><\/ul><\/div><div class=\"fusion-clearfix\"><\/div><\/div><\/div><div class=\"fusion-layout-column fusion_builder_column fusion-builder-column-1 fusion_builder_column_1_2 1_2 fusion-one-half fusion-column-last\" style=\"--awb-bg-size:cover;width:48%;\"><div class=\"fusion-column-wrapper fusion-flex-column-wrapper-legacy\"><div class=\"fusion-text fusion-text-1\"><h2 style=\"text-align: justify;\">Famille, amis et travail seraient les valeurs-refuges des Fran\u00e7ais selon le \u00ab\u00a0<a href=\"https:\/\/www.institut-solidaris.be\/index.php\/barometre-confiance-bien-etre-2016\/\" target=\"_blank\" rel=\"noopener noreferrer\">Barom\u00e8tre confiance et bien-\u00eatre<\/a>\u00a0\u00bb Solidaris\/MGEN<strong><br \/>\n<\/strong><\/h2>\n<p style=\"text-align: justify;\"><strong>Inquiets pour leur avenir et celui de leurs proches, anxieux sur l\u2019\u00e9volution que prennent la soci\u00e9t\u00e9 et le monde, d\u00e9sillusionn\u00e9s face \u00e0 l&rsquo;offre politique, les Fran\u00e7ais restent pourtant une majorit\u00e9 \u00e0 \u00eatre satisfaits de leur vie (67,5%) et de leur r\u00e9ussite personnelle.<\/strong><\/p>\n<p style=\"text-align: justify;\">Toutefois cette appr\u00e9ciation cache de nombreuses in\u00e9galit\u00e9s. Alors qu&rsquo;en moyenne, 72,7% des personnes interrog\u00e9es d\u00e9clarent <em>\u00ab\u00a0avoir r\u00e9ussi leur vie\u00a0\u00bb, <\/em>86,6% de celles en couple avec enfants partagent cet avis contre seulement 57,8% de celles seules avec enfants. Un r\u00e9sultat qui met, une fois de plus, en avant les difficult\u00e9s des familles monoparentales.<\/p>\n<p style=\"text-align: justify;\">En mati\u00e8re de logement, de nombreux \u00e9carts sont \u00e9galement \u00e0 relever. Alors que 82,6% des Fran\u00e7ais consid\u00e8rent que l\u2019endroit o\u00f9 ils habitent est \u00ab\u00a0<em>vraiment confortable<\/em>\u00a0\u00bb 24,8% des ch\u00f4meurs pensent le contraire, soit un pourcentage trois fois sup\u00e9rieur \u00e0 la moyenne.<\/p>\n<p style=\"text-align: justify;\">Leurs peurs personnelles tendent alors \u00e0 se nourrir d\u2019une peur g\u00e9n\u00e9rale ce qui influence alors\u00a0 leur regard sur la soci\u00e9t\u00e9 et le monde.<\/p>\n<p style=\"text-align: justify;\">En effet, 31% seulement des Fran\u00e7ais voient d&rsquo;un bon oeil le chemin que prend la soci\u00e9t\u00e9 actuelle. En mati\u00e8re d&rsquo;environnement ils sont pas moins de 83% \u00e0 se d\u00e9clarer comme \u00e9tant pr\u00e9occup\u00e9s. <em><br \/>\n<\/em><\/p>\n<p style=\"text-align: justify;\">Malgr\u00e9 des in\u00e9galit\u00e9s sociales de plus en plus palpables et un sentiment de recul par rapport au vivre ensemble, les Fran\u00e7ais trouvent les moyens de leur \u00e9panouissement dans leur travail et se r\u00e9fugient de plus en plus aupr\u00e8s des leurs, dans le noyau familial.<\/p>\n<p style=\"text-align: justify;\"><a href=\"https:\/\/www.institut-solidaris.be\/wp-content\/uploads\/2017\/02\/BarometreFrance.pdf\" target=\"_blank\" rel=\"noopener noreferrer\"><img decoding=\"async\" class=\"alignnone wp-image-112 size-full\" src=\"https:\/\/www.institut-solidaris.be\/wp-content\/uploads\/2015\/12\/icone-pdf.gif\" alt=\"Consulter notre enqu\u00eate\" width=\"32\" height=\"32\" \/><\/a><a href=\"https:\/\/www.institut-solidaris.be\/wp-content\/uploads\/2017\/02\/BarometreFrance.pdf\" target=\"_blank\" rel=\"noopener noreferrer\">Consulter les r\u00e9sultats de l&rsquo;enqu\u00eate<\/a><\/p>\n<\/div><div class=\"fusion-clearfix\"><\/div><\/div><\/div><div class=\"fusion-layout-column fusion_builder_column fusion-builder-column-2 fusion_builder_column_1_2 1_2 fusion-one-half fusion-column-first\" style=\"--awb-bg-size:cover;width:48%; margin-right: 4%;\"><div class=\"fusion-column-wrapper fusion-flex-column-wrapper-legacy\"><div class=\"fusion-clearfix\"><\/div><\/div><\/div><div class=\"fusion-layout-column fusion_builder_column fusion-builder-column-3 fusion_builder_column_1_2 1_2 fusion-one-half fusion-column-last\" style=\"--awb-bg-size:cover;width:48%;\"><div class=\"fusion-column-wrapper fusion-flex-column-wrapper-legacy\"><div class=\"fusion-title title fusion-title-1 fusion-title-text fusion-title-size-two\" style=\"--awb-margin-top-small:0px;--awb-margin-right-small:0px;--awb-margin-bottom-small:20px;--awb-margin-left-small:0px;\"><h2 class=\"fusion-title-heading title-heading-left\" style=\"margin:0;\">En chiffres<\/h2><span class=\"awb-title-spacer\"><\/span><div class=\"title-sep-container\"><div class=\"title-sep sep-double sep-solid\" style=\"border-color:#e0dede;\"><\/div><\/div><\/div><div class=\"fusion-progressbar\" style=\"--awb-textcolor:#000000;--awb-filledcolor:#e41618;--awb-filledbordercolor:#e41618;--awb-maximum-value-wrapper-width:34%;\"><div class=\"fusion-progressbar-bar progress-bar\"><div class=\"progress progress-bar-content not-animated\" role=\"progressbar\" aria-labelledby=\"awb-progressbar-label-1\" aria-valuemin=\"0\" aria-valuemax=\"100\" aria-valuenow=\"66\" data-filling-speed=\"600\"><span class=\"progress-title awb-on-bar\"><span class=\"fusion-progressbar-text\" id=\"awb-progressbar-label-1\">Estiment que la famille est le seul endroit o\u00f9 l&rsquo;on se sente bien et d\u00e9tendu :<\/span> <span class=\"fusion-progressbar-value\">66%<\/span><\/span><\/div><span class=\"awb-pb-max-value-wrap awb-on-bar\"><span class=\"awb-pb-max-value-text\"><\/span><\/span><\/div><\/div><div class=\"fusion-progressbar\" style=\"--awb-textcolor:#000000;--awb-filledcolor:#e41618;--awb-filledbordercolor:#e41618;--awb-maximum-value-wrapper-width:42%;\"><div class=\"fusion-progressbar-bar progress-bar\"><div class=\"progress progress-bar-content not-animated\" role=\"progressbar\" aria-labelledby=\"awb-progressbar-label-2\" aria-valuemin=\"0\" aria-valuemax=\"100\" aria-valuenow=\"58\" data-filling-speed=\"600\"><span class=\"progress-title awb-on-bar\"><span class=\"fusion-progressbar-text\" id=\"awb-progressbar-label-2\">Consid\u00e8rent le travail\/les \u00e9tudes comme une r\u00e9elle source de bien-\u00eatre :<\/span> <span class=\"fusion-progressbar-value\">58%<\/span><\/span><\/div><span class=\"awb-pb-max-value-wrap awb-on-bar\"><span class=\"awb-pb-max-value-text\"><\/span><\/span><\/div><\/div><div class=\"fusion-progressbar\" style=\"--awb-textcolor:#000000;--awb-filledcolor:#e41618;--awb-filledbordercolor:#e41618;--awb-maximum-value-wrapper-width:86%;\"><div class=\"fusion-progressbar-bar progress-bar\"><div class=\"progress progress-bar-content not-animated\" role=\"progressbar\" aria-labelledby=\"awb-progressbar-label-3\" aria-valuemin=\"0\" aria-valuemax=\"100\" aria-valuenow=\"14\" data-filling-speed=\"600\"><span class=\"progress-title awb-on-bar\"><span class=\"fusion-progressbar-text\" id=\"awb-progressbar-label-3\">L\u2019Etat et la S\u00e9curit\u00e9 sociale vont continuer \u00e0 nous prot\u00e9ger :<\/span> <span class=\"fusion-progressbar-value\">14%<\/span><\/span><\/div><span class=\"awb-pb-max-value-wrap awb-on-bar\"><span class=\"awb-pb-max-value-text\"><\/span><\/span><\/div><\/div><div class=\"fusion-progressbar\" style=\"--awb-textcolor:#000000;--awb-filledcolor:#e41618;--awb-filledbordercolor:#e41618;--awb-maximum-value-wrapper-width:27%;\"><div class=\"fusion-progressbar-bar progress-bar\"><div class=\"progress progress-bar-content not-animated\" role=\"progressbar\" aria-labelledby=\"awb-progressbar-label-4\" aria-valuemin=\"0\" aria-valuemax=\"100\" aria-valuenow=\"73\" data-filling-speed=\"600\"><span class=\"progress-title awb-on-bar\"><span class=\"fusion-progressbar-text\" id=\"awb-progressbar-label-4\">Constatent un recul du \u00ab vivre-ensemble \u00bb : <\/span> <span class=\"fusion-progressbar-value\">73%<\/span><\/span><\/div><span class=\"awb-pb-max-value-wrap awb-on-bar\"><span class=\"awb-pb-max-value-text\"><\/span><\/span><\/div><\/div><div class=\"fusion-progressbar\" style=\"--awb-textcolor:#000000;--awb-filledcolor:#e41618;--awb-filledbordercolor:#e41618;--awb-maximum-value-wrapper-width:57%;\"><div class=\"fusion-progressbar-bar progress-bar\"><div class=\"progress progress-bar-content not-animated\" role=\"progressbar\" aria-labelledby=\"awb-progressbar-label-5\" aria-valuemin=\"0\" aria-valuemax=\"100\" aria-valuenow=\"43\" data-filling-speed=\"600\"><span class=\"progress-title awb-on-bar\"><span class=\"fusion-progressbar-text\" id=\"awb-progressbar-label-5\">Inquiets \u00e0 l\u2019id\u00e9e de descendre l\u2019\u00e9chelle sociale : <\/span> <span class=\"fusion-progressbar-value\">43%<\/span><\/span><\/div><span class=\"awb-pb-max-value-wrap awb-on-bar\"><span class=\"awb-pb-max-value-text\"><\/span><\/span><\/div><\/div><div class=\"fusion-progressbar\" style=\"--awb-textcolor:#000000;--awb-filledcolor:#e41618;--awb-filledbordercolor:#e41618;--awb-maximum-value-wrapper-width:33%;\"><div class=\"fusion-progressbar-bar progress-bar\"><div class=\"progress progress-bar-content not-animated\" role=\"progressbar\" aria-labelledby=\"awb-progressbar-label-6\" aria-valuemin=\"0\" aria-valuemax=\"100\" aria-valuenow=\"67\" data-filling-speed=\"600\"><span class=\"progress-title awb-on-bar\"><span class=\"fusion-progressbar-text\" id=\"awb-progressbar-label-6\">Trouvent que le syst\u00e8me de sant\u00e9 en France est d\u2019excellente qualit\u00e9 : <\/span> <span class=\"fusion-progressbar-value\">67%<\/span><\/span><\/div><span class=\"awb-pb-max-value-wrap awb-on-bar\"><span class=\"awb-pb-max-value-text\"><\/span><\/span><\/div><\/div><div class=\"fusion-progressbar\" style=\"--awb-textcolor:#000000;--awb-filledcolor:#e41618;--awb-filledbordercolor:#e41618;--awb-maximum-value-wrapper-width:27%;\"><div class=\"fusion-progressbar-bar progress-bar\"><div class=\"progress progress-bar-content not-animated\" role=\"progressbar\" aria-labelledby=\"awb-progressbar-label-7\" aria-valuemin=\"0\" aria-valuemax=\"100\" aria-valuenow=\"73\" data-filling-speed=\"600\"><span class=\"progress-title awb-on-bar\"><span class=\"fusion-progressbar-text\" id=\"awb-progressbar-label-7\">Craignent une d\u00e9gradation de la qualit\u00e9 des soins pour des raisons de co\u00fbts :<\/span> <span class=\"fusion-progressbar-value\">73%<\/span><\/span><\/div><span class=\"awb-pb-max-value-wrap awb-on-bar\"><span class=\"awb-pb-max-value-text\"><\/span><\/span><\/div><\/div><div class=\"fusion-progressbar\" style=\"--awb-textcolor:#000000;--awb-filledcolor:#e41618;--awb-filledbordercolor:#e41618;--awb-maximum-value-wrapper-width:21%;\"><div class=\"fusion-progressbar-bar progress-bar\"><div class=\"progress progress-bar-content not-animated\" role=\"progressbar\" aria-labelledby=\"awb-progressbar-label-8\" aria-valuemin=\"0\" aria-valuemax=\"100\" aria-valuenow=\"79\" data-filling-speed=\"600\"><span class=\"progress-title awb-on-bar\"><span class=\"fusion-progressbar-text\" id=\"awb-progressbar-label-8\">Jugent les in\u00e9galit\u00e9s sociales comme insupportables :<\/span> <span class=\"fusion-progressbar-value\">79%<\/span><\/span><\/div><span class=\"awb-pb-max-value-wrap awb-on-bar\"><span class=\"awb-pb-max-value-text\"><\/span><\/span><\/div><\/div><div class=\"fusion-progressbar\" style=\"--awb-textcolor:#000000;--awb-filledcolor:#e41618;--awb-filledbordercolor:#e41618;--awb-maximum-value-wrapper-width:69%;\"><div class=\"fusion-progressbar-bar progress-bar\"><div class=\"progress progress-bar-content not-animated\" role=\"progressbar\" aria-labelledby=\"awb-progressbar-label-9\" aria-valuemin=\"0\" aria-valuemax=\"100\" aria-valuenow=\"31\" data-filling-speed=\"600\"><span class=\"progress-title awb-on-bar\"><span class=\"fusion-progressbar-text\" id=\"awb-progressbar-label-9\">Les m\u00e9dias ne proposent pas\/plus d\u2019informations de bonne qualit\u00e9 : <\/span> <span class=\"fusion-progressbar-value\">31%<\/span><\/span><\/div><span class=\"awb-pb-max-value-wrap awb-on-bar\"><span class=\"awb-pb-max-value-text\"><\/span><\/span><\/div><\/div><div class=\"fusion-progressbar\" style=\"--awb-textcolor:#000000;--awb-filledcolor:#e41618;--awb-filledbordercolor:#e41618;--awb-maximum-value-wrapper-width:25%;\"><div class=\"fusion-progressbar-bar progress-bar\"><div class=\"progress progress-bar-content not-animated\" role=\"progressbar\" aria-labelledby=\"awb-progressbar-label-10\" aria-valuemin=\"0\" aria-valuemax=\"100\" aria-valuenow=\"75\" data-filling-speed=\"600\"><span class=\"progress-title awb-on-bar\"><span class=\"fusion-progressbar-text\" id=\"awb-progressbar-label-10\">L&rsquo;offre politique ne r\u00e9pond pas\/plus \u00e0 mes attentes : <\/span> <span class=\"fusion-progressbar-value\">75%<\/span><\/span><\/div><span class=\"awb-pb-max-value-wrap awb-on-bar\"><span class=\"awb-pb-max-value-text\"><\/span><\/span><\/div><\/div><div class=\"fusion-clearfix\"><\/div><\/div><\/div><\/div><\/div>\n","protected":false},"excerpt":{"rendered":"","protected":false},"author":2,"featured_media":0,"parent":0,"menu_order":0,"comment_status":"closed","ping_status":"closed","template":"","meta":{"footnotes":""},"class_list":["post-831","page","type-page","status-publish","hentry"],"_links":{"self":[{"href":"https:\/\/www.institut-solidaris.be\/index.php\/wp-json\/wp\/v2\/pages\/831","targetHints":{"allow":["GET"]}}],"collection":[{"href":"https:\/\/www.institut-solidaris.be\/index.php\/wp-json\/wp\/v2\/pages"}],"about":[{"href":"https:\/\/www.institut-solidaris.be\/index.php\/wp-json\/wp\/v2\/types\/page"}],"author":[{"embeddable":true,"href":"https:\/\/www.institut-solidaris.be\/index.php\/wp-json\/wp\/v2\/users\/2"}],"replies":[{"embeddable":true,"href":"https:\/\/www.institut-solidaris.be\/index.php\/wp-json\/wp\/v2\/comments?post=831"}],"version-history":[{"count":25,"href":"https:\/\/www.institut-solidaris.be\/index.php\/wp-json\/wp\/v2\/pages\/831\/revisions"}],"predecessor-version":[{"id":1901,"href":"https:\/\/www.institut-solidaris.be\/index.php\/wp-json\/wp\/v2\/pages\/831\/revisions\/1901"}],"wp:attachment":[{"href":"https:\/\/www.institut-solidaris.be\/index.php\/wp-json\/wp\/v2\/media?parent=831"}],"curies":[{"name":"wp","href":"https:\/\/api.w.org\/{rel}","templated":true}]}}