{"id":829,"date":"2017-02-15T09:02:53","date_gmt":"2017-02-15T08:02:53","guid":{"rendered":"https:\/\/www.institut-solidaris.be\/?page_id=829"},"modified":"2020-12-02T10:01:42","modified_gmt":"2020-12-02T09:01:42","slug":"barometre-confiance-bien-etre-2016","status":"publish","type":"page","link":"https:\/\/www.institut-solidaris.be\/index.php\/barometre-confiance-bien-etre-2016\/","title":{"rendered":"Barom\u00e8tre Confiance &#038; Bien-\u00eatre 2016"},"content":{"rendered":"<div class=\"fusion-fullwidth fullwidth-box fusion-builder-row-1 nonhundred-percent-fullwidth non-hundred-percent-height-scrolling\" style=\"--awb-background-position:left top;--awb-border-radius-top-left:0px;--awb-border-radius-top-right:0px;--awb-border-radius-bottom-right:0px;--awb-border-radius-bottom-left:0px;--awb-padding-top:20px;--awb-padding-bottom:20px;--awb-border-sizes-top:0px;--awb-border-sizes-bottom:0px;--awb-flex-wrap:wrap;\" ><div class=\"fusion-builder-row fusion-row\"><div class=\"fusion-layout-column fusion_builder_column fusion-builder-column-0 fusion_builder_column_1_2 1_2 fusion-one-half fusion-column-first\" style=\"--awb-bg-size:cover;width:48%; margin-right: 4%;\"><div class=\"fusion-column-wrapper fusion-flex-column-wrapper-legacy\"><div class=\"fusion-slider-sc fusion-flexslider-loading flexslider flexslider-hover-type-none\" data-slideshow_autoplay=\"1\" data-slideshow_smooth_height=\"0\" data-slideshow_speed=\"7000\" style=\"max-width:100%;height:100%;\"><ul class=\"slides\"><li class=\"image\"><span class=\"fusion-image-hover-element hover-type-none\"><img decoding=\"async\" src=\"https:\/\/www.institut-solidaris.be\/wp-content\/uploads\/2017\/02\/Visuel_600x250_BaroCB_2016.jpg\" width=\"600\" height=\"350\" \/><\/span><\/li><li class=\"video\"><div class=\"full-video\"><div class=\"fusion-video fusion-youtube\" style=\"--awb-max-width:600px;--awb-max-height:350px;\"><div class=\"video-shortcode\"><div class=\"fluid-width-video-wrapper\" style=\"padding-top:58.33%;\" ><iframe title=\"YouTube video player 1\" src=\"https:\/\/www.youtube.com\/embed\/S_WeBBVSBOY?wmode=transparent&autoplay=0\" width=\"600\" height=\"350\" allowfullscreen allow=\"autoplay; clipboard-write; encrypted-media; gyroscope; picture-in-picture;\"><\/iframe><\/div><\/div><\/div><\/div><\/li><\/ul><\/div><div class=\"fusion-clearfix\"><\/div><\/div><\/div><div class=\"fusion-layout-column fusion_builder_column fusion-builder-column-1 fusion_builder_column_1_2 1_2 fusion-one-half fusion-column-last\" style=\"--awb-bg-size:cover;width:48%;\"><div class=\"fusion-column-wrapper fusion-flex-column-wrapper-legacy\"><div class=\"fusion-text fusion-text-1\"><p style=\"text-align: justify;\"><span style=\"color: #333333;\"><strong>Pour la deuxi\u00e8me ann\u00e9e cons\u00e9cutive, Solidaris a pris le pouls de la soci\u00e9t\u00e9 belge francophone afin d\u2019en savoir un peu plus sur son \u00e9tat de confiance et de bien-\u00eatre<\/strong>.<\/span><\/p>\n<p style=\"text-align: justify;\">Cette 2e \u00e9dition du Barom\u00e8tre Confiance et Bien-\u00eatre s&rsquo;accompagne d&rsquo;une nouveaut\u00e9. En effet, cette fois-ci Solidaris a travaill\u00e9 en collaboration avec la mutuelle fran\u00e7aise MGEN (Education Nationale).<\/p>\n<p style=\"text-align: justify;\">Les deux mutuelles ont donc sond\u00e9 leurs soci\u00e9t\u00e9s respectives afin d&rsquo;en savoir un peu plus sur\u00a0 la confiance et le sentiment de bien-\u00eatre de leurs citoyens.<\/p>\n<p style=\"text-align: justify;\">Pour <strong>Solidaris et la MGEN<\/strong>, acteurs de protection sociale, ce barom\u00e8tre a pour objectif de mieux comprendre la mani\u00e8re dont la population vit et ressent l\u2019\u00e9volution de la soci\u00e9t\u00e9 et du vivre-ensemble.<\/p>\n<p style=\"text-align: justify;\">Sur le terrain, <strong>913 Belges francophones<\/strong> et <strong>992 Fran\u00e7ais<\/strong> ont \u00e9t\u00e9 interrog\u00e9s, soit par t\u00e9l\u00e9phone, soit par internet.<\/p>\n<p style=\"text-align: justify;\">L\u2019\u00e9tude a \u00e9t\u00e9 r\u00e9alis\u00e9e en septembre 2016 dans un contexte particuli\u00e8rement marqu\u00e9, l&rsquo;ann\u00e9e \u00e9coul\u00e9e ayant travers\u00e9 un encha\u00eenement d&rsquo;\u00e9venements\u00a0 bouleversants\u00a0 (attentats, Brexit, \u00e9lection de Donald Trump, \u2026).<\/p>\n<p style=\"text-align: justify;\">Ce deuxi\u00e8me barom\u00e8tre souhaite dresser un \u00e9tat des lieux dans chacun des deux pays tout en permettant \u00e9galement de comparer la situation de la Belgique francophone avec celle de la France, au cours de cette ann\u00e9e 2016.<\/p>\n<p style=\"text-align: justify;\">M\u00eame si des diff\u00e9rences sont palpables entre les Fran\u00e7ais et les Belges,\u00a0 les difficult\u00e9s que nous rencontrons sont profond\u00e9ment mondialis\u00e9es et d\u00e9passent tr\u00e8s largement les fronti\u00e8res.<\/p>\n<p style=\"text-align: justify;\">Ce Barom\u00e8tre se d\u00e9coupe en 3 volets, \u00e0 savoir :<\/p>\n<ul>\n<li style=\"text-align: justify;\">L&rsquo;enqu\u00eate en <strong>Belgique<\/strong>, dont les r\u00e9sultats sont consultables <span style=\"color: #ff0000;\"><strong><a style=\"color: #ff0000;\" href=\"https:\/\/www.institut-solidaris.be\/index.php\/belgique-2\/\" target=\"_blank\" rel=\"noopener noreferrer\">ici<\/a><\/strong><\/span><\/li>\n<li style=\"text-align: justify;\">L&rsquo;enqu\u00eate en <strong>France<\/strong>, dont les r\u00e9sultats sont consultables <span style=\"color: #ff0000;\"><strong><a style=\"color: #ff0000;\" href=\"https:\/\/www.institut-solidaris.be\/index.php\/france\/\" target=\"_blank\" rel=\"noopener noreferrer\">ici<\/a><\/strong><\/span><\/li>\n<li style=\"text-align: justify;\">Le comparatif <strong>Belgique\/France<\/strong> qui est consultable<span style=\"color: #ff0000;\"><strong> <a style=\"color: #ff0000;\" href=\"https:\/\/www.institut-solidaris.be\/index.php\/belgique-france\/\" target=\"_blank\" rel=\"noopener noreferrer\">ici<\/a><\/strong><\/span><\/li>\n<\/ul>\n<p style=\"text-align: justify;\"><span style=\"color: #333333;\"><strong>\u00a0<\/strong><\/span><\/p>\n<\/div><div class=\"fusion-clearfix\"><\/div><\/div><\/div><div class=\"fusion-layout-column fusion_builder_column fusion-builder-column-2 fusion_builder_column_1_2 1_2 fusion-one-half fusion-column-first\" style=\"--awb-bg-size:cover;width:48%; margin-right: 4%;\"><div class=\"fusion-column-wrapper fusion-flex-column-wrapper-legacy\"><div class=\"fusion-clearfix\"><\/div><\/div><\/div><div class=\"fusion-layout-column fusion_builder_column fusion-builder-column-3 fusion_builder_column_1_2 1_2 fusion-one-half fusion-column-last\" style=\"--awb-bg-size:cover;width:48%;\"><div class=\"fusion-column-wrapper fusion-flex-column-wrapper-legacy\"><div class=\"fusion-clearfix\"><\/div><\/div><\/div><\/div><\/div>\n","protected":false},"excerpt":{"rendered":"","protected":false},"author":2,"featured_media":0,"parent":0,"menu_order":0,"comment_status":"closed","ping_status":"closed","template":"","meta":{"footnotes":""},"class_list":["post-829","page","type-page","status-publish","hentry"],"_links":{"self":[{"href":"https:\/\/www.institut-solidaris.be\/index.php\/wp-json\/wp\/v2\/pages\/829","targetHints":{"allow":["GET"]}}],"collection":[{"href":"https:\/\/www.institut-solidaris.be\/index.php\/wp-json\/wp\/v2\/pages"}],"about":[{"href":"https:\/\/www.institut-solidaris.be\/index.php\/wp-json\/wp\/v2\/types\/page"}],"author":[{"embeddable":true,"href":"https:\/\/www.institut-solidaris.be\/index.php\/wp-json\/wp\/v2\/users\/2"}],"replies":[{"embeddable":true,"href":"https:\/\/www.institut-solidaris.be\/index.php\/wp-json\/wp\/v2\/comments?post=829"}],"version-history":[{"count":30,"href":"https:\/\/www.institut-solidaris.be\/index.php\/wp-json\/wp\/v2\/pages\/829\/revisions"}],"predecessor-version":[{"id":2008,"href":"https:\/\/www.institut-solidaris.be\/index.php\/wp-json\/wp\/v2\/pages\/829\/revisions\/2008"}],"wp:attachment":[{"href":"https:\/\/www.institut-solidaris.be\/index.php\/wp-json\/wp\/v2\/media?parent=829"}],"curies":[{"name":"wp","href":"https:\/\/api.w.org\/{rel}","templated":true}]}}