{"id":610,"date":"2016-10-07T09:27:18","date_gmt":"2016-10-07T08:27:18","guid":{"rendered":"https:\/\/www.institut-solidaris.be\/?page_id=610"},"modified":"2019-12-16T11:04:27","modified_gmt":"2019-12-16T10:04:27","slug":"comment-allons-nous","status":"publish","type":"page","link":"https:\/\/www.institut-solidaris.be\/index.php\/comment-allons-nous\/","title":{"rendered":"Comment allons nous ?"},"content":{"rendered":"<div class=\"fusion-fullwidth fullwidth-box fusion-builder-row-1 nonhundred-percent-fullwidth non-hundred-percent-height-scrolling\" style=\"--awb-background-position:left top;--awb-border-radius-top-left:0px;--awb-border-radius-top-right:0px;--awb-border-radius-bottom-right:0px;--awb-border-radius-bottom-left:0px;--awb-padding-top:20px;--awb-padding-bottom:20px;--awb-border-sizes-top:0px;--awb-border-sizes-bottom:0px;--awb-flex-wrap:wrap;\" ><div class=\"fusion-builder-row fusion-row\"><div class=\"fusion-layout-column fusion_builder_column fusion-builder-column-0 fusion_builder_column_1_2 1_2 fusion-one-half fusion-column-first\" style=\"--awb-bg-size:cover;width:48%; margin-right: 4%;\"><div class=\"fusion-column-wrapper fusion-flex-column-wrapper-legacy\"><div class=\"fusion-slider-sc fusion-flexslider-loading flexslider flexslider-hover-type-none\" data-slideshow_autoplay=\"1\" data-slideshow_smooth_height=\"0\" data-slideshow_speed=\"7000\" style=\"max-width:100%;height:100%;\"><ul class=\"slides\"><li class=\"image\"><span class=\"fusion-image-hover-element hover-type-none\"><img decoding=\"async\" src=\"https:\/\/www.institut-solidaris.be\/wp-content\/uploads\/2016\/10\/iStock_62387450_Web-300x175.jpg\" width=\"300\" height=\"175\" \/><\/span><\/li><li class=\"image\"><span class=\"fusion-image-hover-element hover-type-none\"><img decoding=\"async\" src=\"https:\/\/www.institut-solidaris.be\/wp-content\/uploads\/2016\/10\/iStock_73610081_Web-300x175.jpg\" width=\"300\" height=\"175\" \/><\/span><\/li><\/ul><\/div><div class=\"fusion-clearfix\"><\/div><\/div><\/div><div class=\"fusion-layout-column fusion_builder_column fusion-builder-column-1 fusion_builder_column_1_2 1_2 fusion-one-half fusion-column-last\" style=\"--awb-bg-size:cover;width:48%;\"><div class=\"fusion-column-wrapper fusion-flex-column-wrapper-legacy\"><div class=\"fusion-text fusion-text-1\"><h2 style=\"text-align: justify;\"><span style=\"color: #ff0000;\">Le Belge va plut\u00f4t mal !<\/span><\/h2>\n<p style=\"text-align: justify;\"><strong>En 2012, Solidaris a lanc\u00e9 un programme d\u2019enqu\u00eates sociales et citoyennes : le Thermom\u00e8tre Solidaris. Premier sujet d\u2019enqu\u00eate : l\u2019\u00e9tat de bien-\u00eatre psychologique de la population.<\/strong><\/p>\n<p style=\"text-align: justify;\">Un Belge francophone sur 10 (400.000 personnes) d\u00e9clare ressentir souvent ou tr\u00e8s souvent de l\u2019angoisse, de l\u2019anxi\u00e9t\u00e9 voire de la d\u00e9pression. Qui sont-ils ? Quelles sont les sources de leurs souffrances ? Qu\u2019en pensent les professionnels de la sant\u00e9 ?<\/p>\n<p style=\"text-align: justify;\">Cette enqu\u00eate aborde donc l\u2019\u00e9tat de bien-\u00eatre psychologique de la population belge francophone. C\u2019est dans ce cadre que nous avons interrog\u00e9 un \u00e9chantillon de 1000 personnes repr\u00e9sentatives des Belges francophones de 18 \u00e0 75 ans et 130 professionnels du secteur (80 m\u00e9decins g\u00e9n\u00e9ralistes et 60 psychologues dipl\u00f4m\u00e9s et psychiatres).<\/p>\n<p><img decoding=\"async\" class=\"size-full wp-image-112 alignleft\" src=\"https:\/\/www.institut-solidaris.be\/wp-content\/uploads\/2015\/12\/icone-pdf.gif\" alt=\"Consulter notre enqu\u00eate\" width=\"32\" height=\"32\" \/><a href=\"https:\/\/www.institut-solidaris.be\/wp-content\/uploads\/2016\/04\/Therm1-Comment-allons-nous.pdf\">T\u00e9l\u00e9charger notre enqu\u00eate<\/a><\/p>\n<\/div><div class=\"fusion-clearfix\"><\/div><\/div><\/div><div class=\"fusion-layout-column fusion_builder_column fusion-builder-column-2 fusion_builder_column_1_2 1_2 fusion-one-half fusion-column-first\" style=\"--awb-bg-size:cover;width:48%; margin-right: 4%;\"><div class=\"fusion-column-wrapper fusion-flex-column-wrapper-legacy\"><div class=\"accordian fusion-accordian\" style=\"--awb-border-size:1px;--awb-icon-size:13px;--awb-content-font-size:13px;--awb-icon-alignment:left;--awb-hover-color:#f9f9f9;--awb-border-color:#cccccc;--awb-background-color:#ffffff;--awb-divider-color:#e0dede;--awb-divider-hover-color:#e0dede;--awb-icon-color:#ffffff;--awb-title-color:#0502d3;--awb-content-color:#000000;--awb-icon-box-color:#000000;--awb-toggle-hover-accent-color:#e41618;--awb-title-font-family:&quot;Antic Slab&quot;;--awb-title-font-weight:regular;--awb-title-font-style:normal;--awb-title-font-size:13px;--awb-content-font-family:Arial, Helvetica, sans-serif;--awb-content-font-style:normal;--awb-content-font-weight:400;\"><div class=\"panel-group fusion-toggle-icon-boxed\" id=\"accordion-610-1\"><div class=\"fusion-panel panel-default panel-fd1481861d7a74607 fusion-toggle-has-divider\"><div class=\"panel-heading\"><h4 class=\"panel-title toggle\" id=\"toggle_fd1481861d7a74607\"><a aria-expanded=\"false\" aria-controls=\"fd1481861d7a74607\" role=\"button\" data-toggle=\"collapse\" data-parent=\"#accordion-610-1\" data-target=\"#fd1481861d7a74607\" href=\"#fd1481861d7a74607\"><span class=\"fusion-toggle-icon-wrapper\" aria-hidden=\"true\"><i class=\"fa-fusion-box active-icon awb-icon-minus\" aria-hidden=\"true\"><\/i><i class=\"fa-fusion-box inactive-icon awb-icon-plus\" aria-hidden=\"true\"><\/i><\/span><span class=\"fusion-toggle-heading\">Comment allons-nous ? Plut\u00f4t mal ! <\/span><\/a><\/h4><\/div><div id=\"fd1481861d7a74607\" class=\"panel-collapse collapse \" aria-labelledby=\"toggle_fd1481861d7a74607\"><div class=\"panel-body toggle-content fusion-clearfix\">\n<ul>\n<li>Un Belge francophone sur 10 d\u00e9clare ressentir souvent ou tr\u00e8s souvent de l\u2019angoisse, de l\u2019anxi\u00e9t\u00e9 ou de la d\u00e9pression.<\/li>\n<li>Le top 3 des sources d\u2019inqui\u00e9tude : la sant\u00e9 (52%), les enfants (40%), le travail, le ch\u00f4mage (29%).<\/li>\n<li>L\u2019illisibilit\u00e9 de l\u2019offre (90% des personnes en souffrance ne savent \u00e0 qui s\u2019adresser), la m\u00e9fiance (\u00ab ce sont des charlatans \u00bb), le prix et la difficult\u00e9 d\u2019accepter que l\u2019on est en souffrance psychologique sont les principaux freins qui emp\u00eachent de recourir \u00e0 un professionnel de la sant\u00e9 mentale.<\/li>\n<\/ul>\n<\/div><\/div><\/div><div class=\"fusion-panel panel-default panel-ac4409e3a12cf73a9 fusion-toggle-has-divider\"><div class=\"panel-heading\"><h4 class=\"panel-title toggle\" id=\"toggle_ac4409e3a12cf73a9\"><a aria-expanded=\"false\" aria-controls=\"ac4409e3a12cf73a9\" role=\"button\" data-toggle=\"collapse\" data-parent=\"#accordion-610-1\" data-target=\"#ac4409e3a12cf73a9\" href=\"#ac4409e3a12cf73a9\"><span class=\"fusion-toggle-icon-wrapper\" aria-hidden=\"true\"><i class=\"fa-fusion-box active-icon awb-icon-minus\" aria-hidden=\"true\"><\/i><i class=\"fa-fusion-box inactive-icon awb-icon-plus\" aria-hidden=\"true\"><\/i><\/span><span class=\"fusion-toggle-heading\">Les groupes \u00e0 risque<\/span><\/a><\/h4><\/div><div id=\"ac4409e3a12cf73a9\" class=\"panel-collapse collapse \" aria-labelledby=\"toggle_ac4409e3a12cf73a9\"><div class=\"panel-body toggle-content fusion-clearfix\">Notre \u00e9tude a permis de mesurer l\u2019\u00e9tat psychologique actuel de la population belge francophone. En autodiagnostic comme en mesure scientifique, les Belges appr\u00e9cient globalement bien leur \u00e9tat mental. Des cas de d\u00e9ni existent mais ils sont rares. Autrement dit, quand quelqu\u2019un dit qu\u2019il va mal, il va mal ! Parmi ces personnes en souffrance, on identifie clairement quatre groupes \u00e0 risque :<\/p>\n<ul>\n<li>Les jeunes (18-25 ans)<\/li>\n<li>Les demandeurs d\u2019emploi<\/li>\n<li>Les familles monoparentales<\/li>\n<li>Les femmes<\/li>\n<\/ul>\n<\/div><\/div><\/div><div class=\"fusion-panel panel-default panel-78855438f6733220e fusion-toggle-has-divider\"><div class=\"panel-heading\"><h4 class=\"panel-title toggle\" id=\"toggle_78855438f6733220e\"><a aria-expanded=\"false\" aria-controls=\"78855438f6733220e\" role=\"button\" data-toggle=\"collapse\" data-parent=\"#accordion-610-1\" data-target=\"#78855438f6733220e\" href=\"#78855438f6733220e\"><span class=\"fusion-toggle-icon-wrapper\" aria-hidden=\"true\"><i class=\"fa-fusion-box active-icon awb-icon-minus\" aria-hidden=\"true\"><\/i><i class=\"fa-fusion-box inactive-icon awb-icon-plus\" aria-hidden=\"true\"><\/i><\/span><span class=\"fusion-toggle-heading\">Qu\u2019en pensent les m\u00e9decins g\u00e9n\u00e9ralistes et les psys ? <\/span><\/a><\/h4><\/div><div id=\"78855438f6733220e\" class=\"panel-collapse collapse \" aria-labelledby=\"toggle_78855438f6733220e\"><div class=\"panel-body toggle-content fusion-clearfix\">\n<ul>\n<li>4 g\u00e9n\u00e9ralistes sur 10 d\u00e9clarent que de plus en plus de patients viennent les voir pour des probl\u00e8mes d\u2019anxi\u00e9t\u00e9.<\/li>\n<li>Le travail (\u00e9puisement au travail, conflits, harc\u00e8lement) est la premi\u00e8re probl\u00e9matique psy \u00e9mergente qui am\u00e8ne les patients \u00e0 se rendre chez un professionnel de la sant\u00e9<\/li>\n<li>73% des g\u00e9n\u00e9ralistes partagent l\u2019id\u00e9e que les probl\u00e8mes psy non ou mal pris en charge peuvent d\u00e9g\u00e9n\u00e9rer en maux physiques.<\/li>\n<\/ul>\n<\/div><\/div><\/div><\/div><\/div><div class=\"fusion-clearfix\"><\/div><\/div><\/div><div class=\"fusion-layout-column fusion_builder_column fusion-builder-column-3 fusion_builder_column_1_2 1_2 fusion-one-half fusion-column-last\" style=\"--awb-bg-size:cover;width:48%;\"><div class=\"fusion-column-wrapper fusion-flex-column-wrapper-legacy\"><div class=\"fusion-title title fusion-title-1 fusion-title-text fusion-title-size-two\" style=\"--awb-margin-top-small:0px;--awb-margin-right-small:0px;--awb-margin-bottom-small:20px;--awb-margin-left-small:0px;\"><h2 class=\"fusion-title-heading title-heading-left\" style=\"margin:0;\">En chiffres<\/h2><span class=\"awb-title-spacer\"><\/span><div class=\"title-sep-container\"><div class=\"title-sep sep-double sep-solid\" style=\"border-color:#e0dede;\"><\/div><\/div><\/div><div class=\"fusion-progressbar\" style=\"--awb-textcolor:#000000;--awb-filledcolor:#e41618;--awb-filledbordercolor:#e41618;--awb-maximum-value-wrapper-width:92%;\"><div class=\"fusion-progressbar-bar progress-bar\"><div class=\"progress progress-bar-content not-animated\" role=\"progressbar\" aria-labelledby=\"awb-progressbar-label-1\" aria-valuemin=\"0\" aria-valuemax=\"100\" aria-valuenow=\"8\" data-filling-speed=\"600\"><span class=\"progress-title awb-on-bar\"><span class=\"fusion-progressbar-text\" id=\"awb-progressbar-label-1\">de la population d\u00e9clare avoir d\u00e9j\u00e0 tent\u00e9 de se suicider<\/span> <span class=\"fusion-progressbar-value\">8%<\/span><\/span><\/div><span class=\"awb-pb-max-value-wrap awb-on-bar\"><span class=\"awb-pb-max-value-text\"><\/span><\/span><\/div><\/div><div class=\"fusion-progressbar\" style=\"--awb-textcolor:#000000;--awb-filledcolor:#e41618;--awb-filledbordercolor:#e41618;--awb-maximum-value-wrapper-width:55%;\"><div class=\"fusion-progressbar-bar progress-bar\"><div class=\"progress progress-bar-content not-animated\" role=\"progressbar\" aria-labelledby=\"awb-progressbar-label-2\" aria-valuemin=\"0\" aria-valuemax=\"100\" aria-valuenow=\"45\" data-filling-speed=\"600\"><span class=\"progress-title awb-on-bar\"><span class=\"fusion-progressbar-text\" id=\"awb-progressbar-label-2\">de la population est vraiment inqui\u00e8te de tomber dans la pr\u00e9carit\u00e9<\/span> <span class=\"fusion-progressbar-value\">45%<\/span><\/span><\/div><span class=\"awb-pb-max-value-wrap awb-on-bar\"><span class=\"awb-pb-max-value-text\"><\/span><\/span><\/div><\/div><div class=\"fusion-progressbar\" style=\"--awb-textcolor:#000000;--awb-filledcolor:#e41618;--awb-filledbordercolor:#e41618;--awb-maximum-value-wrapper-width:55%;\"><div class=\"fusion-progressbar-bar progress-bar\"><div class=\"progress progress-bar-content not-animated\" role=\"progressbar\" aria-labelledby=\"awb-progressbar-label-3\" aria-valuemin=\"0\" aria-valuemax=\"100\" aria-valuenow=\"45\" data-filling-speed=\"600\"><span class=\"progress-title awb-on-bar\"><span class=\"fusion-progressbar-text\" id=\"awb-progressbar-label-3\">de la population affiche un \u00e9tat de d\u00e9pression mod\u00e9r\u00e9e ou l\u00e9g\u00e8re<\/span> <span class=\"fusion-progressbar-value\">45%<\/span><\/span><\/div><span class=\"awb-pb-max-value-wrap awb-on-bar\"><span class=\"awb-pb-max-value-text\"><\/span><\/span><\/div><\/div><div class=\"fusion-progressbar\" style=\"--awb-textcolor:#000000;--awb-filledcolor:#e41618;--awb-filledbordercolor:#e41618;--awb-maximum-value-wrapper-width:63%;\"><div class=\"fusion-progressbar-bar progress-bar\"><div class=\"progress progress-bar-content not-animated\" role=\"progressbar\" aria-labelledby=\"awb-progressbar-label-4\" aria-valuemin=\"0\" aria-valuemax=\"100\" aria-valuenow=\"37\" data-filling-speed=\"600\"><span class=\"progress-title awb-on-bar\"><span class=\"fusion-progressbar-text\" id=\"awb-progressbar-label-4\">de ceux qui expriment des souffrances n&rsquo;ont jamais fait appel \u00e0 un professionnel de la sant\u00e9 mentale<\/span> <span class=\"fusion-progressbar-value\">37%<\/span><\/span><\/div><span class=\"awb-pb-max-value-wrap awb-on-bar\"><span class=\"awb-pb-max-value-text\"><\/span><\/span><\/div><\/div><div class=\"fusion-progressbar\" style=\"--awb-textcolor:#000000;--awb-filledcolor:#e41618;--awb-filledbordercolor:#e41618;--awb-maximum-value-wrapper-width:53%;\"><div class=\"fusion-progressbar-bar progress-bar\"><div class=\"progress progress-bar-content not-animated\" role=\"progressbar\" aria-labelledby=\"awb-progressbar-label-5\" aria-valuemin=\"0\" aria-valuemax=\"100\" aria-valuenow=\"47\" data-filling-speed=\"600\"><span class=\"progress-title awb-on-bar\"><span class=\"fusion-progressbar-text\" id=\"awb-progressbar-label-5\">des psy et psychiatres estiment que la promotion de la sant\u00e9 mentale n&rsquo;est pas suffisamment prise en compte par les pouvoirs publics<\/span> <span class=\"fusion-progressbar-value\">47%<\/span><\/span><\/div><span class=\"awb-pb-max-value-wrap awb-on-bar\"><span class=\"awb-pb-max-value-text\"><\/span><\/span><\/div><\/div><div class=\"fusion-clearfix\"><\/div><\/div><\/div><\/div><\/div>\n","protected":false},"excerpt":{"rendered":"","protected":false},"author":4,"featured_media":0,"parent":0,"menu_order":0,"comment_status":"closed","ping_status":"closed","template":"","meta":{"footnotes":""},"class_list":["post-610","page","type-page","status-publish","hentry"],"_links":{"self":[{"href":"https:\/\/www.institut-solidaris.be\/index.php\/wp-json\/wp\/v2\/pages\/610","targetHints":{"allow":["GET"]}}],"collection":[{"href":"https:\/\/www.institut-solidaris.be\/index.php\/wp-json\/wp\/v2\/pages"}],"about":[{"href":"https:\/\/www.institut-solidaris.be\/index.php\/wp-json\/wp\/v2\/types\/page"}],"author":[{"embeddable":true,"href":"https:\/\/www.institut-solidaris.be\/index.php\/wp-json\/wp\/v2\/users\/4"}],"replies":[{"embeddable":true,"href":"https:\/\/www.institut-solidaris.be\/index.php\/wp-json\/wp\/v2\/comments?post=610"}],"version-history":[{"count":9,"href":"https:\/\/www.institut-solidaris.be\/index.php\/wp-json\/wp\/v2\/pages\/610\/revisions"}],"predecessor-version":[{"id":1908,"href":"https:\/\/www.institut-solidaris.be\/index.php\/wp-json\/wp\/v2\/pages\/610\/revisions\/1908"}],"wp:attachment":[{"href":"https:\/\/www.institut-solidaris.be\/index.php\/wp-json\/wp\/v2\/media?parent=610"}],"curies":[{"name":"wp","href":"https:\/\/api.w.org\/{rel}","templated":true}]}}