{"id":595,"date":"2016-10-11T10:06:08","date_gmt":"2016-10-11T09:06:08","guid":{"rendered":"https:\/\/www.institut-solidaris.be\/?page_id=595"},"modified":"2019-12-16T11:04:27","modified_gmt":"2019-12-16T10:04:27","slug":"comment-vont-les-adolescents","status":"publish","type":"page","link":"https:\/\/www.institut-solidaris.be\/index.php\/comment-vont-les-adolescents\/","title":{"rendered":"Comment vont les adolescents ?"},"content":{"rendered":"<div class=\"fusion-fullwidth fullwidth-box fusion-builder-row-1 nonhundred-percent-fullwidth non-hundred-percent-height-scrolling\" style=\"--awb-background-position:left top;--awb-border-radius-top-left:0px;--awb-border-radius-top-right:0px;--awb-border-radius-bottom-right:0px;--awb-border-radius-bottom-left:0px;--awb-padding-top:20px;--awb-padding-bottom:20px;--awb-border-sizes-top:0px;--awb-border-sizes-bottom:0px;--awb-flex-wrap:wrap;\" ><div class=\"fusion-builder-row fusion-row\"><div class=\"fusion-layout-column fusion_builder_column fusion-builder-column-0 fusion_builder_column_1_2 1_2 fusion-one-half fusion-column-first\" style=\"--awb-bg-size:cover;width:48%; margin-right: 4%;\"><div class=\"fusion-column-wrapper fusion-flex-column-wrapper-legacy\"><div class=\"fusion-slider-sc fusion-flexslider-loading flexslider flexslider-hover-type-none\" data-slideshow_autoplay=\"1\" data-slideshow_smooth_height=\"0\" data-slideshow_speed=\"7000\" style=\"max-width:100%;height:100%;\"><ul class=\"slides\"><li class=\"image\"><span class=\"fusion-image-hover-element hover-type-none\"><img decoding=\"async\" src=\"https:\/\/www.institut-solidaris.be\/wp-content\/uploads\/2016\/10\/iStock_83352153_Web-300x175.jpg\" width=\"300\" height=\"175\" \/><\/span><\/li><li class=\"image\"><span class=\"fusion-image-hover-element hover-type-none\"><img decoding=\"async\" src=\"https:\/\/www.institut-solidaris.be\/wp-content\/uploads\/2016\/10\/iStock_60076774_Web-300x175.jpg\" width=\"300\" height=\"175\" \/><\/span><\/li><\/ul><\/div><div class=\"fusion-clearfix\"><\/div><\/div><\/div><div class=\"fusion-layout-column fusion_builder_column fusion-builder-column-1 fusion_builder_column_1_2 1_2 fusion-one-half fusion-column-last\" style=\"--awb-bg-size:cover;width:48%;\"><div class=\"fusion-column-wrapper fusion-flex-column-wrapper-legacy\"><div class=\"fusion-text fusion-text-1\"><p style=\"text-align: justify;\"><strong>Apr\u00e8s avoir sond\u00e9 la population dans \u00ab le moral des Belges \u00bb et le rapport stress et travail , la troisi\u00e8me vague du Thermom\u00e8tre s\u2019est int\u00e9ress\u00e9e \u00e0 nos adolescents.<\/strong><\/p>\n<p style=\"text-align: justify;\">Comment vont-ils ? Nous avons interrog\u00e9 un \u00e9chantillon de 400 ados de 14 \u00e0 18 ans et en parall\u00e8le 250 parents et 140 professeurs, les deux principaux acteurs de socialisation de l\u2019adolescent.<\/p>\n<p style=\"text-align: justify;\">L\u2019adolescence est par d\u00e9finition une \u00e9tape de mutation entre l\u2019enfance et le monde adulte et ce changement n\u00e9cessaire se fait pour eux dans un monde en transformation. Ce ne sont pas des crises que nous traversons mais bien une profonde mutation de la soci\u00e9t\u00e9. En ce qui concerne les ados, ce ph\u00e9nom\u00e8ne s\u2019accompagne de changements profonds. Si le constat global est particuli\u00e8rement positif, le rapport met aussi en lumi\u00e8re un constat inqui\u00e9tant. Positifs car 8 jeunes sur 10 se sentent bien, inqui\u00e9tants car 2 sur 10 vont mal, voire tr\u00e8s mal (les \u00ab d\u00e9crochants \u00bb).<\/p>\n<p><img decoding=\"async\" class=\"size-full wp-image-112 alignleft\" src=\"https:\/\/www.institut-solidaris.be\/wp-content\/uploads\/2015\/12\/icone-pdf.gif\" alt=\"Consulter notre enqu\u00eate\" width=\"32\" height=\"32\" \/><a href=\"https:\/\/www.institut-solidaris.be\/wp-content\/uploads\/2016\/04\/Therm3_Ados_Mai2013_VF.pdf\">T\u00e9l\u00e9charger notre enqu\u00eate<\/a><\/p>\n<\/div><div class=\"fusion-clearfix\"><\/div><\/div><\/div><div class=\"fusion-layout-column fusion_builder_column fusion-builder-column-2 fusion_builder_column_1_2 1_2 fusion-one-half fusion-column-first\" style=\"--awb-bg-size:cover;width:48%; margin-right: 4%;\"><div class=\"fusion-column-wrapper fusion-flex-column-wrapper-legacy\"><div class=\"accordian fusion-accordian\" style=\"--awb-border-size:1px;--awb-icon-size:13px;--awb-content-font-size:13px;--awb-icon-alignment:left;--awb-hover-color:#f9f9f9;--awb-border-color:#cccccc;--awb-background-color:#ffffff;--awb-divider-color:#e0dede;--awb-divider-hover-color:#e0dede;--awb-icon-color:#ffffff;--awb-title-color:#0502d3;--awb-content-color:#000000;--awb-icon-box-color:#000000;--awb-toggle-hover-accent-color:#e41618;--awb-title-font-family:&quot;Antic Slab&quot;;--awb-title-font-weight:regular;--awb-title-font-style:normal;--awb-title-font-size:13px;--awb-content-font-family:Arial, Helvetica, sans-serif;--awb-content-font-style:normal;--awb-content-font-weight:400;\"><div class=\"panel-group fusion-toggle-icon-boxed\" id=\"accordion-595-1\"><div class=\"fusion-panel panel-default panel-4d7870e9a75720dd8 fusion-toggle-has-divider\"><div class=\"panel-heading\"><h4 class=\"panel-title toggle\" id=\"toggle_4d7870e9a75720dd8\"><a aria-expanded=\"false\" aria-controls=\"4d7870e9a75720dd8\" role=\"button\" data-toggle=\"collapse\" data-parent=\"#accordion-595-1\" data-target=\"#4d7870e9a75720dd8\" href=\"#4d7870e9a75720dd8\"><span class=\"fusion-toggle-icon-wrapper\" aria-hidden=\"true\"><i class=\"fa-fusion-box active-icon awb-icon-minus\" aria-hidden=\"true\"><\/i><i class=\"fa-fusion-box inactive-icon awb-icon-plus\" aria-hidden=\"true\"><\/i><\/span><span class=\"fusion-toggle-heading\"> 2 adolescents sur 10 vont mal : sociotype des \u00ab d\u00e9crochants \u00bb ?<\/span><\/a><\/h4><\/div><div id=\"4d7870e9a75720dd8\" class=\"panel-collapse collapse \" aria-labelledby=\"toggle_4d7870e9a75720dd8\"><div class=\"panel-body toggle-content fusion-clearfix\">\n<ul>\n<li>issus de milieux socio-\u00e9conomiques d\u00e9favoris\u00e9s,<\/li>\n<li>dans des familles monoparentales,<\/li>\n<li>moins int\u00e9gr\u00e9s, de nationalit\u00e9s \u00e9trang\u00e8res non europ\u00e9ennes,<\/li>\n<li>leurs relations avec leurs parents et leurs professeurs sont n\u00e9gatives,<\/li>\n<li>\u00ab\u00a0d\u00e9croch\u00e9s\u00a0\u00bb scolaires : doubleurs, d\u00e9scolaris\u00e9s,\u2026<\/li>\n<li>inscrits davantage dans la fili\u00e8re professionnelle,<\/li>\n<li>n\u2019ont aucune vision de leur avenir,<\/li>\n<li>souvent d\u00e9prim\u00e9s et ont d\u00e9j\u00e0 eu envie de se suicider,<\/li>\n<li>vraiment \u00ab addicts \u00bb \u00e0 internet (plus de 4h par jour),<\/li>\n<li>consomment davantage d\u2019alcool, de tabac, de cannabis et d\u2019autres drogues<\/li>\n<\/ul>\n<\/div><\/div><\/div><div class=\"fusion-panel panel-default panel-5e16aae415b2206a6 fusion-toggle-has-divider\"><div class=\"panel-heading\"><h4 class=\"panel-title toggle\" id=\"toggle_5e16aae415b2206a6\"><a aria-expanded=\"false\" aria-controls=\"5e16aae415b2206a6\" role=\"button\" data-toggle=\"collapse\" data-parent=\"#accordion-595-1\" data-target=\"#5e16aae415b2206a6\" href=\"#5e16aae415b2206a6\"><span class=\"fusion-toggle-icon-wrapper\" aria-hidden=\"true\"><i class=\"fa-fusion-box active-icon awb-icon-minus\" aria-hidden=\"true\"><\/i><i class=\"fa-fusion-box inactive-icon awb-icon-plus\" aria-hidden=\"true\"><\/i><\/span><span class=\"fusion-toggle-heading\">Parents et professeurs : quel regard sur les ados ?<\/span><\/a><\/h4><\/div><div id=\"5e16aae415b2206a6\" class=\"panel-collapse collapse \" aria-labelledby=\"toggle_5e16aae415b2206a6\"><div class=\"panel-body toggle-content fusion-clearfix\">Ces deux piliers de socialisation de l\u2019ado se sentent d\u00e9stabilis\u00e9s, parfois perdus face aux changements rapides de la soci\u00e9t\u00e9 et culpabilis\u00e9 face au monde qu\u2019ils offrent aux jeunes. Les profs se sentent d\u00e9munis face aux probl\u00e8mes de d\u00e9scolarisation : ils sont insuffisamment form\u00e9s pour pallier les probl\u00e8mes de d\u00e9crochage des ados. De plus, le manque de reconnaissance de la soci\u00e9t\u00e9 leur p\u00e8se et ils sont plus que mitig\u00e9s quant au r\u00f4le de l\u2019\u00e9cole \u00e0 l\u2019\u00e9gard des ados. Par ailleurs, parents et professeurs affichent un manque de communication entre eux et ont une image r\u00e9ciproque n\u00e9gative.<\/div><\/div><\/div><div class=\"fusion-panel panel-default panel-be170d94afb457f47 fusion-toggle-has-divider\"><div class=\"panel-heading\"><h4 class=\"panel-title toggle\" id=\"toggle_be170d94afb457f47\"><a aria-expanded=\"false\" aria-controls=\"be170d94afb457f47\" role=\"button\" data-toggle=\"collapse\" data-parent=\"#accordion-595-1\" data-target=\"#be170d94afb457f47\" href=\"#be170d94afb457f47\"><span class=\"fusion-toggle-icon-wrapper\" aria-hidden=\"true\"><i class=\"fa-fusion-box active-icon awb-icon-minus\" aria-hidden=\"true\"><\/i><i class=\"fa-fusion-box inactive-icon awb-icon-plus\" aria-hidden=\"true\"><\/i><\/span><span class=\"fusion-toggle-heading\">Et pour demain ?<\/span><\/a><\/h4><\/div><div id=\"be170d94afb457f47\" class=\"panel-collapse collapse \" aria-labelledby=\"toggle_be170d94afb457f47\"><div class=\"panel-body toggle-content fusion-clearfix\"><span class=\"content-box-publication\">Cette troisi\u00e8me enqu\u00eate du Thermom\u00e8tre Solidaris conforte l\u2019id\u00e9e que notre monde est en mutation. Les adolescents actuels n\u2019ont pas \u00e0 faire le deuil de la soci\u00e9t\u00e9 que nous quittons. Par contre, il est n\u00e9cessaire de leur donner la confiance, les moyens et les outils aux ados pour qu\u2019ils construisent le monde de demain. Il est aussi essentiel de s\u2019interroger sur cette soci\u00e9t\u00e9 qui \u00ab laisse \u00bb sur le c\u00f4t\u00e9 2 jeunes sur 10, prisonniers des fatalit\u00e9s sociales : est-ce acceptable ?<\/span><\/div><\/div><\/div><\/div><\/div><div class=\"fusion-clearfix\"><\/div><\/div><\/div><div class=\"fusion-layout-column fusion_builder_column fusion-builder-column-3 fusion_builder_column_1_2 1_2 fusion-one-half fusion-column-last\" style=\"--awb-bg-size:cover;width:48%;\"><div class=\"fusion-column-wrapper fusion-flex-column-wrapper-legacy\"><div class=\"fusion-title title fusion-title-1 fusion-title-text fusion-title-size-two\" style=\"--awb-margin-top-small:0px;--awb-margin-right-small:0px;--awb-margin-bottom-small:20px;--awb-margin-left-small:0px;\"><h2 class=\"fusion-title-heading title-heading-left\" style=\"margin:0;\">En chiffres<\/h2><span class=\"awb-title-spacer\"><\/span><div class=\"title-sep-container\"><div class=\"title-sep sep-double sep-solid\" style=\"border-color:#e0dede;\"><\/div><\/div><\/div><div class=\"fusion-progressbar\" style=\"--awb-textcolor:#000000;--awb-filledcolor:#e41618;--awb-filledbordercolor:#e41618;--awb-maximum-value-wrapper-width:16%;\"><div class=\"fusion-progressbar-bar progress-bar\"><div class=\"progress progress-bar-content not-animated\" role=\"progressbar\" aria-labelledby=\"awb-progressbar-label-1\" aria-valuemin=\"0\" aria-valuemax=\"100\" aria-valuenow=\"84\" data-filling-speed=\"600\"><span class=\"progress-title awb-on-bar\"><span class=\"fusion-progressbar-text\" id=\"awb-progressbar-label-1\">des ados affirment avoir une relation satisfaisante avec leur famille<\/span> <span class=\"fusion-progressbar-value\">84%<\/span><\/span><\/div><span class=\"awb-pb-max-value-wrap awb-on-bar\"><span class=\"awb-pb-max-value-text\"><\/span><\/span><\/div><\/div><div class=\"fusion-progressbar\" style=\"--awb-textcolor:#000000;--awb-filledcolor:#e41618;--awb-filledbordercolor:#e41618;--awb-maximum-value-wrapper-width:48%;\"><div class=\"fusion-progressbar-bar progress-bar\"><div class=\"progress progress-bar-content not-animated\" role=\"progressbar\" aria-labelledby=\"awb-progressbar-label-2\" aria-valuemin=\"0\" aria-valuemax=\"100\" aria-valuenow=\"52\" data-filling-speed=\"600\"><span class=\"progress-title awb-on-bar\"><span class=\"fusion-progressbar-text\" id=\"awb-progressbar-label-2\">des ados souhaitent plus d&rsquo;\u00e9changes avec les adultes<\/span> <span class=\"fusion-progressbar-value\">52%<\/span><\/span><\/div><span class=\"awb-pb-max-value-wrap awb-on-bar\"><span class=\"awb-pb-max-value-text\"><\/span><\/span><\/div><\/div><div class=\"fusion-progressbar\" style=\"--awb-textcolor:#000000;--awb-filledcolor:#e41618;--awb-filledbordercolor:#e41618;--awb-maximum-value-wrapper-width:40%;\"><div class=\"fusion-progressbar-bar progress-bar\"><div class=\"progress progress-bar-content not-animated\" role=\"progressbar\" aria-labelledby=\"awb-progressbar-label-3\" aria-valuemin=\"0\" aria-valuemax=\"100\" aria-valuenow=\"60\" data-filling-speed=\"600\"><span class=\"progress-title awb-on-bar\"><span class=\"fusion-progressbar-text\" id=\"awb-progressbar-label-3\">des ados d\u00e9clarent aimer l&rsquo;\u00e9cole<\/span> <span class=\"fusion-progressbar-value\">60%<\/span><\/span><\/div><span class=\"awb-pb-max-value-wrap awb-on-bar\"><span class=\"awb-pb-max-value-text\"><\/span><\/span><\/div><\/div><div class=\"fusion-progressbar\" style=\"--awb-textcolor:#000000;--awb-filledcolor:#e41618;--awb-filledbordercolor:#e41618;--awb-maximum-value-wrapper-width:30%;\"><div class=\"fusion-progressbar-bar progress-bar\"><div class=\"progress progress-bar-content not-animated\" role=\"progressbar\" aria-labelledby=\"awb-progressbar-label-4\" aria-valuemin=\"0\" aria-valuemax=\"100\" aria-valuenow=\"70\" data-filling-speed=\"600\"><span class=\"progress-title awb-on-bar\"><span class=\"fusion-progressbar-text\" id=\"awb-progressbar-label-4\">des ados veulent radicalement changer la soci\u00e9t\u00e9<\/span> <span class=\"fusion-progressbar-value\">70%<\/span><\/span><\/div><span class=\"awb-pb-max-value-wrap awb-on-bar\"><span class=\"awb-pb-max-value-text\"><\/span><\/span><\/div><\/div><div class=\"fusion-progressbar\" style=\"--awb-textcolor:#000000;--awb-filledcolor:#e41618;--awb-filledbordercolor:#e41618;--awb-maximum-value-wrapper-width:30%;\"><div class=\"fusion-progressbar-bar progress-bar\"><div class=\"progress progress-bar-content not-animated\" role=\"progressbar\" aria-labelledby=\"awb-progressbar-label-5\" aria-valuemin=\"0\" aria-valuemax=\"100\" aria-valuenow=\"70\" data-filling-speed=\"600\"><span class=\"progress-title awb-on-bar\"><span class=\"fusion-progressbar-text\" id=\"awb-progressbar-label-5\">des ados ont d\u00e9j\u00e0 consomm\u00e9 de l&rsquo;acool<\/span> <span class=\"fusion-progressbar-value\">70%<\/span><\/span><\/div><span class=\"awb-pb-max-value-wrap awb-on-bar\"><span class=\"awb-pb-max-value-text\"><\/span><\/span><\/div><\/div><div class=\"fusion-clearfix\"><\/div><\/div><\/div><\/div><\/div>\n","protected":false},"excerpt":{"rendered":"","protected":false},"author":4,"featured_media":0,"parent":0,"menu_order":0,"comment_status":"closed","ping_status":"closed","template":"","meta":{"footnotes":""},"class_list":["post-595","page","type-page","status-publish","hentry"],"_links":{"self":[{"href":"https:\/\/www.institut-solidaris.be\/index.php\/wp-json\/wp\/v2\/pages\/595","targetHints":{"allow":["GET"]}}],"collection":[{"href":"https:\/\/www.institut-solidaris.be\/index.php\/wp-json\/wp\/v2\/pages"}],"about":[{"href":"https:\/\/www.institut-solidaris.be\/index.php\/wp-json\/wp\/v2\/types\/page"}],"author":[{"embeddable":true,"href":"https:\/\/www.institut-solidaris.be\/index.php\/wp-json\/wp\/v2\/users\/4"}],"replies":[{"embeddable":true,"href":"https:\/\/www.institut-solidaris.be\/index.php\/wp-json\/wp\/v2\/comments?post=595"}],"version-history":[{"count":7,"href":"https:\/\/www.institut-solidaris.be\/index.php\/wp-json\/wp\/v2\/pages\/595\/revisions"}],"predecessor-version":[{"id":1905,"href":"https:\/\/www.institut-solidaris.be\/index.php\/wp-json\/wp\/v2\/pages\/595\/revisions\/1905"}],"wp:attachment":[{"href":"https:\/\/www.institut-solidaris.be\/index.php\/wp-json\/wp\/v2\/media?parent=595"}],"curies":[{"name":"wp","href":"https:\/\/api.w.org\/{rel}","templated":true}]}}