{"id":583,"date":"2016-10-11T10:05:29","date_gmt":"2016-10-11T09:05:29","guid":{"rendered":"https:\/\/www.institut-solidaris.be\/?page_id=583"},"modified":"2019-12-16T11:04:27","modified_gmt":"2019-12-16T10:04:27","slug":"comment-vivons-nous-avec-les-medicaments","status":"publish","type":"page","link":"https:\/\/www.institut-solidaris.be\/index.php\/comment-vivons-nous-avec-les-medicaments\/","title":{"rendered":"Comment vivons-nous avec les medicaments ?"},"content":{"rendered":"<div class=\"fusion-fullwidth fullwidth-box fusion-builder-row-1 nonhundred-percent-fullwidth non-hundred-percent-height-scrolling\" style=\"--awb-background-position:left top;--awb-border-radius-top-left:0px;--awb-border-radius-top-right:0px;--awb-border-radius-bottom-right:0px;--awb-border-radius-bottom-left:0px;--awb-padding-top:20px;--awb-padding-bottom:20px;--awb-border-sizes-top:0px;--awb-border-sizes-bottom:0px;--awb-flex-wrap:wrap;\" ><div class=\"fusion-builder-row fusion-row\"><div class=\"fusion-layout-column fusion_builder_column fusion-builder-column-0 fusion_builder_column_1_2 1_2 fusion-one-half fusion-column-first\" style=\"--awb-bg-size:cover;width:48%; margin-right: 4%;\"><div class=\"fusion-column-wrapper fusion-flex-column-wrapper-legacy\"><div class=\"fusion-slider-sc fusion-flexslider-loading flexslider flexslider-hover-type-none\" data-slideshow_autoplay=\"1\" data-slideshow_smooth_height=\"0\" data-slideshow_speed=\"7000\" style=\"max-width:100%;height:100%;\"><ul class=\"slides\"><li class=\"image\"><span class=\"fusion-image-hover-element hover-type-none\"><img decoding=\"async\" src=\"https:\/\/www.institut-solidaris.be\/wp-content\/uploads\/2016\/10\/iStock_77797989_Web-300x175.jpg\" width=\"300\" height=\"175\" \/><\/span><\/li><li class=\"image\"><span class=\"fusion-image-hover-element hover-type-none\"><img decoding=\"async\" src=\"https:\/\/www.institut-solidaris.be\/wp-content\/uploads\/2016\/10\/iStock_89770473_Web-300x175.jpg\" width=\"300\" height=\"175\" \/><\/span><\/li><li class=\"video\"><div class=\"full-video\"><div class=\"fusion-video fusion-youtube\" style=\"--awb-max-width:600px;--awb-max-height:350px;\"><div class=\"video-shortcode\"><div class=\"fluid-width-video-wrapper\" style=\"padding-top:58.33%;\" ><iframe title=\"YouTube video player 1\" src=\"https:\/\/www.youtube.com\/embed\/JJpefAF7-Rk?wmode=transparent&autoplay=0\" width=\"600\" height=\"350\" allowfullscreen allow=\"autoplay; clipboard-write; encrypted-media; gyroscope; picture-in-picture;\"><\/iframe><\/div><\/div><\/div><\/div><\/li><\/ul><\/div><div class=\"fusion-clearfix\"><\/div><\/div><\/div><div class=\"fusion-layout-column fusion_builder_column fusion-builder-column-1 fusion_builder_column_1_2 1_2 fusion-one-half fusion-column-last\" style=\"--awb-bg-size:cover;width:48%;\"><div class=\"fusion-column-wrapper fusion-flex-column-wrapper-legacy\"><div class=\"fusion-text fusion-text-1\"><p style=\"text-align: justify;\"><strong>R\u00e9alis\u00e9e en collaboration avec la RTBF et le journal Le Soir, cette enqu\u00eate du Thermom\u00e8tre Solidaris porte sur notre perception des m\u00e9dicaments.<\/strong><\/p>\n<p style=\"text-align: justify;\">Ce sondage a \u00e9t\u00e9 r\u00e9alis\u00e9 par Internet aupr\u00e8s d\u2019un \u00e9chantillon de 1000 personnes repr\u00e9sentatives des Belges francophones de 18 \u00e0 70 ans et 240 professionnels du secteur\u00a0 m\u00e9dical (120 m\u00e9decins g\u00e9n\u00e9ralistes et 120 pharmaciens).<\/p>\n<p style=\"text-align: justify;\">D\u2019embl\u00e9e, un constat s\u2019impose : le recours aux m\u00e9dicaments est de plus en plus important. On assiste donc\u00a0 \u00e0 une r\u00e9elle \u00ab m\u00e9dicamentation \u00bb de la soci\u00e9t\u00e9, \u00e0 une extension du champ des pathologies et au d\u00e9veloppement des \u00ab pilules miracles \u00bb. Diverses situations de la vie (deuil, cafard, stress au travail, d\u00e9sob\u00e9issance de l\u2019enfant., troubles du sommeil\u2026) sont d\u00e9sormais pr\u00e9sent\u00e9es et entra\u00een\u00e9es dans le champ de la pathologie avec une prescription m\u00e9dicamenteuse ad hoc. D\u2019un objet strictement m\u00e9dical, le m\u00e9dicament est devenu un produit de consommation particulier, une marchandise.<\/p>\n<p><img decoding=\"async\" class=\"size-full wp-image-112 alignleft\" src=\"https:\/\/www.institut-solidaris.be\/wp-content\/uploads\/2015\/12\/icone-pdf.gif\" alt=\"Consulter notre enqu\u00eate\" width=\"32\" height=\"32\" \/><a href=\"https:\/\/www.institut-solidaris.be\/wp-content\/uploads\/2016\/04\/RapportTherm5_Medicaments_Avril2014_VF.pdf\">T\u00e9l\u00e9charger notre enqu\u00eate<\/a><\/p>\n<\/div><div class=\"fusion-clearfix\"><\/div><\/div><\/div><div class=\"fusion-layout-column fusion_builder_column fusion-builder-column-2 fusion_builder_column_1_2 1_2 fusion-one-half fusion-column-first\" style=\"--awb-bg-size:cover;width:48%; margin-right: 4%;\"><div class=\"fusion-column-wrapper fusion-flex-column-wrapper-legacy\"><div class=\"accordian fusion-accordian\" style=\"--awb-border-size:1px;--awb-icon-size:13px;--awb-content-font-size:13px;--awb-icon-alignment:left;--awb-hover-color:#f9f9f9;--awb-border-color:#cccccc;--awb-background-color:#ffffff;--awb-divider-color:#e0dede;--awb-divider-hover-color:#e0dede;--awb-icon-color:#ffffff;--awb-title-color:#0502d3;--awb-content-color:#000000;--awb-icon-box-color:#000000;--awb-toggle-hover-accent-color:#e41618;--awb-title-font-family:&quot;Antic Slab&quot;;--awb-title-font-weight:regular;--awb-title-font-style:normal;--awb-title-font-size:13px;--awb-content-font-family:Arial, Helvetica, sans-serif;--awb-content-font-style:normal;--awb-content-font-weight:400;\"><div class=\"panel-group fusion-toggle-icon-boxed\" id=\"accordion-583-1\"><div class=\"fusion-panel panel-default panel-0ca7082ca19c617c0 fusion-toggle-has-divider\"><div class=\"panel-heading\"><h4 class=\"panel-title toggle\" id=\"toggle_0ca7082ca19c617c0\"><a aria-expanded=\"false\" aria-controls=\"0ca7082ca19c617c0\" role=\"button\" data-toggle=\"collapse\" data-parent=\"#accordion-583-1\" data-target=\"#0ca7082ca19c617c0\" href=\"#0ca7082ca19c617c0\"><span class=\"fusion-toggle-icon-wrapper\" aria-hidden=\"true\"><i class=\"fa-fusion-box active-icon awb-icon-minus\" aria-hidden=\"true\"><\/i><i class=\"fa-fusion-box inactive-icon awb-icon-plus\" aria-hidden=\"true\"><\/i><\/span><span class=\"fusion-toggle-heading\">Quelle est la place des m\u00e9dicaments dans notre vie ? <\/span><\/a><\/h4><\/div><div id=\"0ca7082ca19c617c0\" class=\"panel-collapse collapse \" aria-labelledby=\"toggle_0ca7082ca19c617c0\"><div class=\"panel-body toggle-content fusion-clearfix\">D\u2019embl\u00e9e, un constat s\u2019impose : le recours aux m\u00e9dicaments est de plus en plus important. Notre soci\u00e9t\u00e9 privil\u00e9gie le curatif plut\u00f4t que le pr\u00e9ventif. On soigne par des m\u00e9dicaments quand la maladie est l\u00e0 plut\u00f4t que d\u2019agir en amont.<\/p>\n<ul>\n<li>67% des patients-consommateurs et 70% des m\u00e9decins g\u00e9n\u00e9ralistes estiment que nous\u00a0faisons vraiment un usage excessif du medicament.<\/li>\n<li>47% des personnes trouvent que notre soci\u00e9t\u00e9 privil\u00e9gie le curatif plut\u00f4t que le pr\u00e9ventif. On soigne par des m\u00e9dicaments quand la maladie est l\u00e0 plut\u00f4t que d\u2019agir en amont. Les m\u00e9decins g\u00e9n\u00e9ralistes (51%) et les pharmaciens (59%) partagent ce sentiment.<\/li>\n<\/ul>\n<\/div><\/div><\/div><div class=\"fusion-panel panel-default panel-d329d1084642851d7 fusion-toggle-has-divider\"><div class=\"panel-heading\"><h4 class=\"panel-title toggle\" id=\"toggle_d329d1084642851d7\"><a aria-expanded=\"false\" aria-controls=\"d329d1084642851d7\" role=\"button\" data-toggle=\"collapse\" data-parent=\"#accordion-583-1\" data-target=\"#d329d1084642851d7\" href=\"#d329d1084642851d7\"><span class=\"fusion-toggle-icon-wrapper\" aria-hidden=\"true\"><i class=\"fa-fusion-box active-icon awb-icon-minus\" aria-hidden=\"true\"><\/i><i class=\"fa-fusion-box inactive-icon awb-icon-plus\" aria-hidden=\"true\"><\/i><\/span><span class=\"fusion-toggle-heading\">Quelles sont les causes de cette surconsommation \/ surprescription ? <\/span><\/a><\/h4><\/div><div id=\"d329d1084642851d7\" class=\"panel-collapse collapse \" aria-labelledby=\"toggle_d329d1084642851d7\"><div class=\"panel-body toggle-content fusion-clearfix\">\n<p>Cette surprescription de m\u00e9dicaments est vraiment reconnue par plus de 3 m\u00e9decins g\u00e9n\u00e9ralistes sur 10. Pour les professionnels, elle est d\u2019ailleurs source d\u2019inqui\u00e9tudes.<\/p>\n<ul>\n<li>La demande des patients-consommateurs : l\u2019ordonnance devient un contre-don du m\u00e9decin au patient. 67% des m\u00e9decins g\u00e9n\u00e9ralistes se rendent compte que, pour leurs patients, la prise de m\u00e9dicaments est une r\u00e9ponse facile et imm\u00e9diate \u00e0 un probl\u00e8me d\u2019hygi\u00e8ne de vie ou relationnel.<\/li>\n<li>Le manque de temps en consultation, mais surtout la pression sociale : pr\u00e8s d\u20191 m\u00e9decin g\u00e9n\u00e9raliste sur 2 (46%) ressent une obligation de r\u00e9sultats imm\u00e9diate. Sur le march\u00e9 de l\u2019emploi, le patient a peur d\u2019\u00eatre en cong\u00e9 de maladie, il pr\u00e9f\u00e8re prendre des m\u00e9dicaments plut\u00f4t que de prendre le temps de se reposer.<\/li>\n<li>La puissance du marketing de l\u2019industrie pharmaceutique : un peu plus d\u20191\/3 des m\u00e9decins et pharmaciens pensent que les entreprises pharmaceutiques construisent des march\u00e9s pour vendre des m\u00e9dicaments.<\/li>\n<li>Le recours \u00e0 l\u2019autom\u00e9dication et Internet : 60% des pharmaciens et 52% des m\u00e9decins g\u00e9n\u00e9ralistes constatent une croissance de l\u2019autom\u00e9dication, 60% des patients-consommateurs regardent\u00a0 ce qu\u2019ils ont dans leur pharmacie familiale avant d\u2019aller chez le m\u00e9decin.\u00a0 Les pharmaciens (72%) et les m\u00e9decins g\u00e9n\u00e9ralistes (60%) estiment qu\u2019Internet joue un r\u00f4le important dans la croissance de l\u2019autom\u00e9dication.<\/li>\n<li>Le conditionnement des m\u00e9dicaments : 59% des patients-consommateurs, 59% des m\u00e9decins g\u00e9n\u00e9ralistes, et 78% des pharmaciens estiment que les bo\u00eetes de m\u00e9dicaments sont trop grandes, qu\u2019elles contiennent trop de doses et g\u00e9n\u00e8rent du gaspillage.<\/li>\n<\/ul>\n<\/div><\/div><\/div><div class=\"fusion-panel panel-default panel-244390cef909d53df fusion-toggle-has-divider\"><div class=\"panel-heading\"><h4 class=\"panel-title toggle\" id=\"toggle_244390cef909d53df\"><a aria-expanded=\"false\" aria-controls=\"244390cef909d53df\" role=\"button\" data-toggle=\"collapse\" data-parent=\"#accordion-583-1\" data-target=\"#244390cef909d53df\" href=\"#244390cef909d53df\"><span class=\"fusion-toggle-icon-wrapper\" aria-hidden=\"true\"><i class=\"fa-fusion-box active-icon awb-icon-minus\" aria-hidden=\"true\"><\/i><i class=\"fa-fusion-box inactive-icon awb-icon-plus\" aria-hidden=\"true\"><\/i><\/span><span class=\"fusion-toggle-heading\">Pour r\u00e9duire le prix des m\u00e9dicaments : focus sur les g\u00e9n\u00e9riques et la DCI <\/span><\/a><\/h4><\/div><div id=\"244390cef909d53df\" class=\"panel-collapse collapse \" aria-labelledby=\"toggle_244390cef909d53df\"><div class=\"panel-body toggle-content fusion-clearfix\">\n<p>Concernant les g\u00e9n\u00e9riques, les patients-consommateurs y sont plut\u00f4t favorables : Les m\u00e9decins g\u00e9n\u00e9ralistes sont, par contre, plut\u00f4t mitig\u00e9s quant \u00e0 leur \u00e9quivalence en termes d\u2019efficacit\u00e9 th\u00e9rapeutique et de s\u00fbret\u00e9 par rapport aux m\u00e9dicaments originaux. En ce qui concerne la prescription en DCI (sous la D\u00e9nomination Commune Internationale : le nom de la mol\u00e9cule), les m\u00e9decins g\u00e9n\u00e9ralistes sont plut\u00f4t r\u00e9ticents.<\/p>\n<ul>\n<li>68% des patients consommateurs d\u00e9clarent accepter syst\u00e9matiquement une prescription de m\u00e9dicaments en version g\u00e9n\u00e9rique.<\/li>\n<li>48% des m\u00e9decins g\u00e9n\u00e9ralistes interrog\u00e9s n\u2019ont pas confiance en l\u2019ind\u00e9pendance des pharmaciens \u00e0 l\u2019\u00e9gard des entreprises pharmaceutiques. La majorit\u00e9 des patients-consommateurs, par contre, y sont favorables et ont confiance.<\/li>\n<\/ul>\n<\/div><\/div><\/div><\/div><\/div><div class=\"fusion-clearfix\"><\/div><\/div><\/div><div class=\"fusion-layout-column fusion_builder_column fusion-builder-column-3 fusion_builder_column_1_2 1_2 fusion-one-half fusion-column-last\" style=\"--awb-bg-size:cover;width:48%;\"><div class=\"fusion-column-wrapper fusion-flex-column-wrapper-legacy\"><div class=\"fusion-title title fusion-title-1 fusion-title-text fusion-title-size-two\" style=\"--awb-margin-top-small:0px;--awb-margin-right-small:0px;--awb-margin-bottom-small:20px;--awb-margin-left-small:0px;\"><h2 class=\"fusion-title-heading title-heading-left\" style=\"margin:0;\">En chiffres<\/h2><span class=\"awb-title-spacer\"><\/span><div class=\"title-sep-container\"><div class=\"title-sep sep-double sep-solid\" style=\"border-color:#e0dede;\"><\/div><\/div><\/div><div class=\"fusion-progressbar\" style=\"--awb-textcolor:#000000;--awb-filledcolor:#e41618;--awb-filledbordercolor:#e41618;--awb-maximum-value-wrapper-width:46%;\"><div class=\"fusion-progressbar-bar progress-bar\"><div class=\"progress progress-bar-content not-animated\" role=\"progressbar\" aria-labelledby=\"awb-progressbar-label-1\" aria-valuemin=\"0\" aria-valuemax=\"100\" aria-valuenow=\"54\" data-filling-speed=\"600\"><span class=\"progress-title awb-on-bar\"><span class=\"fusion-progressbar-text\" id=\"awb-progressbar-label-1\">des patients consommateurs estiment qu&rsquo;il y a vraiment trop de publicit\u00e9s pour les m\u00e9dicaments dans les m\u00e9dias<\/span> <span class=\"fusion-progressbar-value\">54%<\/span><\/span><\/div><span class=\"awb-pb-max-value-wrap awb-on-bar\"><span class=\"awb-pb-max-value-text\"><\/span><\/span><\/div><\/div><div class=\"fusion-progressbar\" style=\"--awb-textcolor:#000000;--awb-filledcolor:#e41618;--awb-filledbordercolor:#e41618;--awb-maximum-value-wrapper-width:99%;\"><div class=\"fusion-progressbar-bar progress-bar\"><div class=\"progress progress-bar-content not-animated\" role=\"progressbar\" aria-labelledby=\"awb-progressbar-label-2\" aria-valuemin=\"0\" aria-valuemax=\"100\" aria-valuenow=\"1\" data-filling-speed=\"600\"><span class=\"progress-title awb-on-bar\"><span class=\"fusion-progressbar-text\" id=\"awb-progressbar-label-2\">des pharmaciens estiment que les entreprises pharmaceutiques informent vraiment honn\u00eatement les patients<\/span> <span class=\"fusion-progressbar-value\">1%<\/span><\/span><\/div><span class=\"awb-pb-max-value-wrap awb-on-bar\"><span class=\"awb-pb-max-value-text\"><\/span><\/span><\/div><\/div><div class=\"fusion-progressbar\" style=\"--awb-textcolor:#000000;--awb-filledcolor:#e41618;--awb-filledbordercolor:#e41618;--awb-maximum-value-wrapper-width:75%;\"><div class=\"fusion-progressbar-bar progress-bar\"><div class=\"progress progress-bar-content not-animated\" role=\"progressbar\" aria-labelledby=\"awb-progressbar-label-3\" aria-valuemin=\"0\" aria-valuemax=\"100\" aria-valuenow=\"25\" data-filling-speed=\"600\"><span class=\"progress-title awb-on-bar\"><span class=\"fusion-progressbar-text\" id=\"awb-progressbar-label-3\">des m\u00e9decins g\u00e9n\u00e9ralistes d\u00e9clarent qu&rsquo;ils ne ma\u00eetrisent pas toujours toutes les caract\u00e9ristiques de tous les m\u00e9dicaments qu&rsquo;ils prescrivent<\/span> <span class=\"fusion-progressbar-value\">25%<\/span><\/span><\/div><span class=\"awb-pb-max-value-wrap awb-on-bar\"><span class=\"awb-pb-max-value-text\"><\/span><\/span><\/div><\/div><div class=\"fusion-progressbar\" style=\"--awb-textcolor:#000000;--awb-filledcolor:#e41618;--awb-filledbordercolor:#e41618;--awb-maximum-value-wrapper-width:32%;\"><div class=\"fusion-progressbar-bar progress-bar\"><div class=\"progress progress-bar-content not-animated\" role=\"progressbar\" aria-labelledby=\"awb-progressbar-label-4\" aria-valuemin=\"0\" aria-valuemax=\"100\" aria-valuenow=\"68\" data-filling-speed=\"600\"><span class=\"progress-title awb-on-bar\"><span class=\"fusion-progressbar-text\" id=\"awb-progressbar-label-4\">des patients consommateurs acceptent en g\u00e9n\u00e9ral syst\u00e9matiquement qu&rsquo;on leur prescrive des m\u00e9dicaments dans leur version g\u00e9n\u00e9rique<\/span> <span class=\"fusion-progressbar-value\">68%<\/span><\/span><\/div><span class=\"awb-pb-max-value-wrap awb-on-bar\"><span class=\"awb-pb-max-value-text\"><\/span><\/span><\/div><\/div><div class=\"fusion-progressbar\" style=\"--awb-textcolor:#000000;--awb-filledcolor:#e41618;--awb-filledbordercolor:#e41618;--awb-maximum-value-wrapper-width:44%;\"><div class=\"fusion-progressbar-bar progress-bar\"><div class=\"progress progress-bar-content not-animated\" role=\"progressbar\" aria-labelledby=\"awb-progressbar-label-5\" aria-valuemin=\"0\" aria-valuemax=\"100\" aria-valuenow=\"56\" data-filling-speed=\"600\"><span class=\"progress-title awb-on-bar\"><span class=\"fusion-progressbar-text\" id=\"awb-progressbar-label-5\">des pharmaciens d\u00e9clarent que si la loi imposait de prescrire en DCI, cela serait une bonne mesure<\/span> <span class=\"fusion-progressbar-value\">56%<\/span><\/span><\/div><span class=\"awb-pb-max-value-wrap awb-on-bar\"><span class=\"awb-pb-max-value-text\"><\/span><\/span><\/div><\/div><div class=\"fusion-clearfix\"><\/div><\/div><\/div><\/div><\/div>\n","protected":false},"excerpt":{"rendered":"","protected":false},"author":4,"featured_media":0,"parent":0,"menu_order":0,"comment_status":"closed","ping_status":"closed","template":"","meta":{"footnotes":""},"class_list":["post-583","page","type-page","status-publish","hentry"],"_links":{"self":[{"href":"https:\/\/www.institut-solidaris.be\/index.php\/wp-json\/wp\/v2\/pages\/583","targetHints":{"allow":["GET"]}}],"collection":[{"href":"https:\/\/www.institut-solidaris.be\/index.php\/wp-json\/wp\/v2\/pages"}],"about":[{"href":"https:\/\/www.institut-solidaris.be\/index.php\/wp-json\/wp\/v2\/types\/page"}],"author":[{"embeddable":true,"href":"https:\/\/www.institut-solidaris.be\/index.php\/wp-json\/wp\/v2\/users\/4"}],"replies":[{"embeddable":true,"href":"https:\/\/www.institut-solidaris.be\/index.php\/wp-json\/wp\/v2\/comments?post=583"}],"version-history":[{"count":10,"href":"https:\/\/www.institut-solidaris.be\/index.php\/wp-json\/wp\/v2\/pages\/583\/revisions"}],"predecessor-version":[{"id":1906,"href":"https:\/\/www.institut-solidaris.be\/index.php\/wp-json\/wp\/v2\/pages\/583\/revisions\/1906"}],"wp:attachment":[{"href":"https:\/\/www.institut-solidaris.be\/index.php\/wp-json\/wp\/v2\/media?parent=583"}],"curies":[{"name":"wp","href":"https:\/\/api.w.org\/{rel}","templated":true}]}}