{"id":552,"date":"2016-02-24T15:16:16","date_gmt":"2016-02-24T14:16:16","guid":{"rendered":"https:\/\/www.institut-solidaris.be\/?page_id=552"},"modified":"2019-12-16T11:04:27","modified_gmt":"2019-12-16T10:04:27","slug":"comment-vont-les-parents-de-jeunes-enfants-de-0-a-3-ans","status":"publish","type":"page","link":"https:\/\/www.institut-solidaris.be\/index.php\/comment-vont-les-parents-de-jeunes-enfants-de-0-a-3-ans\/","title":{"rendered":"Comment vont les parents de jeunes enfants de 0 \u00e0 3 ans ?"},"content":{"rendered":"<div class=\"fusion-fullwidth fullwidth-box fusion-builder-row-1 nonhundred-percent-fullwidth non-hundred-percent-height-scrolling\" style=\"--awb-background-position:left top;--awb-border-radius-top-left:0px;--awb-border-radius-top-right:0px;--awb-border-radius-bottom-right:0px;--awb-border-radius-bottom-left:0px;--awb-padding-top:20px;--awb-padding-bottom:20px;--awb-border-sizes-top:0px;--awb-border-sizes-bottom:0px;--awb-flex-wrap:wrap;\" ><div class=\"fusion-builder-row fusion-row\"><div class=\"fusion-layout-column fusion_builder_column fusion-builder-column-0 fusion_builder_column_1_2 1_2 fusion-one-half fusion-column-first\" style=\"--awb-bg-size:cover;width:48%; margin-right: 4%;\"><div class=\"fusion-column-wrapper fusion-flex-column-wrapper-legacy\"><div class=\"fusion-slider-sc fusion-flexslider-loading flexslider flexslider-hover-type-none\" data-slideshow_autoplay=\"1\" data-slideshow_smooth_height=\"0\" data-slideshow_speed=\"7000\" style=\"max-width:100%;height:100%;\"><ul class=\"slides\"><li class=\"video\"><div class=\"full-video\"><div class=\"fusion-video fusion-youtube\" style=\"--awb-max-width:560px;--awb-max-height:315px;\"><div class=\"video-shortcode\"><div class=\"fluid-width-video-wrapper\" style=\"padding-top:56.25%;\" ><iframe title=\"YouTube video player 1\" src=\"https:\/\/www.youtube.com\/embed\/Nw1ibVJk21w?wmode=transparent&autoplay=0\" width=\"560\" height=\"315\" allowfullscreen allow=\"autoplay; clipboard-write; encrypted-media; gyroscope; picture-in-picture;\"><\/iframe><\/div><\/div><\/div><\/div><\/li><li class=\"image\"><span class=\"fusion-image-hover-element hover-type-none\"><img decoding=\"async\" src=\"https:\/\/www.institut-solidaris.be\/wp-content\/uploads\/2016\/02\/PHOTOSPAGESSITE_JeunesParents-300x175.jpg\" width=\"300\" height=\"175\" \/><\/span><\/li><\/ul><\/div><div class=\"fusion-clearfix\"><\/div><\/div><\/div><div class=\"fusion-layout-column fusion_builder_column fusion-builder-column-1 fusion_builder_column_1_2 1_2 fusion-one-half fusion-column-last\" style=\"--awb-bg-size:cover;width:48%;\"><div class=\"fusion-column-wrapper fusion-flex-column-wrapper-legacy\"><div class=\"fusion-text fusion-text-1\"><h2 style=\"text-align: justify;\">3 enfants sur 10 vivent dans la pauvret\u00e9<\/h2>\n<p style=\"text-align: justify;\"><strong>Depuis 2012, Solidaris sonde r\u00e9guli\u00e8rement les Belges \u00e0 travers un vaste programme d\u2019enqu\u00eates sociales et politiques : le Thermom\u00e8tre Solidaris. Apr\u00e8s le stress au travail, les adolescents, les m\u00e9dicaments ou encore les jeunes retrait\u00e9s, Solidaris va aujourd\u2019hui \u00e0 la rencontre des jeunes parents.<\/strong><\/p>\n<p style=\"text-align: justify;\">En octobre 2015, entre les couches, les siestes et les biberons, pr\u00e8s de 800 parents d\u2019enfants de moins de 3 ans ont accept\u00e9 de r\u00e9pondre \u00e0 nos questions. L\u2019occasion pour nous de revenir sur ce qui d\u00e9finit la famille aujourd\u2019hui.<\/p>\n<p style=\"text-align: justify;\">Au cours des 50 derni\u00e8res ann\u00e9es, la famille s\u2019est radicalement transform\u00e9e. Pour 64 % des femmes et 46 % des hommes sond\u00e9s, c\u2019est la recherche d\u2019ind\u00e9pendance des femmes (via l\u2019autonomie financi\u00e8re et la contraception) qui en a \u00e9t\u00e9 le moteur.\u00a0 Pour la majorit\u00e9 des personnes interrog\u00e9es, avoir un enfant est synonyme d\u2019apog\u00e9e du bonheur : le couple concr\u00e9tise son projet de vie en construisant sa propre famille, l\u2019enfant rendant la vie quotidienne belle et joyeuse.<\/p>\n<p><a href=\"https:\/\/www.institut-solidaris.be\/wp-content\/uploads\/2016\/02\/Therm8_Parents_Jan2016.pdfhttp:\/\/\" target=\"_blank\" rel=\"noopener noreferrer\"><img decoding=\"async\" class=\"alignleft wp-image-112 size-full\" src=\"https:\/\/www.institut-solidaris.be\/wp-content\/uploads\/2015\/12\/icone-pdf.gif\" alt=\"Consulter notre enqu\u00eate\" width=\"32\" height=\"32\" \/><\/a><a href=\"https:\/\/www.institut-solidaris.be\/wp-content\/uploads\/2016\/02\/Therm8_Parents_Jan2016.pdf\" target=\"_blank\" rel=\"noopener noreferrer\">T\u00e9l\u00e9charger notre enqu\u00eate<\/a><\/p>\n<p>&nbsp;<\/p>\n<p style=\"text-align: justify;\">Le constat le plus alarmant de notre enqu\u00eate\u00a0est qu&rsquo;en F\u00e9d\u00e9ration Wallonie-Bruxelles, 3 enfants sur 10 \u00e9voluent dans un \u00e9cosyst\u00e8me socio-culturel d\u2019exclusion. Fid\u00e8le \u00e0\u00a0son r\u00f4le de fournisseur de d\u00e9bat, Solidaris organise un <strong><a href=\"https:\/\/www.facebook.com\/events\/1008930302511451\/\">colloque professionnel<\/a><\/strong> le 24 mars prochain \u00e0 Havr\u00e9 pour r\u00e9fl\u00e9chir \u00e0 comment briser ce cercle vicieux .<\/p>\n<p style=\"text-align: justify;\">Pour Solidaris, une des solutions pour favoriser la socialisation des jeunes enfants de 0 \u00e0 3 ans et briser ainsi le cercle vicieux de la reproduction des in\u00e9galit\u00e9s sociales d\u00e8s le plus jeune \u00e2ge, est l&rsquo;abaissement de l&rsquo;\u00e2ge de l&rsquo;obligation scolaire \u00e0 3 ans\u00a0et cr\u00e9er plus de places d&rsquo;accueil en cr\u00e8che. Ces propositions seront pr\u00e9sent\u00e9es de mani\u00e8re d\u00e9taill\u00e9e lors de notre colloque et d\u00e9battues avec nos intervenants. N&rsquo;h\u00e9sitez pas \u00e0 vous joindre \u00e0 cette r\u00e9flexion commune !<\/p>\n<\/div><div class=\"fusion-clearfix\"><\/div><\/div><\/div><div class=\"fusion-layout-column fusion_builder_column fusion-builder-column-2 fusion_builder_column_1_2 1_2 fusion-one-half fusion-column-first\" style=\"--awb-bg-size:cover;width:48%; margin-right: 4%;\"><div class=\"fusion-column-wrapper fusion-flex-column-wrapper-legacy\"><div class=\"accordian fusion-accordian\" style=\"--awb-border-size:1px;--awb-icon-size:13px;--awb-content-font-size:13px;--awb-icon-alignment:left;--awb-hover-color:#f9f9f9;--awb-border-color:#cccccc;--awb-background-color:#ffffff;--awb-divider-color:#e0dede;--awb-divider-hover-color:#e0dede;--awb-icon-color:#ffffff;--awb-title-color:#0502d3;--awb-content-color:#000000;--awb-icon-box-color:#000000;--awb-toggle-hover-accent-color:#e41618;--awb-title-font-family:&quot;Antic Slab&quot;;--awb-title-font-weight:regular;--awb-title-font-style:normal;--awb-title-font-size:13px;--awb-content-font-family:Arial, Helvetica, sans-serif;--awb-content-font-style:normal;--awb-content-font-weight:400;\"><div class=\"panel-group fusion-toggle-icon-boxed\" id=\"accordion-552-1\"><div class=\"fusion-panel panel-default panel-d87e05b7e1c3e16dd fusion-toggle-has-divider\"><div class=\"panel-heading\"><h4 class=\"panel-title toggle\" id=\"toggle_d87e05b7e1c3e16dd\"><a aria-expanded=\"false\" aria-controls=\"d87e05b7e1c3e16dd\" role=\"button\" data-toggle=\"collapse\" data-parent=\"#accordion-552-1\" data-target=\"#d87e05b7e1c3e16dd\" href=\"#d87e05b7e1c3e16dd\"><span class=\"fusion-toggle-icon-wrapper\" aria-hidden=\"true\"><i class=\"fa-fusion-box active-icon awb-icon-minus\" aria-hidden=\"true\"><\/i><i class=\"fa-fusion-box inactive-icon awb-icon-plus\" aria-hidden=\"true\"><\/i><\/span><span class=\"fusion-toggle-heading\">Des mod\u00e8les diversifi\u00e9s<\/span><\/a><\/h4><\/div><div id=\"d87e05b7e1c3e16dd\" class=\"panel-collapse collapse \" aria-labelledby=\"toggle_d87e05b7e1c3e16dd\"><div class=\"panel-body toggle-content fusion-clearfix\">La famille recompos\u00e9e, un beau-papa ou une belle-maman, des demi-fr\u00e8res et s\u0153urs,\u00a0 c\u2019est une vraie famille pour plus de la moiti\u00e9 des parents de jeunes enfants. On passe un peu en-dessous de ce seuil pour les familles monoparentales : 47% des femmes et 39% des hommes pensent que ce sont de vraies familles. Enfin, la famille homoparentale est consid\u00e9r\u00e9e comme une famille par 49% des femmes, mais seulement 28% des hommes.<br \/>\nAutre enseignement int\u00e9ressant : pour deux tiers des hommes et plus de trois quart des femmes, l\u2019obligation de passer par la case \u00ab mariage \u00bb avant d\u2019avoir des enfants, c\u2019est bel et bien r\u00e9volu !<\/p>\n<p>Au-del\u00e0 de la diversit\u00e9 des mod\u00e8les familiaux, c\u2019est aussi la place de l\u2019enfant qui a chang\u00e9 !\u00a0 La famille moderne recherche l\u2019\u00e9panouissement de chacun des membres de la famille, en ce compris les enfants. Les parents mettront donc tout en \u0153uvre pour les accompagner dans leur d\u00e9veloppement. \u00c0 noter \u00e9galement : 1 parent sur 5 se sent perdu dans son role.<\/div><\/div><\/div><div class=\"fusion-panel panel-default panel-9c8dcdb73ccd61546 fusion-toggle-has-divider\"><div class=\"panel-heading\"><h4 class=\"panel-title toggle\" id=\"toggle_9c8dcdb73ccd61546\"><a aria-expanded=\"false\" aria-controls=\"9c8dcdb73ccd61546\" role=\"button\" data-toggle=\"collapse\" data-parent=\"#accordion-552-1\" data-target=\"#9c8dcdb73ccd61546\" href=\"#9c8dcdb73ccd61546\"><span class=\"fusion-toggle-icon-wrapper\" aria-hidden=\"true\"><i class=\"fa-fusion-box active-icon awb-icon-minus\" aria-hidden=\"true\"><\/i><i class=\"fa-fusion-box inactive-icon awb-icon-plus\" aria-hidden=\"true\"><\/i><\/span><span class=\"fusion-toggle-heading\">La m\u00e8re continue de sacrifier sa carri\u00e8re <\/span><\/a><\/h4><\/div><div id=\"9c8dcdb73ccd61546\" class=\"panel-collapse collapse \" aria-labelledby=\"toggle_9c8dcdb73ccd61546\"><div class=\"panel-body toggle-content fusion-clearfix\">Tout n\u2019a pas encore chang\u00e9 en mati\u00e8re d\u2019\u00e9galit\u00e9 entre les p\u00e8res et les m\u00e8res. Si pr\u00e8s de 9 m\u00e8res d\u2019un enfant de 0 \u00e0 3 ans sur 10 ont une activit\u00e9 professionnelle, un tiers d\u2019entre elles travaillent \u00e0 temps partiel alors qu\u2019\u00e0 dipl\u00f4me \u00e9quivalent, le travail \u00e0 temps partiel ne concerne que 5 % des hommes interrog\u00e9s.<br \/>\nSoulignons que 18 % des femmes estiment que leur grossesse a eu des cons\u00e9quences n\u00e9gatives sur leur carri\u00e8re professionnelle. Il faut \u00e9galement ajouter que pour 26 % des femmes, des soucis d\u2019organisation de garde d\u2019enfant les ont amen\u00e9es \u00e0 renoncer \u00e0 des responsabilit\u00e9s.<\/p>\n<p>De retour \u00e0 la maison, c\u2019est toujours la m\u00e8re qui assume plus de 70 % des t\u00e2ches m\u00e9nag\u00e8res ! Les p\u00e8res reconnaissent \u00eatre moins productifs \u00e0 la maison, mais ils estiment que la diff\u00e9rence est de l\u2019ordre de 58 % \/ 42 %. Les femmes souffrent donc d\u2019un manque de reconnaissance, par leur conjoint, pour le travail effectu\u00e9 \u00e0 la maison !<\/div><\/div><\/div><div class=\"fusion-panel panel-default panel-db520e8e28153512e fusion-toggle-has-divider\"><div class=\"panel-heading\"><h4 class=\"panel-title toggle\" id=\"toggle_db520e8e28153512e\"><a aria-expanded=\"false\" aria-controls=\"db520e8e28153512e\" role=\"button\" data-toggle=\"collapse\" data-parent=\"#accordion-552-1\" data-target=\"#db520e8e28153512e\" href=\"#db520e8e28153512e\"><span class=\"fusion-toggle-icon-wrapper\" aria-hidden=\"true\"><i class=\"fa-fusion-box active-icon awb-icon-minus\" aria-hidden=\"true\"><\/i><i class=\"fa-fusion-box inactive-icon awb-icon-plus\" aria-hidden=\"true\"><\/i><\/span><span class=\"fusion-toggle-heading\">3 enfants sur 10 vivent dans la pauvret\u00e9 !<\/span><\/a><\/h4><\/div><div id=\"db520e8e28153512e\" class=\"panel-collapse collapse \" aria-labelledby=\"toggle_db520e8e28153512e\"><div class=\"panel-body toggle-content fusion-clearfix\">En Belgique, le seuil de pauvret\u00e9 en 2014 \u00e9tait fix\u00e9 \u00e0 2.100 \u20ac nets\/mois pour un couple avec 2 enfants, et de 1.600 \u20ac nets\/mois pour une famille monoparentale avec 2 enfants. Le constat le plus alarmant du dernier Thermom\u00e8tre Solidaris concerne la pauvret\u00e9. Ainsi, 3 enfants sur 10 vivraient au sein d\u2019une famille pauvre.<\/p>\n<p>Economiquement exclues de la soci\u00e9t\u00e9, ces familles le sont aussi, de facto, au niveau social :<br \/>\n&#8211;\u00a0on y d\u00e9nombre 3 fois plus de ch\u00f4meur(se)s, souvent de longue dur\u00e9e ;<br \/>\n&#8211;\u00a0seulement 23 % de ces familles ont acc\u00e8s \u00e0 la propri\u00e9t\u00e9 de leur logement ;<br \/>\n&#8211;\u00a0pr\u00e8s d\u2019une famille pauvre sur 5 vit dans un logement inconfortable ;<br \/>\n&#8211;\u00a0pr\u00e8s d\u2019une famille pauvre sur quatre estime sa vie comme totalement non satisfaisante !<\/div><\/div><\/div><\/div><\/div><div class=\"fusion-clearfix\"><\/div><\/div><\/div><div class=\"fusion-layout-column fusion_builder_column fusion-builder-column-3 fusion_builder_column_1_2 1_2 fusion-one-half fusion-column-last\" style=\"--awb-bg-size:cover;width:48%;\"><div class=\"fusion-column-wrapper fusion-flex-column-wrapper-legacy\"><div class=\"fusion-title title fusion-title-1 fusion-title-text fusion-title-size-two\" style=\"--awb-margin-top-small:0px;--awb-margin-right-small:0px;--awb-margin-bottom-small:20px;--awb-margin-left-small:0px;\"><h2 class=\"fusion-title-heading title-heading-left\" style=\"margin:0;\">En chiffres<\/h2><span class=\"awb-title-spacer\"><\/span><div class=\"title-sep-container\"><div class=\"title-sep sep-double sep-solid\" style=\"border-color:#e0dede;\"><\/div><\/div><\/div><div class=\"fusion-progressbar\" style=\"--awb-textcolor:#000000;--awb-filledcolor:#e41618;--awb-filledbordercolor:#e41618;--awb-maximum-value-wrapper-width:43%;\"><div class=\"fusion-progressbar-bar progress-bar\"><div class=\"progress progress-bar-content not-animated\" role=\"progressbar\" aria-labelledby=\"awb-progressbar-label-1\" aria-valuemin=\"0\" aria-valuemax=\"100\" aria-valuenow=\"57\" data-filling-speed=\"600\"><span class=\"progress-title awb-on-bar\"><span class=\"fusion-progressbar-text\" id=\"awb-progressbar-label-1\">Pour les femmes le monde du travail n&rsquo;est vraiment pas adapt\u00e9 pour faire des enfants et de s&rsquo;en occuper comme on le souhaiterait.<\/span> <span class=\"fusion-progressbar-value\">57%<\/span><\/span><\/div><span class=\"awb-pb-max-value-wrap awb-on-bar\"><span class=\"awb-pb-max-value-text\"><\/span><\/span><\/div><\/div><div class=\"fusion-progressbar\" style=\"--awb-textcolor:#000000;--awb-filledcolor:#e41618;--awb-filledbordercolor:#e41618;--awb-maximum-value-wrapper-width:28%;\"><div class=\"fusion-progressbar-bar progress-bar\"><div class=\"progress progress-bar-content not-animated\" role=\"progressbar\" aria-labelledby=\"awb-progressbar-label-2\" aria-valuemin=\"0\" aria-valuemax=\"100\" aria-valuenow=\"72\" data-filling-speed=\"600\"><span class=\"progress-title awb-on-bar\"><span class=\"fusion-progressbar-text\" id=\"awb-progressbar-label-2\">Les t\u00e2ches familiales sont effectu\u00e9es par les femmes.<\/span> <span class=\"fusion-progressbar-value\">72%<\/span><\/span><\/div><span class=\"awb-pb-max-value-wrap awb-on-bar\"><span class=\"awb-pb-max-value-text\"><\/span><\/span><\/div><\/div><div class=\"fusion-progressbar\" style=\"--awb-textcolor:#000000;--awb-filledcolor:#e41618;--awb-filledbordercolor:#e41618;--awb-maximum-value-wrapper-width:95%;\"><div class=\"fusion-progressbar-bar progress-bar\"><div class=\"progress progress-bar-content not-animated\" role=\"progressbar\" aria-labelledby=\"awb-progressbar-label-3\" aria-valuemin=\"0\" aria-valuemax=\"100\" aria-valuenow=\"5\" data-filling-speed=\"600\"><span class=\"progress-title awb-on-bar\"><span class=\"fusion-progressbar-text\" id=\"awb-progressbar-label-3\">Les jeunes parents pensent que les d\u00e9cideurs politiques font assez d&rsquo;efforts pour aider les parents comme eux.<\/span> <span class=\"fusion-progressbar-value\">5%<\/span><\/span><\/div><span class=\"awb-pb-max-value-wrap awb-on-bar\"><span class=\"awb-pb-max-value-text\"><\/span><\/span><\/div><\/div><div class=\"fusion-progressbar\" style=\"--awb-textcolor:#000000;--awb-filledcolor:#e41618;--awb-filledbordercolor:#e41618;--awb-maximum-value-wrapper-width:88%;\"><div class=\"fusion-progressbar-bar progress-bar\"><div class=\"progress progress-bar-content not-animated\" role=\"progressbar\" aria-labelledby=\"awb-progressbar-label-4\" aria-valuemin=\"0\" aria-valuemax=\"100\" aria-valuenow=\"12\" data-filling-speed=\"600\"><span class=\"progress-title awb-on-bar\"><span class=\"fusion-progressbar-text\" id=\"awb-progressbar-label-4\">Les femmes disent que les employeurs font vraiment ce qu&rsquo;il faut pour aider les jeunes parents.<\/span> <span class=\"fusion-progressbar-value\">12%<\/span><\/span><\/div><span class=\"awb-pb-max-value-wrap awb-on-bar\"><span class=\"awb-pb-max-value-text\"><\/span><\/span><\/div><\/div><div class=\"fusion-progressbar\" style=\"--awb-textcolor:#000000;--awb-filledcolor:#e41618;--awb-filledbordercolor:#e41618;--awb-maximum-value-wrapper-width:70%;\"><div class=\"fusion-progressbar-bar progress-bar\"><div class=\"progress progress-bar-content not-animated\" role=\"progressbar\" aria-labelledby=\"awb-progressbar-label-5\" aria-valuemin=\"0\" aria-valuemax=\"100\" aria-valuenow=\"30\" data-filling-speed=\"600\"><span class=\"progress-title awb-on-bar\"><span class=\"fusion-progressbar-text\" id=\"awb-progressbar-label-5\">En F\u00e9d\u00e9ration Wallonie-Bruxelles les enfants vivent dans une \u00ab\u00a0famille pauvre\u00a0\u00bb.<\/span> <span class=\"fusion-progressbar-value\">30%<\/span><\/span><\/div><span class=\"awb-pb-max-value-wrap awb-on-bar\"><span class=\"awb-pb-max-value-text\"><\/span><\/span><\/div><\/div><div class=\"fusion-clearfix\"><\/div><\/div><\/div><\/div><\/div>\n","protected":false},"excerpt":{"rendered":"","protected":false},"author":4,"featured_media":0,"parent":0,"menu_order":0,"comment_status":"closed","ping_status":"closed","template":"","meta":{"footnotes":""},"class_list":["post-552","page","type-page","status-publish","hentry"],"_links":{"self":[{"href":"https:\/\/www.institut-solidaris.be\/index.php\/wp-json\/wp\/v2\/pages\/552","targetHints":{"allow":["GET"]}}],"collection":[{"href":"https:\/\/www.institut-solidaris.be\/index.php\/wp-json\/wp\/v2\/pages"}],"about":[{"href":"https:\/\/www.institut-solidaris.be\/index.php\/wp-json\/wp\/v2\/types\/page"}],"author":[{"embeddable":true,"href":"https:\/\/www.institut-solidaris.be\/index.php\/wp-json\/wp\/v2\/users\/4"}],"replies":[{"embeddable":true,"href":"https:\/\/www.institut-solidaris.be\/index.php\/wp-json\/wp\/v2\/comments?post=552"}],"version-history":[{"count":18,"href":"https:\/\/www.institut-solidaris.be\/index.php\/wp-json\/wp\/v2\/pages\/552\/revisions"}],"predecessor-version":[{"id":1911,"href":"https:\/\/www.institut-solidaris.be\/index.php\/wp-json\/wp\/v2\/pages\/552\/revisions\/1911"}],"wp:attachment":[{"href":"https:\/\/www.institut-solidaris.be\/index.php\/wp-json\/wp\/v2\/media?parent=552"}],"curies":[{"name":"wp","href":"https:\/\/api.w.org\/{rel}","templated":true}]}}