{"id":503,"date":"2016-02-01T11:43:10","date_gmt":"2016-02-01T10:43:10","guid":{"rendered":"https:\/\/www.institut-solidaris.be\/?page_id=503"},"modified":"2024-06-14T08:47:15","modified_gmt":"2024-06-14T07:47:15","slug":"comment-ca-marche","status":"publish","type":"page","link":"https:\/\/www.institut-solidaris.be\/index.php\/comment-ca-marche\/","title":{"rendered":"Comment \u00e7a marche"},"content":{"rendered":"<div class=\"fusion-fullwidth fullwidth-box fusion-builder-row-1 fusion-flex-container nonhundred-percent-fullwidth non-hundred-percent-height-scrolling\" style=\"--awb-border-radius-top-left:0px;--awb-border-radius-top-right:0px;--awb-border-radius-bottom-right:0px;--awb-border-radius-bottom-left:0px;--awb-flex-wrap:wrap;\" ><div class=\"fusion-builder-row fusion-row fusion-flex-align-items-flex-start fusion-flex-content-wrap\" style=\"max-width:1144px;margin-left: calc(-4% \/ 2 );margin-right: calc(-4% \/ 2 );\"><div class=\"fusion-layout-column fusion_builder_column fusion-builder-column-0 fusion_builder_column_1_1 1_1 fusion-flex-column\" style=\"--awb-bg-size:cover;--awb-width-large:100%;--awb-margin-top-large:0px;--awb-spacing-right-large:1.92%;--awb-margin-bottom-large:0px;--awb-spacing-left-large:1.92%;--awb-width-medium:100%;--awb-spacing-right-medium:1.92%;--awb-spacing-left-medium:1.92%;--awb-width-small:100%;--awb-spacing-right-small:1.92%;--awb-spacing-left-small:1.92%;\"><div class=\"fusion-column-wrapper fusion-flex-justify-content-flex-start fusion-content-layout-column\"><div class=\"fusion-image-element \" style=\"--awb-margin-bottom:40px;--awb-caption-title-font-family:var(--h2_typography-font-family);--awb-caption-title-font-weight:var(--h2_typography-font-weight);--awb-caption-title-font-style:var(--h2_typography-font-style);--awb-caption-title-size:var(--h2_typography-font-size);--awb-caption-title-transform:var(--h2_typography-text-transform);--awb-caption-title-line-height:var(--h2_typography-line-height);--awb-caption-title-letter-spacing:var(--h2_typography-letter-spacing);\"><span class=\" fusion-imageframe imageframe-none imageframe-1 hover-type-none\"><img decoding=\"async\" width=\"522\" height=\"115\" title=\"logo-tonavis\" src=\"https:\/\/www.institut-solidaris.be\/wp-content\/uploads\/2024\/06\/logo-tonavis.webp\" alt class=\"img-responsive wp-image-3160\" srcset=\"https:\/\/www.institut-solidaris.be\/wp-content\/uploads\/2024\/06\/logo-tonavis-200x44.webp 200w, https:\/\/www.institut-solidaris.be\/wp-content\/uploads\/2024\/06\/logo-tonavis-400x88.webp 400w, https:\/\/www.institut-solidaris.be\/wp-content\/uploads\/2024\/06\/logo-tonavis.webp 522w\" sizes=\"(max-width: 1024px) 100vw, (max-width: 640px) 100vw, 522px\" \/><\/span><\/div><div class=\"fusion-text fusion-text-1\"><p><strong>Tonavis.be<\/strong> est une plateforme d\u2019e-panel sp\u00e9cialis\u00e9e dans les enqu\u00eates pour le secteur non-marchand.<\/p>\n<p>En devenant membre de Tonavis.be, vous vous inscrivez de fa\u00e7on volontaire pour r\u00e9pondre \u00e0 des questionnaires et donner votre avis sur des sujets de soci\u00e9t\u00e9 ainsi que sur des th\u00e9matiques li\u00e9es \u00e0 la sant\u00e9 et aux mutuelles.<\/p>\n<p><strong>Inscription<\/strong><\/p>\n<p>Pour vous inscrire, rien de plus simple. Il vous suffit de remplir le formulaire et de renseigner certaines informations obligatoires pour pouvoir vous identifier.<\/p>\n<p><strong>Enqu\u00eates<\/strong><\/p>\n<p>Vous recevez directement par email les invitations pour participer \u00e0 nos sondages. La dur\u00e9e et le th\u00e8me abord\u00e9 y seront clairement indiqu\u00e9s. Si vous \u00eates int\u00e9ress\u00e9.e, il ne vous reste qu\u2019\u00e0 participer.<\/p>\n<p><strong>Points<\/strong><\/p>\n<p>En participant consciencieusement, vous collectez des points. Le nombre de points \u00e0 gagner est indiqu\u00e9 dans le mail d\u2019invitation. Une fois les 40 points atteints, 20\u20ac seront vers\u00e9s sur votre compte bancaire sans que vous ayez besoin d\u2019effectuer la moindre d\u00e9marche.<\/p>\n<\/div><div ><a class=\"fusion-button button-flat fusion-button-default-size button-default fusion-button-default button-1 fusion-button-default-span fusion-button-default-type\" target=\"_blank\" rel=\"noopener noreferrer\" href=\"https:\/\/www.tonavis.be\/inscription\"><span class=\"fusion-button-text awb-button__text awb-button__text--default\">S&rsquo;inscrire<\/span><\/a><\/div><\/div><\/div><\/div><\/div>\n","protected":false},"excerpt":{"rendered":"","protected":false},"author":1,"featured_media":0,"parent":0,"menu_order":0,"comment_status":"closed","ping_status":"closed","template":"","meta":{"footnotes":""},"class_list":["post-503","page","type-page","status-publish","hentry"],"_links":{"self":[{"href":"https:\/\/www.institut-solidaris.be\/index.php\/wp-json\/wp\/v2\/pages\/503","targetHints":{"allow":["GET"]}}],"collection":[{"href":"https:\/\/www.institut-solidaris.be\/index.php\/wp-json\/wp\/v2\/pages"}],"about":[{"href":"https:\/\/www.institut-solidaris.be\/index.php\/wp-json\/wp\/v2\/types\/page"}],"author":[{"embeddable":true,"href":"https:\/\/www.institut-solidaris.be\/index.php\/wp-json\/wp\/v2\/users\/1"}],"replies":[{"embeddable":true,"href":"https:\/\/www.institut-solidaris.be\/index.php\/wp-json\/wp\/v2\/comments?post=503"}],"version-history":[{"count":29,"href":"https:\/\/www.institut-solidaris.be\/index.php\/wp-json\/wp\/v2\/pages\/503\/revisions"}],"predecessor-version":[{"id":3170,"href":"https:\/\/www.institut-solidaris.be\/index.php\/wp-json\/wp\/v2\/pages\/503\/revisions\/3170"}],"wp:attachment":[{"href":"https:\/\/www.institut-solidaris.be\/index.php\/wp-json\/wp\/v2\/media?parent=503"}],"curies":[{"name":"wp","href":"https:\/\/api.w.org\/{rel}","templated":true}]}}