{"id":3416,"date":"2026-02-12T06:34:33","date_gmt":"2026-02-12T05:34:33","guid":{"rendered":"https:\/\/www.institut-solidaris.be\/?page_id=3416"},"modified":"2026-02-12T10:02:05","modified_gmt":"2026-02-12T09:02:05","slug":"bcbe2025","status":"publish","type":"page","link":"https:\/\/www.institut-solidaris.be\/index.php\/bcbe2025\/","title":{"rendered":"Barom\u00e8tre Confiance &#038; Bien-\u00eatre 2025"},"content":{"rendered":"<div class=\"fusion-fullwidth fullwidth-box fusion-builder-row-1 nonhundred-percent-fullwidth non-hundred-percent-height-scrolling\" style=\"--awb-background-position:left top;--awb-border-sizes-top:0px;--awb-border-sizes-bottom:0px;--awb-border-sizes-left:0px;--awb-border-sizes-right:0px;--awb-border-radius-top-left:0px;--awb-border-radius-top-right:0px;--awb-border-radius-bottom-right:0px;--awb-border-radius-bottom-left:0px;--awb-padding-top:20px;--awb-padding-bottom:20px;--awb-flex-wrap:wrap;\" ><div class=\"fusion-builder-row fusion-row\"><div class=\"fusion-layout-column fusion_builder_column fusion-builder-column-0 fusion_builder_column_1_2 1_2 fusion-one-half fusion-column-first\" style=\"--awb-bg-size:cover;width:48%; margin-right: 4%;\"><div class=\"fusion-column-wrapper fusion-flex-column-wrapper-legacy\"><div class=\"fusion-slider-sc fusion-flexslider-loading flexslider flexslider-hover-type-none\" data-slideshow_autoplay=\"1\" data-slideshow_smooth_height=\"0\" data-slideshow_speed=\"7000\" style=\"max-width:100%;height:100%;\"><ul class=\"slides\"><li class=\"image\"><span class=\"fusion-image-hover-element hover-type-none\"><img decoding=\"async\" src=\"https:\/\/www.institut-solidaris.be\/wp-content\/uploads\/2026\/02\/Barometre2025_600x350.png\" width=\"600\" height=\"350\" class=\"wp-image-3412\" srcset=\"https:\/\/www.institut-solidaris.be\/wp-content\/uploads\/2026\/02\/Barometre2025_600x350-200x117.png 200w, https:\/\/www.institut-solidaris.be\/wp-content\/uploads\/2026\/02\/Barometre2025_600x350-400x233.png 400w, https:\/\/www.institut-solidaris.be\/wp-content\/uploads\/2026\/02\/Barometre2025_600x350.png 600w\" sizes=\"(max-width: 800px) 100vw, 600px\" \/><\/span><\/li><\/ul><\/div><div class=\"fusion-clearfix\"><\/div><\/div><\/div><div class=\"fusion-layout-column fusion_builder_column fusion-builder-column-1 fusion_builder_column_1_2 1_2 fusion-one-half fusion-column-last\" style=\"--awb-bg-size:cover;width:48%;\"><div class=\"fusion-column-wrapper fusion-flex-column-wrapper-legacy\"><div class=\"fusion-text fusion-text-1\"><p>Chaque ann\u00e9e, Solidaris prend le pouls du bien-\u00eatre des Belges francophones \u00e0 travers son Barom\u00e8tre Confiance et Bien-\u00catre, une enqu\u00eate men\u00e9e aupr\u00e8s de plus de 1000 Belges francophones. Cette 11e \u00e9dition met en \u00e9vidence une situation paradoxale : les in\u00e9galit\u00e9s se creusent, mais elles sont de moins en moins per\u00e7ues comme insupportables.<\/p>\n<p>Depuis la premi\u00e8re mesure, en 2015, l\u2019indice composite de bien-\u00eatre (IBE) a diminu\u00e9 de 8,4% (passant de 56,9 \u00e0 52,1). Cette tendance globale masque toutefois des r\u00e9alit\u00e9s fortement contrast\u00e9es selon les profils des r\u00e9pondants.<\/p>\n<p><strong>Des in\u00e9galit\u00e9s qui s\u2019aggravent<\/strong><br \/>\nLe barom\u00e8tre met en \u00e9vidence un renforcement des in\u00e9galit\u00e9s sociales au cours des 10 derni\u00e8res ann\u00e9es. Les profils pour lesquels l\u2019IBE diminue le plus \u00e0 long terme sont ceux pour lesquels on observait d\u00e9j\u00e0 un IBE plus faible en 2015 :<br \/>\n\u2022 Les femmes avec 48,7 (- 11,8 % depuis 2015), vs 55,8 pour les hommes (- 5,1 %)<br \/>\n\u2022 Les groupes sociaux pr\u00e9caires avec 44,1 (- 11,8 %), vs 58,5 pour les plus nantis (- 4,6 %)<br \/>\n\u2022 Les personnes en incapacit\u00e9 de travail avec 32,6 (- 10,4 %), vs 56,8 pour les travailleurs (-4,4 %)<\/p>\n<p>Plus globalement, entre 2015 et 2025, l\u2019IBE du 1\/4 de la population le plus en difficult\u00e9 a chut\u00e9 de 23,1 % (de 26,4 \u00e0 20,3), tandis que celui du 1\/4 qui se porte le mieux est rest\u00e9 stable autour de 82 : les in\u00e9galit\u00e9s de bien-\u00eatre se creusent donc durablement. Malgr\u00e9 cette aggravation, la part des Belges francophones jugeant ces in\u00e9galit\u00e9s insupportables recule (de 73 % en 2015 \u00e0 64 %), ce qui sugg\u00e8re une acceptation croissante.<\/p>\n<p><strong>Quand les in\u00e9galit\u00e9s sociales impactent la sant\u00e9 &#8230;<\/strong><br \/>\nLes in\u00e9galit\u00e9s augmentent \u00e0 long terme et cela n\u2019est pas sans cons\u00e9quence, notamment sur la sant\u00e9. En effet, plus les difficult\u00e9s socio-\u00e9conomiques s\u2019aggravent, plus la sant\u00e9 se d\u00e9t\u00e9riore, ce qui fragilise encore la situation sociale. Par exemple, les personnes en incapacit\u00e9 de travail sont plus nombreuses \u00e0 mal se nourrir, \u00e0 renoncer \u00e0 des activit\u00e9s culturelles ou \u00e0 reporter des soins pour raisons financi\u00e8res. D\u2019ailleurs, pr\u00e8s de 2\/3 d\u2019entre elles ont renonc\u00e9 \u00e0 au moins un soin au cours des 12 derniers mois. Elles sont aussi deux fois plus nombreuses que les travailleurs \u00e0 pr\u00e9senter des sympt\u00f4mes de d\u00e9pression mod\u00e9r\u00e9e \u00e0 s\u00e9v\u00e8re.<\/p>\n<p><strong>Une soci\u00e9t\u00e9 per\u00e7ue comme moins protectrice<\/strong><br \/>\nLes in\u00e9galit\u00e9s fragilisent la soci\u00e9t\u00e9 et la S\u00e9curit\u00e9 sociale est un outil essentiel pour maintenir un filet de s\u00e9curit\u00e9. Mais ces derni\u00e8res ann\u00e9es, les politiques d\u2019aust\u00e9rit\u00e9 ont affaibli les m\u00e9canismes de protection sociale. Cela se ressent dans la perception de la population : 74 % de Belges francophones pensent que l\u2019\u00c9tat et la S\u00e9curit\u00e9 sociale prot\u00e8geront de moins en moins. Ce chiffre monte \u00e0 83 % chez les personnes en incapacit\u00e9 de travail (+13 points depuis 2015). Parall\u00e8lement, seuls 25 % estiment que l\u2019\u00c9tat prot\u00e8ge r\u00e9ellement face aux grandes menaces (- 11 points depuis 2015).<\/p>\n<p>En ce qui concerne le syst\u00e8me de sant\u00e9, en 2015, 76 % des r\u00e9pondants le jugeaient adapt\u00e9 \u00e0 leurs besoins, tandis qu\u2019ils ne sont plus que 66 % aujourd\u2019hui. M\u00eame recul pour la qualit\u00e9 per\u00e7ue : la part de ceux qui le jugent excellent est pass\u00e9e de 77 % en 2015 \u00e0 67 % en 2025.<\/p>\n<p><strong>Une crise de confiance vis-\u00e0-vis de l\u2019\u00c9tat et de notre d\u00e9mocratie<\/strong><br \/>\nLe sentiment d\u2019une soci\u00e9t\u00e9 moins protectrice et l\u2019affaiblissement de l\u2019Etat social cr\u00e9ent un ressentiment vis-\u00e0-vis des institutions d\u00e9mocratiques et du monde politique. Le Barom\u00e8tre met en \u00e9vidence une importante crise de confiance, tant au niveau national qu\u2019europ\u00e9en. Selon 80% des Belges francophones, les responsables politiques n\u2019agissent pas pour am\u00e9liorer la qualit\u00e9 de vie. Les partis politiques suscitent tout aussi peu d\u2019adh\u00e9sion : 8 % de confiance, contre 79 % de d\u00e9fiance. Par ailleurs, 64 % des r\u00e9pondants jugent l\u2019offre politique inad\u00e9quate et estiment qu\u2019elle ne r\u00e9pond pas \u00e0 leurs attentes. Quant \u00e0 la d\u00e9mocratie belge, seuls 23% consid\u00e8rent qu\u2019elle fonctionne tr\u00e8s bien.<\/p>\n<p>Enfin, le regard que portent les Belges sur l\u2019avenir s\u2019assombrit : 63% d\u2019entre eux se d\u00e9clarent pessimistes par rapport \u00e0 l\u2019\u00e9volution de la soci\u00e9t\u00e9 (+18 points depuis 2015).<\/p>\n<p>Pour Jean-Pascal Labille, Secr\u00e9taire g\u00e9n\u00e9ral de Solidaris : <em>\u201clorsque chacun est renvoy\u00e9 \u00e0 sa responsabilit\u00e9 individuelle, les in\u00e9galit\u00e9s deviennent invisibles, puis acceptables. Une soci\u00e9t\u00e9 forte n\u2019est pas une soci\u00e9t\u00e9 o\u00f9 chacun se d\u00e9brouille seul, mais une soci\u00e9t\u00e9 o\u00f9 les liens entre les individus sont suffisamment solides pour que les \u00e9carts ne deviennent pas des fractures. Affaiblir la protection collective, ce n\u2019est pas seulement augmenter les in\u00e9galit\u00e9s : c\u2019est fragiliser la soci\u00e9t\u00e9 dans son ensemble.\u201d<\/em><\/p>\n<p><a href=\"https:\/\/www.institut-solidaris.be\/wp-content\/uploads\/2026\/02\/BCBE2025-etude.pdf\">T\u00e9l\u00e9charger l&rsquo;\u00e9tude compl\u00e8te<\/a><\/p>\n<p><a href=\"https:\/\/www.institut-solidaris.be\/wp-content\/uploads\/2026\/02\/BCBE2025_Rapport.pdf\">T\u00e9l\u00e9charger la synth\u00e8se<\/a><\/p>\n<p><a href=\"https:\/\/www.institut-solidaris.be\/wp-content\/uploads\/2026\/02\/BCBE-Rapport-ecrit.pdf\">T\u00e9l\u00e9charger le rapport \u00e9crit<\/a><\/p>\n<\/div><div class=\"fusion-clearfix\"><\/div><\/div><\/div><\/div><\/div>\n","protected":false},"excerpt":{"rendered":"","protected":false},"author":12,"featured_media":0,"parent":0,"menu_order":0,"comment_status":"closed","ping_status":"closed","template":"","meta":{"footnotes":""},"class_list":["post-3416","page","type-page","status-publish","hentry"],"_links":{"self":[{"href":"https:\/\/www.institut-solidaris.be\/index.php\/wp-json\/wp\/v2\/pages\/3416","targetHints":{"allow":["GET"]}}],"collection":[{"href":"https:\/\/www.institut-solidaris.be\/index.php\/wp-json\/wp\/v2\/pages"}],"about":[{"href":"https:\/\/www.institut-solidaris.be\/index.php\/wp-json\/wp\/v2\/types\/page"}],"author":[{"embeddable":true,"href":"https:\/\/www.institut-solidaris.be\/index.php\/wp-json\/wp\/v2\/users\/12"}],"replies":[{"embeddable":true,"href":"https:\/\/www.institut-solidaris.be\/index.php\/wp-json\/wp\/v2\/comments?post=3416"}],"version-history":[{"count":3,"href":"https:\/\/www.institut-solidaris.be\/index.php\/wp-json\/wp\/v2\/pages\/3416\/revisions"}],"predecessor-version":[{"id":3423,"href":"https:\/\/www.institut-solidaris.be\/index.php\/wp-json\/wp\/v2\/pages\/3416\/revisions\/3423"}],"wp:attachment":[{"href":"https:\/\/www.institut-solidaris.be\/index.php\/wp-json\/wp\/v2\/media?parent=3416"}],"curies":[{"name":"wp","href":"https:\/\/api.w.org\/{rel}","templated":true}]}}