{"id":3344,"date":"2025-11-18T06:22:03","date_gmt":"2025-11-18T05:22:03","guid":{"rendered":"https:\/\/www.institut-solidaris.be\/?page_id=3344"},"modified":"2025-11-19T10:04:35","modified_gmt":"2025-11-19T09:04:35","slug":"etude-sante-mentale-tentatives-de-suicide","status":"publish","type":"page","link":"https:\/\/www.institut-solidaris.be\/index.php\/etudes\/sante-mentale\/etude-sante-mentale-tentatives-de-suicide\/","title":{"rendered":"Etude sant\u00e9 mentale : les hospitalisations pour  tentative de suicide ont doubl\u00e9 chez les jeunes"},"content":{"rendered":"<div class=\"fusion-fullwidth fullwidth-box fusion-builder-row-1 nonhundred-percent-fullwidth non-hundred-percent-height-scrolling\" style=\"--awb-background-position:left top;--awb-border-sizes-top:0px;--awb-border-sizes-bottom:0px;--awb-border-sizes-left:0px;--awb-border-sizes-right:0px;--awb-border-radius-top-left:0px;--awb-border-radius-top-right:0px;--awb-border-radius-bottom-right:0px;--awb-border-radius-bottom-left:0px;--awb-padding-top:20px;--awb-padding-bottom:20px;--awb-flex-wrap:wrap;\" ><div class=\"fusion-builder-row fusion-row\"><div class=\"fusion-layout-column fusion_builder_column fusion-builder-column-0 fusion_builder_column_1_2 1_2 fusion-one-half fusion-column-first\" style=\"--awb-bg-size:cover;width:48%; margin-right: 4%;\"><div class=\"fusion-column-wrapper fusion-flex-column-wrapper-legacy\"><div class=\"fusion-slider-sc fusion-flexslider-loading flexslider flexslider-hover-type-none\" data-slideshow_autoplay=\"1\" data-slideshow_smooth_height=\"0\" data-slideshow_speed=\"7000\" style=\"max-width:100%;height:100%;\"><ul class=\"slides\"><li class=\"image\"><span class=\"fusion-image-hover-element hover-type-none\"><img decoding=\"async\" src=\"https:\/\/www.institut-solidaris.be\/wp-content\/uploads\/2025\/11\/Sante-Mentale.png\" width=\"600\" height=\"350\" class=\"wp-image-3364\" srcset=\"https:\/\/www.institut-solidaris.be\/wp-content\/uploads\/2025\/11\/Sante-Mentale-200x117.png 200w, https:\/\/www.institut-solidaris.be\/wp-content\/uploads\/2025\/11\/Sante-Mentale-400x233.png 400w, https:\/\/www.institut-solidaris.be\/wp-content\/uploads\/2025\/11\/Sante-Mentale.png 600w\" sizes=\"(max-width: 800px) 100vw, 600px\" \/><\/span><\/li><\/ul><\/div><div class=\"fusion-clearfix\"><\/div><\/div><\/div><div class=\"fusion-layout-column fusion_builder_column fusion-builder-column-1 fusion_builder_column_1_2 1_2 fusion-one-half fusion-column-last\" style=\"--awb-bg-size:cover;width:48%;\"><div class=\"fusion-column-wrapper fusion-flex-column-wrapper-legacy\"><div class=\"fusion-text fusion-text-1\"><p>La nouvelle \u00e9tude de Solidaris, bas\u00e9e sur l\u2019analyse de pr\u00e8s de 28 000 hospitalisations \u00e0 la suite d\u2019une tentative de suicide entre 2013 et 2024, met en \u00e9vidence une probl\u00e9matique criante chez les jeunes. Chez les 13\u201324 ans, les admissions \u00e0 l\u2019h\u00f4pital ont presque doubl\u00e9 en dix ans sur l\u2019ensemble du territoire, signe d\u2019une d\u00e9tresse bien ancr\u00e9e avant m\u00eame la pand\u00e9mie. Autre constat alarmant : plus d\u2019un jeune sur six r\u00e9cidive apr\u00e8s une premi\u00e8re tentative de suicide.<\/p>\n<p><strong>Des jeunes qui sortent de l\u2019h\u00f4pital\u2026 et se retrouvent seuls<\/strong><br \/>\nL\u2019\u00e9tude r\u00e9v\u00e8le d\u2019importantes failles dans la pr\u00e9vention et la continuit\u00e9 des soins :<br \/>\n\u2022 Plus d\u20191 jeune sur 6 \u00e2g\u00e9 entre 8 et 25 ans r\u00e9cidive apr\u00e8s avoir \u00e9t\u00e9 hospitalis\u00e9 pour une tentative de suicide ;<br \/>\n\u2022 1 sur 5 n\u2019a eu aucun contact avec un m\u00e9decin g\u00e9n\u00e9raliste dans les trois mois avant ou apr\u00e8s son hospitalisation ;<br \/>\n\u2022 4 sur 10 n\u2019ont re\u00e7u aucun traitement m\u00e9dicamenteux six mois avant ou apr\u00e8s avoir \u00e9t\u00e9 hospitalis\u00e9s ;<br \/>\n\u2022 Et 6,3 % n\u2019ont b\u00e9n\u00e9fici\u00e9 d\u2019aucune prise en charge avant ou apr\u00e8s leur hospitalisation.<\/p>\n<p>Les chiffres parlent d\u2019eux-m\u00eames\u202f: un trop grand nombre de jeunes sortent de l\u2019h\u00f4pital sans accompagnement ni suivi adapt\u00e9.<\/p>\n<p><strong>Une d\u00e9tresse amplifi\u00e9e par les in\u00e9galit\u00e9s<\/strong><br \/>\nOn le constate au niveau national, la pr\u00e9carit\u00e9 double le risque d\u2019hospitalisation : les BIM sont nettement plus touch\u00e9s que les autres. Les filles de 14 \u00e0 16 ans sont particuli\u00e8rement concern\u00e9es, avec un taux d\u2019hospitalisation cinq fois sup\u00e9rieur \u00e0 celui des gar\u00e7ons de la m\u00eame tranche d\u2019\u00e2ge. Au niveau territorial, la Wallonie reste la r\u00e9gion la plus touch\u00e9e, tandis que Bruxelles conna\u00eet une progression rapide. Ces disparit\u00e9s confirment que la sant\u00e9 mentale reste marqu\u00e9e par les in\u00e9galit\u00e9s sociales et territoriales.<\/p>\n<p><strong>Une r\u00e9alit\u00e9 encore plus pr\u00e9occupante<\/strong><br \/>\nCes constats, d\u00e9j\u00e0 alarmants, ne refl\u00e8tent pourtant pas toute l\u2019\u00e9tendue du probl\u00e8me. En effet, l\u2019\u00e9tude ne se base que sur les hospitalisations \u00e0 la suite d\u2019une tentative de suicide : de nombreuses situations n\u2019entra\u00eenent pas d\u2019admission \u00e0 l\u2019h\u00f4pital et \u00e9chappent donc \u00e0 cette analyse. La r\u00e9alit\u00e9 du mal-\u00eatre des jeunes est certainement encore plus inqui\u00e9tante que ce que montrent ces donn\u00e9es.<\/p>\n<p><strong>Solidaris plaide pour une strat\u00e9gie globale de pr\u00e9vention du suicide et un renforcement de la prise en charge<\/strong><br \/>\nFace \u00e0 ces constats inqui\u00e9tants, Solidaris appelle \u00e0 une strat\u00e9gie globale ambitieuse reposant sur deux axes principaux :<\/p>\n<p>1. Renforcer la pr\u00e9vention:<br \/>\n\u2022 Cibler les publics les plus vuln\u00e9rables : jeunes, femmes, personnes pr\u00e9caris\u00e9es, personnes en invalidit\u00e9, malades chroniques, personnes en situation de handicap et les familles monoparentales \u2026 ;<br \/>\n\u2022 \u00c0 l\u2019instar du dispositif mis en \u0153uvre par Un Pass dans l\u2019impasse, former des sentinelles capables de rep\u00e9rer les signaux de d\u00e9tresse et d\u2019orienter vers l\u2019aide ;<br \/>\n\u2022 Briser les tabous autour du suicide et des troubles mentaux ;<br \/>\n\u2022 Rendre les dispositifs d\u2019aide existants plus visibles, surtout pour les jeunes issus de milieux d\u00e9favoris\u00e9s ;<br \/>\n\u2022 Soutenir les initiatives locales, telle que la convention \u00e9tablie entre l\u2019AVIQ et Un Pass dans l\u2019impasse permettant \u00e0 toute personne en d\u00e9tresse ou \u00e0 ses proches de b\u00e9n\u00e9ficier d\u2019une prise en charge th\u00e9rapeutique \u00e9quivalente \u00e0 15 s\u00e9ances renouvelables deux fois sur une p\u00e9riode de deux ans maximum \u00e0 un co\u00fbt tr\u00e8s accessible\u202f: 2,25 euros la s\u00e9ance pour les b\u00e9n\u00e9ficiaires ordinaires (BO) et gratuite pour les b\u00e9n\u00e9ficiaires de l\u2019intervention major\u00e9e (BIM) \u202f;<br \/>\n\u2022 Appuyer le Plan strat\u00e9gique wallon en sant\u00e9 mentale, visant \u00e0 am\u00e9liorer l\u2019acc\u00e8s aux soins de sant\u00e9 mentale et r\u00e9duire les in\u00e9galit\u00e9s .<\/p>\n<p>2. Adapter l\u2019offre de soins<br \/>\n\u2022 Renforcer la psychologie de premi\u00e8re ligne pour offrir un acc\u00e8s rapide \u00e0 un soutien psychologique, sans devoir passer par l\u2019h\u00f4pital ;<br \/>\n\u2022 Sensibiliser les m\u00e9decins g\u00e9n\u00e9ralistes \u00e0 la d\u00e9tection pr\u00e9coce des troubles ;<br \/>\n\u2022 R\u00e9viser la programmation des lits p\u00e9dopsychiatriques, inchang\u00e9e depuis 1976, pour mieux r\u00e9pondre aux besoins d\u2019aujourd\u2019hui ;<br \/>\n\u2022 G\u00e9n\u00e9raliser et renforcer les dispositifs de suivi post-hospitalisation tels que les services de vigilance, \u00e0 l\u2019instar de celui mis en place par l\u2019unit\u00e9 OKAPI , qui assurent une continuit\u00e9 des soins apr\u00e8s une tentative.<\/p>\n<p>Pour Jean-Pascal Labille, Secr\u00e9taire g\u00e9n\u00e9ral de Solidaris : <em>\u00ab Notre soci\u00e9t\u00e9 n\u2019a jamais \u00e9t\u00e9 aussi riche et pourtant jamais aussi malheureuse. La d\u00e9shumanisation gangr\u00e8ne nos liens, nos institutions, nos esprits. Le mal-\u00eatre des jeunes n\u2019est pas une fatalit\u00e9 : c\u2019est le sympt\u00f4me d\u2019une soci\u00e9t\u00e9 qui a oubli\u00e9 de prendre soin, qui a tout construit sur la performance, l\u2019optimisation et la comp\u00e9tition. Investir dans la sant\u00e9 mentale, ce n\u2019est pas seulement sauver des vies : c\u2019est r\u00e9affirmer que le progr\u00e8s ne vaut rien s\u2019il ne rend pas les gens plus heureux, plus solidaires, plus vivants. \u00bb<\/em><\/p>\n<p>Pour en savoir plus, retrouvez ci-dessous:<\/p>\n<ul>\n<li><a href=\"https:\/\/www.institut-solidaris.be\/wp-content\/uploads\/2025\/11\/Etude-sante-mentale-2025.pdf\">L&rsquo;\u00e9tude compl\u00e8te<\/a><\/li>\n<li><a href=\"https:\/\/www.institut-solidaris.be\/wp-content\/uploads\/2025\/11\/Synthese-Etude-sante-mentale-2025.pdf\">La synth\u00e8se<\/a><\/li>\n<\/ul>\n<\/div><div class=\"fusion-clearfix\"><\/div><\/div><\/div><\/div><\/div>\n","protected":false},"excerpt":{"rendered":"","protected":false},"author":12,"featured_media":0,"parent":2257,"menu_order":0,"comment_status":"closed","ping_status":"closed","template":"","meta":{"footnotes":""},"class_list":["post-3344","page","type-page","status-publish","hentry"],"_links":{"self":[{"href":"https:\/\/www.institut-solidaris.be\/index.php\/wp-json\/wp\/v2\/pages\/3344","targetHints":{"allow":["GET"]}}],"collection":[{"href":"https:\/\/www.institut-solidaris.be\/index.php\/wp-json\/wp\/v2\/pages"}],"about":[{"href":"https:\/\/www.institut-solidaris.be\/index.php\/wp-json\/wp\/v2\/types\/page"}],"author":[{"embeddable":true,"href":"https:\/\/www.institut-solidaris.be\/index.php\/wp-json\/wp\/v2\/users\/12"}],"replies":[{"embeddable":true,"href":"https:\/\/www.institut-solidaris.be\/index.php\/wp-json\/wp\/v2\/comments?post=3344"}],"version-history":[{"count":10,"href":"https:\/\/www.institut-solidaris.be\/index.php\/wp-json\/wp\/v2\/pages\/3344\/revisions"}],"predecessor-version":[{"id":3366,"href":"https:\/\/www.institut-solidaris.be\/index.php\/wp-json\/wp\/v2\/pages\/3344\/revisions\/3366"}],"up":[{"embeddable":true,"href":"https:\/\/www.institut-solidaris.be\/index.php\/wp-json\/wp\/v2\/pages\/2257"}],"wp:attachment":[{"href":"https:\/\/www.institut-solidaris.be\/index.php\/wp-json\/wp\/v2\/media?parent=3344"}],"curies":[{"name":"wp","href":"https:\/\/api.w.org\/{rel}","templated":true}]}}