{"id":3245,"date":"2025-01-21T11:38:34","date_gmt":"2025-01-21T10:38:34","guid":{"rendered":"https:\/\/www.institut-solidaris.be\/?page_id=3245"},"modified":"2025-01-22T08:52:43","modified_gmt":"2025-01-22T07:52:43","slug":"maisons-de-repos","status":"publish","type":"page","link":"https:\/\/www.institut-solidaris.be\/index.php\/etudes\/personnes-agees\/maisons-de-repos\/","title":{"rendered":"Le co\u00fbt des maisons de repos explose : Une situation  alarmante pour les ain\u00e9s"},"content":{"rendered":"<p><strong>Solidaris a analys\u00e9 pr\u00e8s de 4 000 factures de r\u00e9sidents pour \u00e9valuer si les a\u00een\u00e9s peuvent encore financer leur s\u00e9jour en maison de repos. Les r\u00e9sultats sont alarmants : en 2023, s\u00e9journer en maison de repos devient un luxe que beaucoup de retrait\u00e9s ne peuvent plus se permettre. La hausse des co\u00fbts, coupl\u00e9e \u00e0 des pensions insuffisantes, rend l\u2019acc\u00e8s aux maisons de repos de plus en plus difficile, soulevant ainsi la question de leur accessibilit\u00e9 financi\u00e8re.<\/strong><\/p>\n<p><strong>Les maisons de repos sont de plus en plus ch\u00e8res<\/strong><br \/>\nEn Wallonie et \u00e0 Bruxelles, le co\u00fbt moyen d\u2019un s\u00e9jour mensuel en maison de repos atteint d\u00e9sormais 1989 \u20ac, dont 108 \u20ac de suppl\u00e9ments. \u00c0 Bruxelles, cette somme grimpe \u00e0 2 084 \u20ac, avec des suppl\u00e9ments moyens de 99 \u20ac. Cette tendance est particuli\u00e8rement marqu\u00e9e dans le secteur priv\u00e9 o\u00f9 les tarifs ont explos\u00e9, atteignant une augmentation de 50 % entre 2014 et 2023. Les maisons de repos priv\u00e9es affichent des prix moyens de 1 985 \u20ac en Wallonie et de 2 276 \u20ac \u00e0 Bruxelles. \u00c0 titre de comparaison, le secteur public reste plus abordable, mais il reste largement insuffisant pour faire face \u00e0 la demande. Les chambres privatives, qui repr\u00e9sentent 75 % des factures, co\u00fbtent en moyenne 1 904 \u20ac en Wallonie et 2 198 \u20ac \u00e0 Bruxelles.<\/p>\n<p><strong>Les pensions ne permettent plus de payer la facture<\/strong><br \/>\nCette flamb\u00e9e des co\u00fbts a des cons\u00e9quences inqui\u00e9tantes. Plus de 75 % des retrait\u00e9s bruxellois de plus de 69 ans et pr\u00e8s de 50 % des Wallons ne peuvent plus couvrir ces frais avec leur pension brute. Les femmes, dont la pension est en moyenne 405 \u20ac plus faible que celle des hommes, sont particuli\u00e8rement vuln\u00e9rables. M\u00eame en tenant compte des frais plus faibles pour les r\u00e9sidents les plus modestes, la majorit\u00e9 des seniors, et en particulier dans la r\u00e9gion bruxelloise, se retrouvent dans l\u2019impossibilit\u00e9 de financer leur h\u00e9bergement.<\/p>\n<p><strong>Solidaris fait des propositions concr\u00e8tes<\/strong><br \/>\nSoucieuse de garantir l\u2019accessibilit\u00e9 des maisons de repos, Solidaris propose 3 leviers d\u2019action :<\/p>\n<ol>\n<li><strong>Agir sur les prix des maisons de repos<\/strong> : dans un contexte de marchandisation de l\u2019h\u00e9bergement des ain\u00e9s, il est important de r\u00e9guler les prix des maisons de repos et d&rsquo;en assurer la transparence. Solidaris revendique d\u00e8s lors :<br \/>\no L\u2019instauration d\u2019une facture maximale adapt\u00e9e aux revenus des r\u00e9sidents\u202f;<br \/>\no L\u2019\u00e9tablissement de normes d\u2019encadrement diff\u00e9renci\u00e9es en fonction des profils des soignants\u202fet un juste financement des infrastructures\u202f;<br \/>\no Une publication syst\u00e9matique des prix d\u2019h\u00e9bergement pr\u00e9sents et pass\u00e9s\u202f;<br \/>\no La transmission digitale et exhaustive des notes de frais aux mutualit\u00e9s.<\/li>\n<li><strong>Agir sur les pensions des retrait\u00e9s<\/strong> : la r\u00e9gulation des prix des maisons de repos ne suffit pas, il est imp\u00e9ratif de mieux financer les pensions afin d\u2019\u00e9viter la pr\u00e9carit\u00e9 des retrait\u00e9s. Solidaris revendique d\u00e8s lors :<br \/>\no La cr\u00e9ation d\u2019une dotation vieillissement-sant\u00e9 index\u00e9e sur un coefficient de vieillissement\u202f;<br \/>\no Un taux de remplacement de 75 % du salaire moyen\u202f;<br \/>\no La pension \u00e0 65 ans et pension anticip\u00e9e \u00e0 60 ans\u202f;<br \/>\no Un droit \u00e0 la pension compl\u00e8te apr\u00e8s 40 ann\u00e9es de carri\u00e8re\u202f;<br \/>\no Une meilleure prise en compte de la p\u00e9nibilit\u00e9 du travail\u202f;<br \/>\no L\u2019assimilation du travail de reproduction sociale \u00e0 de l\u2019emploi.<\/li>\n<li><strong>Promouvoir des politiques du vieillissement respectueuses de la diversit\u00e9<\/strong> : les lieux de vie des seniors doivent r\u00e9pondre \u00e0 leurs besoins \u00e0 chaque \u00e9tape de la vie, garantissant dignit\u00e9, citoyennet\u00e9 et solutions adapt\u00e9es, tout en respectant la diversit\u00e9 des situations. Solidaris revendique d\u00e8s lors :<br \/>\no La reconnaissance de l\u2019h\u00e9t\u00e9rog\u00e9n\u00e9it\u00e9 du public des personnes \u00e2g\u00e9es dans les politiques du vieillissement\u202f;<br \/>\no La cr\u00e9ation d\u2019un continuum entre le domicile et les MR\/MRS en soutenant l\u2019accompagnement au domicile de m\u00eame que la cr\u00e9ation et l\u2019acc\u00e8s aux logements alternatifs\u202f;<br \/>\no La cr\u00e9ation d\u2019un guichet unique pour les personnes \u00e2g\u00e9es ;<br \/>\no Un ancrage local pour les lieux de vie des seniors.<\/li>\n<\/ol>\n<p>Cette \u00e9tude, actualis\u00e9e apr\u00e8s <a href=\"https:\/\/www.institut-solidaris.be\/index.php\/etudes\/personnes-agees\/maisons-de-repos-a-quel-prix\/\" target=\"_blank\" rel=\"noopener\">celle r\u00e9alis\u00e9e en 2016<\/a>, intervient dans un contexte pr\u00e9occupant : vieillissement d\u00e9mographique, augmentation des maladies chroniques, crises sanitaires et p\u00e9nurie de soignants. Comprendre le co\u00fbt r\u00e9el des maisons de repos et am\u00e9liorer leur accessibilit\u00e9 devient un imp\u00e9ratif. Pour Solidaris, il est important d\u2019agir pour que vieillir dans la dignit\u00e9 et recevoir des soins ad\u00e9quats ne devienne pas un luxe r\u00e9serv\u00e9 \u00e0 une minorit\u00e9.<\/p>\n<p>Retrouvez :<\/p>\n<ul>\n<li>l\u2019enti\u00e8ret\u00e9 de l\u2019\u00e9tude : <a href=\"https:\/\/www.institut-solidaris.be\/wp-content\/uploads\/2025\/01\/Etude_MaisonsDeRepos_2025_Etude-complete.pdf\" target=\"_blank\" rel=\"noopener\">ici<\/a><\/li>\n<li>la synth\u00e8se de l\u2019\u00e9tude : <a href=\"https:\/\/www.institut-solidaris.be\/wp-content\/uploads\/2025\/01\/Etude_MaisonsDeRepos_2025_Synthese.pdf\" target=\"_blank\" rel=\"noopener\">ici<\/a><\/li>\n<\/ul>\n","protected":false},"excerpt":{"rendered":"<p>Solidaris a analys\u00e9 pr\u00e8s de 4 000 factures de r\u00e9sidents pour \u00e9valuer si les a\u00een\u00e9s peuvent encore financer leur s\u00e9jour en maison de repos. Les r\u00e9sultats sont alarmants : en 2023, s\u00e9journer en maison de repos devient un luxe que beaucoup de retrait\u00e9s ne peuvent plus se permettre. La hausse des co\u00fbts, coupl\u00e9e \u00e0 des  [&#8230;]<\/p>\n","protected":false},"author":8,"featured_media":3241,"parent":2253,"menu_order":2,"comment_status":"closed","ping_status":"closed","template":"","meta":{"footnotes":""},"class_list":["post-3245","page","type-page","status-publish","has-post-thumbnail","hentry"],"_links":{"self":[{"href":"https:\/\/www.institut-solidaris.be\/index.php\/wp-json\/wp\/v2\/pages\/3245","targetHints":{"allow":["GET"]}}],"collection":[{"href":"https:\/\/www.institut-solidaris.be\/index.php\/wp-json\/wp\/v2\/pages"}],"about":[{"href":"https:\/\/www.institut-solidaris.be\/index.php\/wp-json\/wp\/v2\/types\/page"}],"author":[{"embeddable":true,"href":"https:\/\/www.institut-solidaris.be\/index.php\/wp-json\/wp\/v2\/users\/8"}],"replies":[{"embeddable":true,"href":"https:\/\/www.institut-solidaris.be\/index.php\/wp-json\/wp\/v2\/comments?post=3245"}],"version-history":[{"count":6,"href":"https:\/\/www.institut-solidaris.be\/index.php\/wp-json\/wp\/v2\/pages\/3245\/revisions"}],"predecessor-version":[{"id":3253,"href":"https:\/\/www.institut-solidaris.be\/index.php\/wp-json\/wp\/v2\/pages\/3245\/revisions\/3253"}],"up":[{"embeddable":true,"href":"https:\/\/www.institut-solidaris.be\/index.php\/wp-json\/wp\/v2\/pages\/2253"}],"wp:featuredmedia":[{"embeddable":true,"href":"https:\/\/www.institut-solidaris.be\/index.php\/wp-json\/wp\/v2\/media\/3241"}],"wp:attachment":[{"href":"https:\/\/www.institut-solidaris.be\/index.php\/wp-json\/wp\/v2\/media?parent=3245"}],"curies":[{"name":"wp","href":"https:\/\/api.w.org\/{rel}","templated":true}]}}