{"id":3222,"date":"2024-12-16T10:55:36","date_gmt":"2024-12-16T09:55:36","guid":{"rendered":"https:\/\/www.institut-solidaris.be\/?page_id=3222"},"modified":"2024-12-16T12:17:55","modified_gmt":"2024-12-16T11:17:55","slug":"report-de-soins-2024","status":"publish","type":"page","link":"https:\/\/www.institut-solidaris.be\/index.php\/report-de-soins-2024\/","title":{"rendered":"Le report des soins de sant\u00e9 &#8211; Edition 2024"},"content":{"rendered":"<div class=\"fusion-fullwidth fullwidth-box fusion-builder-row-1 nonhundred-percent-fullwidth non-hundred-percent-height-scrolling\" style=\"--awb-background-position:left top;--awb-border-sizes-top:0px;--awb-border-sizes-bottom:0px;--awb-border-sizes-left:0px;--awb-border-sizes-right:0px;--awb-border-radius-top-left:0px;--awb-border-radius-top-right:0px;--awb-border-radius-bottom-right:0px;--awb-border-radius-bottom-left:0px;--awb-padding-top:20px;--awb-padding-bottom:20px;--awb-flex-wrap:wrap;\" ><div class=\"fusion-builder-row fusion-row\"><div class=\"fusion-layout-column fusion_builder_column fusion-builder-column-0 fusion_builder_column_1_2 1_2 fusion-one-half fusion-column-first\" style=\"--awb-bg-size:cover;width:48%; margin-right: 4%;\"><div class=\"fusion-column-wrapper fusion-flex-column-wrapper-legacy\"><div class=\"fusion-text fusion-text-1\"><p><strong>Comme chaque ann\u00e9e depuis 2015, Solidaris a interrog\u00e9 1000 personnes concernant le report de soins. En 2024, si le renoncement pour raisons financi\u00e8res diminue, les r\u00e9sultats restent alarmants : pr\u00e8s de 4 Belges francophones sur dix d\u00e9clarent avoir renonc\u00e9 \u00e0 une prestation de sant\u00e9.<\/strong><\/p>\n<p>Cette enqu\u00eate met en lumi\u00e8re une r\u00e9alit\u00e9 pr\u00e9occupante : malgr\u00e9 une baisse par rapport aux ann\u00e9es pr\u00e9c\u00e9dentes, <strong>le renoncement aux soins touche encore 41 % des Belges francophones<\/strong>, contre 32 % en 2015. Si la situation semble s\u2019am\u00e9liorer depuis la pand\u00e9mie, les obstacles financiers et les in\u00e9galit\u00e9s d\u2019acc\u00e8s aux soins demeurent une probl\u00e9matique majeure.<\/p>\n<p><strong>Des disparit\u00e9s marqu\u00e9es et une pr\u00e9carisation accrue<\/strong><\/p>\n<p>Les tendances refl\u00e8tent des in\u00e9galit\u00e9s sociales persistantes et une pr\u00e9carisation des profils les plus vuln\u00e9rables en comparaison \u00e0 2015 :<\/p>\n<ul>\n<li><strong>Pr\u00e8s d\u2019une femme sur deux (48 %)<\/strong> a renonc\u00e9 \u00e0 au moins un soin en 2024 pour des raisons financi\u00e8res, contre un homme sur trois (33 %).<\/li>\n<li><strong>Les seniors (60 ans et plus)<\/strong> sont de plus en plus touch\u00e9s, avec une hausse de 25 points en neuf ans (40 % en 2024).<\/li>\n<li><strong>Un gradient social constant depuis 2017<\/strong> :<br \/>\n&#8211; Seuls les groupes sociaux les plus favoris\u00e9s (groupes 1 et 2) maintiennent des r\u00e9sultats stables, voir en am\u00e9lioration depuis 2015.<br \/>\n&#8211; Les \u00e9carts entre les groupes sociaux interm\u00e9diaires (5-6) et les plus pr\u00e9caires (7-8) diminuent, sugg\u00e9rant une pr\u00e9carisation de la \u201cclasse moyenne inf\u00e9rieure\u201d et une homog\u00e9n\u00e9isation du renoncement aupr\u00e8s de la moiti\u00e9 la moins ais\u00e9e de la population.<\/li>\n<li>En ce qui concerne les structures familiales, <strong>les personnes isol\u00e9es<\/strong> connaissent la plus forte augmentation sur neuf ans (+20 points, 45 % en 2024), tandis que <strong>les familles monoparentales<\/strong> enregistrent une hausse de 13 points, atteignant 60 % en 2024.<\/li>\n<li>Malgr\u00e9 une baisse significative en un an (-16 points), <strong>les personnes en incapacit\u00e9 de travail<\/strong> demeurent la cat\u00e9gorie \u201cprofessionnelle\u201d la plus touch\u00e9e, avec un taux de renoncement extr\u00eamement \u00e9lev\u00e9 (63 %).<\/li>\n<\/ul>\n<p><strong>Des mesures pour combattre le renoncement financier <\/strong><\/p>\n<p>Les m\u00e9nages belges consacrent une part plus importante de leurs revenus aux d\u00e9penses de sant\u00e9 par rapport aux pays voisins. Cette situation est en partie li\u00e9e au manque de s\u00e9curit\u00e9 tarifaire et au sous-financement de certains soins.<\/p>\n<p>Solidaris appelle \u00e0 des actions urgentes pour lutter contre cette in\u00e9galit\u00e9 en mati\u00e8re de sant\u00e9, en agissant sur <strong>3 axes prioritaires<\/strong> :<\/p>\n<ol>\n<li><strong>Garantir un niveau de revenu digne pour les personnes en incapacit\u00e9 de travail<\/strong>. Pour ce faire, nous proposons :<br \/>\n&#8211; Un rel\u00e8vement des indemnit\u00e9s minimales \u00e0 10 % au-dessus du seuil de pauvret\u00e9 d\u00e8s le premier mois d\u2019incapacit\u00e9 (actuellement \u00e0 partir du 3e mois).<br \/>\n&#8211; Revoir les r\u00e8gles de calcul des indemnit\u00e9s pour les travailleurs reprenant \u00e0 temps partiel car celles-ci sont d\u00e9favorables aux travailleurs \u00e0 faible revenu.<\/li>\n<li><strong>Renforcer la protection financi\u00e8re des publics plus fragiles<\/strong>, avec plusieurs mesures :<br \/>\n&#8211; Interdire les suppl\u00e9ments d\u2019honoraires pour les b\u00e9n\u00e9ficiaires du statut BIM, d\u00e8s 2025-2026.<br \/>\n&#8211; \u00c9largir l\u2019octroi automatique de ce statut notamment aux familles monoparentales.<br \/>\n&#8211; G\u00e9n\u00e9raliser l\u2019obligation du tiers-payant \u00e0 tous les patients et pour tous les soins ambulatoires.<br \/>\n&#8211; Fixer un plafond de prix d\u2019h\u00e9bergement en maisons de repos, en tenant compte des revenus des r\u00e9sidents et du juste financement des institutions.<\/li>\n<li><strong>Des soins mieux rembours\u00e9s et plus de s\u00e9curit\u00e9 tarifaire pour les patients. Nous pr\u00e9conisons<\/strong> :<br \/>\n&#8211; Une augmentation du remboursement des soins insuffisamment couverts par l\u2019assurance maladie, en particulier les soins dentaires et de sant\u00e9 mentale.<br \/>\n&#8211; Une r\u00e9forme du syst\u00e8me de conventionnement pour inciter plus de prestataires de soins \u00e0 respecter les tarifs de l\u2019assurance maladie. Nous demandons de pr\u00e9voir un \u201cbouclier tarifaire\u201d, c\u2019est-\u00e0-dire une disposition l\u00e9gale qui prot\u00e8gerait chaque patient contre les co\u00fbts excessifs.<br \/>\n&#8211; L&rsquo;adoption d\u2019une norme de croissance de 3 % du budget de l\u2019assurance maladie pour r\u00e9pondre aux besoins croissants li\u00e9s au vieillissement et aux avanc\u00e9es m\u00e9dicales.<\/li>\n<\/ol>\n<p>Retrouvez tous les r\u00e9sultats ici : <a href=\"https:\/\/www.institut-solidaris.be\/wp-content\/uploads\/2024\/12\/Report-de-soins-2024-VF.pdf\" target=\"_blank\" rel=\"noopener noreferrer\">T\u00e9l\u00e9charger notre enqu\u00eate<\/a><\/p>\n<\/div><div class=\"fusion-clearfix\"><\/div><\/div><\/div><div class=\"fusion-layout-column fusion_builder_column fusion-builder-column-1 fusion_builder_column_1_2 1_2 fusion-one-half fusion-column-last\" style=\"--awb-bg-size:cover;width:48%;\"><div class=\"fusion-column-wrapper fusion-flex-column-wrapper-legacy\"><div class=\"fusion-slider-sc fusion-flexslider-loading flexslider flexslider-hover-type-none\" data-slideshow_autoplay=\"1\" data-slideshow_smooth_height=\"0\" data-slideshow_speed=\"7000\" style=\"max-width:100%;height:100%;\"><ul class=\"slides\"><li class=\"image\"><span class=\"fusion-image-hover-element hover-type-none\"><img decoding=\"async\" src=\"https:\/\/www.institut-solidaris.be\/wp-content\/uploads\/2024\/12\/Institut_ReportDesoins_Decembre2024_600x350.jpg\" width=\"600\" height=\"350\" class=\"wp-image-3225\" srcset=\"https:\/\/www.institut-solidaris.be\/wp-content\/uploads\/2024\/12\/Institut_ReportDesoins_Decembre2024_600x350-200x117.jpg 200w, https:\/\/www.institut-solidaris.be\/wp-content\/uploads\/2024\/12\/Institut_ReportDesoins_Decembre2024_600x350-400x233.jpg 400w, https:\/\/www.institut-solidaris.be\/wp-content\/uploads\/2024\/12\/Institut_ReportDesoins_Decembre2024_600x350.jpg 600w\" sizes=\"(max-width: 800px) 100vw, 600px\" \/><\/span><\/li><\/ul><\/div><div class=\"fusion-clearfix\"><\/div><\/div><\/div><\/div><\/div>\n","protected":false},"excerpt":{"rendered":"","protected":false},"author":8,"featured_media":0,"parent":0,"menu_order":0,"comment_status":"closed","ping_status":"closed","template":"","meta":{"footnotes":""},"class_list":["post-3222","page","type-page","status-publish","hentry"],"_links":{"self":[{"href":"https:\/\/www.institut-solidaris.be\/index.php\/wp-json\/wp\/v2\/pages\/3222","targetHints":{"allow":["GET"]}}],"collection":[{"href":"https:\/\/www.institut-solidaris.be\/index.php\/wp-json\/wp\/v2\/pages"}],"about":[{"href":"https:\/\/www.institut-solidaris.be\/index.php\/wp-json\/wp\/v2\/types\/page"}],"author":[{"embeddable":true,"href":"https:\/\/www.institut-solidaris.be\/index.php\/wp-json\/wp\/v2\/users\/8"}],"replies":[{"embeddable":true,"href":"https:\/\/www.institut-solidaris.be\/index.php\/wp-json\/wp\/v2\/comments?post=3222"}],"version-history":[{"count":5,"href":"https:\/\/www.institut-solidaris.be\/index.php\/wp-json\/wp\/v2\/pages\/3222\/revisions"}],"predecessor-version":[{"id":3359,"href":"https:\/\/www.institut-solidaris.be\/index.php\/wp-json\/wp\/v2\/pages\/3222\/revisions\/3359"}],"wp:attachment":[{"href":"https:\/\/www.institut-solidaris.be\/index.php\/wp-json\/wp\/v2\/media?parent=3222"}],"curies":[{"name":"wp","href":"https:\/\/api.w.org\/{rel}","templated":true}]}}