{"id":3082,"date":"2023-12-15T10:09:49","date_gmt":"2023-12-15T09:09:49","guid":{"rendered":"https:\/\/www.institut-solidaris.be\/?page_id=3082"},"modified":"2024-12-16T09:26:50","modified_gmt":"2024-12-16T08:26:50","slug":"bcbe2023","status":"publish","type":"page","link":"https:\/\/www.institut-solidaris.be\/index.php\/bcbe2023\/","title":{"rendered":"Barom\u00e8tre Confiance &#038; Bien-\u00eatre 2023"},"content":{"rendered":"<div class=\"fusion-fullwidth fullwidth-box fusion-builder-row-1 nonhundred-percent-fullwidth non-hundred-percent-height-scrolling\" style=\"--awb-background-position:left top;--awb-border-sizes-top:0px;--awb-border-sizes-bottom:0px;--awb-border-sizes-left:0px;--awb-border-sizes-right:0px;--awb-border-radius-top-left:0px;--awb-border-radius-top-right:0px;--awb-border-radius-bottom-right:0px;--awb-border-radius-bottom-left:0px;--awb-padding-top:20px;--awb-padding-bottom:20px;--awb-flex-wrap:wrap;\" ><div class=\"fusion-builder-row fusion-row\"><div class=\"fusion-layout-column fusion_builder_column fusion-builder-column-0 fusion_builder_column_1_2 1_2 fusion-one-half fusion-column-first\" style=\"--awb-bg-size:cover;width:48%; margin-right: 4%;\"><div class=\"fusion-column-wrapper fusion-flex-column-wrapper-legacy\"><div class=\"fusion-slider-sc fusion-flexslider-loading flexslider flexslider-hover-type-none\" data-slideshow_autoplay=\"1\" data-slideshow_smooth_height=\"0\" data-slideshow_speed=\"7000\" style=\"max-width:100%;height:100%;\"><ul class=\"slides\"><li class=\"image\"><span class=\"fusion-image-hover-element hover-type-none\"><img decoding=\"async\" src=\"https:\/\/www.institut-solidaris.be\/wp-content\/uploads\/2023\/12\/BarometreCBE-2023_600x350.webp\" width=\"600\" height=\"350\" class=\"wp-image-3080\" srcset=\"https:\/\/www.institut-solidaris.be\/wp-content\/uploads\/2023\/12\/BarometreCBE-2023_600x350-200x117.webp 200w, https:\/\/www.institut-solidaris.be\/wp-content\/uploads\/2023\/12\/BarometreCBE-2023_600x350-400x233.webp 400w, https:\/\/www.institut-solidaris.be\/wp-content\/uploads\/2023\/12\/BarometreCBE-2023_600x350.webp 600w\" sizes=\"(max-width: 800px) 100vw, 600px\" \/><\/span><\/li><\/ul><\/div><div class=\"fusion-clearfix\"><\/div><\/div><\/div><div class=\"fusion-layout-column fusion_builder_column fusion-builder-column-1 fusion_builder_column_1_2 1_2 fusion-one-half fusion-column-last\" style=\"--awb-bg-size:cover;width:48%;\"><div class=\"fusion-column-wrapper fusion-flex-column-wrapper-legacy\"><div class=\"fusion-text fusion-text-1\"><p><strong>Chaque ann\u00e9e depuis 2015, Solidaris prend le pouls de la population belge francophone : plus de 1000 personnes sont interrog\u00e9es (par t\u00e9l\u00e9phone et en ligne) sur plus de 200 questions ayant trait \u00e0 leur bien-\u00eatre, leurs conditions objectives de vie mais aussi leurs relations interpersonnelles, leur rapport au travail ou encore \u00e0 la politique et aux institutions.\u00a0<\/strong><\/p>\n<p>Pour cette 8\u00e8me ann\u00e9e, l\u2019indice composite qui mesure cet \u00e9tat g\u00e9n\u00e9ral moyen confirme la hausse mesur\u00e9e en 2022, s\u2019\u00e9tablissant ainsi \u00e0 53,3. Toutefois, derri\u00e8re les moyennes se cachent parfois des r\u00e9alit\u00e9s bien diff\u00e9rentes pour les individus. Ainsi, Solidaris \u00e9pingle des profils qui ne profitent pas ou peu de cette petite remont\u00e9e :<\/p>\n<ul>\n<li>Les femmes demeurent \u00e0 un indice de 49,4 (stable sur une ann\u00e9e), tandis que les hommes enregistrent une augmentation de 5,5% pour arriver \u00e0 57,4. De nombreux items sur le travail montrent en outre que celles-ci souffrent davantage de conditions de travail et d\u2019une articulation vie priv\u00e9e \/ vie professionnelle bien plus compliqu\u00e9es ;<\/li>\n<li>Non sans lien, les familles monoparentales avec un indice de 43,4 accusent une baisse de 21,5% sur 8 ans ;<\/li>\n<li>Autre profil, souvent sous le feu des critiques, celui des personnes en incapacit\u00e9 de travail, qui pr\u00e9sentent un indice moyen de 30, enregistrant une diminution de 17,7% sur une p\u00e9riode de 8 ans ;<\/li>\n<li>D\u2019autres profils semblent s\u2019en sortir un peu mieux que les autres \u00e0 court terme (et quand ils ne combinent pas cette situation avec les profils cit\u00e9s ci-dessus) : les travailleurs, les moins de 40 ans et les couples. Les indexations sur les salaires, la \u00ab fin \u00bb de la crise \u00e9nerg\u00e9tique et la sortie de la crise covid ont redonn\u00e9 un peu de souffle \u00e0 certains, sans toutefois que l\u2019on puisse retrouver les plus hauts niveaux mesur\u00e9s depuis le d\u00e9but du barom\u00e8tre.<\/li>\n<\/ul>\n<p><strong>Une protection sociale renforc\u00e9e <\/strong><\/p>\n<p>Face aux in\u00e9galit\u00e9s, une protection sociale forte constitue un bouclier et un outil de coh\u00e9sion sociale puissant. Elle doit continuer \u00e0 \u00eatre garantie et m\u00eame renforc\u00e9e dans des domaines o\u00f9 il y a une insuffisance voire une absence d\u2019intervention. C\u2019est pour cela que Solidaris plaide notamment pour un financement qui doit rester f\u00e9d\u00e9ral, principalement bas\u00e9 sur les cotisations sociales mais aussi une fiscalit\u00e9 plus juste sur tous les types de revenus. Et pour garantir un niveau de vie correct \u00e0 chacun : l\u2019individualisation compl\u00e8te des droits sociaux, le rel\u00e8vement de toutes les allocations minimales de 10% au-del\u00e0 du seuil de pauvret\u00e9 (pour une personne isol\u00e9e) et des plafonds salariaux sur lesquels sont calcul\u00e9es les allocations sociales et enfin, une automatisation du statut BIM. 21,5% des personnes interrog\u00e9es n\u2019arrivent pas \u00e0 boucler leur fin de mois ou ne s\u2019en sortent pas financi\u00e8rement, il est donc urgent d\u2019agir.<\/p>\n<p><strong>In\u00e9galit\u00e9s en sant\u00e9 mentale : Solidaris appelle \u00e0 des actions rapides <\/strong><\/p>\n<p>La sant\u00e9 mentale, qui reste un th\u00e8me central de cette enqu\u00eate, pr\u00e9sente quant \u00e0 elle des chiffres toujours inqui\u00e9tants et eux aussi empreints d\u2019in\u00e9galit\u00e9s profondes : 36% des femmes peuvent \u00eatre class\u00e9es comme \u00e9tant en d\u00e9pression mod\u00e9r\u00e9e \u00e0 s\u00e9v\u00e8re contre 25% des hommes, 4 personnes sur 10 au sein des groupes sociaux pr\u00e9caires contre une sur 4 dans les groupes sociaux ais\u00e9s. En vue des \u00e9lections 2024, Solidaris \u00e9met de nombreuses recommandations dans ce champ parmi lesquelles acc\u00e9l\u00e9rer et faciliter l&rsquo;acc\u00e8s \u00e0 des soins psychologiques de premi\u00e8re ligne par la gratuit\u00e9 des s\u00e9ances pour les BIM et la suppression des limites du nombre de s\u00e9ances rembours\u00e9es ; mais aussi promouvoir des emplois de qualit\u00e9, en particulier dans les domaines du soin o\u00f9 les femmes sont davantage repr\u00e9sent\u00e9es et au sein desquels la p\u00e9nurie menace grandement le bien-\u00eatre de toute notre soci\u00e9t\u00e9.<\/p>\n<p><strong>Les inqui\u00e9tudes financi\u00e8res persistent <\/strong><\/p>\n<p>Malgr\u00e9 tout, on peut se r\u00e9jouir de la tr\u00e8s bonne perception de notre syst\u00e8me de sant\u00e9 par les Belges francophones qui sont \u00be \u00e0 le juger d\u2019excellente qualit\u00e9. Pourtant, les profils cit\u00e9s plus haut se sentent souvent et l\u00e9gitimement insuffisamment prot\u00e9g\u00e9s. Par ailleurs, plus de 6 personnes sur 10 ont des craintes sur la viabilit\u00e9 financi\u00e8re de notre syst\u00e8me de soins de sant\u00e9. Des craintes partag\u00e9es par Solidaris qui soutient entre autres pour cette raison une norme de croissance de soins de sant\u00e9 r\u00e9aliste, \u00e0 savoir de 3% .<strong>\u00a0<\/strong><\/p>\n<p><strong>D\u00e9mocratie en crise, confiance dans les mutuelles maintenue <\/strong><\/p>\n<p>Enfin, 2024 va \u00eatre une ann\u00e9e importante avec la tenue des diff\u00e9rentes \u00e9lections: sans surprise cette ann\u00e9e encore, le barom\u00e8tre montre que la confiance de la population dans la sph\u00e8re politique est tr\u00e8s faible : la moiti\u00e9 de la population trouve que la d\u00e9mocratie ne fonctionne pas, et \u00e0 peine plus d\u2019un quart estime que l\u2019offre politique r\u00e9pond vraiment \u00e0 ses attentes. En parall\u00e8le, la confiance dans les mutuelles reste \u00e9lev\u00e9e : plus que jamais les corps interm\u00e9diaires continueront de jouer ce r\u00f4le indispensable de garde-fou des conditions de vie dignes et \u00e9quitables pour la population.<\/p>\n<p>Retrouvez l\u2019enti\u00e8ret\u00e9 de l\u2019enqu\u00eate <a href=\"https:\/\/www.institut-solidaris.be\/wp-content\/uploads\/2024\/12\/BCBE_BE_2023_V7.pdf\" target=\"_blank\" rel=\"noopener\">ici<\/a>.<\/p>\n<\/div><div class=\"fusion-clearfix\"><\/div><\/div><\/div><div class=\"fusion-layout-column fusion_builder_column fusion-builder-column-2 fusion_builder_column_1_2 1_2 fusion-one-half fusion-column-first\" style=\"--awb-bg-size:cover;width:48%; margin-right: 4%;\"><div class=\"fusion-column-wrapper fusion-flex-column-wrapper-legacy\"><div class=\"fusion-clearfix\"><\/div><\/div><\/div><div class=\"fusion-layout-column fusion_builder_column fusion-builder-column-3 fusion_builder_column_1_2 1_2 fusion-one-half fusion-column-last\" style=\"--awb-bg-size:cover;width:48%;\"><div class=\"fusion-column-wrapper fusion-flex-column-wrapper-legacy\"><div class=\"fusion-clearfix\"><\/div><\/div><\/div><\/div><\/div>\n","protected":false},"excerpt":{"rendered":"","protected":false},"author":8,"featured_media":0,"parent":0,"menu_order":0,"comment_status":"closed","ping_status":"closed","template":"","meta":{"footnotes":""},"class_list":["post-3082","page","type-page","status-publish","hentry"],"_links":{"self":[{"href":"https:\/\/www.institut-solidaris.be\/index.php\/wp-json\/wp\/v2\/pages\/3082","targetHints":{"allow":["GET"]}}],"collection":[{"href":"https:\/\/www.institut-solidaris.be\/index.php\/wp-json\/wp\/v2\/pages"}],"about":[{"href":"https:\/\/www.institut-solidaris.be\/index.php\/wp-json\/wp\/v2\/types\/page"}],"author":[{"embeddable":true,"href":"https:\/\/www.institut-solidaris.be\/index.php\/wp-json\/wp\/v2\/users\/8"}],"replies":[{"embeddable":true,"href":"https:\/\/www.institut-solidaris.be\/index.php\/wp-json\/wp\/v2\/comments?post=3082"}],"version-history":[{"count":6,"href":"https:\/\/www.institut-solidaris.be\/index.php\/wp-json\/wp\/v2\/pages\/3082\/revisions"}],"predecessor-version":[{"id":3221,"href":"https:\/\/www.institut-solidaris.be\/index.php\/wp-json\/wp\/v2\/pages\/3082\/revisions\/3221"}],"wp:attachment":[{"href":"https:\/\/www.institut-solidaris.be\/index.php\/wp-json\/wp\/v2\/media?parent=3082"}],"curies":[{"name":"wp","href":"https:\/\/api.w.org\/{rel}","templated":true}]}}