{"id":3005,"date":"2023-03-14T10:05:23","date_gmt":"2023-03-14T09:05:23","guid":{"rendered":"https:\/\/www.institut-solidaris.be\/?page_id=3005"},"modified":"2023-03-14T14:13:51","modified_gmt":"2023-03-14T13:13:51","slug":"report-soins-2022","status":"publish","type":"page","link":"https:\/\/www.institut-solidaris.be\/index.php\/report-soins-2022\/","title":{"rendered":"Le report des soins de sant\u00e9 &#8211; Edition 2022"},"content":{"rendered":"<div class=\"fusion-fullwidth fullwidth-box fusion-builder-row-1 nonhundred-percent-fullwidth non-hundred-percent-height-scrolling\" style=\"--awb-background-position:left top;--awb-border-sizes-top:0px;--awb-border-sizes-bottom:0px;--awb-border-sizes-left:0px;--awb-border-sizes-right:0px;--awb-border-radius-top-left:0px;--awb-border-radius-top-right:0px;--awb-border-radius-bottom-right:0px;--awb-border-radius-bottom-left:0px;--awb-padding-top:20px;--awb-padding-bottom:20px;--awb-flex-wrap:wrap;\" ><div class=\"fusion-builder-row fusion-row\"><div class=\"fusion-layout-column fusion_builder_column fusion-builder-column-0 fusion_builder_column_1_2 1_2 fusion-one-half fusion-column-first\" style=\"--awb-bg-size:cover;width:48%; margin-right: 4%;\"><div class=\"fusion-column-wrapper fusion-flex-column-wrapper-legacy\"><div class=\"fusion-text fusion-text-1\"><p><strong>Comme chaque ann\u00e9e depuis 2015, Solidaris a interrog\u00e9 plus de 1000 personnes concernant le report de soins pour raisons financi\u00e8res. Le constat est en demi-teinte. Aujourd\u2019hui, en Wallonie et \u00e0 Bruxelles, plus d\u2019une personne sur 3 doit renoncer \u00e0 certains soins pour des raisons financi\u00e8res !<\/strong><\/p>\n<p>L\u2019enqu\u00eate de Solidaris montre que par rapport aux trois derni\u00e8res ann\u00e9es, le report de soins pour raisons financi\u00e8res est plut\u00f4t en am\u00e9lioration. Tous types de soins confondus, 36% des belges francophones d\u00e9clarent avoir renonc\u00e9 \u00e0 au moins un soin cette ann\u00e9e contre 45% en 2021. Nous sommes toutefois toujours au-dessus des niveaux de 2015, 2016 et 2017.<\/p>\n<p>En outre, <strong>le nombre moyen de soins auxquels on renonce s\u2019\u00e9l\u00e8ve \u00e0 2,89 (2,76 en 2021)<\/strong>, confirmant qu\u2019il ne faut pas se r\u00e9jouir trop vite de cette am\u00e9lioration qui masque surtout des in\u00e9galit\u00e9s toujours plus grandes et inqui\u00e9tantes.<\/p>\n<p>Ainsi, <strong>la moiti\u00e9 des groupes sociaux les plus pr\u00e9caires est concern\u00e9e par un report de soins (50,6%, + 8 points)<\/strong>, creusant les in\u00e9galit\u00e9s sociales et de sant\u00e9. Pour les personnes les plus ais\u00e9es, la situation se r\u00e9tablit au niveau de 2015 (un quart d\u2019entre elles reportent pour raisons financi\u00e8res). A cela s\u2019ajoute la situation des <strong>personnes en incapacit\u00e9 de travail<\/strong> qui reste particuli\u00e8rement probl\u00e9matique : <strong>elles sont deux tiers \u00e0 avoir d\u00fb reporter au moins un soin en 2022 (+11 points vs 2015)<\/strong>. Plus sp\u00e9cifiquement, les personnes qui peuvent \u00eatre consid\u00e9r\u00e9es en d\u00e9pression mod\u00e9r\u00e9ment s\u00e9v\u00e8re ou s\u00e9v\u00e8re sont quant \u00e0 elles 77% (+15 points en 7 ans) \u00e0 reporter au moins un soin pour raisons financi\u00e8res.<\/p>\n<p>Non sans lien, notre enqu\u00eate r\u00e9v\u00e8le par ailleurs <strong>que le report de soins a fortement augment\u00e9 pour les soins en sant\u00e9 mentale (+9 points, 19% de la population) et chez les sp\u00e9cialistes (+7 points, 21% de la population) depuis 2015<\/strong>. Les soins dentaires restent avec 25%, la cat\u00e9gorie la plus report\u00e9e. Soulignons enfin que les m\u00e9dicaments constituent le soin report\u00e9 pour lequel l\u2019\u00e9cart entre les groupes sociaux les mieux lotis et les plus pr\u00e9caires est le plus \u00e9lev\u00e9 (22 points).<\/p>\n<p><strong>D\u2019autres cat\u00e9gories de la population sont \u00e9galement davantage concern\u00e9es par le report de soins et demeurent les m\u00eames, vague apr\u00e8s vague : les femmes, les familles monoparentales et les 40-59 ans<\/strong>. Alors que 4 femmes sur 10 ont d\u00fb renoncer \u00e0 au moins un soin cette ann\u00e9e (+5 points sur 7 ans), le chiffre est de 3 sur 10 chez les hommes (+3 points). Du c\u00f4t\u00e9 des familles monoparentales, on parle de plus d\u2019une personne sur deux concern\u00e9e (54%, +7 points). Quant aux 40-59 ans, ils sont pr\u00e8s de 4 sur 10 (42,5%) \u00e0 avoir report\u00e9 au moins un soin en 2022.<\/p>\n<p>Face \u00e0 ces constats, Solidaris se r\u00e9jouit des am\u00e9liorations qui ont contribu\u00e9, sous cette l\u00e9gislature, \u00e0 faire reculer en moyenne le report de soins \u2013 notamment le tiers-payant g\u00e9n\u00e9ralis\u00e9 &#8211; mais reste ferme et attentive en amenant des propositions concr\u00e8tes qui permettront d\u2019am\u00e9liorer encore et plus largement l\u2019accessibilit\u00e9 aux soins. Enfin et surtout, Solidaris continuera de se battre pour davantage d\u2019\u00e9quit\u00e9 dans ce domaine.<\/p>\n<p>Concr\u00e8tement, Solidaris recommande de\u00a0:<\/p>\n<ul>\n<li>Assurer la gratuit\u00e9 des consultations chez le m\u00e9decin g\u00e9n\u00e9raliste et des soins dentaires de base\u00a0;<\/li>\n<li>Octroyer automatiquement le b\u00e9n\u00e9fice de l\u2019intervention major\u00e9e aux cat\u00e9gories sociales vuln\u00e9rables (notamment b\u00e9n\u00e9ficiaires d\u2019allocations d\u2019invalidit\u00e9, de ch\u00f4mage ou d\u2019une pension de retraite isol\u00e9 ou isol\u00e9 avec charge de famille)\u00a0;<\/li>\n<li>Mettre en \u0153uvre le plus rapidement possible la disposition l\u00e9gale pr\u00e9voyant l\u2019interdiction de la facturation de suppl\u00e9ments d\u2019honoraires par le m\u00e9decin aux patients vuln\u00e9rables\u00a0;<\/li>\n<li>Individualiser compl\u00e8tement le droit aux prestations de ch\u00f4mage et d\u2019indemnit\u00e9s par un alignement des prestations cohabitant sur le taux isol\u00e9\u00a0;<\/li>\n<li>Se pencher s\u00e9rieusement sur les causes de l\u2019incapacit\u00e9 de travail, les attaquer \u00e0 la racine par la prise en consid\u00e9ration de la p\u00e9nibilit\u00e9 du travail (ex. travailleuses des titres-services, qui risquent quatre fois plus de tomber en incapacit\u00e9 de travail) mais aussi relever les seuils d\u2019indemnisation.<\/li>\n<\/ul>\n<p>Pour le Secr\u00e9taire g\u00e9n\u00e9ral de Solidaris, Jean-Pascal Labille : <em>\u00ab <\/em><em>Devoir reporter des soins pour des raisons financi\u00e8res est inacceptable mais reste une r\u00e9alit\u00e9 pour un nombre de plus en plus significatif de personnes. Face \u00e0 des in\u00e9galit\u00e9s qui se creusent toujours plus, nous devons rapidement r\u00e9agir pour que les cat\u00e9gories sociales les moins favoris\u00e9es puissent \u00e9galement acc\u00e9der \u00e0 des soins de sant\u00e9 de qualit\u00e9.\u00a0\u00bb<\/em><\/p>\n<p>Retrouvez tous les r\u00e9sultats de l\u2019\u00e9tude ici :<\/p>\n<p><img decoding=\"async\" class=\"size-full wp-image-112 alignleft\" src=\"https:\/\/www.institut-solidaris.be\/wp-content\/uploads\/2015\/12\/icone-pdf.gif\" alt=\"Consulter notre enqu\u00eate\" width=\"32\" height=\"32\" \/><a href=\"https:\/\/www.institut-solidaris.be\/wp-content\/uploads\/2023\/03\/reportsdessoins2022_vdef-1.pdf\" target=\"_blank\" rel=\"noopener noreferrer\">T\u00e9l\u00e9charger notre enqu\u00eate<\/a><\/p>\n<\/div><div class=\"fusion-clearfix\"><\/div><\/div><\/div><div class=\"fusion-layout-column fusion_builder_column fusion-builder-column-1 fusion_builder_column_1_2 1_2 fusion-one-half fusion-column-last\" style=\"--awb-bg-size:cover;width:48%;\"><div class=\"fusion-column-wrapper fusion-flex-column-wrapper-legacy\"><div class=\"fusion-slider-sc fusion-flexslider-loading flexslider flexslider-hover-type-none\" data-slideshow_autoplay=\"1\" data-slideshow_smooth_height=\"0\" data-slideshow_speed=\"7000\" style=\"max-width:100%;height:100%;\"><ul class=\"slides\"><li class=\"image\"><span class=\"fusion-image-hover-element hover-type-none\"><img decoding=\"async\" src=\"https:\/\/www.institut-solidaris.be\/wp-content\/uploads\/2023\/03\/Institut_ReportSoins_600x350.webp\" width=\"600\" height=\"350\" class=\"wp-image-3009\" srcset=\"https:\/\/www.institut-solidaris.be\/wp-content\/uploads\/2023\/03\/Institut_ReportSoins_600x350-200x117.webp 200w, https:\/\/www.institut-solidaris.be\/wp-content\/uploads\/2023\/03\/Institut_ReportSoins_600x350-400x233.webp 400w, https:\/\/www.institut-solidaris.be\/wp-content\/uploads\/2023\/03\/Institut_ReportSoins_600x350.webp 600w\" sizes=\"(max-width: 800px) 100vw, 600px\" \/><\/span><\/li><\/ul><\/div><div class=\"fusion-clearfix\"><\/div><\/div><\/div><\/div><\/div>\n","protected":false},"excerpt":{"rendered":"","protected":false},"author":8,"featured_media":0,"parent":0,"menu_order":0,"comment_status":"closed","ping_status":"closed","template":"","meta":{"footnotes":""},"class_list":["post-3005","page","type-page","status-publish","hentry"],"_links":{"self":[{"href":"https:\/\/www.institut-solidaris.be\/index.php\/wp-json\/wp\/v2\/pages\/3005","targetHints":{"allow":["GET"]}}],"collection":[{"href":"https:\/\/www.institut-solidaris.be\/index.php\/wp-json\/wp\/v2\/pages"}],"about":[{"href":"https:\/\/www.institut-solidaris.be\/index.php\/wp-json\/wp\/v2\/types\/page"}],"author":[{"embeddable":true,"href":"https:\/\/www.institut-solidaris.be\/index.php\/wp-json\/wp\/v2\/users\/8"}],"replies":[{"embeddable":true,"href":"https:\/\/www.institut-solidaris.be\/index.php\/wp-json\/wp\/v2\/comments?post=3005"}],"version-history":[{"count":3,"href":"https:\/\/www.institut-solidaris.be\/index.php\/wp-json\/wp\/v2\/pages\/3005\/revisions"}],"predecessor-version":[{"id":3010,"href":"https:\/\/www.institut-solidaris.be\/index.php\/wp-json\/wp\/v2\/pages\/3005\/revisions\/3010"}],"wp:attachment":[{"href":"https:\/\/www.institut-solidaris.be\/index.php\/wp-json\/wp\/v2\/media?parent=3005"}],"curies":[{"name":"wp","href":"https:\/\/api.w.org\/{rel}","templated":true}]}}