{"id":2992,"date":"2023-02-09T11:12:45","date_gmt":"2023-02-09T10:12:45","guid":{"rendered":"https:\/\/www.institut-solidaris.be\/?page_id=2992"},"modified":"2023-02-09T11:16:04","modified_gmt":"2023-02-09T10:16:04","slug":"relevement-age-pension","status":"publish","type":"page","link":"https:\/\/www.institut-solidaris.be\/index.php\/etudes\/inegalites-sociales\/relevement-age-pension\/","title":{"rendered":"In\u00e9galit\u00e9s sociales de sant\u00e9 et rel\u00e8vement de l\u2019\u00e2ge de la pension"},"content":{"rendered":"<p><strong><img decoding=\"async\" class=\"size-full wp-image-2984 alignright\" src=\"https:\/\/www.institut-solidaris.be\/wp-content\/uploads\/2023\/02\/Institut_StatInfo-InegalitesPension_600x350.webp\" alt=\"\" width=\"600\" height=\"350\" srcset=\"https:\/\/www.institut-solidaris.be\/wp-content\/uploads\/2023\/02\/Institut_StatInfo-InegalitesPension_600x350-200x117.webp 200w, https:\/\/www.institut-solidaris.be\/wp-content\/uploads\/2023\/02\/Institut_StatInfo-InegalitesPension_600x350-300x175.webp 300w, https:\/\/www.institut-solidaris.be\/wp-content\/uploads\/2023\/02\/Institut_StatInfo-InegalitesPension_600x350-400x233.webp 400w, https:\/\/www.institut-solidaris.be\/wp-content\/uploads\/2023\/02\/Institut_StatInfo-InegalitesPension_600x350.webp 600w\" sizes=\"(max-width: 600px) 100vw, 600px\" \/><\/strong><\/p>\n<p><strong>Solidaris a analys\u00e9 les in\u00e9galit\u00e9s sociales de sant\u00e9 dans le contexte de la r\u00e9forme des pensions. La logique sous-jacente au report de l\u2019\u00e2ge de la pension \u00e0 67 ans, initi\u00e9e par le gouvernement Michel, est que les Belges devraient travailler plus longtemps compte tenu de la hausse de l\u2019esp\u00e9rance de vie observ\u00e9e depuis le si\u00e8cle dernier. Notre analyse d\u00e9montre que c\u2019est loin d\u2019\u00eatre aussi simple.<\/strong><\/p>\n<p>La r\u00e9forme des pensions va porter progressivement l\u2019\u00e2ge de la pension \u00e0 67 ans. Solidaris s\u2019est toujours int\u00e9ress\u00e9e de pr\u00e8s \u00e0 la question des in\u00e9galit\u00e9s sociales de sant\u00e9 et a d\u00e8s lors souhait\u00e9 objectiver les cons\u00e9quences de cette mesure sur les cat\u00e9gories sociales les moins favoris\u00e9es.<\/p>\n<p>Le constat est sans appel <strong>: la proportion de personnes qui n\u2019atteignent pas 67 ans est deux fois plus \u00e9lev\u00e9e parmi les personnes les plus pr\u00e9caris\u00e9es (26,9%) en comparaison aux plus riches (13,1%)<\/strong>. Appliquer \u00e0 tous un rel\u00e8vement de l\u2019\u00e2ge l\u00e9gal de la pension en se basant sur une moyenne d\u2019esp\u00e9rance de vie \u00e0 la naissance nie ainsi l\u2019existence des in\u00e9galit\u00e9s sociales de sant\u00e9 pourtant largement document\u00e9es, avec pour cons\u00e9quence qu\u2019un nombre important de personnes pr\u00e9caris\u00e9es d\u00e9c\u00e8dera avant m\u00eame de pouvoir acc\u00e9der \u00e0 une pension pour laquelle elles ont pourtant cotis\u00e9 pendant toute leur vie.<\/p>\n<p>On estime que le montant total de pensions qui devrait \u00eatre per\u00e7u par les personnes les plus pr\u00e9caris\u00e9es s\u2019\u00e9l\u00e8ve \u00e0 plus de 7 milliards d\u2019euros si les in\u00e9galit\u00e9s sociales d\u2019esp\u00e9rance de vie \u00e9taient supprim\u00e9es, c\u2019est-\u00e0-dire si l\u2019ensemble des individus les plus pauvres avaient la m\u00eame esp\u00e9rance de vie que les plus riches.<\/p>\n<p>En impactant de mani\u00e8re plus cons\u00e9quente la proportion de personnes pr\u00e9caris\u00e9es pouvant b\u00e9n\u00e9ficier d\u2019une pension, ce report \u00e0 67 ans ne tient pas compte des in\u00e9galit\u00e9s sociales existantes et les creuse m\u00eame davantage.<\/p>\n<p>Sur base de ces constats, il semble primordial de s\u2019attaquer \u00e0 la <strong>question de l\u2019acc\u00e8s \u00e0 une pension compl\u00e8te sous l\u2019angle de la p\u00e9nibilit\u00e9 des m\u00e9tiers et des in\u00e9galit\u00e9s sociales de sant\u00e9 et de mortalit\u00e9<\/strong>. La Mutualit\u00e9 plaide pour <strong>replacer la r\u00e9forme des pensions dans le cadre de la probl\u00e9matique des fins de carri\u00e8re<\/strong>, sans quoi un rel\u00e8vement de l\u2019\u00e2ge de la pension aura <em>in fine<\/em> une incidence effective limit\u00e9e sur le taux d\u2019emploi des seniors.<\/p>\n<p>A d\u00e9faut de revoir l\u2019\u00e2ge l\u00e9gal de la pension pour toutes les cat\u00e9gories sociales, nous pr\u00e9conisons la <strong>possibilit\u00e9 d\u2019acc\u00e8s \u00e0 une pension d\u00e9cente avant cet \u00e2ge en fonction de crit\u00e8res de p\u00e9nibilit\u00e9 des professions exerc\u00e9es et de conditions de sant\u00e9<\/strong>. Rendre le travail soutenable est un pr\u00e9alable \u00e0 la r\u00e9forme des retraites. Sans cela, le vieillissement de la population active et la persistance de certains maux de soci\u00e9t\u00e9 (comme les probl\u00e8mes de sant\u00e9 mentale et les maladies du syst\u00e8me locomoteur) ne feront qu\u2019entra\u00eener un report financier du r\u00e9gime des pensions vers celui de l\u2019invalidit\u00e9 ; ce qui ne r\u00e9glera en rien les probl\u00e8mes de soutenabilit\u00e9 du r\u00e9gime des pensions que la r\u00e9forme du gouvernement Michel pr\u00e9tendait r\u00e9gler.<\/p>\n<p><a href=\"https:\/\/www.institut-solidaris.be\/wp-content\/uploads\/2023\/02\/Stat-Info-Solidaris_Pensions-et-inegalites-sociales-de-sante_Fevrier-2023-1.pdf\">Lien vers l&rsquo;\u00e9tude Stat Info Solidaris \u00ab\u00a0In\u00e9galit\u00e9s sociales de sant\u00e9 et rel\u00e8vement de l\u2019\u00e2ge de la pension\u00a0\u00bb<\/a><\/p>\n","protected":false},"excerpt":{"rendered":"<p>Solidaris a analys\u00e9 les in\u00e9galit\u00e9s sociales de sant\u00e9 dans le contexte de la r\u00e9forme des pensions. La logique sous-jacente au report de l\u2019\u00e2ge de la pension \u00e0 67 ans, initi\u00e9e par le gouvernement Michel, est que les Belges devraient travailler plus longtemps compte tenu de la hausse de l\u2019esp\u00e9rance de vie observ\u00e9e depuis le si\u00e8cle  [&#8230;]<\/p>\n","protected":false},"author":8,"featured_media":0,"parent":2241,"menu_order":0,"comment_status":"closed","ping_status":"closed","template":"","meta":{"footnotes":""},"class_list":["post-2992","page","type-page","status-publish","hentry"],"_links":{"self":[{"href":"https:\/\/www.institut-solidaris.be\/index.php\/wp-json\/wp\/v2\/pages\/2992","targetHints":{"allow":["GET"]}}],"collection":[{"href":"https:\/\/www.institut-solidaris.be\/index.php\/wp-json\/wp\/v2\/pages"}],"about":[{"href":"https:\/\/www.institut-solidaris.be\/index.php\/wp-json\/wp\/v2\/types\/page"}],"author":[{"embeddable":true,"href":"https:\/\/www.institut-solidaris.be\/index.php\/wp-json\/wp\/v2\/users\/8"}],"replies":[{"embeddable":true,"href":"https:\/\/www.institut-solidaris.be\/index.php\/wp-json\/wp\/v2\/comments?post=2992"}],"version-history":[{"count":1,"href":"https:\/\/www.institut-solidaris.be\/index.php\/wp-json\/wp\/v2\/pages\/2992\/revisions"}],"predecessor-version":[{"id":2993,"href":"https:\/\/www.institut-solidaris.be\/index.php\/wp-json\/wp\/v2\/pages\/2992\/revisions\/2993"}],"up":[{"embeddable":true,"href":"https:\/\/www.institut-solidaris.be\/index.php\/wp-json\/wp\/v2\/pages\/2241"}],"wp:attachment":[{"href":"https:\/\/www.institut-solidaris.be\/index.php\/wp-json\/wp\/v2\/media?parent=2992"}],"curies":[{"name":"wp","href":"https:\/\/api.w.org\/{rel}","templated":true}]}}