{"id":2720,"date":"2022-07-06T11:08:40","date_gmt":"2022-07-06T10:08:40","guid":{"rendered":"https:\/\/www.institut-solidaris.be\/?page_id=2720"},"modified":"2022-07-07T08:20:59","modified_gmt":"2022-07-07T07:20:59","slug":"accessibilite-geographique-soins-dentaires","status":"publish","type":"page","link":"https:\/\/www.institut-solidaris.be\/index.php\/etudes\/accessibilite-aux-soins-de-sante\/accessibilite-geographique-soins-dentaires\/","title":{"rendered":"L\u2019accessibilit\u00e9 g\u00e9ographique aux soins dentaires"},"content":{"rendered":"<p>Solidaris a r\u00e9alis\u00e9, en collaboration avec l\u2019Observatoire Belge des In\u00e9galit\u00e9s, un grand dossier sur le conventionnement dont cette \u00e9tude est tir\u00e9e. Elle contextualise la probl\u00e9matique du conventionnement et est consacr\u00e9e en particulier \u00e0 la question de l\u2019accessibilit\u00e9 g\u00e9ographique \u00e0 des dentistes conventionn\u00e9s, en proposant un indicateur original pour r\u00e9pondre \u00e0 cette question.<\/p>\n<p>Plusieurs enseignements peuvent \u00eatre tir\u00e9s de cette analyse\u00a0:<\/p>\n<ul>\n<li>Le conventionnement est mis sous tension\u00a0: de moins en moins de dentistes adh\u00e8rent \u00e0 la convention alors que celle-ci est cens\u00e9e garantir la s\u00e9curit\u00e9 tarifaire pour les patients. Les dentistes \u00e9taient 39,6% \u00e0 refuser la convention 2020-2021 contre 27,8 % en ce qui concerne la convention en 2005-2006.<\/li>\n<li>En outre, les chiffres officiels de l\u2019INAMI surestiment en r\u00e9alit\u00e9 fortement le conventionnement des dentistes\u00a0: si l\u2019on ne compte que les dentistes qui procurent r\u00e9ellement des soins dentaires, le taux de dentistes conventionn\u00e9s passe de 43% \u00e0 29 %.<\/li>\n<li>La faible disponibilit\u00e9 des dentistes conventionn\u00e9s est aggrav\u00e9e par une r\u00e9partition g\u00e9ographique qui n\u2019est pas homog\u00e8ne sur le territoire belge. L\u2019indicateur d\u2019accessibilit\u00e9, pr\u00e9sent\u00e9 sous forme de diff\u00e9rentes cartes g\u00e9ographiques, met ainsi en \u00e9vidence que la p\u00e9nurie de prestataires conventionn\u00e9s n\u2019est pas uniquement une probl\u00e9matique observ\u00e9e dans les zones g\u00e9ographiques peu dens\u00e9ment peupl\u00e9es mais s\u2019observe aussi dans certaines grandes villes.<\/li>\n<li>Il est illusoire de s\u2019attaquer aux d\u00e9ficits locaux de l\u2019offre en soins conventionn\u00e9s sur la base d\u2019une analyse en termes de d\u00e9serts m\u00e9dicaux, sans accorder une place centrale \u00e0 la question du conventionnement en tant que telle.<\/li>\n<\/ul>\n<p>Ces in\u00e9galit\u00e9s d\u2019acc\u00e8s aux soins se traduisent par des in\u00e9galit\u00e9s de sant\u00e9 : les contraintes g\u00e9ographiques p\u00e8sent davantage sur les personnes les plus fragiles, peu mobiles ou \u00e0 faibles revenus. L\u2019analyse des pratiques de soins des patients montre en effet qu\u2019une faible accessibilit\u00e9 g\u00e9ographique aux soins conventionn\u00e9s g\u00e9n\u00e8re un renoncement assez massif aux soins dentaires chez les plus pauvres, et a de ce fait un effet multiplicateur des in\u00e9galit\u00e9s sociales de sant\u00e9.<\/p>\n<p>Ces aspects font l\u2019objet de deux autres \u00e9tudes consacr\u00e9es \u00e0 l\u2019analyse des pratiques de soin face\u00a0aux in\u00e9galit\u00e9s d\u2019acc\u00e8s mises ici en lumi\u00e8re\u00a0:<\/p>\n<ul>\n<li><a href=\"https:\/\/www.institut-solidaris.be\/index.php\/etudes\/inegalites-sociales\/les-inegalites-sociales-aggravees\/\" target=\"_blank\" rel=\"noopener\">Les in\u00e9galit\u00e9s sociales aggrav\u00e9es par la faible accessibilit\u00e9 aux soins dentaires<\/a><\/li>\n<li><a href=\"https:\/\/www.institut-solidaris.be\/index.php\/etudes\/personnes-agees\/faible-accessibilite-soins-dentaires\/\" target=\"_blank\" rel=\"noopener\">La faible accessibilit\u00e9 aux soins dentaires est une barri\u00e8re pour les personnes \u00e2g\u00e9es<\/a><\/li>\n<\/ul>\n<p><em>\u00a0<\/em>Ces \u00e9tudes font partie d\u2019un grand dossier sur la question du conventionnement\u00a0:<\/p>\n<ul>\n<li><a href=\"https:\/\/www.institut-solidaris.be\/wp-content\/uploads\/2022\/06\/Enquete-Solidaris_Conventionnement-connaissances-et-representations_31052022.pdf\" target=\"_blank\" rel=\"noopener\">Conventionnement : Enqu\u00eate sur les connaissances et repr\u00e9sentations des affili\u00e9s<\/a><\/li>\n<li><a href=\"https:\/\/www.institut-solidaris.be\/index.php\/conventionnement\/\" target=\"_blank\" rel=\"noopener\">Le dossier conventionnement <\/a><\/li>\n<\/ul>\n","protected":false},"excerpt":{"rendered":"<p>Solidaris a r\u00e9alis\u00e9, en collaboration avec l\u2019Observatoire Belge des In\u00e9galit\u00e9s, un grand dossier sur le conventionnement dont cette \u00e9tude est tir\u00e9e. Elle contextualise la probl\u00e9matique du conventionnement et est consacr\u00e9e en particulier \u00e0 la question de l\u2019accessibilit\u00e9 g\u00e9ographique \u00e0 des dentistes conventionn\u00e9s, en proposant un indicateur original pour r\u00e9pondre \u00e0 cette question. Plusieurs enseignements peuvent  [&#8230;]<\/p>\n","protected":false},"author":8,"featured_media":0,"parent":2232,"menu_order":1,"comment_status":"closed","ping_status":"closed","template":"","meta":{"footnotes":""},"class_list":["post-2720","page","type-page","status-publish","hentry"],"_links":{"self":[{"href":"https:\/\/www.institut-solidaris.be\/index.php\/wp-json\/wp\/v2\/pages\/2720","targetHints":{"allow":["GET"]}}],"collection":[{"href":"https:\/\/www.institut-solidaris.be\/index.php\/wp-json\/wp\/v2\/pages"}],"about":[{"href":"https:\/\/www.institut-solidaris.be\/index.php\/wp-json\/wp\/v2\/types\/page"}],"author":[{"embeddable":true,"href":"https:\/\/www.institut-solidaris.be\/index.php\/wp-json\/wp\/v2\/users\/8"}],"replies":[{"embeddable":true,"href":"https:\/\/www.institut-solidaris.be\/index.php\/wp-json\/wp\/v2\/comments?post=2720"}],"version-history":[{"count":9,"href":"https:\/\/www.institut-solidaris.be\/index.php\/wp-json\/wp\/v2\/pages\/2720\/revisions"}],"predecessor-version":[{"id":2744,"href":"https:\/\/www.institut-solidaris.be\/index.php\/wp-json\/wp\/v2\/pages\/2720\/revisions\/2744"}],"up":[{"embeddable":true,"href":"https:\/\/www.institut-solidaris.be\/index.php\/wp-json\/wp\/v2\/pages\/2232"}],"wp:attachment":[{"href":"https:\/\/www.institut-solidaris.be\/index.php\/wp-json\/wp\/v2\/media?parent=2720"}],"curies":[{"name":"wp","href":"https:\/\/api.w.org\/{rel}","templated":true}]}}