{"id":2693,"date":"2022-06-20T14:10:11","date_gmt":"2022-06-20T13:10:11","guid":{"rendered":"https:\/\/www.institut-solidaris.be\/?page_id=2693"},"modified":"2022-10-17T07:59:06","modified_gmt":"2022-10-17T06:59:06","slug":"thermometre14","status":"publish","type":"page","link":"https:\/\/www.institut-solidaris.be\/index.php\/thermometre14\/","title":{"rendered":"Pr\u00e9vention des futurs grands risques collectifs sur nos sant\u00e9s"},"content":{"rendered":"<div class=\"fusion-fullwidth fullwidth-box fusion-builder-row-1 nonhundred-percent-fullwidth non-hundred-percent-height-scrolling\" style=\"--awb-background-position:left top;--awb-border-sizes-top:0px;--awb-border-sizes-bottom:0px;--awb-border-sizes-left:0px;--awb-border-sizes-right:0px;--awb-border-radius-top-left:0px;--awb-border-radius-top-right:0px;--awb-border-radius-bottom-right:0px;--awb-border-radius-bottom-left:0px;--awb-padding-top:20px;--awb-padding-bottom:20px;--awb-flex-wrap:wrap;\" ><div class=\"fusion-builder-row fusion-row\"><div class=\"fusion-layout-column fusion_builder_column fusion-builder-column-0 fusion_builder_column_1_2 1_2 fusion-one-half fusion-column-first\" style=\"--awb-bg-size:cover;width:48%; margin-right: 4%;\"><div class=\"fusion-column-wrapper fusion-flex-column-wrapper-legacy\"><div class=\"fusion-slider-sc fusion-flexslider-loading flexslider flexslider-hover-type-none\" data-slideshow_autoplay=\"1\" data-slideshow_smooth_height=\"0\" data-slideshow_speed=\"7000\" style=\"max-width:100%;height:100%;\"><ul class=\"slides\"><li class=\"image\"><span class=\"fusion-image-hover-element hover-type-none\"><img decoding=\"async\" src=\"https:\/\/www.institut-solidaris.be\/wp-content\/uploads\/2022\/06\/Thermo_2ansCovidEtApres_600x350.jpg\" width=\"600\" height=\"350\" class=\"wp-image-2696\" srcset=\"https:\/\/www.institut-solidaris.be\/wp-content\/uploads\/2022\/06\/Thermo_2ansCovidEtApres_600x350-200x117.jpg 200w, https:\/\/www.institut-solidaris.be\/wp-content\/uploads\/2022\/06\/Thermo_2ansCovidEtApres_600x350-400x233.jpg 400w, https:\/\/www.institut-solidaris.be\/wp-content\/uploads\/2022\/06\/Thermo_2ansCovidEtApres_600x350.jpg 600w\" sizes=\"(max-width: 800px) 100vw, 600px\" \/><\/span><\/li><\/ul><\/div><div class=\"fusion-video fusion-youtube\" style=\"--awb-max-width:600px;--awb-max-height:360px;\"><div class=\"video-shortcode\"><div class=\"fluid-width-video-wrapper\" style=\"padding-top:60%;\" ><iframe title=\"YouTube video player 1\" src=\"https:\/\/www.youtube.com\/embed\/uPBR6LVokJY?wmode=transparent&autoplay=0\" width=\"600\" height=\"360\" allowfullscreen allow=\"autoplay; clipboard-write; encrypted-media; gyroscope; picture-in-picture;\"><\/iframe><\/div><\/div><\/div><div class=\"fusion-clearfix\"><\/div><\/div><\/div><div class=\"fusion-layout-column fusion_builder_column fusion-builder-column-1 fusion_builder_column_1_2 1_2 fusion-one-half fusion-column-last\" style=\"--awb-bg-size:cover;width:48%;\"><div class=\"fusion-column-wrapper fusion-flex-column-wrapper-legacy\"><div class=\"fusion-text fusion-text-1\"><h2>A travers deux \u00e9tudes, Solidaris s\u2019est int\u00e9ress\u00e9 \u00e0 la gestion de la crise du Covid. Son objectif ? Dresser un diagnostic et d\u00e9gager des enseignements de ce que nous venons de vivre. Parmi les constats mis en \u00e9vidence, l\u2019importance d\u2019une vraie gouvernance pr\u00e9ventive pens\u00e9e avec l\u2019ensemble des acteurs concern\u00e9s, y compris les citoyens.<\/h2>\n<p>\u00ab Il nous apparaissait indispensable de d\u00e9gager des le\u00e7ons de ce que nous venons de vivre et vivons encore, de d\u00e9crire et de dresser un diagnostic de la gestion de la crise du Covid. On peut en effet formuler l&rsquo;hypoth\u00e8se que d&rsquo;autres crises majeures surviendront (li\u00e9es \u00e0 la destruction de la biodiversit\u00e9, aux pollutions diverses, aux d\u00e9r\u00e8glements du climat, \u00e0 de nouveaux agents infectieux produisant de nouvelles zoonoses, etc.). D\u00e9gager des enseignements parait donc indispensable pour ce qui rel\u00e8ve d&rsquo;un enjeu de sant\u00e9 publique \u00bb, d\u00e9clare Jean-Pascal Labille, Secr\u00e9taire g\u00e9n\u00e9ral de Solidaris.<\/p>\n<p><strong>Quelle approche a-t-elle \u00e9t\u00e9 utilis\u00e9e ?<\/strong><br \/>\nSolidaris a r\u00e9alis\u00e9 une premi\u00e8re \u00e9tude, aupr\u00e8s des citoyens belges francophones, au travers de son Thermom\u00e8tre annuel. Cette enqu\u00eate de perception s\u2019int\u00e9resse \u00e0 l\u2019impact de la crise covid sur leurs vies et \u00e0 sa gestion mais aussi aux inondations de l\u2019\u00e9t\u00e9 dernier ainsi qu\u2019au r\u00e9chauffement climatique.<\/p>\n<p>Voici les principaux constats :<\/p>\n<ol>\n<li>Le concept de ONE Health est particuli\u00e8rement ressenti par la population qui a pris conscience du lien entre sant\u00e9 et environnement, et du productivisme qui d\u00e9r\u00e8gle le climat ;<\/li>\n<li>Pour garantir cette ONE Health, la population veut des changements rapides et en profondeur. Elle est par ailleurs tr\u00e8s consciente des risques accrus d\u2019in\u00e9galit\u00e9s de sant\u00e9 d\u00e9coulant de la d\u00e9gradation de notre environnement ;<\/li>\n<li>Il y a des attentes \u00e9normes face \u00e0 l\u2019Etat et aux pouvoirs publics pour mettre en oeuvre ces changements indispensables et prendre des d\u00e9cisions notamment face aux plus gros pollueurs (les grandes industries) ;<\/li>\n<li>Pourtant, cet Etat a \u00e9t\u00e9 per\u00e7u comme d\u00e9faillant dans la gestion de la crise Covid et \u00e9galement dans celle des inondations ou dans la lutte contre le r\u00e9chauffement climatique ;<\/li>\n<li>Les individus ressentent que le syst\u00e8me est dans une impasse. Il est urgent d\u2019agir mais personne n\u2019en a la capacit\u00e9. Les freins sont trop nombreux. Cette injonction contradictoire d\u00e9chire les individus ;<\/li>\n<li>Toutefois, les citoyens ne sont pas r\u00e9sign\u00e9s et semblent vouloir d\u00e9passer la d\u00e9fiance pour r\u00e9cup\u00e9rer une capacit\u00e9 d\u2019agir propre au travers de plus de participation citoyenne aux d\u00e9bats et d\u00e9cisions.<\/li>\n<\/ol>\n<p>En parall\u00e8le, Solidaris a travaill\u00e9 avec l\u2019ULB qui a r\u00e9alis\u00e9 une 2\u00e8me \u00e9tude bas\u00e9e sur des entretiens qualitatifs r\u00e9alis\u00e9s notamment aupr\u00e8s de diff\u00e9rents acteurs et institutions du monde politique, socio-sanitaire, associatif ou scientifique ainsi qu\u2019aux diff\u00e9rents niveaux de pouvoir sur la mani\u00e8re dont les institutions ont g\u00e9r\u00e9 la crise du covid.<\/p>\n<p>Les principaux apprentissages du processus de d\u00e9cision et de gestion de crise sont :<\/p>\n<ol>\n<li>Il y a une faible culture de la pr\u00e9vention et de l\u2019apprentissage (rouages institutionnels et origanisationnels) ;<\/li>\n<li>Il y a un manque de coordination inter-sectorielle et multi-niveaux ;<\/li>\n<li>Il existe des failles en mati\u00e8re de gestion et d\u2019harmonisation des donn\u00e9es.<\/li>\n<\/ol>\n<p>Ces deux analyses ont d\u00e9bouch\u00e9 sur le <strong>Cahier de Pr\u00e9vention<\/strong> qui propose des pistes d\u2019actions, \u00e0 creuser et \u00e0 construire avec l\u2019ensemble des acteurs et les citoyens, pour permettre de d\u00e9velopper une vraie gouvernance pr\u00e9ventive. Car face au futur incertain et impr\u00e9visible il est indispensable que la pr\u00e9vention soit pens\u00e9e collectivement. L\u2019important est en effet la mani\u00e8re dont les strat\u00e9gies d\u2019actions seront \u00e9labor\u00e9es.<\/p>\n<p>La pand\u00e9mie a r\u00e9v\u00e9l\u00e9 que la gouvernance verticale est en \u00e9chec face \u00e0 de grands risques collectifs sur nos soci\u00e9t\u00e9s et nos sant\u00e9s. La forme actuelle de la d\u00e9mocratie donne le sentiment aux individus d&rsquo;\u00eatre priv\u00e9s d&rsquo;une capacit\u00e9 d&rsquo;agir notamment face aux grands risques futurs mais il n\u2019y a pas de r\u00e9signation. Refaire la soci\u00e9t\u00e9 et refonder des institutions signifient recr\u00e9er de la confiance mais \u00e0 partir de l&rsquo;horizontalit\u00e9.<\/p>\n<p>Face \u00e0 cette n\u00e9cessit\u00e9 d\u2019une vraie gouvernance o\u00f9 la pr\u00e9vention doit \u00eatre pens\u00e9e collectivement et d\u00e9mocratiquement, les mutualit\u00e9s ont un r\u00f4le \u00e0 jouer. En effet, la pr\u00e9vention fait partie de leurs missions l\u00e9gales. Solidaris s\u2019y emploie notamment par le biais de son r\u00e9seau associatif et socio-sanitaire, mais aussi \u00e0 travers des campagnes d\u2019information et de sensibilisation car l\u2019\u00e9ducation permanente est au coeur du travail men\u00e9. De plus, les nombreux contacts quotidiens que la mutualit\u00e9 entretient avec les affili\u00e9s\/citoyens lui permettent d\u2019identifier leurs besoins et de les faire remonter, au travers de son r\u00f4le de relais politique.<\/p>\n<h2 style=\"text-align: left;\"><strong>Retrouvez les r\u00e9sultats de l&rsquo;enqu\u00eate :<\/strong><\/h2>\n<ul>\n<li><a href=\"https:\/\/www.institut-solidaris.be\/wp-content\/uploads\/2022\/06\/Thermo_Prevention_VF.pdf\">L&rsquo;enqu\u00eate compl\u00e8te<\/a><\/li>\n<li><a href=\"https:\/\/www.institut-solidaris.be\/wp-content\/uploads\/2022\/06\/Rapport_Gestion-de-crise-Covid_Fortunier_Sbaraglia_Rea_VF.pdf\">Le rapport de gestion de crise<\/a><\/li>\n<li><a href=\"https:\/\/www.institut-solidaris.be\/wp-content\/uploads\/2022\/06\/Cahier_Prevention-Solidaris-Versioncomple\u0300te.pdf\">Le cahier de pr\u00e9vention<\/a><\/li>\n<li><a href=\"https:\/\/youtu.be\/e--TMVtzIA4\">La capsule vid\u00e9o<\/a><\/li>\n<li><a href=\"https:\/\/www.institut-solidaris.be\/wp-content\/uploads\/2022\/06\/Communique-de-presse-Thermo-v2.pdf\">Le communiqu\u00e9 de presse<\/a><\/li>\n<\/ul>\n<\/div><div class=\"fusion-clearfix\"><\/div><\/div><\/div><\/div><\/div>\n","protected":false},"excerpt":{"rendered":"","protected":false},"author":8,"featured_media":0,"parent":0,"menu_order":0,"comment_status":"closed","ping_status":"closed","template":"","meta":{"footnotes":""},"class_list":["post-2693","page","type-page","status-publish","hentry"],"_links":{"self":[{"href":"https:\/\/www.institut-solidaris.be\/index.php\/wp-json\/wp\/v2\/pages\/2693","targetHints":{"allow":["GET"]}}],"collection":[{"href":"https:\/\/www.institut-solidaris.be\/index.php\/wp-json\/wp\/v2\/pages"}],"about":[{"href":"https:\/\/www.institut-solidaris.be\/index.php\/wp-json\/wp\/v2\/types\/page"}],"author":[{"embeddable":true,"href":"https:\/\/www.institut-solidaris.be\/index.php\/wp-json\/wp\/v2\/users\/8"}],"replies":[{"embeddable":true,"href":"https:\/\/www.institut-solidaris.be\/index.php\/wp-json\/wp\/v2\/comments?post=2693"}],"version-history":[{"count":13,"href":"https:\/\/www.institut-solidaris.be\/index.php\/wp-json\/wp\/v2\/pages\/2693\/revisions"}],"predecessor-version":[{"id":2798,"href":"https:\/\/www.institut-solidaris.be\/index.php\/wp-json\/wp\/v2\/pages\/2693\/revisions\/2798"}],"wp:attachment":[{"href":"https:\/\/www.institut-solidaris.be\/index.php\/wp-json\/wp\/v2\/media?parent=2693"}],"curies":[{"name":"wp","href":"https:\/\/api.w.org\/{rel}","templated":true}]}}