{"id":2689,"date":"2022-06-15T07:13:26","date_gmt":"2022-06-15T06:13:26","guid":{"rendered":"https:\/\/www.institut-solidaris.be\/?page_id=2689"},"modified":"2022-06-15T07:13:26","modified_gmt":"2022-06-15T06:13:26","slug":"conventionnement","status":"publish","type":"page","link":"https:\/\/www.institut-solidaris.be\/index.php\/conventionnement\/","title":{"rendered":"Conventionn\u00e9 ou pas, c&rsquo;est la question !"},"content":{"rendered":"<div class=\"fusion-fullwidth fullwidth-box fusion-builder-row-1 nonhundred-percent-fullwidth non-hundred-percent-height-scrolling\" style=\"--awb-background-position:left top;--awb-border-radius-top-left:0px;--awb-border-radius-top-right:0px;--awb-border-radius-bottom-right:0px;--awb-border-radius-bottom-left:0px;--awb-padding-top:20px;--awb-padding-bottom:20px;--awb-border-sizes-top:0px;--awb-border-sizes-bottom:0px;--awb-flex-wrap:wrap;\" ><div class=\"fusion-builder-row fusion-row\"><div class=\"fusion-layout-column fusion_builder_column fusion-builder-column-0 fusion_builder_column_1_2 1_2 fusion-one-half fusion-column-first\" style=\"--awb-bg-size:cover;width:48%; margin-right: 4%;\"><div class=\"fusion-column-wrapper fusion-flex-column-wrapper-legacy\"><div class=\"fusion-text fusion-text-1\"><p><strong>Solidaris s\u2019est pench\u00e9 sur le conventionnement \u00e0 travers une enqu\u00eate men\u00e9e aupr\u00e8s de ses affili\u00e9s, pour sonder leurs connaissances et leur perception en la mati\u00e8re, mais aussi \u00e0 travers une recherche confi\u00e9e \u00e0 l\u2019Observatoire Belge des In\u00e9galit\u00e9s qui portait sur l\u2019acc\u00e8s aux soins dentaires en Belgique. La Mutualit\u00e9 s\u2019inqui\u00e8te au vu des r\u00e9sultats et plaide pour mener une r\u00e9flexion en profondeur sur le syst\u00e8me afin de garantir la s\u00e9curit\u00e9 tarifaire pour les patients, avec l\u2019objectif de renforcer l\u2019accessibilit\u00e9 aux soins et \u00e0 la sant\u00e9 publique. <\/strong><\/p>\n<p>Le conventionnement est un outil indispensable pour garantir la s\u00e9curit\u00e9 tarifaire pour les patients. Aujourd\u2019hui, ce syst\u00e8me montre ses limites. D\u2019abord, l\u2019offre de soins par des prestataires conventionn\u00e9s ne permet plus d\u2019assurer cet objectif dans certaines disciplines. L\u2019Agence InterMutualiste a ainsi mis en \u00e9vidence que les statistiques officielles de conventionnement de l\u2019INAMI sont clairement surestim\u00e9es en raison de prestataires inactifs ou peu actifs, de prestataires partiellement conventionn\u00e9s, etc. Les taux de conventionnement des sp\u00e9cialistes \u00e9taient ainsi de 44% en termes de volume d\u2019activit\u00e9 ambulatoire contre un taux officiel de prestataires conventionn\u00e9s de 71% en 2018.<\/p>\n<p>Par ailleurs, il existe un manque criant d\u2019informations fiables envers le patient et de transparence quant au statut de conventionnement du prestataire mais aussi une grande m\u00e9connaissance des patients quant au principe de conventionnement lui-m\u00eame. L\u2019enqu\u00eate, men\u00e9e aupr\u00e8s de plus de 1.000 affili\u00e9s Solidaris francophones \u00e2g\u00e9s de 18 ans et plus, illustre que parmi les patients les plus pr\u00e9caris\u00e9s qui ont consult\u00e9 des prestataires non-conventionn\u00e9s, pr\u00e8s d\u2019une personne sur deux (45%) n\u2019a aucune connaissance du syst\u00e8me de conventionnement. Autre constat alarmant\u00a0issu de notre enqu\u00eate : environ 80% des r\u00e9pondants ne connaissaient pas le prix de la consultation avant qu\u2019elle ne leur soit factur\u00e9e.<\/p>\n<p>En outre, l\u2019on pourrait imaginer qu\u2019une meilleure information et connaissance du syst\u00e8me de conventionnement par les patients les orienterait naturellement vers des prestataires conventionn\u00e9s. Malheureusement, ce n\u2019est pas si simple. En effet, il faut encore que les patients aient les moyens concrets d\u2019avoir acc\u00e8s \u00e0 un prestataire conventionn\u00e9.<\/p>\n<p>Or, l&rsquo;Observatoire Belge des In\u00e9galit\u00e9s (OBI) \u2013 qui s&rsquo;est pench\u00e9 sur la question sp\u00e9cifique de l&rsquo;accessibilit\u00e9 g\u00e9ographique aux dentistes conventionn\u00e9s en collaboration avec Solidaris \u2013 montre que l\u2019offre de prestataires conventionn\u00e9s n\u2019est pas uniforme sur le territoire belge. Rappelons que le taux de refus d\u2019adh\u00e9sion \u00e0 la convention dento-mutualiste atteint pr\u00e8s de 40% en 2022, cette proportion \u00e9tant de 29% en 2005\u00a0!<a href=\"#_ftnref1\" name=\"_ftn1\"><\/a><\/p>\n<p>L\u2019OBI d\u00e9montre ensuite qu\u2019une mauvaise accessibilit\u00e9 g\u00e9ographique \u00e0 des prestataires appliquant les tarifs de la convention force un certain nombre de patients \u00e0 se diriger vers les prestataires non-conventionn\u00e9s avec le risque de se voir facturer des suppl\u00e9ments d\u2019honoraires mais surtout oblige les patients les plus pr\u00e9caris\u00e9s \u00e0 reporter des soins pourtant indispensables.<\/p>\n<p>Ces constats dress\u00e9s dans le cas des dentistes illustrent bien la probl\u00e9matique et peuvent \u00eatre transposables \u00e0 d\u2019autres prestataires qui sont \u00e9galement en p\u00e9nurie d\u2019offre conventionn\u00e9e (cf. <em>dermatologues, ophtalmologues, gyn\u00e9cologues par exemple). <\/em><\/p>\n<p>Il ressort de ces analyses que l\u2019inaccessibilit\u00e9 informationnelle, financi\u00e8re et g\u00e9ographique constitue une spirale infernale qui aggrave les in\u00e9galit\u00e9s sociales et nuit \u00e0 la sant\u00e9 publique.<\/p>\n<p>Face \u00e0 ces constats interpellants, le Secr\u00e9taire g\u00e9n\u00e9ral de Solidaris, Jean-Pascal Labille, appelle les partenaires de la concertation \u00e0 mener une r\u00e9flexion en profondeur sur le syst\u00e8me de conventionnement afin d\u2019assurer la s\u00e9curit\u00e9 tarifaire pour les patients et r\u00e9pondre aux enjeux que le conventionnement pose en mati\u00e8re de sant\u00e9 publique. Il s\u2019agit de travailler sur les axes suivants :<\/p>\n<ul>\n<li>Une s\u00e9curit\u00e9 tarifaire contribuant \u00e0 l\u2019accessibilit\u00e9 financi\u00e8re, en priorit\u00e9 pour les populations fragilis\u00e9es\u00a0;<\/li>\n<li>L\u2019augmentation de l\u2019offre de prestataires conventionn\u00e9s pour accro\u00eetre l\u2019accessibilit\u00e9 g\u00e9ographique\u00a0;<\/li>\n<li>Une meilleure information de la population concernant le syst\u00e8me de conventionnement ainsi que sur le statut des prestataires et les implications financi\u00e8res qui y sont li\u00e9es.<\/li>\n<\/ul>\n<p>Solidaris rappelle par ailleurs aux patients qu\u2019il est utile de conna\u00eetre le statut de conventionnement d\u2019un prestataire de soins avant de consulter afin d\u2019\u00e9viter les mauvaises surprises ! Plus d\u2019informations sur notre site <a href=\"http:\/\/www.solidaris.be\">www.solidaris.be<\/a> &gt; <a href=\"https:\/\/www.solidaris-wallonie.be\/faq\/comment-savoir-si-un-medecin-est-conventionne\">Comment savoir si un m\u00e9decin est conventionn\u00e9<\/a>.<\/p>\n<p>Retrouvez tous les r\u00e9sultats de l\u2019enqu\u00eate ici :<\/p>\n<ul>\n<li><a href=\"https:\/\/www.institut-solidaris.be\/wp-content\/uploads\/2022\/06\/Enquete-Solidaris_Conventionnement-connaissances-et-representations_31052022.pdf\" target=\"_blank\" rel=\"noopener\">Conventionnement : Enqu\u00eate sur les connaissances et repr\u00e9sentations des affili\u00e9s<\/a><\/li>\n<li><a href=\"https:\/\/www.institut-solidaris.be\/wp-content\/uploads\/2022\/06\/Synthese-Solidaris_Conventionnement-connaissances-et-representations_31052022.pdf\" target=\"_blank\" rel=\"noopener\">Synth\u00e8se &#8211; Conventionnement : enqu\u00eate sur les connaissances et repr\u00e9sentations des affili\u00e9s<\/a><\/li>\n<li><a href=\"https:\/\/www.institut-solidaris.be\/wp-content\/uploads\/2022\/06\/Analyse-1-Laccessibilite-geographique-aux-soins-dentaires-V3.pdf\" target=\"_blank\" rel=\"noopener\">Analyse 1 &#8211; L\u2019accessibilit\u00e9 g\u00e9ographique aux soins dentaires<\/a><\/li>\n<li><a href=\"https:\/\/www.institut-solidaris.be\/wp-content\/uploads\/2022\/06\/Analyse-2-Les-inegalites-sociales-aggravees-par-la-faible-accessibilite-aux-soins-dentaires.pdf\" target=\"_blank\" rel=\"noopener\">Analyse 2 &#8211; Les in\u00e9galit\u00e9s sociales aggrav\u00e9es par la faible accessibilit\u00e9 aux soins dentaires<\/a><\/li>\n<li><a href=\"https:\/\/www.institut-solidaris.be\/wp-content\/uploads\/2022\/06\/Analyse-3-La-faible-accessibilite-aux-soins-dentaires-est-une-barriere-pour-les-personnes-agees.pdf\" target=\"_blank\" rel=\"noopener\">Analyse 3 &#8211; La faible accessibilit\u00e9 aux soins dentaires est une barri\u00e8re pour les personnes \u00e2g\u00e9es<\/a><\/li>\n<\/ul>\n<\/div><div class=\"fusion-clearfix\"><\/div><\/div><\/div><div class=\"fusion-layout-column fusion_builder_column fusion-builder-column-1 fusion_builder_column_1_2 1_2 fusion-one-half fusion-column-last\" style=\"--awb-bg-size:cover;width:48%;\"><div class=\"fusion-column-wrapper fusion-flex-column-wrapper-legacy\"><div class=\"fusion-slider-sc fusion-flexslider-loading flexslider flexslider-hover-type-none\" data-slideshow_autoplay=\"1\" data-slideshow_smooth_height=\"0\" data-slideshow_speed=\"7000\" style=\"max-width:100%;height:100%;\"><ul class=\"slides\"><li class=\"image\"><span class=\"fusion-image-hover-element hover-type-none\"><img decoding=\"async\" src=\"https:\/\/www.institut-solidaris.be\/wp-content\/uploads\/2022\/06\/Conventionne-600-x-350-px.jpg\" width=\"600\" height=\"350\" class=\"wp-image-2670\" srcset=\"https:\/\/www.institut-solidaris.be\/wp-content\/uploads\/2022\/06\/Conventionne-600-x-350-px-200x117.jpg 200w, https:\/\/www.institut-solidaris.be\/wp-content\/uploads\/2022\/06\/Conventionne-600-x-350-px-400x233.jpg 400w, https:\/\/www.institut-solidaris.be\/wp-content\/uploads\/2022\/06\/Conventionne-600-x-350-px.jpg 600w\" sizes=\"(max-width: 800px) 100vw, 600px\" \/><\/span><\/li><\/ul><\/div><div class=\"fusion-clearfix\"><\/div><\/div><\/div><\/div><\/div>\n","protected":false},"excerpt":{"rendered":"","protected":false},"author":8,"featured_media":0,"parent":0,"menu_order":0,"comment_status":"closed","ping_status":"closed","template":"","meta":{"footnotes":""},"class_list":["post-2689","page","type-page","status-publish","hentry"],"_links":{"self":[{"href":"https:\/\/www.institut-solidaris.be\/index.php\/wp-json\/wp\/v2\/pages\/2689","targetHints":{"allow":["GET"]}}],"collection":[{"href":"https:\/\/www.institut-solidaris.be\/index.php\/wp-json\/wp\/v2\/pages"}],"about":[{"href":"https:\/\/www.institut-solidaris.be\/index.php\/wp-json\/wp\/v2\/types\/page"}],"author":[{"embeddable":true,"href":"https:\/\/www.institut-solidaris.be\/index.php\/wp-json\/wp\/v2\/users\/8"}],"replies":[{"embeddable":true,"href":"https:\/\/www.institut-solidaris.be\/index.php\/wp-json\/wp\/v2\/comments?post=2689"}],"version-history":[{"count":1,"href":"https:\/\/www.institut-solidaris.be\/index.php\/wp-json\/wp\/v2\/pages\/2689\/revisions"}],"predecessor-version":[{"id":2690,"href":"https:\/\/www.institut-solidaris.be\/index.php\/wp-json\/wp\/v2\/pages\/2689\/revisions\/2690"}],"wp:attachment":[{"href":"https:\/\/www.institut-solidaris.be\/index.php\/wp-json\/wp\/v2\/media?parent=2689"}],"curies":[{"name":"wp","href":"https:\/\/api.w.org\/{rel}","templated":true}]}}