{"id":2568,"date":"2022-05-04T11:32:36","date_gmt":"2022-05-04T10:32:36","guid":{"rendered":"https:\/\/www.institut-solidaris.be\/?page_id=2568"},"modified":"2022-05-05T09:36:25","modified_gmt":"2022-05-05T08:36:25","slug":"barometre-hospitalier-2014","status":"publish","type":"page","link":"https:\/\/www.institut-solidaris.be\/index.php\/etudes\/hopitaux\/barometre-hospitalier-2014\/","title":{"rendered":"Barom\u00e8tre Hospitalier 2014"},"content":{"rendered":"<p>Chaque ann\u00e9e, Solidaris Mutualis analyse le co\u00fbt d\u2019un s\u00e9jour \u00e0 l\u2019h\u00f4pital pour ses affili\u00e9s et l\u2019\u00e9volution dans le temps des diff\u00e9rents postes de d\u00e9penses de la facture du patient : en particulier, les suppl\u00e9ments d\u2019honoraires, les suppl\u00e9ments de chambre, les suppl\u00e9ments de mat\u00e9riel et les m\u00e9dicaments non-remboursables.<br \/>\nCette \u00e9tude s\u2019appuie sur les donn\u00e9es de facturation \u00e9lectronique des h\u00f4pitaux g\u00e9n\u00e9raux et universitaires des affili\u00e9s de Solidaris ayant s\u00e9journ\u00e9 \u00e0 l\u2019h\u00f4pital entre 2011 et 2014, soit environ 550.000 admissions classiques chaque ann\u00e9e.<\/p>\n<p><span style=\"color: #ff0000;\"><strong><a style=\"color: #ff0000;\" href=\"https:\/\/www.institut-solidaris.be\/wp-content\/uploads\/2022\/05\/Etude-Barometre-Hospitalier-Novembre2015.pdf\">Barom\u00e8tre Hospitalier 2014<\/a><\/strong><\/span><\/p>\n","protected":false},"excerpt":{"rendered":"<p>Chaque ann\u00e9e, Solidaris Mutualis analyse le co\u00fbt d\u2019un s\u00e9jour \u00e0 l\u2019h\u00f4pital pour ses affili\u00e9s et l\u2019\u00e9volution dans le temps des diff\u00e9rents postes de d\u00e9penses de la facture du patient : en particulier, les suppl\u00e9ments d\u2019honoraires, les suppl\u00e9ments de chambre, les suppl\u00e9ments de mat\u00e9riel et les m\u00e9dicaments non-remboursables. Cette \u00e9tude s\u2019appuie sur les donn\u00e9es de facturation  [&#8230;]<\/p>\n","protected":false},"author":9,"featured_media":0,"parent":2239,"menu_order":1,"comment_status":"closed","ping_status":"closed","template":"","meta":{"footnotes":""},"class_list":["post-2568","page","type-page","status-publish","hentry"],"_links":{"self":[{"href":"https:\/\/www.institut-solidaris.be\/index.php\/wp-json\/wp\/v2\/pages\/2568","targetHints":{"allow":["GET"]}}],"collection":[{"href":"https:\/\/www.institut-solidaris.be\/index.php\/wp-json\/wp\/v2\/pages"}],"about":[{"href":"https:\/\/www.institut-solidaris.be\/index.php\/wp-json\/wp\/v2\/types\/page"}],"author":[{"embeddable":true,"href":"https:\/\/www.institut-solidaris.be\/index.php\/wp-json\/wp\/v2\/users\/9"}],"replies":[{"embeddable":true,"href":"https:\/\/www.institut-solidaris.be\/index.php\/wp-json\/wp\/v2\/comments?post=2568"}],"version-history":[{"count":3,"href":"https:\/\/www.institut-solidaris.be\/index.php\/wp-json\/wp\/v2\/pages\/2568\/revisions"}],"predecessor-version":[{"id":2592,"href":"https:\/\/www.institut-solidaris.be\/index.php\/wp-json\/wp\/v2\/pages\/2568\/revisions\/2592"}],"up":[{"embeddable":true,"href":"https:\/\/www.institut-solidaris.be\/index.php\/wp-json\/wp\/v2\/pages\/2239"}],"wp:attachment":[{"href":"https:\/\/www.institut-solidaris.be\/index.php\/wp-json\/wp\/v2\/media?parent=2568"}],"curies":[{"name":"wp","href":"https:\/\/api.w.org\/{rel}","templated":true}]}}