{"id":2556,"date":"2022-05-04T11:09:43","date_gmt":"2022-05-04T10:09:43","guid":{"rendered":"https:\/\/www.institut-solidaris.be\/?page_id=2556"},"modified":"2023-02-09T11:15:03","modified_gmt":"2023-02-09T10:15:03","slug":"maisons-de-repos-a-quel-prix","status":"publish","type":"page","link":"https:\/\/www.institut-solidaris.be\/index.php\/etudes\/personnes-agees\/maisons-de-repos-a-quel-prix\/","title":{"rendered":"Maisons de repos : \u00e0 quel prix?"},"content":{"rendered":"<p>Aujourd\u2019hui, 120.000 Belges vivent en maison de repos, soit environ six personnes sur 100 \u00e2g\u00e9es de 65 ans et plus. Le placement en maison de repos constitue ainsi une solution pour certaines personnes \u00e2g\u00e9es lorsque la vie \u00e0 domicile est devenue trop risqu\u00e9e ou difficile suite \u00e0 un \u00e9tat de sant\u00e9 d\u00e9grad\u00e9, une maladie chronique, une d\u00e9pendance ou une perte d\u2019autonomie, la perte du partenaire de vie, l\u2019isolement social, etc.<\/p>\n<p>Avec le vieillissement de la population, les a\u00een\u00e9s repr\u00e9sentent une part de plus en plus importante dans la population et ils vivent \u00e9galement plus longtemps au vu de l\u2019augmentation de l\u2019esp\u00e9rance de vie. Le Bureau F\u00e9d\u00e9ral du Plan estime qu\u2019en 2060, 2,9 millions de Belges auront plus de 67 ans.<\/p>\n<p>Cela repr\u00e9sente 22,6% de la population, contre 15,9% en 2015, dont 6% auront plus de 85 ans. Le nombre de personnes \u00e2g\u00e9es ayant besoin de soins \u00e0 domicile ou de soins en institution r\u00e9sidentielle va donc fortement augmenter \u00e0 l\u2019avenir.<\/p>\n<p>La prise en charge des personnes \u00e2g\u00e9es pose la question de l\u2019accessibilit\u00e9 des maisons de repos en termes de places disponibles \u2013 selon le Centre F\u00e9d\u00e9ral d\u2019Expertise des Soins de Sant\u00e9 (KCE), entre 27 000 et 45 000 lits suppl\u00e9mentaires seraient n\u00e9cessaires d\u2019ici 2025, soit une augmentation annuelle comprise entre 1 800 et 3 000 lits \u2013 mais aussi en termes d\u2019accessibilit\u00e9 financi\u00e8re.<\/p>\n<p>En effet, le co\u00fbt d\u2019h\u00e9bergement en maison de repos a consid\u00e9rablement augment\u00e9 ces derni\u00e8res ann\u00e9es et repr\u00e9sente un co\u00fbt important dans le budget, surtout lorsqu\u2019on sait que 16% des personnes \u00e2g\u00e9es de 65 ans et plus vivent sous le seuil de pauvret\u00e9.<\/p>\n<p>Solidaris s\u2019est d\u00e8s lors pench\u00e9 sur les prix des maisons de repos afin de dresser un \u00e9tat de lieux de la question en Belgique. Cette \u00e9tude a donc pour objectif principal d\u2019\u00e9tudier les frais d\u2019h\u00e9bergement que paie par mois une personne \u00e2g\u00e9e pour son s\u00e9jour en maison de repos, d\u2019analyser les \u00e9l\u00e9ments constitutifs de la facture ainsi que les \u00e9carts de politique tarifaire entre r\u00e9gions et entre maisons de repos au sein d\u2019une m\u00eame r\u00e9gion.<\/p>\n<p>L\u2019analyse permet d\u2019une part de donner une vision globale du co\u00fbt total (prix d\u2019h\u00e9bergement et suppl\u00e9ments compris) en maison de repos et d\u2019autre part, de d\u00e9composer la facture du r\u00e9sident afin d\u2019identifier les facteurs qui influencent ce co\u00fbt.<\/p>\n<p>L\u2019analyse s\u2019appuie sur les donn\u00e9es de note de frais individuelle des affili\u00e9s de Solidaris que les maisons de repos transmettent \u00e0 la mutuelle dans le cadre de la facturation des forfaits. Cela correspond \u00e0 plus de 2.550 factures pour une s\u00e9rie de nos affili\u00e9s r\u00e9sidant en maison de repos pour ersonnes \u00e2g\u00e9es (MRPA) ou en maison de repos et de soins (MRS) pour le 1er ou le 2\u00e8me trimestre 2014. Cette \u00e9tude se limite aux co\u00fbts du s\u00e9jour en maison de repos, \u00e0 l\u2019exclusion des co\u00fbts qui<br \/>\ninterviennent hors factures. Cette \u00e9tude de Solidaris constitue ainsi un premier monitoring des co\u00fbts en maison de repos, sur base des donn\u00e9es disponibles.<\/p>\n<p><strong><span style=\"color: #ff0000;\">Lien vers <a style=\"color: #ff0000;\" href=\"https:\/\/www.institut-solidaris.be\/wp-content\/uploads\/2022\/05\/Etude-Couts-maison-repos_Mars2016.pdf\">Maisons de repos : \u00e0 quel prix ?<\/a><\/span><\/strong><\/p>\n","protected":false},"excerpt":{"rendered":"<p>Aujourd\u2019hui, 120.000 Belges vivent en maison de repos, soit environ six personnes sur 100 \u00e2g\u00e9es de 65 ans et plus. Le placement en maison de repos constitue ainsi une solution pour certaines personnes \u00e2g\u00e9es lorsque la vie \u00e0 domicile est devenue trop risqu\u00e9e ou difficile suite \u00e0 un \u00e9tat de sant\u00e9 d\u00e9grad\u00e9, une maladie chronique,  [&#8230;]<\/p>\n","protected":false},"author":9,"featured_media":2637,"parent":2253,"menu_order":2,"comment_status":"closed","ping_status":"closed","template":"","meta":{"footnotes":""},"class_list":["post-2556","page","type-page","status-publish","has-post-thumbnail","hentry"],"_links":{"self":[{"href":"https:\/\/www.institut-solidaris.be\/index.php\/wp-json\/wp\/v2\/pages\/2556","targetHints":{"allow":["GET"]}}],"collection":[{"href":"https:\/\/www.institut-solidaris.be\/index.php\/wp-json\/wp\/v2\/pages"}],"about":[{"href":"https:\/\/www.institut-solidaris.be\/index.php\/wp-json\/wp\/v2\/types\/page"}],"author":[{"embeddable":true,"href":"https:\/\/www.institut-solidaris.be\/index.php\/wp-json\/wp\/v2\/users\/9"}],"replies":[{"embeddable":true,"href":"https:\/\/www.institut-solidaris.be\/index.php\/wp-json\/wp\/v2\/comments?post=2556"}],"version-history":[{"count":2,"href":"https:\/\/www.institut-solidaris.be\/index.php\/wp-json\/wp\/v2\/pages\/2556\/revisions"}],"predecessor-version":[{"id":2638,"href":"https:\/\/www.institut-solidaris.be\/index.php\/wp-json\/wp\/v2\/pages\/2556\/revisions\/2638"}],"up":[{"embeddable":true,"href":"https:\/\/www.institut-solidaris.be\/index.php\/wp-json\/wp\/v2\/pages\/2253"}],"wp:featuredmedia":[{"embeddable":true,"href":"https:\/\/www.institut-solidaris.be\/index.php\/wp-json\/wp\/v2\/media\/2637"}],"wp:attachment":[{"href":"https:\/\/www.institut-solidaris.be\/index.php\/wp-json\/wp\/v2\/media?parent=2556"}],"curies":[{"name":"wp","href":"https:\/\/api.w.org\/{rel}","templated":true}]}}