{"id":2546,"date":"2022-05-04T10:34:47","date_gmt":"2022-05-04T09:34:47","guid":{"rendered":"https:\/\/www.institut-solidaris.be\/?page_id=2546"},"modified":"2022-05-05T10:16:36","modified_gmt":"2022-05-05T09:16:36","slug":"profil-socio-sanitaire-et-consommation-de-soins-des-personnes-en-incapacite-de-travail-primaire","status":"publish","type":"page","link":"https:\/\/www.institut-solidaris.be\/index.php\/etudes\/incapacite-de-travail\/profil-socio-sanitaire-et-consommation-de-soins-des-personnes-en-incapacite-de-travail-primaire\/","title":{"rendered":"Profil socio-sanitaire et consommation de soins"},"content":{"rendered":"<p>La question de l\u2019incapacit\u00e9 de travail rel\u00e8ve d\u2019un probl\u00e8me de sant\u00e9 publique dont les enjeux sont consid\u00e9rables. Les personnes en incapacit\u00e9 de travail prolong\u00e9e cumulent leurs probl\u00e8mes de sant\u00e9 avec une inactivit\u00e9 professionnelle entra\u00eenant des revenus moindres et, par cons\u00e9quent, un plus grand risque de pauvret\u00e9. L\u2019incapacit\u00e9 de travail prolong\u00e9e peut aussi aggraver les probl\u00e8mes de sant\u00e9, l\u2019isolement social qui en r\u00e9sulte induisant des troubles d\u00e9pressifs et \u00e9ventuellement des conduites addictives.<\/p>\n<p>Le secteur des indemnit\u00e9s repr\u00e9sente \u00e9galement un enjeu budg\u00e9taire. En effet, ce secteur a un poids non n\u00e9gligeable dans la S\u00e9curit\u00e9 sociale \u2013 d\u2019autant plus qu\u2019il concerne un groupe important de personnes qui sortent du march\u00e9 du travail pour une longue p\u00e9riode \u2013 et il est \u00e9troitement li\u00e9 au secteur des soins de sant\u00e9. A l\u2019instar de ce qui a \u00e9t\u00e9 observ\u00e9 ces derni\u00e8res ann\u00e9es, il risque de cro\u00eetre tant en termes d\u2019effectifs qu\u2019en termes de d\u00e9penses, sous l\u2019effet des politiques en mati\u00e8re de fin de carri\u00e8re \u2013 notamment le recul de l\u2019\u00e2ge de la pension et de la pr\u00e9pension \u2013 et de l\u2019expansion de nouveaux troubles de sant\u00e9, en particulier ceux li\u00e9s \u00e0 la charge psychosociale sur les lieux du travail.<\/p>\n<p>En 2013, selon les chiffres de l\u2019Institut National de l\u2019Assurance Maladie \u2013 Invalidit\u00e9 (INAMI), on comptabilisait au niveau national pr\u00e8s de 320.000 salari\u00e9s et ind\u00e9pendants en incapacit\u00e9 de travail d\u2019au moins un an (invalidit\u00e9) et plus de 400.000 personnes avec un \u00e9pisode d\u2019incapacit\u00e9 de travail de moins d\u2019un an (incapacit\u00e9 de travail primaire).<\/p>\n<p>Les d\u00e9penses de ce secteur s\u2019\u00e9l\u00e8vent, en 2014, \u00e0 environ 6 milliards \u20ac (dont 4,3 milliards \u20ac pour le r\u00e9gime de l\u2019invalidit\u00e9 et 1,7 milliard \u20ac pour l\u2019incapacit\u00e9 de travail primaire). Par ailleurs, c\u2019est pour ce secteur de la S\u00e9curit\u00e9 sociale que l\u2019on observe la croissance des d\u00e9penses la plus soutenue : les d\u00e9penses ont \u00e9t\u00e9 multipli\u00e9es par deux en dix ans (soit +3 milliards \u20ac depuis 2003).<\/p>\n<p>Les chiffres de Solidaris Mutualit\u00e9 (r\u00e9gime g\u00e9n\u00e9ral uniquement) montrent \u00e9galement une \u00e9volution importante dans le secteur des indemnit\u00e9s. En 2012, on comptabilisait environ 260.000 affili\u00e9s de Solidaris Mutualit\u00e9 indemnis\u00e9s pour une incapacit\u00e9 de travail (incapacit\u00e9 primaire et invalidit\u00e9) alors qu\u2019ils \u00e9taient 195.000 en 2003. Parmi ceux-ci, 154.000 affili\u00e9s ont \u00e9t\u00e9 indemnis\u00e9s pour une incapacit\u00e9 de travail primaire (soit une augmentation de 24,5% par rapport \u00e0 2003) et 106.000 sont en invalidit\u00e9 (soit une augmentation de pr\u00e8s de 50%). En 2012, c\u2019est pr\u00e8s d\u2019un de nos affili\u00e9s de 20-64 ans sur sept qui a connu un \u00e9pisode d\u2019incapacit\u00e9 de travail primaire, ce rapport \u00e9tant stable ces dix derni\u00e8res ann\u00e9es.<\/p>\n<p><strong><span style=\"color: #ff0000;\"><a style=\"color: #ff0000;\" href=\"https:\/\/www.institut-solidaris.be\/wp-content\/uploads\/2022\/05\/Etude-IncapaciteTravailPrimaire.pdf\">Lien vers Profil socio-sanitaire et consommation de soins des personnes en incapacit\u00e9 de travail primaire<\/a><\/span><\/strong><\/p>\n","protected":false},"excerpt":{"rendered":"<p>La question de l\u2019incapacit\u00e9 de travail rel\u00e8ve d\u2019un probl\u00e8me de sant\u00e9 publique dont les enjeux sont consid\u00e9rables. Les personnes en incapacit\u00e9 de travail prolong\u00e9e cumulent leurs probl\u00e8mes de sant\u00e9 avec une inactivit\u00e9 professionnelle entra\u00eenant des revenus moindres et, par cons\u00e9quent, un plus grand risque de pauvret\u00e9. L\u2019incapacit\u00e9 de travail prolong\u00e9e peut aussi aggraver les probl\u00e8mes  [&#8230;]<\/p>\n","protected":false},"author":9,"featured_media":2622,"parent":2243,"menu_order":1,"comment_status":"closed","ping_status":"closed","template":"","meta":{"footnotes":""},"class_list":["post-2546","page","type-page","status-publish","has-post-thumbnail","hentry"],"_links":{"self":[{"href":"https:\/\/www.institut-solidaris.be\/index.php\/wp-json\/wp\/v2\/pages\/2546","targetHints":{"allow":["GET"]}}],"collection":[{"href":"https:\/\/www.institut-solidaris.be\/index.php\/wp-json\/wp\/v2\/pages"}],"about":[{"href":"https:\/\/www.institut-solidaris.be\/index.php\/wp-json\/wp\/v2\/types\/page"}],"author":[{"embeddable":true,"href":"https:\/\/www.institut-solidaris.be\/index.php\/wp-json\/wp\/v2\/users\/9"}],"replies":[{"embeddable":true,"href":"https:\/\/www.institut-solidaris.be\/index.php\/wp-json\/wp\/v2\/comments?post=2546"}],"version-history":[{"count":3,"href":"https:\/\/www.institut-solidaris.be\/index.php\/wp-json\/wp\/v2\/pages\/2546\/revisions"}],"predecessor-version":[{"id":2621,"href":"https:\/\/www.institut-solidaris.be\/index.php\/wp-json\/wp\/v2\/pages\/2546\/revisions\/2621"}],"up":[{"embeddable":true,"href":"https:\/\/www.institut-solidaris.be\/index.php\/wp-json\/wp\/v2\/pages\/2243"}],"wp:featuredmedia":[{"embeddable":true,"href":"https:\/\/www.institut-solidaris.be\/index.php\/wp-json\/wp\/v2\/media\/2622"}],"wp:attachment":[{"href":"https:\/\/www.institut-solidaris.be\/index.php\/wp-json\/wp\/v2\/media?parent=2546"}],"curies":[{"name":"wp","href":"https:\/\/api.w.org\/{rel}","templated":true}]}}