{"id":2528,"date":"2022-05-04T10:14:56","date_gmt":"2022-05-04T09:14:56","guid":{"rendered":"https:\/\/www.institut-solidaris.be\/?page_id=2528"},"modified":"2022-05-05T11:02:32","modified_gmt":"2022-05-05T10:02:32","slug":"livre-blanc-pour-un-acces-de-tous-a-une-alimentation-de-qualite","status":"publish","type":"page","link":"https:\/\/www.institut-solidaris.be\/index.php\/etudes\/prevention\/livre-blanc-pour-un-acces-de-tous-a-une-alimentation-de-qualite\/","title":{"rendered":"Livre Blanc : Pour un acc\u00e8s de tous  \u00e0 une alimentation de qualit\u00e9"},"content":{"rendered":"<div class=\"fusion-fullwidth fullwidth-box fusion-builder-row-1 nonhundred-percent-fullwidth non-hundred-percent-height-scrolling\" style=\"--awb-background-position:left top;--awb-border-radius-top-left:0px;--awb-border-radius-top-right:0px;--awb-border-radius-bottom-right:0px;--awb-border-radius-bottom-left:0px;--awb-padding-top:20px;--awb-padding-bottom:20px;--awb-border-sizes-top:0px;--awb-border-sizes-bottom:0px;--awb-flex-wrap:wrap;\" ><div class=\"fusion-builder-row fusion-row\"><div class=\"fusion-layout-column fusion_builder_column fusion-builder-column-0 fusion_builder_column_1_2 1_2 fusion-one-half fusion-column-first\" style=\"--awb-bg-size:cover;width:48%; margin-right: 4%;\"><div class=\"fusion-column-wrapper fusion-flex-column-wrapper-legacy\"><div class=\"fusion-text fusion-text-1\"><\/div><div class=\"fusion-text fusion-text-2\"><p>La promotion de la sant\u00e9 consid\u00e8re la sant\u00e9 comme un droit humain pour une vie de qualit\u00e9. Depuis ses fondements, formul\u00e9s dans la charte d\u2019Ottawa (OMS, 1986), la promotion de la sant\u00e9 est profond\u00e9ment engag\u00e9e pour l\u2019\u00e9galit\u00e9, la justice sociale et l\u2019empowerment des publics. Les d\u00e9fis de gouvernance de la promotion de la sant\u00e9 impliquent :<br \/>\n\u2022 Un engagement pour l\u2019\u00e9galit\u00e9 \u00e0 l\u2019int\u00e9rieur et entre les soci\u00e9t\u00e9s \u00e0 travers l\u2019action sur les d\u00e9terminants sociaux de la sant\u00e9 ;<br \/>\n\u2022 L\u2019investissement pour la sant\u00e9 en tant que ressource pr\u00e9cieuse pour les individus, les communaut\u00e9s et les soci\u00e9t\u00e9s, voire pour la communaut\u00e9 mondiale dans son enti\u00e8ret\u00e9 ;<br \/>\n\u2022 Des approches politiques horizontales &#8211; la sant\u00e9 dans toutes les politiques &#8211; qui reconnaissent<br \/>\nla valeur de la sant\u00e9 dans tous les secteurs et qui \u00e9valuent l\u2019impact de leurs d\u00e9cisions sur la sant\u00e9<br \/>\navant de les prendre.<\/p>\n<p>Le pr\u00e9sent Livre blanc s\u2019inscrit r\u00e9solument dans une d\u00e9marche de promotion de la sant\u00e9 :<br \/>\n\u2022 Il identifie un ensemble de d\u00e9terminants vari\u00e9s de l\u2019acc\u00e8s \u00e0 une alimentation de qualit\u00e9 ;<br \/>\n\u2022 Il recommande un travail multidisciplinaire et intersectoriel pour concevoir et mettre en \u0153uvre une politique int\u00e9gr\u00e9e de l\u2019alimentation ;<br \/>\n\u2022 Il plaide pour la prise en compte de l\u2019accessibilit\u00e9 \u00e0 l\u2019alimentation de qualit\u00e9 au niveau de toutesles politiques publiques ;<\/p>\n<p>\u2022 Il r\u00e9affirme le n\u00e9cessaire travail de proximit\u00e9 avec les publics pour plus d\u2019empowerment individuel et collectif ;<br \/>\n\u2022 Il veut faire \u00e9voluer les environnements et les lieux de vie vers plus de sant\u00e9 ;<br \/>\n\u2022 Il vise la r\u00e9duction des in\u00e9galit\u00e9s sociales par des recommandations ayant trait \u00e0 la gouvernance alimentaire, \u00e0 la qualit\u00e9 des syst\u00e8mes de protection sociale et \u00e0 des mesures sp\u00e9cifiques \u00e0 destination des publics pr\u00e9caris\u00e9s.<\/p>\n<p><strong><span style=\"color: #ff0000;\"><a style=\"color: #ff0000;\" href=\"https:\/\/www.institut-solidaris.be\/wp-content\/uploads\/2022\/05\/LivreBlancPepsA.pdf\">Lien vers Livre blanc pour un acc\u00e8s de tous \u00e0 une alimentation de qualit\u00e9<\/a><\/span><\/strong><\/p>\n<\/div><div class=\"fusion-clearfix\"><\/div><\/div><\/div><div class=\"fusion-layout-column fusion_builder_column fusion-builder-column-1 fusion_builder_column_1_2 1_2 fusion-one-half fusion-column-last\" style=\"--awb-bg-size:cover;width:48%;\"><div class=\"fusion-column-wrapper fusion-flex-column-wrapper-legacy\"><div class=\"fusion-clearfix\"><\/div><\/div><\/div><\/div><\/div>\n","protected":false},"excerpt":{"rendered":"","protected":false},"author":9,"featured_media":2647,"parent":2251,"menu_order":1,"comment_status":"closed","ping_status":"closed","template":"","meta":{"footnotes":""},"class_list":["post-2528","page","type-page","status-publish","has-post-thumbnail","hentry"],"_links":{"self":[{"href":"https:\/\/www.institut-solidaris.be\/index.php\/wp-json\/wp\/v2\/pages\/2528","targetHints":{"allow":["GET"]}}],"collection":[{"href":"https:\/\/www.institut-solidaris.be\/index.php\/wp-json\/wp\/v2\/pages"}],"about":[{"href":"https:\/\/www.institut-solidaris.be\/index.php\/wp-json\/wp\/v2\/types\/page"}],"author":[{"embeddable":true,"href":"https:\/\/www.institut-solidaris.be\/index.php\/wp-json\/wp\/v2\/users\/9"}],"replies":[{"embeddable":true,"href":"https:\/\/www.institut-solidaris.be\/index.php\/wp-json\/wp\/v2\/comments?post=2528"}],"version-history":[{"count":2,"href":"https:\/\/www.institut-solidaris.be\/index.php\/wp-json\/wp\/v2\/pages\/2528\/revisions"}],"predecessor-version":[{"id":2648,"href":"https:\/\/www.institut-solidaris.be\/index.php\/wp-json\/wp\/v2\/pages\/2528\/revisions\/2648"}],"up":[{"embeddable":true,"href":"https:\/\/www.institut-solidaris.be\/index.php\/wp-json\/wp\/v2\/pages\/2251"}],"wp:featuredmedia":[{"embeddable":true,"href":"https:\/\/www.institut-solidaris.be\/index.php\/wp-json\/wp\/v2\/media\/2647"}],"wp:attachment":[{"href":"https:\/\/www.institut-solidaris.be\/index.php\/wp-json\/wp\/v2\/media?parent=2528"}],"curies":[{"name":"wp","href":"https:\/\/api.w.org\/{rel}","templated":true}]}}