{"id":2521,"date":"2022-05-04T10:07:35","date_gmt":"2022-05-04T09:07:35","guid":{"rendered":"https:\/\/www.institut-solidaris.be\/?page_id=2521"},"modified":"2022-05-05T10:09:43","modified_gmt":"2022-05-05T09:09:43","slug":"suivi-des-soins-aux-malades-chroniques-durant-la-crise-sanitaire","status":"publish","type":"page","link":"https:\/\/www.institut-solidaris.be\/index.php\/etudes\/covid\/suivi-des-soins-aux-malades-chroniques-durant-la-crise-sanitaire\/","title":{"rendered":"Suivi des soins aux malades chroniques durant la crise sanitaire"},"content":{"rendered":"<div class=\"fusion-fullwidth fullwidth-box fusion-builder-row-1 nonhundred-percent-fullwidth non-hundred-percent-height-scrolling\" style=\"--awb-background-position:left top;--awb-border-radius-top-left:0px;--awb-border-radius-top-right:0px;--awb-border-radius-bottom-right:0px;--awb-border-radius-bottom-left:0px;--awb-padding-top:20px;--awb-padding-bottom:20px;--awb-border-sizes-top:0px;--awb-border-sizes-bottom:0px;--awb-flex-wrap:wrap;\" ><div class=\"fusion-builder-row fusion-row\"><div class=\"fusion-layout-column fusion_builder_column fusion-builder-column-0 fusion_builder_column_1_2 1_2 fusion-one-half fusion-column-first\" style=\"--awb-bg-size:cover;width:48%; margin-right: 4%;\"><div class=\"fusion-column-wrapper fusion-flex-column-wrapper-legacy\"><div class=\"fusion-text fusion-text-1\"><\/div><div class=\"fusion-text fusion-text-2\"><p>Le contexte :<\/p>\n<ul>\n<li>D\u00e9claration d&rsquo;un confinement strict entre le 18\/03 et le 03\/05 impos\u00e9 \u00e0 la population belge pour lutter contre la propagation du Covid-19.<\/li>\n<li>\u00a0Consigne pour les prestataires de soins : annuler ou postposer les actes m\u00e9dicaux non-urgents\/non-essentiels mais assurer la<br \/>\ncontinuit\u00e9 des soins essentiels aux patients notamment via les t\u00e9l\u00e9consultations (consultation \u00e0 distance par t\u00e9l\u00e9phone ou vid\u00e9o)<br \/>\nautoris\u00e9es par l\u2019INAMI d\u00e8s le 14\/03.<\/li>\n<li>D\u00e9confinement progressif \u00e0 partir du 04\/05.<\/li>\n<\/ul>\n<p>Enqu\u00eates men\u00e9es aupr\u00e8s de la population belge depuis le d\u00e9but de la crise sanitaire montrent que l\u2019\u00e9pid\u00e9mie a eu un impact important sur l\u2019acc\u00e8s au syst\u00e8me de soins de sant\u00e9 :<br \/>\n&#8211;\u00a0 Annulation des rendez-vous pr\u00e9vus au cours des 4 derni\u00e8res semaines entre 25% et 90% selon le prestataire de soins. (Sciensano, enqu\u00eate entre le 02\/04 et le 9\/04)<\/p>\n<ul>\n<li>\u00a052% des personnes d\u00e9clarent ne pas pouvoir consulter leur m\u00e9decin, physioth\u00e9rapeute ou dentiste pour leur probl\u00e8me de sant\u00e9. (Uantwerpen, enqu\u00eate le 07\/04)<\/li>\n<li>\u00a0Une personne sur 2 affirme avoir renonc\u00e9 \u00e0 des soins de sp\u00e9cialistes pr\u00e9vus avant la crise. (UCL, enqu\u00eate men\u00e9e \u00e0 partir du 06\/05)<\/li>\n<li>\u00a0Une personne sur 5 avoue un probl\u00e8me de sant\u00e9 mais pr\u00e9f\u00e8re, en raison de la crise sanitaire, postposer la visite. (Uantwerpen, enqu\u00eate le 07\/04)<\/li>\n<\/ul>\n<p>1 \u00e8re \u00e9tude quantitative Solidaris* sur les contacts avec un m\u00e9decin g\u00e9n\u00e9raliste (MG) 6 semaines avant et 6 semaines apr\u00e8s le d\u00e9but du confinement montre que :<\/p>\n<ul>\n<li>La crise a impact\u00e9 de mani\u00e8re significative le recours normal \u00e0 la 1\u00e8re ligne de soins mais la diminution de contacts avec le MG a pu \u00eatre limit\u00e9e gr\u00e2ce aux t\u00e9l\u00e9consultations (-26% au lieu de -62%).\u00a0Les malades chroniques ont r\u00e9duit les contacts avec le MG de 18%.<\/li>\n<li>La crise a surtout touch\u00e9 les patients ayant un profil fragilis\u00e9 socio-\u00e9conomiquement avec une baisse des contacts avec le MG de 32%.<br \/>\nLaasman, Maron et Vrancken (2020), \u00ab Covid-19 : Quel impact sur les contacts en m\u00e9decine g\u00e9n\u00e9rale? \u00bb, Stat Info<br \/>\nSolidaris, Juin 2020.<\/li>\n<\/ul>\n<p>OBJECTIFS :<br \/>\nFaire un focus sur les malades chroniques, soit une population en besoins de suivi m\u00e9dical par d\u00e9finition, et les interroger pour examiner dans quelle mesure leurs soins en lien avec leur maladie chronique ont pu \u00eatre maintenus pendant la crise sanitaire cette question n\u2019a pas encore \u00e9t\u00e9 investigu\u00e9e : le report de soins a surtout \u00e9t\u00e9 mesur\u00e9 au sein de la population g\u00e9n\u00e9rale et tout type de soins confondus jusqu\u2019\u00e0 pr\u00e9sent.<\/p>\n<ul>\n<li>\u00a0Analyser leur situation pendant le confinement (du 18\/03 au 03\/05) mais aussi suite au d\u00e9confinement progressif (\u00e0 partir du 04\/05).<\/li>\n<\/ul>\n<p><a href=\"https:\/\/www.institut-solidaris.be\/wp-content\/uploads\/2022\/05\/Publication-etude-suivi-des-soins-aux-malades-chroniques-durant-la-crise-sanitaire.pdf\" target=\"_blank\" rel=\"noopener\"><strong><span style=\"color: #ff0000;\">Lien vers : Suivi des soins aux malades chroniques durant la crise sanitaire<\/span><\/strong><\/a><\/p>\n<\/div><div class=\"fusion-clearfix\"><\/div><\/div><\/div><div class=\"fusion-layout-column fusion_builder_column fusion-builder-column-1 fusion_builder_column_1_2 1_2 fusion-one-half fusion-column-last\" style=\"--awb-bg-size:cover;width:48%;\"><div class=\"fusion-column-wrapper fusion-flex-column-wrapper-legacy\"><div class=\"fusion-clearfix\"><\/div><\/div><\/div><\/div><\/div>\n","protected":false},"excerpt":{"rendered":"","protected":false},"author":9,"featured_media":2619,"parent":2237,"menu_order":1,"comment_status":"closed","ping_status":"closed","template":"","meta":{"footnotes":""},"class_list":["post-2521","page","type-page","status-publish","has-post-thumbnail","hentry"],"_links":{"self":[{"href":"https:\/\/www.institut-solidaris.be\/index.php\/wp-json\/wp\/v2\/pages\/2521","targetHints":{"allow":["GET"]}}],"collection":[{"href":"https:\/\/www.institut-solidaris.be\/index.php\/wp-json\/wp\/v2\/pages"}],"about":[{"href":"https:\/\/www.institut-solidaris.be\/index.php\/wp-json\/wp\/v2\/types\/page"}],"author":[{"embeddable":true,"href":"https:\/\/www.institut-solidaris.be\/index.php\/wp-json\/wp\/v2\/users\/9"}],"replies":[{"embeddable":true,"href":"https:\/\/www.institut-solidaris.be\/index.php\/wp-json\/wp\/v2\/comments?post=2521"}],"version-history":[{"count":2,"href":"https:\/\/www.institut-solidaris.be\/index.php\/wp-json\/wp\/v2\/pages\/2521\/revisions"}],"predecessor-version":[{"id":2618,"href":"https:\/\/www.institut-solidaris.be\/index.php\/wp-json\/wp\/v2\/pages\/2521\/revisions\/2618"}],"up":[{"embeddable":true,"href":"https:\/\/www.institut-solidaris.be\/index.php\/wp-json\/wp\/v2\/pages\/2237"}],"wp:featuredmedia":[{"embeddable":true,"href":"https:\/\/www.institut-solidaris.be\/index.php\/wp-json\/wp\/v2\/media\/2619"}],"wp:attachment":[{"href":"https:\/\/www.institut-solidaris.be\/index.php\/wp-json\/wp\/v2\/media?parent=2521"}],"curies":[{"name":"wp","href":"https:\/\/api.w.org\/{rel}","templated":true}]}}