{"id":2518,"date":"2022-05-04T08:53:11","date_gmt":"2022-05-04T07:53:11","guid":{"rendered":"https:\/\/www.institut-solidaris.be\/?page_id=2518"},"modified":"2022-05-05T11:13:56","modified_gmt":"2022-05-05T10:13:56","slug":"vers-un-monitoring-de-la-sante","status":"publish","type":"page","link":"https:\/\/www.institut-solidaris.be\/index.php\/etudes\/sante-mentale\/vers-un-monitoring-de-la-sante\/","title":{"rendered":"Vers un monitoring de la sant\u00e9 mentale"},"content":{"rendered":"<p>Solidaris propose un 1er set d\u2019indicateurs pour objectiver au mieux la sant\u00e9 mentale des Belges gr\u00e2ce \u00e0 ses donn\u00e9es. Celles-ci offrent un \u00e9tat des lieux d\u00e9taill\u00e9 et un suivi de l\u2019\u00e9volution de la consommation de soins de ses affili\u00e9s dans le temps, en particulier lors de la crise sanitaire. Les donn\u00e9es disponibles \u00e0 ce jour documentent la sant\u00e9 mentale jusque fin 2020. Un second pic est ensuite observ\u00e9 lors de la 2\u00e8me vague de cas covid avec 23% de la population pr\u00e9sentant des troubles anxieux et 22% pr\u00e9sentant des troubles d\u00e9pressifs en d\u00e9cembre 2020.<\/p>\n<p><span style=\"color: #ff0000;\"><strong><a style=\"color: #ff0000;\" href=\"https:\/\/www.institut-solidaris.be\/wp-content\/uploads\/2022\/05\/Publication-etude-vers-un-monitoring-de-la-sante-mentale.pdf\">Livens vers Vers un monitoring de la sant\u00e9 mentale<\/a><\/strong><\/span><\/p>\n","protected":false},"excerpt":{"rendered":"<p>Solidaris propose un 1er set d\u2019indicateurs pour objectiver au mieux la sant\u00e9 mentale des Belges gr\u00e2ce \u00e0 ses donn\u00e9es. Celles-ci offrent un \u00e9tat des lieux d\u00e9taill\u00e9 et un suivi de l\u2019\u00e9volution de la consommation de soins de ses affili\u00e9s dans le temps, en particulier lors de la crise sanitaire. Les donn\u00e9es disponibles \u00e0 ce jour  [&#8230;]<\/p>\n","protected":false},"author":9,"featured_media":2656,"parent":2257,"menu_order":1,"comment_status":"closed","ping_status":"closed","template":"","meta":{"footnotes":""},"class_list":["post-2518","page","type-page","status-publish","has-post-thumbnail","hentry"],"_links":{"self":[{"href":"https:\/\/www.institut-solidaris.be\/index.php\/wp-json\/wp\/v2\/pages\/2518","targetHints":{"allow":["GET"]}}],"collection":[{"href":"https:\/\/www.institut-solidaris.be\/index.php\/wp-json\/wp\/v2\/pages"}],"about":[{"href":"https:\/\/www.institut-solidaris.be\/index.php\/wp-json\/wp\/v2\/types\/page"}],"author":[{"embeddable":true,"href":"https:\/\/www.institut-solidaris.be\/index.php\/wp-json\/wp\/v2\/users\/9"}],"replies":[{"embeddable":true,"href":"https:\/\/www.institut-solidaris.be\/index.php\/wp-json\/wp\/v2\/comments?post=2518"}],"version-history":[{"count":2,"href":"https:\/\/www.institut-solidaris.be\/index.php\/wp-json\/wp\/v2\/pages\/2518\/revisions"}],"predecessor-version":[{"id":2657,"href":"https:\/\/www.institut-solidaris.be\/index.php\/wp-json\/wp\/v2\/pages\/2518\/revisions\/2657"}],"up":[{"embeddable":true,"href":"https:\/\/www.institut-solidaris.be\/index.php\/wp-json\/wp\/v2\/pages\/2257"}],"wp:featuredmedia":[{"embeddable":true,"href":"https:\/\/www.institut-solidaris.be\/index.php\/wp-json\/wp\/v2\/media\/2656"}],"wp:attachment":[{"href":"https:\/\/www.institut-solidaris.be\/index.php\/wp-json\/wp\/v2\/media?parent=2518"}],"curies":[{"name":"wp","href":"https:\/\/api.w.org\/{rel}","templated":true}]}}