{"id":2515,"date":"2022-05-04T08:48:04","date_gmt":"2022-05-04T07:48:04","guid":{"rendered":"https:\/\/www.institut-solidaris.be\/?page_id=2515"},"modified":"2022-09-12T08:45:57","modified_gmt":"2022-09-12T07:45:57","slug":"2515-2","status":"publish","type":"page","link":"https:\/\/www.institut-solidaris.be\/index.php\/etudes\/sante\/2515-2\/","title":{"rendered":"Cancer du sein : les co\u00fbts et les faces cach\u00e9es de la maladie"},"content":{"rendered":"<div class=\"fusion-fullwidth fullwidth-box fusion-builder-row-1 nonhundred-percent-fullwidth non-hundred-percent-height-scrolling\" style=\"--awb-background-position:left top;--awb-border-sizes-top:0px;--awb-border-sizes-bottom:0px;--awb-border-sizes-left:0px;--awb-border-sizes-right:0px;--awb-border-radius-top-left:0px;--awb-border-radius-top-right:0px;--awb-border-radius-bottom-right:0px;--awb-border-radius-bottom-left:0px;--awb-padding-top:20px;--awb-padding-bottom:20px;--awb-flex-wrap:wrap;\" ><div class=\"fusion-builder-row fusion-row\"><div class=\"fusion-layout-column fusion_builder_column fusion-builder-column-0 fusion_builder_column_1_2 1_2 fusion-one-half fusion-column-first\" style=\"--awb-bg-size:cover;width:48%; margin-right: 4%;\"><div class=\"fusion-column-wrapper fusion-flex-column-wrapper-legacy\"><div class=\"fusion-text fusion-text-1\"><\/div><div class=\"fusion-text fusion-text-2\"><p>Le cancer du sein1 est le cancer le plus fr\u00e9quent chez les femmes. Les derni\u00e8res estimations disponibles en 2018 font ainsi \u00e9tat de 2,1 millions de nouveaux diagnostics de cancer du sein chez les femmes dans le monde, repr\u00e9sentant ainsi un cas de cancer sur quatre (24%).<br \/>\nLa Belgique est le pays affichant le taux d\u2019incidence du cancer du sein le plus \u00e9lev\u00e9 au monde avec 188 cas de cancer de sein pour 100.000 femmes en 2018 . Depuis 2010, c\u2019est plus de 10.000 nouveaux cas de cancer du sein qui sont enregistr\u00e9s chaque ann\u00e9e (10.905 cas chez les femmes en 2018).<br \/>\nAinsi, dans notre pays, plus d\u2019un tiers des cancers f\u00e9minins sont dus \u00e0 un cancer du sein. Si le cancer du sein se manifeste rarement avant les 40 ans (et encore moins avant les 30 ans avec une quinzaine de cas par 100.000 femmes), le risque de cancer de sein augmente avec l\u2019\u00e2ge. Une femme sur neuf y sera confront\u00e9e avant ses 75 ans.<\/p>\n<p>Le risque de cancer du sein est \u00e9galement un peu plus \u00e9lev\u00e9 chez certaines femmes dont celles sans enfant, celles qui ont eu leurs premi\u00e8res r\u00e8gles tr\u00e8s jeunes (avant l\u2019\u00e2ge de 12 ans), celles m\u00e9nopaus\u00e9es apr\u00e8s 55 ans ou prenant des hormones \u00e0 la m\u00e9nopause (surtout si leur traitement dure plus de cinq ans), les femmes fumeuses, s\u00e9dentaires, en surpoids (surtout apr\u00e8s la m\u00e9nopause) ou encore consommant plus d\u2019un verre de boisson alcoolis\u00e9e par jour.<\/p>\n<p>La litt\u00e9rature montre par ailleurs que le risque de cancer du sein d\u00e9pend des ant\u00e9c\u00e9dents familiaux (un cancer du sein chez un ou plusieurs parents au premier degr\u00e9) et de facteurs g\u00e9n\u00e9tiques. Ces facteurs interviennent ainsi dans 5% \u00e0 10% des cancers du sein.<br \/>\nIl existe \u00e0 ce jour peu d\u2019\u00e9tudes ayant analys\u00e9 le co\u00fbt de la maladie dans le cas du cancer du sein en Belgique. La question du cancer du sein est bien souvent abord\u00e9e sous l\u2019angle de la pr\u00e9vention et du d\u00e9pistage.<\/p>\n<p>Or, les patientes affrontant un cancer du sein doivent bien souvent faire face \u00e0 d\u2019autres probl\u00e8mes qui viennent s\u2019ajouter \u00e0 la maladie en tant que telle. Parmi eux, la maladie repr\u00e9sente un co\u00fbt important et ce malgr\u00e9 l\u2019intervention de l\u2019assurance maladie. En effet, elle engendre une s\u00e9rie de co\u00fbts qui ne sont que partiellement, voire pas du tout rembours\u00e9s par l\u2019assurance obligatoire (AO) (cf. suppl\u00e9ments<br \/>\nd\u2019honoraires, prestations et produits non remboursables par l\u2019AO, frais de d\u00e9placement, etc.). En parall\u00e8le, les femmes souffrant d\u2019un cancer du sein subissent une perte de revenus li\u00e9es \u00e0 leur incapacit\u00e9 de travail.<\/p>\n<p>Les difficult\u00e9s rencontr\u00e9es par les patientes peuvent \u00e9galement concerner la maladie et sa prise en charge m\u00e9dicale et les traitements, les effets secondaires, les cons\u00e9quences dans la vie quotidienne (familiale, sociale, professionnelle, etc.)\u2026 Toutes ces r\u00e9percussions, que l\u2019on pourrait appeler \u00ab co\u00fbts indirects \u00bb ou \u00ab co\u00fbts cach\u00e9s \u00bb, peuvent donc aussi \u00eatre consid\u00e9r\u00e9es et int\u00e9gr\u00e9es dans le \u00ab co\u00fbt \u00bb de la maladie.<br \/>\nL&rsquo;objectif de cette \u00e9tude est donc d&rsquo;analyser les co\u00fbts (directs et indirects\/cach\u00e9s) engendr\u00e9s par le cancer du sein sur base :<\/p>\n<p>&#8211; D\u2019une \u00e9tude quantitiative r\u00e9alis\u00e9es \u00e0 partir des donn\u00e9es disponibles au niveau de Solidaris pour lesquelles nous avons suivi pendant cinq ans une cohorte de 2.600 femmes ayant d\u00e9marr\u00e9 un traitement pour un cancer du sein en 2014 ainsi qu\u2019\u00e0 partir de donn\u00e9es transmises par la Fondation contre le Cancer sur base des demandes d\u2019aide financi\u00e8re qui y sont introduites ; &#8211; D\u2019une enqu\u00eate qualitative pour objectiver la perception et le v\u00e9cu des patientes face \u00e0 la maladie et ses co\u00fbts, pour laquelle 300 femmes ont \u00e9t\u00e9 interrog\u00e9es entre le 14 et le 30 juin 2021.<br \/>\nCette \u00e9tude innovante permet ainsi d\u2019avoir une approche globale pour \u00e9valuer les co\u00fbts du cancer du sein et de d\u00e9crire la probl\u00e9matique du cancer du sein au-del\u00e0 du traitement m\u00e9dical et de ses co\u00fbts financiers stricto sensu.<\/p>\n<p><span style=\"color: #ff0000;\"><strong><a style=\"color: #ff0000;\" href=\"https:\/\/www.institut-solidaris.be\/wp-content\/uploads\/2022\/05\/Publication-Etude-Cancer-du-sein.pdf\">Lien vers l&rsquo;\u00e9tude <\/a><a style=\"color: #ff0000;\" href=\"https:\/\/www.institut-solidaris.be\/wp-content\/uploads\/2022\/05\/Publication-Etude-Cancer-du-sein.pdf\">Cancer du sein : les co\u00fbts et les faces cach\u00e9es de la maladie<\/a><\/strong><\/span><\/p>\n<p><a href=\"https:\/\/www.institut-solidaris.be\/wp-content\/uploads\/2022\/09\/Synthese-Solidaris_Cancer-du-sein_18102021.pdf\" target=\"_blank\" rel=\"noopener\">Lien vers la synth\u00e8se de l&rsquo;\u00e9tude Cancer du sein : les co\u00fbts et les faces cach\u00e9es de la maladie<\/a><\/p>\n<\/div><div class=\"fusion-clearfix\"><\/div><\/div><\/div><div class=\"fusion-layout-column fusion_builder_column fusion-builder-column-1 fusion_builder_column_1_2 1_2 fusion-one-half fusion-column-last\" style=\"--awb-bg-size:cover;width:48%;\"><div class=\"fusion-column-wrapper fusion-flex-column-wrapper-legacy\"><div class=\"fusion-clearfix\"><\/div><\/div><\/div><\/div><\/div>\n","protected":false},"excerpt":{"rendered":"","protected":false},"author":9,"featured_media":2652,"parent":2255,"menu_order":0,"comment_status":"closed","ping_status":"closed","template":"","meta":{"footnotes":""},"class_list":["post-2515","page","type-page","status-publish","has-post-thumbnail","hentry"],"_links":{"self":[{"href":"https:\/\/www.institut-solidaris.be\/index.php\/wp-json\/wp\/v2\/pages\/2515","targetHints":{"allow":["GET"]}}],"collection":[{"href":"https:\/\/www.institut-solidaris.be\/index.php\/wp-json\/wp\/v2\/pages"}],"about":[{"href":"https:\/\/www.institut-solidaris.be\/index.php\/wp-json\/wp\/v2\/types\/page"}],"author":[{"embeddable":true,"href":"https:\/\/www.institut-solidaris.be\/index.php\/wp-json\/wp\/v2\/users\/9"}],"replies":[{"embeddable":true,"href":"https:\/\/www.institut-solidaris.be\/index.php\/wp-json\/wp\/v2\/comments?post=2515"}],"version-history":[{"count":6,"href":"https:\/\/www.institut-solidaris.be\/index.php\/wp-json\/wp\/v2\/pages\/2515\/revisions"}],"predecessor-version":[{"id":2753,"href":"https:\/\/www.institut-solidaris.be\/index.php\/wp-json\/wp\/v2\/pages\/2515\/revisions\/2753"}],"up":[{"embeddable":true,"href":"https:\/\/www.institut-solidaris.be\/index.php\/wp-json\/wp\/v2\/pages\/2255"}],"wp:featuredmedia":[{"embeddable":true,"href":"https:\/\/www.institut-solidaris.be\/index.php\/wp-json\/wp\/v2\/media\/2652"}],"wp:attachment":[{"href":"https:\/\/www.institut-solidaris.be\/index.php\/wp-json\/wp\/v2\/media?parent=2515"}],"curies":[{"name":"wp","href":"https:\/\/api.w.org\/{rel}","templated":true}]}}