{"id":2496,"date":"2022-05-02T13:29:02","date_gmt":"2022-05-02T12:29:02","guid":{"rendered":"https:\/\/www.institut-solidaris.be\/?page_id=2496"},"modified":"2022-05-05T10:41:03","modified_gmt":"2022-05-05T09:41:03","slug":"2496-2","status":"publish","type":"page","link":"https:\/\/www.institut-solidaris.be\/index.php\/etudes\/medicaments\/2496-2\/","title":{"rendered":"Expiration du brevet : quel impact sur les prix et les volumes ?"},"content":{"rendered":"<p>En mai 2012, la firme pharmaceutique Pfizer a perdu l\u2019exclusivit\u00e9 commerciale sur l\u2019atorvastatine qui \u00e9tait jusqu\u2019alors vendue uniquement sous forme de m\u00e9dicament original, le Lipitor. L\u2019expiration du brevet du Lipitor et l\u2019arriv\u00e9e des g\u00e9n\u00e9riques concurrents se sont traduits par une forte baisse du chiffre d\u2019affaire r\u00e9alis\u00e9 par la firme Pfizer sur la vente du Lipitor. En 2013, la firme conservait toutefois la majeure partie (63%) du march\u00e9 de l\u2019atorvastatine gr\u00e2ce aux ventes de son propre g\u00e9n\u00e9rique, le Totalip. Le reste du march\u00e9 se r\u00e9partissait entre les autres g\u00e9n\u00e9riques (19%) et les m\u00e9dicaments d\u2019importation parall\u00e8le (18%). Globalement, les d\u00e9penses de l\u2019assurance maladie pour l\u2019atorvastatine se sont r\u00e9duites de moiti\u00e9 entre 2011 et 2013. La \u201cguerre des prix\u201d sur le march\u00e9 de l\u2019atorvastatine a entra\u00een\u00e9 une diminution du prix public moyen de l\u2019atorvastatine de 65%. Mais cette baisse a \u00e9t\u00e9 en partie compens\u00e9e par une augmentation (+31%) du volume de doses d\u00e9livr\u00e9es sur la m\u00eame p\u00e9riode. On observe un rythme de croissance du volume deux fois plus soutenu apr\u00e8s l\u2019expiration du brevet (15% contre 7% de moyenne annuelle avant l\u2019expiration du brevet). Cette progression s\u2019explique quasi-exclusivement par l\u2019augmentation du nombre de patients trait\u00e9s par atorvastatine. La hausse du volume observ\u00e9e au niveau de l\u2019atorvastatine provient d\u2019un shift de prescription au sein m\u00eame de la classe des statines. En 2013, 35% des patients initient leur traitement avec de l\u2019atorvastatine contre 13% en 2011 !<\/p>\n<p>Par ailleurs, deux fois plus de patients d\u00e9j\u00e0 sous statine \u201cswitchent\u201d d\u2019un traitement par simvastatine vers l\u2019atorvastatine. Cette augmentation sensible du nombre de patients trait\u00e9s par atorvastatine ne se justifie ni sur le plan m\u00e9dical, ni sur le plan financier. On peut d\u00e8s lors penser qu\u2019elle est imputable aux vastes campagnes de marketing qui ont accompagn\u00e9 l\u2019expiration du brevet du Lipitor et l\u2019arriv\u00e9e sur le march\u00e9 du Totalip et des g\u00e9n\u00e9riques concurrents. Enfin, plus d\u2019un patient sur trois sous Lipitor avant la perte du brevet restent trait\u00e9s avec ce m\u00e9dicament de marque en 2013 alors que ce dernier reste deux fois plus cher que les g\u00e9n\u00e9riques. Parmi ceux qui commencent un traitement \u00e0 l\u2019atorvastatine apr\u00e8s l\u2019expiration du brevet, 16% d\u00e9butent avec le m\u00e9dicament original plus cher. Face \u00e0 ces constats, Solidaris &#8211; Mutualit\u00e9 Socialiste propose un meilleur contr\u00f4le des pratiques de marketing, de faire jouer la concurrence par les prix entre m\u00e9dicaments de m\u00eame valeur th\u00e9rapeutique, l\u2019obligation de prescription en DCI pour certains traitements et enfin, la mise en place d\u2019un Observatoire de la prescription.<\/p>\n<p><strong><span style=\"color: #ff0000;\"><a style=\"color: #ff0000;\" href=\"https:\/\/www.institut-solidaris.be\/wp-content\/uploads\/2022\/05\/StatInfo3-Solidaris-expiration-brevet.pdf\" target=\"_blank\" rel=\"noopener\">Expiration des brevets : quel impact sur les prix et les volumes<\/a><\/span><\/strong><\/p>\n","protected":false},"excerpt":{"rendered":"<p>En mai 2012, la firme pharmaceutique Pfizer a perdu l\u2019exclusivit\u00e9 commerciale sur l\u2019atorvastatine qui \u00e9tait jusqu\u2019alors vendue uniquement sous forme de m\u00e9dicament original, le Lipitor. L\u2019expiration du brevet du Lipitor et l\u2019arriv\u00e9e des g\u00e9n\u00e9riques concurrents se sont traduits par une forte baisse du chiffre d\u2019affaire r\u00e9alis\u00e9 par la firme Pfizer sur la vente du Lipitor.  [&#8230;]<\/p>\n","protected":false},"author":9,"featured_media":2634,"parent":2247,"menu_order":3,"comment_status":"closed","ping_status":"closed","template":"","meta":{"footnotes":""},"class_list":["post-2496","page","type-page","status-publish","has-post-thumbnail","hentry"],"_links":{"self":[{"href":"https:\/\/www.institut-solidaris.be\/index.php\/wp-json\/wp\/v2\/pages\/2496","targetHints":{"allow":["GET"]}}],"collection":[{"href":"https:\/\/www.institut-solidaris.be\/index.php\/wp-json\/wp\/v2\/pages"}],"about":[{"href":"https:\/\/www.institut-solidaris.be\/index.php\/wp-json\/wp\/v2\/types\/page"}],"author":[{"embeddable":true,"href":"https:\/\/www.institut-solidaris.be\/index.php\/wp-json\/wp\/v2\/users\/9"}],"replies":[{"embeddable":true,"href":"https:\/\/www.institut-solidaris.be\/index.php\/wp-json\/wp\/v2\/comments?post=2496"}],"version-history":[{"count":4,"href":"https:\/\/www.institut-solidaris.be\/index.php\/wp-json\/wp\/v2\/pages\/2496\/revisions"}],"predecessor-version":[{"id":2636,"href":"https:\/\/www.institut-solidaris.be\/index.php\/wp-json\/wp\/v2\/pages\/2496\/revisions\/2636"}],"up":[{"embeddable":true,"href":"https:\/\/www.institut-solidaris.be\/index.php\/wp-json\/wp\/v2\/pages\/2247"}],"wp:featuredmedia":[{"embeddable":true,"href":"https:\/\/www.institut-solidaris.be\/index.php\/wp-json\/wp\/v2\/media\/2634"}],"wp:attachment":[{"href":"https:\/\/www.institut-solidaris.be\/index.php\/wp-json\/wp\/v2\/media?parent=2496"}],"curies":[{"name":"wp","href":"https:\/\/api.w.org\/{rel}","templated":true}]}}