{"id":2493,"date":"2022-05-02T13:25:19","date_gmt":"2022-05-02T12:25:19","guid":{"rendered":"https:\/\/www.institut-solidaris.be\/?page_id=2493"},"modified":"2022-05-05T09:53:09","modified_gmt":"2022-05-05T08:53:09","slug":"le-patient-est-il-fidele-a-son-medecin-traitant","status":"publish","type":"page","link":"https:\/\/www.institut-solidaris.be\/index.php\/etudes\/medecine\/le-patient-est-il-fidele-a-son-medecin-traitant\/","title":{"rendered":"Le patient est-il fid\u00e8le \u00e0 son m\u00e9decin traitant ?"},"content":{"rendered":"<div class=\"fusion-fullwidth fullwidth-box fusion-builder-row-1 nonhundred-percent-fullwidth non-hundred-percent-height-scrolling\" style=\"--awb-background-position:left top;--awb-border-radius-top-left:0px;--awb-border-radius-top-right:0px;--awb-border-radius-bottom-right:0px;--awb-border-radius-bottom-left:0px;--awb-padding-top:20px;--awb-padding-bottom:20px;--awb-border-sizes-top:0px;--awb-border-sizes-bottom:0px;--awb-flex-wrap:wrap;\" ><div class=\"fusion-builder-row fusion-row\"><div class=\"fusion-layout-column fusion_builder_column fusion-builder-column-0 fusion_builder_column_1_2 1_2 fusion-one-half fusion-column-first\" style=\"--awb-bg-size:cover;width:48%; margin-right: 4%;\"><div class=\"fusion-column-wrapper fusion-flex-column-wrapper-legacy\"><div class=\"fusion-text fusion-text-1\"><p>L\u2019ouverture d\u2019un Dossier M\u00e9dical Global (DMG) traduit l\u2019engagement d\u2019un patient aupr\u00e8s d\u2019un m\u00e9decin traitant. L\u2019ouverture du DMG offre par ailleurs de nombreux avantages au patient, \u00e0 condition que ce dernier soit fid\u00e9lis\u00e9 \u00e0 son m\u00e9decin g\u00e9n\u00e9raliste. En 2013, 6 affili\u00e9s de Solidaris &#8211; Mutualit\u00e9 Socialiste sur 10 ont un DMG. Parmi ceux-ci, 88% sont fid\u00e9lis\u00e9s au m\u00e9decin g\u00e9n\u00e9raliste g\u00e9rant leur DMG. Les 12% de patients non fid\u00e9lis\u00e9s repr\u00e9sentent quelque 214.000 personnes qui, au cours d\u2019une ann\u00e9e, ont eu davantage de contacts avec un autre m\u00e9decin g\u00e9n\u00e9raliste que le gestionnaire de leur DMG. Ces patients perdent d\u00e8s lors les avantages financiers li\u00e9s au DMG, mais aussi la plus-value d\u2019un suivi personnalis\u00e9 par le m\u00e9decin gestionnaire du DMG. Les patients non fid\u00e9lis\u00e9s sont proportionnellement plus nombreux \u00e0 Bruxelles et parmi les femmes. Il s\u2019agit de patients plus jeunes et ayant un taux de fr\u00e9quentation plus important de la premi\u00e8re ligne. La fid\u00e9lisation de la patient\u00e8le est notamment li\u00e9e \u00e0 l\u2019organisation de la pratique. Les m\u00e9decins g\u00e9n\u00e9ralistes qui travaillent en solo ont une proportion de patients non fid\u00e9lis\u00e9s (13%) sup\u00e9rieure \u00e0 celle observ\u00e9e au niveau de ceux organis\u00e9s en pratique de groupe (9%).<\/p>\n<p>On peut en d\u00e9duire que la fid\u00e9lisation est notamment fonction de la disponibilit\u00e9 de la premi\u00e8re ligne, celle-ci \u00e9tant plus \u00e9lev\u00e9e lorsqu\u2019elle est organis\u00e9e en pratique de groupe. Relevons que 80% des pratiques de groupe sont concentr\u00e9es en Flandre, ce qui explique en partie les diff\u00e9rences r\u00e9gionales observ\u00e9es au niveau du taux de non fid\u00e9lisation. Chez certains m\u00e9decins, le taux de fid\u00e9lisation n\u2019atteint pas un patient sur deux : en d\u2019autres termes, la moiti\u00e9 de leur patient\u00e8le pour laquelle ils g\u00e8rent un DMG consulte davantage un autre m\u00e9decin. Ces m\u00e9decins g\u00e9n\u00e9ralistes ont ouvert un DMG \u00e0 une proportion importante de leurs patients (75%). Par ailleurs, la taille de leur patient\u00e8le est plus grande et la pratique de groupe est beaucoup moins r\u00e9pandue parmi eux.<\/p>\n<p>Face \u00e0 ces constats, Solidaris &#8211; Mutualit\u00e9 Socialiste propose de :<\/p>\n<p>1. renforcer la disponibilit\u00e9 de la premi\u00e8re ligne via notamment l\u2019encouragement \u00e0 la pratique de groupe et le partage de<br \/>\nDMG entre m\u00e9decins g\u00e9n\u00e9ralistes au sein d\u2019un r\u00e9seau local ; 2. sensibiliser et mieux informer le patient sur les avantages li\u00e9s au DMG ;<\/p>\n<p>3. encourager les m\u00e9decins \u00e0 recourir \u00e0 l\u2019e-DMG pour permettre le transfert des droits li\u00e9s au DMG plus rapidement lorsque le<br \/>\npatient d\u00e9cide d\u2019en confier la gestion \u00e0 un autre m\u00e9decin g\u00e9n\u00e9raliste.<\/p>\n<p><span style=\"color: #ff0000;\"><strong><a style=\"color: #ff0000;\" href=\"https:\/\/www.institut-solidaris.be\/wp-content\/uploads\/2022\/05\/StatInfo4-Solidaris-DMG-fidelisation.pdf\">Lien vers l&rsquo;\u00e9tude StatInfo4-Solidaris-DMG-fidelisation<\/a><\/strong><\/span><\/p>\n<\/div><div class=\"fusion-clearfix\"><\/div><\/div><\/div><div class=\"fusion-layout-column fusion_builder_column fusion-builder-column-1 fusion_builder_column_1_2 1_2 fusion-one-half fusion-column-last\" style=\"--awb-bg-size:cover;width:48%;\"><div class=\"fusion-column-wrapper fusion-flex-column-wrapper-legacy\"><div class=\"fusion-clearfix\"><\/div><\/div><\/div><\/div><\/div>\n","protected":false},"excerpt":{"rendered":"","protected":false},"author":9,"featured_media":2598,"parent":2245,"menu_order":0,"comment_status":"closed","ping_status":"closed","template":"","meta":{"footnotes":""},"class_list":["post-2493","page","type-page","status-publish","has-post-thumbnail","hentry"],"_links":{"self":[{"href":"https:\/\/www.institut-solidaris.be\/index.php\/wp-json\/wp\/v2\/pages\/2493","targetHints":{"allow":["GET"]}}],"collection":[{"href":"https:\/\/www.institut-solidaris.be\/index.php\/wp-json\/wp\/v2\/pages"}],"about":[{"href":"https:\/\/www.institut-solidaris.be\/index.php\/wp-json\/wp\/v2\/types\/page"}],"author":[{"embeddable":true,"href":"https:\/\/www.institut-solidaris.be\/index.php\/wp-json\/wp\/v2\/users\/9"}],"replies":[{"embeddable":true,"href":"https:\/\/www.institut-solidaris.be\/index.php\/wp-json\/wp\/v2\/comments?post=2493"}],"version-history":[{"count":2,"href":"https:\/\/www.institut-solidaris.be\/index.php\/wp-json\/wp\/v2\/pages\/2493\/revisions"}],"predecessor-version":[{"id":2599,"href":"https:\/\/www.institut-solidaris.be\/index.php\/wp-json\/wp\/v2\/pages\/2493\/revisions\/2599"}],"up":[{"embeddable":true,"href":"https:\/\/www.institut-solidaris.be\/index.php\/wp-json\/wp\/v2\/pages\/2245"}],"wp:featuredmedia":[{"embeddable":true,"href":"https:\/\/www.institut-solidaris.be\/index.php\/wp-json\/wp\/v2\/media\/2598"}],"wp:attachment":[{"href":"https:\/\/www.institut-solidaris.be\/index.php\/wp-json\/wp\/v2\/media?parent=2493"}],"curies":[{"name":"wp","href":"https:\/\/api.w.org\/{rel}","templated":true}]}}