{"id":2466,"date":"2022-05-02T11:55:17","date_gmt":"2022-05-02T10:55:17","guid":{"rendered":"https:\/\/www.institut-solidaris.be\/?page_id=2466"},"modified":"2022-05-05T09:55:22","modified_gmt":"2022-05-05T08:55:22","slug":"barometre-dossier-medical-global-2016","status":"publish","type":"page","link":"https:\/\/www.institut-solidaris.be\/index.php\/etudes\/medecine\/barometre-dossier-medical-global-2016\/","title":{"rendered":"Barom\u00e8tre dossier m\u00e9dical global 2016"},"content":{"rendered":"<div class=\"fusion-fullwidth fullwidth-box fusion-builder-row-1 nonhundred-percent-fullwidth non-hundred-percent-height-scrolling\" style=\"--awb-border-radius-top-left:0px;--awb-border-radius-top-right:0px;--awb-border-radius-bottom-right:0px;--awb-border-radius-bottom-left:0px;--awb-flex-wrap:wrap;\" ><div class=\"fusion-builder-row fusion-row\"><div class=\"fusion-layout-column fusion_builder_column fusion-builder-column-0 fusion_builder_column_1_1 1_1 fusion-one-full fusion-column-first fusion-column-last\" style=\"--awb-bg-size:cover;--awb-margin-bottom:0px;\"><div class=\"fusion-column-wrapper fusion-flex-column-wrapper-legacy\"><div class=\"fusion-text fusion-text-1\"><p>Le financement du Dossier M\u00e9dical Global (DMG) a \u00e9t\u00e9 instaur\u00e9 par l\u2019accord m\u00e9dico-mutualiste du 15 d\u00e9cembre 1998 et existe depuis le 1er mai 1999. Le DMG rassemble les informations m\u00e9dicales d\u2019un patient : radiographies, prises de sang, allergies, vaccinations, hospitalisations, etc. R\u00e9serv\u00e9 dans un premier temps aux personnes \u00e2g\u00e9es de 60 ans ou plus et uniquement dans le cadre des consultations<br \/>\nau cabinet du m\u00e9decin, l\u2019acc\u00e8s au DMG et \u00e0 ses avantages a \u00e9t\u00e9 progressivement \u00e9tendu d&rsquo;abord \u00e0 certains groupes cibles (malades chroniques) puis \u00e0 l&rsquo;ensemble de la population le 1er mai 2002. Dans le cadre de l\u2019accord m\u00e9dico-mutualiste 2016-2017, le DMG \u00ab affections chroniques \u00bb a fait son apparition. En pratique, l\u2019honoraire du DMG est pass\u00e9 de 30\u20ac \u00e0 55\u20ac pour les patients ayant le statut \u00ab affections chroniques \u00bb (entre 45 et 74 ans). Enfin, en 2017, deux mesures ont \u00e9t\u00e9 mises en place afin de favoriser le DMG \u00e9lectronique. Il s\u2019agit de l\u2019obligation pour les nouveaux m\u00e9decins d\u2019utiliser le DMG \u00e9lectronique (m\u00e9decins qui commencent leur activit\u00e9 professionnelle \u00e0 partir de 2017) ainsi que la mise en place d\u2019une p\u00e9riode transitoire pour les autres m\u00e9decins jusqu\u2019au 1er janvier 2021. En finan\u00e7ant la gestion du DMG au niveau du m\u00e9decin g\u00e9n\u00e9raliste, les acteurs de la m\u00e9dico-mut ont voulu valoriser le r\u00f4le central de ce dernier au sein du syst\u00e8me de soins et dans le suivi du patient et de ses donn\u00e9es de sant\u00e9.<\/p>\n<p>Le DMG a aussi pour objectif d\u2019inciter le patient \u00e0 choisir un m\u00e9decin traitant et lui rester \u00ab fid\u00e8le \u00bb avec l\u2019objectif d\u2019am\u00e9liorer la continuit\u00e9 des soins et les traitements qui lui sont prodigu\u00e9s. C\u2019est pourquoi des incitants financiers \u00e0 l\u2019ouverture d\u2019un DMG ont aussi \u00e9t\u00e9 pr\u00e9vus pour le patient. Ainsi, l\u2019ouverture d\u2019un DMG donne droit \u00e0 une r\u00e9duction de 30% sur les tickets mod\u00e9rateurs des consultations du m\u00e9decin g\u00e9n\u00e9raliste (pour les visites, la r\u00e9duction vaut uniquement pour les 75 ans et plus, les b\u00e9n\u00e9ficiaires du forfait malades chroniques et du forfait soins palliatifs \u00e0 domicile) et au remboursement du suppl\u00e9ment de 4 \u20ac pour le m\u00e9decin g\u00e9n\u00e9raliste de permanence dans son cabinet apr\u00e8s 18 h. L\u2019ouverture d\u2019un DMG est \u00e9galement une condition pour l\u2019acc\u00e8s aux trajets de soins pour les patients diab\u00e9tiques ou insuffisants r\u00e9naux. Relevons aussi que depuis le 1er janvier 2011, Solidaris encouragent ses affili\u00e9s \u00e0 ouvrir un DMG en leur offrant, au travers de son assurance Compl\u00e9mentaire Soins Ambulatoire (CSA), le remboursement du ticket mod\u00e9rateur pour un ensemble de prestations.<\/p>\n<p>Enfin, l\u2019acc\u00e8s au DMG a \u00e9t\u00e9 am\u00e9lior\u00e9 gr\u00e2ce \u00e0 la simplification des proc\u00e9dures administratives lors de l&rsquo;ouverture et de la prolongation. Ainsi, le m\u00e9decin peut opter pour une prolongation dite \u00ab administrative \u00bb, qui se fait automatiquement sans attestation d\u2019un code nomenclature mais avec v\u00e9rification par l\u2019organisme assureur que le m\u00e9decin en question a eu au moins un contact avec son patient au cours de l&rsquo;ann\u00e9e. En outre, depuis le 1er ao\u00fbt 2014, les m\u00e9decins g\u00e9n\u00e9ralistes peuvent opter pour un nouveau syst\u00e8me de gestion dans le cadre de MyCareNet pour l\u2019ouverture et la prolongation du DMG : le eDMG. Le eDMG permet au m\u00e9decin g\u00e9n\u00e9raliste de g\u00e9rer les aspects administratifs du DMG par le biais du r\u00e9seau \u00e9lectronique MyCareNet. Cette \u00e9tude examine les taux de couverture (rapport entre le nombre de DMG et la population totale) et ces taux sont ensuite analys\u00e9s \u00e0 la lumi\u00e8re de certaines caract\u00e9ristiques socio-\u00e9conomiques,<br \/>\ng\u00e9ographiques ou de morbidit\u00e9. Les taux de facturation \u00e9lectronique (eDMG) sont \u00e9galement analys\u00e9s.<\/p>\n<p><strong><span style=\"color: #ff0000;\">Lien vers l&rsquo;\u00e9tude :\u00a0<a style=\"color: #ff0000;\" href=\"https:\/\/www.institut-solidaris.be\/wp-content\/uploads\/2022\/05\/Etude-Solidaris_Barometre-DMG-2016.pdf\" target=\"_blank\" rel=\"noopener\">Barom\u00e8tre dossier m\u00e9dical global 2016<\/a><\/span><\/strong><\/p>\n<\/div><div class=\"fusion-clearfix\"><\/div><\/div><\/div><\/div><\/div>\n","protected":false},"excerpt":{"rendered":"","protected":false},"author":9,"featured_media":2608,"parent":2245,"menu_order":3,"comment_status":"closed","ping_status":"closed","template":"","meta":{"footnotes":""},"class_list":["post-2466","page","type-page","status-publish","has-post-thumbnail","hentry"],"_links":{"self":[{"href":"https:\/\/www.institut-solidaris.be\/index.php\/wp-json\/wp\/v2\/pages\/2466","targetHints":{"allow":["GET"]}}],"collection":[{"href":"https:\/\/www.institut-solidaris.be\/index.php\/wp-json\/wp\/v2\/pages"}],"about":[{"href":"https:\/\/www.institut-solidaris.be\/index.php\/wp-json\/wp\/v2\/types\/page"}],"author":[{"embeddable":true,"href":"https:\/\/www.institut-solidaris.be\/index.php\/wp-json\/wp\/v2\/users\/9"}],"replies":[{"embeddable":true,"href":"https:\/\/www.institut-solidaris.be\/index.php\/wp-json\/wp\/v2\/comments?post=2466"}],"version-history":[{"count":3,"href":"https:\/\/www.institut-solidaris.be\/index.php\/wp-json\/wp\/v2\/pages\/2466\/revisions"}],"predecessor-version":[{"id":2609,"href":"https:\/\/www.institut-solidaris.be\/index.php\/wp-json\/wp\/v2\/pages\/2466\/revisions\/2609"}],"up":[{"embeddable":true,"href":"https:\/\/www.institut-solidaris.be\/index.php\/wp-json\/wp\/v2\/pages\/2245"}],"wp:featuredmedia":[{"embeddable":true,"href":"https:\/\/www.institut-solidaris.be\/index.php\/wp-json\/wp\/v2\/media\/2608"}],"wp:attachment":[{"href":"https:\/\/www.institut-solidaris.be\/index.php\/wp-json\/wp\/v2\/media?parent=2466"}],"curies":[{"name":"wp","href":"https:\/\/api.w.org\/{rel}","templated":true}]}}