{"id":2461,"date":"2022-05-02T11:37:08","date_gmt":"2022-05-02T10:37:08","guid":{"rendered":"https:\/\/www.institut-solidaris.be\/?page_id=2461"},"modified":"2022-05-05T09:54:08","modified_gmt":"2022-05-05T08:54:08","slug":"barometre-dossier-medical-global-2011","status":"publish","type":"page","link":"https:\/\/www.institut-solidaris.be\/index.php\/etudes\/medecine\/barometre-dossier-medical-global-2011\/","title":{"rendered":"Barom\u00e8tre dossier m\u00e9dical global 2011"},"content":{"rendered":"<div class=\"fusion-fullwidth fullwidth-box fusion-builder-row-1 nonhundred-percent-fullwidth non-hundred-percent-height-scrolling\" style=\"--awb-border-radius-top-left:0px;--awb-border-radius-top-right:0px;--awb-border-radius-bottom-right:0px;--awb-border-radius-bottom-left:0px;--awb-flex-wrap:wrap;\" ><div class=\"fusion-builder-row fusion-row\"><div class=\"fusion-layout-column fusion_builder_column fusion-builder-column-0 fusion_builder_column_1_1 1_1 fusion-one-full fusion-column-first fusion-column-last\" style=\"--awb-bg-size:cover;--awb-margin-bottom:0px;\"><div class=\"fusion-column-wrapper fusion-flex-column-wrapper-legacy\"><div class=\"fusion-text fusion-text-1\"><p>Le Dossier M\u00e9dical Global (DMG) a \u00e9t\u00e9 instaur\u00e9 par l\u2019accord m\u00e9dico-mutualiste du 15 d\u00e9cembre 1998 et existe depuis le 1er mai 1999. Son objectif est d\u2019encourager le recours \u00e0 un outil d\u2019\u00e9change d\u2019informations m\u00e9dicales entre les acteurs de la premi\u00e8re ligne mais aussi entre les diff\u00e9rents \u00e9chelons de soins.<\/p>\n<p>R\u00e9serv\u00e9 dans un premier temps aux personnes \u00e2g\u00e9es de 60 ans ou plus et uniquement dans le cadre des consultations au cabinet du m\u00e9decin, l\u2019acc\u00e8s au DMG et \u00e0 ses avantages a \u00e9t\u00e9 progressivement \u00e9tendu d&rsquo;abord \u00e0 certains groupes cibles (malades chroniques) puis \u00e0 l&rsquo;ensemble de la population le 1er mai 2002.\u00a0 L\u2019acc\u00e8s au DMG a aussi \u00e9t\u00e9 am\u00e9lior\u00e9 gr\u00e2ce \u00e0 la simplification des proc\u00e9dures administratives lors de l&rsquo;ouverture et de la prolongation. Ainsi, depuis le 1er janvier 2004, l\u2019ouverture et la prolongation du DMG sont possibles pour tous les patients lors d\u2019une visite \u00e0 domicile. Par ailleurs, le m\u00e9decin peut aussi opter pour une prolongation dite \u00ab administrative \u00bb, qui se fait automatiquement sans attestation d\u2019un code nomenclature mais avec v\u00e9rification par l\u2019organisme assureur que le m\u00e9decin en question<br \/>\na eu au moins un contact avec son patient au cours de l&rsquo;ann\u00e9e.<\/p>\n<p>En finan\u00e7ant la gestion du DMG au niveau du m\u00e9decin g\u00e9n\u00e9raliste, les acteurs de la m\u00e9dico-mut ont voulu valoriser le r\u00f4le central de ce dernier au sein du syst\u00e8me de soins. Mais le DMG se veut aussi un instrument d\u2019engagement entre le patient et son m\u00e9decin traitant visant \u00e0 renforcer la stabilit\u00e9 de la relation et contribuant ainsi \u00e0 assurer la continuit\u00e9 des soins. Il est aussi devenu au fil du temps un outil d\u2019accessibilit\u00e9. Ainsi, l\u2019ouverture d\u2019un DMG donne droit \u00e0 une r\u00e9duction de 30% sur les tickets mod\u00e9rateurs des consultations du m\u00e9decin g\u00e9n\u00e9raliste (pour les visites, la r\u00e9duction vaut uniquement pour les 75 ans et plus, les b\u00e9n\u00e9ficiaires du forfait malades chroniques et du forfait soins palliatifs \u00e0 domicile) et au remboursement du suppl\u00e9ment de 3 \u20ac pour le m\u00e9decin g\u00e9n\u00e9raliste de permanence dans son cabinet apr\u00e8s 18 h. L\u2019ouverture d\u2019un DMG est aussi une condition pour l\u2019acc\u00e8s aux trajets de soins pour les patients diab\u00e9tiques ou insuffisants r\u00e9naux. Enfin, depuis le 1er avril 2011, les d\u00e9tenteurs d\u2019un DMG \u00e2g\u00e9s entre 45 et 75 ans peuvent annuellement b\u00e9n\u00e9ficier gratuitement d\u2019un<br \/>\nmodule de pr\u00e9vention appel\u00e9e Dossier M\u00e9dical Global Plus (DMG+) lors d\u2019une consultation ou d\u2019une visite du m\u00e9decin g\u00e9n\u00e9raliste ayant ouvert le DMG.<\/p>\n<p>Relevons aussi que depuis le 1er janvier 2011, la Mutualit\u00e9 Socialiste \u2013 Solidaris offre, au travers de son assurance Compl\u00e9mentaire Soins Ambulatoire (CSA), le remboursement du ticket mod\u00e9rateur pour un ensemble de prestations \u00e0 ses affili\u00e9s Mutualis ayant ouvert un DMG aupr\u00e8s de leur m\u00e9decin g\u00e9n\u00e9raliste.<br \/>\nLes analyses pr\u00e9sent\u00e9es dans ce document ont \u00e9t\u00e9 r\u00e9alis\u00e9es tant sous l\u2019angle du patient que du prestataire\/gestionnaire du DMG. Dans un premier temps, l\u2019\u00e9tude examine les taux de couverture \u00ab bruts \u00bb (rapport entre le nombre de DMG et la population totale) et dans un second temps, ces taux sont affin\u00e9s en \u00e9tudiant le rapport entre le nombre de DMG et la population ayant eu au moins un contact avec le m\u00e9decin g\u00e9n\u00e9raliste au cours de la p\u00e9riode, ce que nous appelons taux de couverture \u00ab nets \u00bb. Les taux de couverture \u00ab bruts \u00bb sont ensuite analys\u00e9s \u00e0 la lumi\u00e8re de certaines caract\u00e9ristiques d\u00e9mographiques, socio-\u00e9conomiques, g\u00e9ographiques ou de morbidit\u00e9 afin d\u2019\u00e9tablir<br \/>\nune typologie des patients \u00ab DMGistes \u00bb. Au niveau des m\u00e9decins g\u00e9n\u00e9ralistes, le taux de DMG par pratique est \u00e9tudi\u00e9, de m\u00eame que le recours des m\u00e9decins au tiers payant et \u00e0 la prolongation administrative dans les diff\u00e9rentes r\u00e9gions du pays.<\/p>\n<p><strong><span style=\"color: #ff0000;\"><a style=\"color: #ff0000;\" href=\"https:\/\/www.institut-solidaris.be\/wp-content\/uploads\/2022\/05\/Etude-Barometre-DMG-2011.pdf\" target=\"_blank\" rel=\"noopener\">Lien vers l&rsquo;\u00e9tude Barom\u00e8tre Dossier m\u00e9dical global<\/a><\/span><\/strong><\/p>\n<\/div><div class=\"fusion-clearfix\"><\/div><\/div><\/div><\/div><\/div>\n","protected":false},"excerpt":{"rendered":"","protected":false},"author":9,"featured_media":2605,"parent":2245,"menu_order":1,"comment_status":"closed","ping_status":"closed","template":"","meta":{"footnotes":""},"class_list":["post-2461","page","type-page","status-publish","has-post-thumbnail","hentry"],"_links":{"self":[{"href":"https:\/\/www.institut-solidaris.be\/index.php\/wp-json\/wp\/v2\/pages\/2461","targetHints":{"allow":["GET"]}}],"collection":[{"href":"https:\/\/www.institut-solidaris.be\/index.php\/wp-json\/wp\/v2\/pages"}],"about":[{"href":"https:\/\/www.institut-solidaris.be\/index.php\/wp-json\/wp\/v2\/types\/page"}],"author":[{"embeddable":true,"href":"https:\/\/www.institut-solidaris.be\/index.php\/wp-json\/wp\/v2\/users\/9"}],"replies":[{"embeddable":true,"href":"https:\/\/www.institut-solidaris.be\/index.php\/wp-json\/wp\/v2\/comments?post=2461"}],"version-history":[{"count":4,"href":"https:\/\/www.institut-solidaris.be\/index.php\/wp-json\/wp\/v2\/pages\/2461\/revisions"}],"predecessor-version":[{"id":2607,"href":"https:\/\/www.institut-solidaris.be\/index.php\/wp-json\/wp\/v2\/pages\/2461\/revisions\/2607"}],"up":[{"embeddable":true,"href":"https:\/\/www.institut-solidaris.be\/index.php\/wp-json\/wp\/v2\/pages\/2245"}],"wp:featuredmedia":[{"embeddable":true,"href":"https:\/\/www.institut-solidaris.be\/index.php\/wp-json\/wp\/v2\/media\/2605"}],"wp:attachment":[{"href":"https:\/\/www.institut-solidaris.be\/index.php\/wp-json\/wp\/v2\/media?parent=2461"}],"curies":[{"name":"wp","href":"https:\/\/api.w.org\/{rel}","templated":true}]}}