{"id":244,"date":"2015-12-07T14:34:48","date_gmt":"2015-12-07T13:34:48","guid":{"rendered":"https:\/\/www.institut-solidaris.be\/?page_id=244"},"modified":"2019-12-16T11:04:27","modified_gmt":"2019-12-16T10:04:27","slug":"que-vivent-les-18-30-ans","status":"publish","type":"page","link":"https:\/\/www.institut-solidaris.be\/index.php\/que-vivent-les-18-30-ans\/","title":{"rendered":"Que vivent les 18 &#8211; 30 ans ?"},"content":{"rendered":"<div class=\"fusion-fullwidth fullwidth-box fusion-builder-row-1 nonhundred-percent-fullwidth non-hundred-percent-height-scrolling\" style=\"--awb-background-position:left top;--awb-border-radius-top-left:0px;--awb-border-radius-top-right:0px;--awb-border-radius-bottom-right:0px;--awb-border-radius-bottom-left:0px;--awb-padding-top:20px;--awb-padding-bottom:20px;--awb-border-sizes-top:0px;--awb-border-sizes-bottom:0px;--awb-flex-wrap:wrap;\" ><div class=\"fusion-builder-row fusion-row\"><div class=\"fusion-layout-column fusion_builder_column fusion-builder-column-0 fusion_builder_column_1_2 1_2 fusion-one-half fusion-column-first\" style=\"--awb-bg-size:cover;width:48%; margin-right: 4%;\"><div class=\"fusion-column-wrapper fusion-flex-column-wrapper-legacy\"><div class=\"fusion-slider-sc fusion-flexslider-loading flexslider flexslider-hover-type-none\" data-slideshow_autoplay=\"1\" data-slideshow_smooth_height=\"0\" data-slideshow_speed=\"7000\" style=\"max-width:100%;height:100%;\"><ul class=\"slides\"><li class=\"image\"><span class=\"fusion-image-hover-element hover-type-none\"><img decoding=\"async\" src=\"https:\/\/www.institut-solidaris.be\/wp-content\/uploads\/2015\/12\/image18-30-1.jpg\" width=\"600\" height=\"350\" \/><\/span><\/li><li class=\"image\"><span class=\"fusion-image-hover-element hover-type-none\"><img decoding=\"async\" src=\"https:\/\/www.institut-solidaris.be\/wp-content\/uploads\/2015\/12\/image18-30-3.jpg\" width=\"600\" height=\"350\" \/><\/span><\/li><li class=\"image\"><span class=\"fusion-image-hover-element hover-type-none\"><img decoding=\"async\" src=\"https:\/\/www.institut-solidaris.be\/wp-content\/uploads\/2015\/12\/image18-30-2.jpg\" width=\"600\" height=\"350\" \/><\/span><\/li><li class=\"video\"><div class=\"full-video\"><div class=\"fusion-video fusion-youtube\" style=\"--awb-max-width:600px;--awb-max-height:350px;\"><div class=\"video-shortcode\"><div class=\"fluid-width-video-wrapper\" style=\"padding-top:58.33%;\" ><iframe title=\"YouTube video player 1\" src=\"https:\/\/www.youtube.com\/embed\/JJpefAF7-Rk?wmode=transparent&autoplay=0\" width=\"600\" height=\"350\" allowfullscreen allow=\"autoplay; clipboard-write; encrypted-media; gyroscope; picture-in-picture;\"><\/iframe><\/div><\/div><\/div><\/div><\/li><\/ul><\/div><div class=\"fusion-clearfix\"><\/div><\/div><\/div><div class=\"fusion-layout-column fusion_builder_column fusion-builder-column-1 fusion_builder_column_1_2 1_2 fusion-one-half fusion-column-last\" style=\"--awb-bg-size:cover;width:48%;\"><div class=\"fusion-column-wrapper fusion-flex-column-wrapper-legacy\"><div class=\"fusion-text fusion-text-1\"><h2 style=\"text-align: justify;\"><span style=\"color: #ff0000;\">Une jeunesse entre (d\u00e9s)illusions et r\u00e9alit\u00e9s<\/span><\/h2>\n<p style=\"text-align: justify;\"><strong>1.144 jeunes Belges francophones ayant entre 18 et 30 ans ont \u00e9t\u00e9 interrog\u00e9s dans le cadre de cette enqu\u00eate.<\/strong><\/p>\n<p style=\"text-align: justify;\">L\u2019objectif \u00e9tait de conna\u00eetre leur perception sur de nombreux th\u00e8mes tels que le travail, l\u2019enseignement, la soci\u00e9t\u00e9\u2026<\/p>\n<p style=\"text-align: justify;\">Les r\u00e9sultats sont assez \u00e9difiants : l\u2019enqu\u00eate indique que les jeunes de 18-30 ans sont peu optimistes vis-\u00e0-vis de la soci\u00e9t\u00e9 dans laquelle ils \u00e9voluent. Alors qu\u2019on parle d\u2019une soci\u00e9t\u00e9 qui permet de r\u00e9aliser toutes ses ambitions (74% s\u2019entendent dire \u201cvous \u00eates totalement libre de choisir\u201d), les jeunes interrog\u00e9s mettent en \u00e9vidence un constat contradictoire : comment accomplir ses propres choix dans un monde difficile et o\u00f9 ils sont conscients de ne pouvoir compter que sur eux-m\u00eames ? Ils ne semblent pas avoir confiance en leur avenir, dont celui de leurs enfants. Par ailleurs, 2 sur 10 ne veulent pas d\u2019enfants (ou ne savent pas encore s\u2019ils en veulent).<\/p>\n<p><img decoding=\"async\" class=\"size-full wp-image-112 alignleft\" src=\"https:\/\/www.institut-solidaris.be\/wp-content\/uploads\/2015\/12\/icone-pdf.gif\" alt=\"Consulter notre enqu\u00eate\" width=\"32\" height=\"32\" \/><a href=\"https:\/\/www.institut-solidaris.be\/wp-content\/uploads\/2015\/12\/RapportTherm6_les18-30ans.pdf\" target=\"_blank\" rel=\"noopener noreferrer\">T\u00e9l\u00e9charger notre enqu\u00eate<\/a><\/p>\n<p><img decoding=\"async\" class=\"size-full wp-image-448 alignleft\" src=\"https:\/\/www.institut-solidaris.be\/wp-content\/uploads\/2015\/12\/youtube.gif\" alt=\"youtube\" width=\"32\" height=\"32\" \/><a href=\"https:\/\/youtu.be\/JJpefAF7-Rk\" target=\"new\" rel=\"noopener noreferrer\">Visionner la vid\u00e9o en lien \u00e0 cette \u00e9tude<\/a><\/p>\n<\/div><div class=\"fusion-clearfix\"><\/div><\/div><\/div><div class=\"fusion-layout-column fusion_builder_column fusion-builder-column-2 fusion_builder_column_1_2 1_2 fusion-one-half fusion-column-first\" style=\"--awb-bg-size:cover;width:48%; margin-right: 4%;\"><div class=\"fusion-column-wrapper fusion-flex-column-wrapper-legacy\"><div class=\"accordian fusion-accordian\" style=\"--awb-border-size:1px;--awb-icon-size:13px;--awb-content-font-size:13px;--awb-icon-alignment:left;--awb-hover-color:#f9f9f9;--awb-border-color:#cccccc;--awb-background-color:#ffffff;--awb-divider-color:#e0dede;--awb-divider-hover-color:#e0dede;--awb-icon-color:#ffffff;--awb-title-color:#0502d3;--awb-content-color:#000000;--awb-icon-box-color:#000000;--awb-toggle-hover-accent-color:#e41618;--awb-title-font-family:&quot;Antic Slab&quot;;--awb-title-font-weight:regular;--awb-title-font-style:normal;--awb-title-font-size:13px;--awb-content-font-family:Arial, Helvetica, sans-serif;--awb-content-font-style:normal;--awb-content-font-weight:400;\"><div class=\"panel-group fusion-toggle-icon-boxed\" id=\"accordion-244-1\"><div class=\"fusion-panel panel-default panel-2171cf31c6f9b7e7a fusion-toggle-has-divider\"><div class=\"panel-heading\"><h4 class=\"panel-title toggle\" id=\"toggle_2171cf31c6f9b7e7a\"><a aria-expanded=\"false\" aria-controls=\"2171cf31c6f9b7e7a\" role=\"button\" data-toggle=\"collapse\" data-parent=\"#accordion-244-1\" data-target=\"#2171cf31c6f9b7e7a\" href=\"#2171cf31c6f9b7e7a\"><span class=\"fusion-toggle-icon-wrapper\" aria-hidden=\"true\"><i class=\"fa-fusion-box active-icon awb-icon-minus\" aria-hidden=\"true\"><\/i><i class=\"fa-fusion-box inactive-icon awb-icon-plus\" aria-hidden=\"true\"><\/i><\/span><span class=\"fusion-toggle-heading\">Le travail : un moyen de s\u2019accomplir ?<\/span><\/a><\/h4><\/div><div id=\"2171cf31c6f9b7e7a\" class=\"panel-collapse collapse \" aria-labelledby=\"toggle_2171cf31c6f9b7e7a\"><div class=\"panel-body toggle-content fusion-clearfix\">\n<p>Selon eux, le travail est un monde tr\u00e8s comp\u00e9titif, o\u00f9 l\u2019individualisme domine. Ils ne se sentent pas respect\u00e9s au travail. Ils ne s\u2019attendaient d\u2019ailleurs pas \u00e0 ce que le monde du travail soit si difficile.<\/p>\n<ul>\n<li>34% estiment que leurs efforts ne sont vraiment pas reconnus<\/li>\n<li>54% avouent qu\u2019ils ne savaient pas que \u00e7a serait si dur<\/li>\n<\/ul>\n<\/div><\/div><\/div><div class=\"fusion-panel panel-default panel-98d98d81f1862a78f fusion-toggle-has-divider\"><div class=\"panel-heading\"><h4 class=\"panel-title toggle\" id=\"toggle_98d98d81f1862a78f\"><a aria-expanded=\"false\" aria-controls=\"98d98d81f1862a78f\" role=\"button\" data-toggle=\"collapse\" data-parent=\"#accordion-244-1\" data-target=\"#98d98d81f1862a78f\" href=\"#98d98d81f1862a78f\"><span class=\"fusion-toggle-icon-wrapper\" aria-hidden=\"true\"><i class=\"fa-fusion-box active-icon awb-icon-minus\" aria-hidden=\"true\"><\/i><i class=\"fa-fusion-box inactive-icon awb-icon-plus\" aria-hidden=\"true\"><\/i><\/span><span class=\"fusion-toggle-heading\">Enseignement, politique, environnement institutionnel<\/span><\/a><\/h4><\/div><div id=\"98d98d81f1862a78f\" class=\"panel-collapse collapse \" aria-labelledby=\"toggle_98d98d81f1862a78f\"><div class=\"panel-body toggle-content fusion-clearfix\">\n<p>Les constats qui ressortent sont un syst\u00e8me de l\u2019enseignement pas assez performant, une soci\u00e9t\u00e9 sans objectif, qui inqui\u00e8te et qui prot\u00e8ge de moins en moins, o\u00f9 la finance p\u00e8se trop. Une d\u00e9mocratie \u00e0 l\u2019arr\u00eat, des in\u00e9galit\u00e9s sociales omnipr\u00e9sentes et insupportables.<\/p>\n<ul>\n<li>Moins de 1\/10 pense que l\u2019enseignement pr\u00e9pare bien au travail et au monde en g\u00e9n\u00e9ral<\/li>\n<li>1\/20 pense que voter permet vraiment de changer les choses<\/li>\n<li>1\/2 trouve que les in\u00e9galit\u00e9s sociales grandissent et sont insupportables<\/li>\n<li>36% redoutent de ne jamais avoir un bon logement<\/li>\n<\/ul>\n<\/div><\/div><\/div><div class=\"fusion-panel panel-default panel-c150be9d3d21e7612 fusion-toggle-has-divider\"><div class=\"panel-heading\"><h4 class=\"panel-title toggle\" id=\"toggle_c150be9d3d21e7612\"><a aria-expanded=\"false\" aria-controls=\"c150be9d3d21e7612\" role=\"button\" data-toggle=\"collapse\" data-parent=\"#accordion-244-1\" data-target=\"#c150be9d3d21e7612\" href=\"#c150be9d3d21e7612\"><span class=\"fusion-toggle-icon-wrapper\" aria-hidden=\"true\"><i class=\"fa-fusion-box active-icon awb-icon-minus\" aria-hidden=\"true\"><\/i><i class=\"fa-fusion-box inactive-icon awb-icon-plus\" aria-hidden=\"true\"><\/i><\/span><span class=\"fusion-toggle-heading\">Vivre ensemble<\/span><\/a><\/h4><\/div><div id=\"c150be9d3d21e7612\" class=\"panel-collapse collapse \" aria-labelledby=\"toggle_c150be9d3d21e7612\"><div class=\"panel-body toggle-content fusion-clearfix\">\n<p>1\/2 pense qu\u2019il faut radicalement changer la soci\u00e9t\u00e9, la majorit\u00e9 pense que c\u2019est possible. Plusieurs r\u00e9actions se profilent :<\/p>\n<ul>\n<li style=\"text-align: left;\">la mod\u00e9ration (pour quasi la moiti\u00e9 d\u2019entre eux) : ils n\u2019ont pas de position tranch\u00e9e et h\u00e9sitent entre le rejet ou \u00e0 l\u2019inverse l\u2019ouverture aux autres,<\/li>\n<li style=\"text-align: left;\">le rejet de la soci\u00e9t\u00e9 (plus de trois jeunes adultes sur dix) : ils ont peur et estiment qu\u2019il y a trop de personnes assist\u00e9es et d\u2019immigr\u00e9s. Ils ne croient pas en l\u2019avenir.<\/li>\n<li style=\"text-align: left;\">l\u2019ouverture aux autres : plus d\u2019un jeune adulte sur dix estiment que l\u2019immigration est une source d\u2019enrichissement culturel. Ils pensent pouvoir agir pour inventer et construire la vie de leur choix.<\/li>\n<\/ul>\n<\/div><\/div><\/div><\/div><\/div><div class=\"fusion-clearfix\"><\/div><\/div><\/div><div class=\"fusion-layout-column fusion_builder_column fusion-builder-column-3 fusion_builder_column_1_2 1_2 fusion-one-half fusion-column-last\" style=\"--awb-bg-size:cover;width:48%;\"><div class=\"fusion-column-wrapper fusion-flex-column-wrapper-legacy\"><div class=\"fusion-title title fusion-title-1 fusion-title-text fusion-title-size-two\" style=\"--awb-margin-top-small:0px;--awb-margin-right-small:0px;--awb-margin-bottom-small:20px;--awb-margin-left-small:0px;\"><h2 class=\"fusion-title-heading title-heading-left\" style=\"margin:0;\">En chiffres<\/h2><span class=\"awb-title-spacer\"><\/span><div class=\"title-sep-container\"><div class=\"title-sep sep-double sep-solid\" style=\"border-color:#e0dede;\"><\/div><\/div><\/div><div class=\"fusion-progressbar\" style=\"--awb-textcolor:#000000;--awb-filledcolor:#e41618;--awb-filledbordercolor:#e41618;--awb-maximum-value-wrapper-width:67%;\"><div class=\"fusion-progressbar-bar progress-bar\"><div class=\"progress progress-bar-content not-animated\" role=\"progressbar\" aria-labelledby=\"awb-progressbar-label-1\" aria-valuemin=\"0\" aria-valuemax=\"100\" aria-valuenow=\"33\" data-filling-speed=\"600\"><span class=\"progress-title awb-on-bar\"><span class=\"fusion-progressbar-text\" id=\"awb-progressbar-label-1\">se sentent (tr\u00e8s) souvent anxieux, angoiss\u00e9s, d\u00e9prim\u00e9s<\/span> <span class=\"fusion-progressbar-value\">33%<\/span><\/span><\/div><span class=\"awb-pb-max-value-wrap awb-on-bar\"><span class=\"awb-pb-max-value-text\"><\/span><\/span><\/div><\/div><div class=\"fusion-progressbar\" style=\"--awb-textcolor:#000000;--awb-filledcolor:#e41618;--awb-filledbordercolor:#e41618;--awb-maximum-value-wrapper-width:37%;\"><div class=\"fusion-progressbar-bar progress-bar\"><div class=\"progress progress-bar-content not-animated\" role=\"progressbar\" aria-labelledby=\"awb-progressbar-label-2\" aria-valuemin=\"0\" aria-valuemax=\"100\" aria-valuenow=\"63\" data-filling-speed=\"600\"><span class=\"progress-title awb-on-bar\"><span class=\"fusion-progressbar-text\" id=\"awb-progressbar-label-2\">pensent que sans travail on n&rsquo;existe pas<\/span> <span class=\"fusion-progressbar-value\">63%<\/span><\/span><\/div><span class=\"awb-pb-max-value-wrap awb-on-bar\"><span class=\"awb-pb-max-value-text\"><\/span><\/span><\/div><\/div><div class=\"fusion-progressbar\" style=\"--awb-textcolor:#000000;--awb-filledcolor:#e41618;--awb-filledbordercolor:#e41618;--awb-maximum-value-wrapper-width:45%;\"><div class=\"fusion-progressbar-bar progress-bar\"><div class=\"progress progress-bar-content not-animated\" role=\"progressbar\" aria-labelledby=\"awb-progressbar-label-3\" aria-valuemin=\"0\" aria-valuemax=\"100\" aria-valuenow=\"55\" data-filling-speed=\"600\"><span class=\"progress-title awb-on-bar\"><span class=\"fusion-progressbar-text\" id=\"awb-progressbar-label-3\">pensent que les gens ont de moins en moins envie de vivre ensemble<\/span> <span class=\"fusion-progressbar-value\">55%<\/span><\/span><\/div><span class=\"awb-pb-max-value-wrap awb-on-bar\"><span class=\"awb-pb-max-value-text\"><\/span><\/span><\/div><\/div><div class=\"fusion-progressbar\" style=\"--awb-textcolor:#000000;--awb-filledcolor:#e41618;--awb-filledbordercolor:#e41618;--awb-maximum-value-wrapper-width:88%;\"><div class=\"fusion-progressbar-bar progress-bar\"><div class=\"progress progress-bar-content not-animated\" role=\"progressbar\" aria-labelledby=\"awb-progressbar-label-4\" aria-valuemin=\"0\" aria-valuemax=\"100\" aria-valuenow=\"12\" data-filling-speed=\"600\"><span class=\"progress-title awb-on-bar\"><span class=\"fusion-progressbar-text\" id=\"awb-progressbar-label-4\">ont d\u00e9j\u00e0 tent\u00e9 de se suicider<\/span> <span class=\"fusion-progressbar-value\">12%<\/span><\/span><\/div><span class=\"awb-pb-max-value-wrap awb-on-bar\"><span class=\"awb-pb-max-value-text\"><\/span><\/span><\/div><\/div><div class=\"fusion-progressbar\" style=\"--awb-textcolor:#000000;--awb-filledcolor:#e41618;--awb-filledbordercolor:#e41618;--awb-maximum-value-wrapper-width:95%;\"><div class=\"fusion-progressbar-bar progress-bar\"><div class=\"progress progress-bar-content not-animated\" role=\"progressbar\" aria-labelledby=\"awb-progressbar-label-5\" aria-valuemin=\"0\" aria-valuemax=\"100\" aria-valuenow=\"5\" data-filling-speed=\"600\"><span class=\"progress-title awb-on-bar\"><span class=\"fusion-progressbar-text\" id=\"awb-progressbar-label-5\">pensent que voter permet de changer les choses<\/span> <span class=\"fusion-progressbar-value\">5%<\/span><\/span><\/div><span class=\"awb-pb-max-value-wrap awb-on-bar\"><span class=\"awb-pb-max-value-text\"><\/span><\/span><\/div><\/div><div class=\"fusion-clearfix\"><\/div><\/div><\/div><\/div><\/div>\n","protected":false},"excerpt":{"rendered":"","protected":false},"author":1,"featured_media":0,"parent":0,"menu_order":0,"comment_status":"closed","ping_status":"closed","template":"","meta":{"footnotes":""},"class_list":["post-244","page","type-page","status-publish","hentry"],"_links":{"self":[{"href":"https:\/\/www.institut-solidaris.be\/index.php\/wp-json\/wp\/v2\/pages\/244","targetHints":{"allow":["GET"]}}],"collection":[{"href":"https:\/\/www.institut-solidaris.be\/index.php\/wp-json\/wp\/v2\/pages"}],"about":[{"href":"https:\/\/www.institut-solidaris.be\/index.php\/wp-json\/wp\/v2\/types\/page"}],"author":[{"embeddable":true,"href":"https:\/\/www.institut-solidaris.be\/index.php\/wp-json\/wp\/v2\/users\/1"}],"replies":[{"embeddable":true,"href":"https:\/\/www.institut-solidaris.be\/index.php\/wp-json\/wp\/v2\/comments?post=244"}],"version-history":[{"count":38,"href":"https:\/\/www.institut-solidaris.be\/index.php\/wp-json\/wp\/v2\/pages\/244\/revisions"}],"predecessor-version":[{"id":1916,"href":"https:\/\/www.institut-solidaris.be\/index.php\/wp-json\/wp\/v2\/pages\/244\/revisions\/1916"}],"wp:attachment":[{"href":"https:\/\/www.institut-solidaris.be\/index.php\/wp-json\/wp\/v2\/media?parent=244"}],"curies":[{"name":"wp","href":"https:\/\/api.w.org\/{rel}","templated":true}]}}