{"id":2410,"date":"2022-04-27T10:51:37","date_gmt":"2022-04-27T09:51:37","guid":{"rendered":"https:\/\/www.institut-solidaris.be\/?page_id=2410"},"modified":"2022-05-05T11:08:30","modified_gmt":"2022-05-05T10:08:30","slug":"les-patients-souffrant-de-bronchite-chronique","status":"publish","type":"page","link":"https:\/\/www.institut-solidaris.be\/index.php\/etudes\/sante\/les-patients-souffrant-de-bronchite-chronique\/","title":{"rendered":"Les patients souffrant de bronchite chronique"},"content":{"rendered":"<div class=\"fusion-fullwidth fullwidth-box fusion-builder-row-1 nonhundred-percent-fullwidth non-hundred-percent-height-scrolling\" style=\"--awb-background-position:left top;--awb-border-radius-top-left:0px;--awb-border-radius-top-right:0px;--awb-border-radius-bottom-right:0px;--awb-border-radius-bottom-left:0px;--awb-padding-top:20px;--awb-padding-bottom:20px;--awb-border-sizes-top:0px;--awb-border-sizes-bottom:0px;--awb-flex-wrap:wrap;\" ><div class=\"fusion-builder-row fusion-row\"><div class=\"fusion-layout-column fusion_builder_column fusion-builder-column-0 fusion_builder_column_1_2 1_2 fusion-one-half fusion-column-first\" style=\"--awb-bg-size:cover;width:48%; margin-right: 4%;\"><div class=\"fusion-column-wrapper fusion-flex-column-wrapper-legacy\"><div class=\"fusion-text fusion-text-1\"><\/div><div class=\"fusion-text fusion-text-2\"><p>La bronchite chronique : c\u2019est quoi ?<br \/>\nLa bronchopneumopathie chronique obstructive (BPCO) &#8211; mieux connue sous le nom de \u201cbronchite chronique\u201d &#8211; est une affection pulmonaire caract\u00e9ris\u00e9e par un blocage persistant des gaz inspir\u00e9s au niveau des poumons. Elle se caract\u00e9rise par de l\u2019essoufflement, une toux chronique avec des expectorations et des infections des voies respiratoires fr\u00e9quentes. Fortement invalidante, cette maladie est une des principales causes de morbidit\u00e9 et de mortalit\u00e9 dans les pays d\u00e9velopp\u00e9s. Elle a un impact important sur la vie quotidienne des personnes qui en souffrent.<\/p>\n<p>Quels sont les facteurs de risque ?<\/p>\n<p>Le tabagisme actif ou passif est la principale cause de la BPCO. On rel\u00e8ve aussi qu\u2019une mauvaise qualit\u00e9 de l\u2019air (en lien notamment avec les conditions de travail, de logement, la pollution urbaine) joue un r\u00f4le important dans le d\u00e9veloppement et la progression de la maladie.<\/p>\n<p>Comment soigner la bronchite chronique ?<\/p>\n<p>Outre l\u2019utilisation de traitements m\u00e9dicamenteux soulageant les sympt\u00f4mes, arr\u00eater de fumer est la meilleure mani\u00e8re de freiner<br \/>\nl\u2019\u00e9volution de la maladie chez les fumeurs. D\u2019autres conseils &#8211; tels que la perte de poids, l\u2019exercice physique\/la kin\u00e9sith\u00e9rapie<br \/>\nou la pr\u00e9vention des complications respiratoires (vaccin antigrippe par exemple) &#8211; peuvent \u00e9galement \u00eatre indiqu\u00e9s selon les cas.<\/p>\n<p>Objectifs<\/p>\n<p>Ce Stat Info Solidaris \u00e9tudie le profil socio-sanitaire des patients souffrant de BPCO ainsi que leur consommation de soins de<br \/>\nsant\u00e9 et les co\u00fbts qu\u2019elle induit afin de mieux cerner les besoins de ces patients et formuler des propositions pour am\u00e9liorer leur<br \/>\nprise en charge.<\/p>\n<p><span style=\"color: #ff0000;\"><strong><a style=\"color: #ff0000;\" href=\"https:\/\/www.institut-solidaris.be\/wp-content\/uploads\/2022\/04\/Statinfosolidarisbronchitechronique.pdf\">Les patients souffrant de bronchites chroniques<\/a><\/strong><\/span><\/p>\n<\/div><div class=\"fusion-text fusion-text-3\"><p>La bronchite chronique : c\u2019est quoi ?<br \/>\nLa bronchopneumopathie chronique obstructive (BPCO) &#8211; mieux connue sous le nom de \u201cbronchite chronique\u201d &#8211; est une affection pulmonaire caract\u00e9ris\u00e9e par un blocage persistant des gaz inspir\u00e9s au niveau des poumons. Elle se caract\u00e9rise par de l\u2019essoufflement, une toux chronique avec des expectorations et des infections des voies respiratoires fr\u00e9quentes. Fortement invalidante, cette maladie est une des principales causes de morbidit\u00e9 et de mortalit\u00e9 dans les pays d\u00e9velopp\u00e9s. Elle a un impact important sur la vie quotidienne des personnes qui en souffrent.<\/p>\n<p>Quels sont les facteurs de risque ?<\/p>\n<p>Le tabagisme actif ou passif est la principale cause de la BPCO. On rel\u00e8ve aussi qu\u2019une mauvaise qualit\u00e9 de l\u2019air (en lien notamment avec les conditions de travail, de logement, la pollution urbaine) joue un r\u00f4le important dans le d\u00e9veloppement et la progression de la maladie.<\/p>\n<p>Comment soigner la bronchite chronique ?<\/p>\n<p>Outre l\u2019utilisation de traitements m\u00e9dicamenteux soulageant les sympt\u00f4mes, arr\u00eater de fumer est la meilleure mani\u00e8re de freiner<br \/>\nl\u2019\u00e9volution de la maladie chez les fumeurs. D\u2019autres conseils &#8211; tels que la perte de poids, l\u2019exercice physique\/la kin\u00e9sith\u00e9rapie<br \/>\nou la pr\u00e9vention des complications respiratoires (vaccin antigrippe par exemple) &#8211; peuvent \u00e9galement \u00eatre indiqu\u00e9s selon les cas.<\/p>\n<p>Objectifs<\/p>\n<p>Ce Stat Info Solidaris \u00e9tudie le profil socio-sanitaire des patients souffrant de BPCO ainsi que leur consommation de soins de<br \/>\nsant\u00e9 et les co\u00fbts qu\u2019elle induit afin de mieux cerner les besoins de ces patients et formuler des propositions pour am\u00e9liorer leur<br \/>\nprise en charge.<\/p>\n<p><span style=\"color: #ff0000;\"><strong><a style=\"color: #ff0000;\" href=\"https:\/\/www.institut-solidaris.be\/wp-content\/uploads\/2022\/04\/Statinfosolidarisbronchitechronique.pdf\">Les patients souffrant de bronchites chroniques<\/a><\/strong><\/span><\/p>\n<\/div><div class=\"fusion-clearfix\"><\/div><\/div><\/div><div class=\"fusion-layout-column fusion_builder_column fusion-builder-column-1 fusion_builder_column_1_2 1_2 fusion-one-half fusion-column-last\" style=\"--awb-bg-size:cover;width:48%;\"><div class=\"fusion-column-wrapper fusion-flex-column-wrapper-legacy\"><div class=\"fusion-clearfix\"><\/div><\/div><\/div><\/div><\/div>\n","protected":false},"excerpt":{"rendered":"","protected":false},"author":9,"featured_media":2650,"parent":2255,"menu_order":1,"comment_status":"closed","ping_status":"closed","template":"","meta":{"footnotes":""},"class_list":["post-2410","page","type-page","status-publish","has-post-thumbnail","hentry"],"_links":{"self":[{"href":"https:\/\/www.institut-solidaris.be\/index.php\/wp-json\/wp\/v2\/pages\/2410","targetHints":{"allow":["GET"]}}],"collection":[{"href":"https:\/\/www.institut-solidaris.be\/index.php\/wp-json\/wp\/v2\/pages"}],"about":[{"href":"https:\/\/www.institut-solidaris.be\/index.php\/wp-json\/wp\/v2\/types\/page"}],"author":[{"embeddable":true,"href":"https:\/\/www.institut-solidaris.be\/index.php\/wp-json\/wp\/v2\/users\/9"}],"replies":[{"embeddable":true,"href":"https:\/\/www.institut-solidaris.be\/index.php\/wp-json\/wp\/v2\/comments?post=2410"}],"version-history":[{"count":4,"href":"https:\/\/www.institut-solidaris.be\/index.php\/wp-json\/wp\/v2\/pages\/2410\/revisions"}],"predecessor-version":[{"id":2651,"href":"https:\/\/www.institut-solidaris.be\/index.php\/wp-json\/wp\/v2\/pages\/2410\/revisions\/2651"}],"up":[{"embeddable":true,"href":"https:\/\/www.institut-solidaris.be\/index.php\/wp-json\/wp\/v2\/pages\/2255"}],"wp:featuredmedia":[{"embeddable":true,"href":"https:\/\/www.institut-solidaris.be\/index.php\/wp-json\/wp\/v2\/media\/2650"}],"wp:attachment":[{"href":"https:\/\/www.institut-solidaris.be\/index.php\/wp-json\/wp\/v2\/media?parent=2410"}],"curies":[{"name":"wp","href":"https:\/\/api.w.org\/{rel}","templated":true}]}}