{"id":2405,"date":"2022-04-27T10:43:20","date_gmt":"2022-04-27T09:43:20","guid":{"rendered":"https:\/\/www.institut-solidaris.be\/?page_id=2405"},"modified":"2023-02-09T11:16:47","modified_gmt":"2023-02-09T10:16:47","slug":"les-inegalites-sociales-nuisent-gravement-a-la-sante","status":"publish","type":"page","link":"https:\/\/www.institut-solidaris.be\/index.php\/etudes\/inegalites-sociales\/les-inegalites-sociales-nuisent-gravement-a-la-sante\/","title":{"rendered":"Les in\u00e9galit\u00e9s sociales nuisent gravement \u00e0 la sant\u00e9"},"content":{"rendered":"<p>Les in\u00e9galit\u00e9s sociales constituent un enjeu fondamental dans les pays europ\u00e9ens et sont pr\u00e9sentes<br \/>\ndans de nombreux domaines : sant\u00e9 et acc\u00e8s \u00e0 la sant\u00e9, revenus, droits, pouvoirs, richesses, acc\u00e8s<br \/>\naux informations et aux services, etc. La source de ces in\u00e9galit\u00e9s est multiple et n\u00e9cessite d\u00e8s lors<br \/>\nune analyse approfondie pour les comprendre.<br \/>\nDans cette \u00e9tude, Solidaris se penche en particulier sur les in\u00e9galit\u00e9s sociales de sant\u00e9 (ISS) qui<br \/>\nrepr\u00e9sentent un enjeu central de sant\u00e9 publique en Belgique. De facto, les ISS se r\u00e9f\u00e8rent aux<br \/>\ndisparit\u00e9s observ\u00e9es entre diff\u00e9rents groupes sociaux au niveau de leur \u00e9tat de sant\u00e9 (physique et<br \/>\nmentale), leur bien-\u00eatre, leur esp\u00e9rance de vie (et celle en bonne sant\u00e9), leur consommation de<br \/>\nsoins, leur sant\u00e9 d\u00e9clar\u00e9e ainsi qu\u2019au niveau de leur comportement et mode de vie.<br \/>\nDe nombreuses recherches tant en Belgique qu\u2019\u00e0 l\u2019\u00e9tranger y ont \u00e9t\u00e9 consacr\u00e9es. Elles t\u00e9moignent<br \/>\ntoutes de l\u2019existence d\u2019une \u00e9troite relation entre l\u2019\u00e9tat de sant\u00e9 d\u2019un individu et son appartenance \u00e0<br \/>\nun groupe social (celui-ci \u00e9tant fonction du revenu, du niveau d\u2019\u00e9ducation, de la profession, du lieu<br \/>\nde r\u00e9sidence, etc.).<\/p>\n<p>Cela se traduit par davantage de maladies et comportements \u00e0 risque ainsi qu\u2019une morbidit\u00e9 et une<br \/>\nmortalit\u00e9 sup\u00e9rieures parmi les personnes pr\u00e9caris\u00e9es. A contrario, les personnes qui occupent une<br \/>\nposition sociale plus \u00e9lev\u00e9e sont en meilleure sant\u00e9, jouissent d\u2019une qualit\u00e9 de vie sup\u00e9rieure et<br \/>\nvivent plus longtemps. Les ISS se retrouvent \u00e0 tous les niveaux de l\u2019\u00e9chelle sociale : \u00ab ceux qui sont<br \/>\nau sommet de la pyramide sociale jouissent d\u2019une meilleure sant\u00e9 que ceux directement en dessous<br \/>\nd\u2019eux, et qui eux-m\u00eames sont en meilleure sant\u00e9 que ceux qui sont juste en dessous et ainsi de<br \/>\nsuite jusqu\u2019aux plus bas \u00e9chelons \u00bb.<\/p>\n<p>Elles existent selon un gradient social comme cela a \u00e9t\u00e9 d\u00e9montr\u00e9 \u00e0 plusieurs reprises au niveau d\u2019\u00e9tudes belges et internationales : la fr\u00e9quence d\u2019unprobl\u00e8me de sant\u00e9 augmente des cat\u00e9gories sociales les plus favoris\u00e9es vers les plus<br \/>\nd\u00e9favoris\u00e9es.<br \/>\nParadoxalement, les in\u00e9galit\u00e9s de sant\u00e9 entre les diff\u00e9rents groupes sociaux se sont globalement<br \/>\nrenforc\u00e9es ces derni\u00e8res d\u00e9cennies malgr\u00e9 les progr\u00e8s en mati\u00e8re de sant\u00e9 publique et les<br \/>\nsyst\u00e8mes de protection sociale offrant une large accessibilit\u00e9 aux soins de sant\u00e9. Si les conditions<br \/>\nde vie et des soins de sant\u00e9 se sont am\u00e9lior\u00e9es \u2013 se traduisant notamment par une progression de<br \/>\nl\u2019esp\u00e9rance de vie de plus de deux mois par an ces 20 derni\u00e8res ann\u00e9es \u2013 il n\u2019en reste pas moins<br \/>\nque les ISS persistent et continuent m\u00eame de s\u2019accro\u00eetre. Les Belges ne b\u00e9n\u00e9ficient pas des<br \/>\nprogr\u00e8s m\u00e9dicaux et sociaux dans la m\u00eame mesure : les personnes issues de milieux sociaux<br \/>\nmoins ais\u00e9s ne voient pas leur sant\u00e9 s\u2019am\u00e9liorer autant que ce qui serait possible alors que ceux<br \/>\ntout en bas de l\u2019\u00e9chelle ne connaissent aucun changement, ou pire voient leur situation s\u2019aggraver.<\/p>\n<p>Le dernier Barom\u00e8tre Solidaris6 montre des \u00e9carts marqu\u00e9s et qui augmentent : l\u2019indice global de<br \/>\nbien-\u00eatre et de confiance, r\u00e9sultant d\u2019une batterie de plus de 200 questions, a ainsi diminu\u00e9 pour les<br \/>\n10% des belges (francophones) les plus pr\u00e9caris\u00e9s (passant de 17,2% \u00e0 15,7%) entre 2015 et 2017<br \/>\nalors que ce m\u00eame indice a augment\u00e9 parmi les 10% les plus ais\u00e9s (et est pass\u00e9 de 85,4% \u00e0<br \/>\n86,7%). En outre, ce Barom\u00e8tre met en \u00e9vidence que pour le Belge, la sant\u00e9 est le premier crit\u00e8re<br \/>\nqui d\u00e9termine son bien-\u00eatre, bien avant le revenu, le statut professionnel ou les relations sociales. Et<br \/>\npourtant, s\u2019il y a bien une chose face \u00e0 laquelle les individus ne sont pas \u00e9gaux, c\u2019est la sant\u00e9.<br \/>\nSolidaris a d\u00e8s lors d\u00e9cid\u00e9 de consacrer ses Assises 2018 au th\u00e8me des in\u00e9galit\u00e9s sociales de<br \/>\nsant\u00e9 et de baser sa r\u00e9flexion sur une analyse approfondie de la situation en Belgique.<br \/>\nCette \u00e9tude a donc pour objectif de dresser un \u00e9tat des lieux de la question et quantifier plus<br \/>\npr\u00e9cis\u00e9ment les \u00e9carts de sant\u00e9 entre les deux groupes sociaux situ\u00e9s aux extr\u00eames de la<br \/>\nhi\u00e9rarchie sociale, approch\u00e9e par les revenus, soit entre les personnes d\u00e9munies et les nanties,<br \/>\nmais aussi entre les diff\u00e9rentes cat\u00e9gories de population, soit tout au long de la distribution des<br \/>\nrevenus, pour mesurer l\u2019ampleur du gradient social existant \u00e0 chaque niveau de l\u2019\u00e9chelle sociale. La<br \/>\nm\u00e9thodologie utilis\u00e9e dans cette \u00e9tude permet de mener une analyse quantitative du lien entre<br \/>\nin\u00e9galit\u00e9s sociales et in\u00e9galit\u00e9s de sant\u00e9 parmi la population belge, dans un domaine o\u00f9 les \u00e9tudes<br \/>\nsont essentiellement qualitatives. Ces r\u00e9sultats apportent d\u00e8s lors un \u00e9clairage nouveau et sont<br \/>\ncompl\u00e9mentaires \u00e0 ceux tir\u00e9s des enqu\u00eates men\u00e9es sur le sujet.<\/p>\n<h3><span style=\"color: #ff0000;\"><strong><a style=\"color: #ff0000;\" href=\"https:\/\/www.institut-solidaris.be\/wp-content\/uploads\/2022\/04\/Synthese_Solidaris_Inegalites-sociales-de-sante_Juin-2018-1.pdf\" target=\"_blank\" rel=\"noopener\">Liens vers In\u00e9galit\u00e9s sociales de sant\u00e9<\/a><\/strong><\/span><\/h3>\n","protected":false},"excerpt":{"rendered":"<p>Les in\u00e9galit\u00e9s sociales constituent un enjeu fondamental dans les pays europ\u00e9ens et sont pr\u00e9sentes dans de nombreux domaines : sant\u00e9 et acc\u00e8s \u00e0 la sant\u00e9, revenus, droits, pouvoirs, richesses, acc\u00e8s aux informations et aux services, etc. La source de ces in\u00e9galit\u00e9s est multiple et n\u00e9cessite d\u00e8s lors une analyse approfondie pour les comprendre. Dans cette  [&#8230;]<\/p>\n","protected":false},"author":9,"featured_media":0,"parent":2241,"menu_order":2,"comment_status":"closed","ping_status":"closed","template":"","meta":{"footnotes":""},"class_list":["post-2405","page","type-page","status-publish","hentry"],"_links":{"self":[{"href":"https:\/\/www.institut-solidaris.be\/index.php\/wp-json\/wp\/v2\/pages\/2405","targetHints":{"allow":["GET"]}}],"collection":[{"href":"https:\/\/www.institut-solidaris.be\/index.php\/wp-json\/wp\/v2\/pages"}],"about":[{"href":"https:\/\/www.institut-solidaris.be\/index.php\/wp-json\/wp\/v2\/types\/page"}],"author":[{"embeddable":true,"href":"https:\/\/www.institut-solidaris.be\/index.php\/wp-json\/wp\/v2\/users\/9"}],"replies":[{"embeddable":true,"href":"https:\/\/www.institut-solidaris.be\/index.php\/wp-json\/wp\/v2\/comments?post=2405"}],"version-history":[{"count":5,"href":"https:\/\/www.institut-solidaris.be\/index.php\/wp-json\/wp\/v2\/pages\/2405\/revisions"}],"predecessor-version":[{"id":2627,"href":"https:\/\/www.institut-solidaris.be\/index.php\/wp-json\/wp\/v2\/pages\/2405\/revisions\/2627"}],"up":[{"embeddable":true,"href":"https:\/\/www.institut-solidaris.be\/index.php\/wp-json\/wp\/v2\/pages\/2241"}],"wp:attachment":[{"href":"https:\/\/www.institut-solidaris.be\/index.php\/wp-json\/wp\/v2\/media?parent=2405"}],"curies":[{"name":"wp","href":"https:\/\/api.w.org\/{rel}","templated":true}]}}