{"id":2332,"date":"2022-04-04T11:43:43","date_gmt":"2022-04-04T10:43:43","guid":{"rendered":"https:\/\/www.institut-solidaris.be\/?page_id=2332"},"modified":"2022-05-05T10:30:27","modified_gmt":"2022-05-05T09:30:27","slug":"20-propositions-pour-une-politique-sociale-du-medicament","status":"publish","type":"page","link":"https:\/\/www.institut-solidaris.be\/index.php\/etudes\/medicaments\/20-propositions-pour-une-politique-sociale-du-medicament\/","title":{"rendered":"20 propositions pour une politique sociale du m\u00e9dicament"},"content":{"rendered":"<div class=\"fusion-fullwidth fullwidth-box fusion-builder-row-1 nonhundred-percent-fullwidth non-hundred-percent-height-scrolling\" style=\"--awb-background-position:left top;--awb-border-radius-top-left:0px;--awb-border-radius-top-right:0px;--awb-border-radius-bottom-right:0px;--awb-border-radius-bottom-left:0px;--awb-padding-top:20px;--awb-padding-bottom:20px;--awb-border-sizes-top:0px;--awb-border-sizes-bottom:0px;--awb-flex-wrap:wrap;\" ><div class=\"fusion-builder-row fusion-row\"><div class=\"fusion-layout-column fusion_builder_column fusion-builder-column-0 fusion_builder_column_1_2 1_2 fusion-one-half fusion-column-first\" style=\"--awb-bg-size:cover;width:48%; margin-right: 4%;\"><div class=\"fusion-column-wrapper fusion-flex-column-wrapper-legacy\"><div class=\"fusion-text fusion-text-1\"><\/div><div class=\"fusion-text fusion-text-2\"><p>Le m\u00e9dicament occupe une place importante dans notre syst\u00e8me de sant\u00e9 mais aussi parmi les pr\u00e9occupations des citoyens. Pour preuve, il ne se passe pas une semaine sans que la presse grand public ne relaie un sujet en relation avec le th\u00e8me du m\u00e9dicament. Ceci s\u2019explique notamment par les attentes \u00e0 l\u2019\u00e9gard d\u2019un secteur synonyme d\u2019innovation m\u00e9dicale et porteur d\u2019espoirs pour de nombreux patients. Mais il y a \u00e9galement les pr\u00e9occupations de la population relatives \u00e0 l\u2019efficacit\u00e9 et \u00e0 la s\u00e9curit\u00e9 des m\u00e9dicaments ainsi qu\u2019\u00e0 leur prix<br \/>\net \u00e0 leur accessibilit\u00e9.<\/p>\n<p>La consommation de m\u00e9dicaments est particuli\u00e8relment \u00e9lev\u00e9e dans notre pays. Au total, les Belges consacrent quelque 6 milliards d\u2019euros \u00e0 leurs d\u00e9penses de m\u00e9dicaments, dont 4,1 milliards couverts par la Solidarit\u00e9.<\/p>\n<p>Avec 16% du budget des soins de sant\u00e9, les sp\u00e9cialit\u00e9s pharmaceutiques constituent le troisi\u00e8me poste de d\u00e9penses de l\u2019assurance maladie obligatoire mais le premier dans le budget sant\u00e9 des m\u00e9nages.<\/p>\n<p>Le domaine du m\u00e9dicament est multidimensionnel. Il concerne diff\u00e9rents niveaux de pouvoirs &#8211; europ\u00e9en, f\u00e9d\u00e9ral, r\u00e9gional &#8211; et il interpelle diff\u00e9rents acteurs du syst\u00e8me : l\u2019\u00c9tat et les autorit\u00e9s de sant\u00e9, les prestataires de soins, les mutualit\u00e9s, les patients et l\u2019industrie. Acteur social et politique, Solidaris &#8211; Mutualit\u00e9 Socialiste a entam\u00e9 voici un an une r\u00e9flexion approfondie sur ce secteur important de notre syst\u00e8me de soins de sant\u00e9 confront\u00e9 \u00e0 de multiples enjeux et d\u00e9fis. Ce travail de r\u00e9flexion s\u2019est traduit par l\u2019organisation le 13 mars 2014 d\u2019un symposium sur le th\u00e8me \u201cQuelle politique du m\u00e9dicament pour notre syst\u00e8me social de sant\u00e9 ?\u201d<\/p>\n<p><strong><span style=\"color: #ff0000;\">Lien vers :\u00a0<a style=\"color: #ff0000;\" href=\"https:\/\/www.institut-solidaris.be\/wp-content\/uploads\/2022\/04\/CahierRevendications_Medicaments_2014.pdf\">20 propositions pour une politique sociale du m\u00e9dicament<\/a><\/span><\/strong><\/p>\n<\/div><div class=\"fusion-clearfix\"><\/div><\/div><\/div><div class=\"fusion-layout-column fusion_builder_column fusion-builder-column-1 fusion_builder_column_1_2 1_2 fusion-one-half fusion-column-last\" style=\"--awb-bg-size:cover;width:48%;\"><div class=\"fusion-column-wrapper fusion-flex-column-wrapper-legacy\"><div class=\"fusion-clearfix\"><\/div><\/div><\/div><\/div><\/div>\n","protected":false},"excerpt":{"rendered":"","protected":false},"author":9,"featured_media":2335,"parent":2247,"menu_order":0,"comment_status":"closed","ping_status":"closed","template":"","meta":{"footnotes":""},"class_list":["post-2332","page","type-page","status-publish","has-post-thumbnail","hentry"],"_links":{"self":[{"href":"https:\/\/www.institut-solidaris.be\/index.php\/wp-json\/wp\/v2\/pages\/2332","targetHints":{"allow":["GET"]}}],"collection":[{"href":"https:\/\/www.institut-solidaris.be\/index.php\/wp-json\/wp\/v2\/pages"}],"about":[{"href":"https:\/\/www.institut-solidaris.be\/index.php\/wp-json\/wp\/v2\/types\/page"}],"author":[{"embeddable":true,"href":"https:\/\/www.institut-solidaris.be\/index.php\/wp-json\/wp\/v2\/users\/9"}],"replies":[{"embeddable":true,"href":"https:\/\/www.institut-solidaris.be\/index.php\/wp-json\/wp\/v2\/comments?post=2332"}],"version-history":[{"count":5,"href":"https:\/\/www.institut-solidaris.be\/index.php\/wp-json\/wp\/v2\/pages\/2332\/revisions"}],"predecessor-version":[{"id":2628,"href":"https:\/\/www.institut-solidaris.be\/index.php\/wp-json\/wp\/v2\/pages\/2332\/revisions\/2628"}],"up":[{"embeddable":true,"href":"https:\/\/www.institut-solidaris.be\/index.php\/wp-json\/wp\/v2\/pages\/2247"}],"wp:featuredmedia":[{"embeddable":true,"href":"https:\/\/www.institut-solidaris.be\/index.php\/wp-json\/wp\/v2\/media\/2335"}],"wp:attachment":[{"href":"https:\/\/www.institut-solidaris.be\/index.php\/wp-json\/wp\/v2\/media?parent=2332"}],"curies":[{"name":"wp","href":"https:\/\/api.w.org\/{rel}","templated":true}]}}