{"id":2245,"date":"2022-03-21T13:26:41","date_gmt":"2022-03-21T12:26:41","guid":{"rendered":"https:\/\/www.institut-solidaris.be\/?page_id=2245"},"modified":"2022-10-26T14:06:05","modified_gmt":"2022-10-26T13:06:05","slug":"medecine","status":"publish","type":"page","link":"https:\/\/www.institut-solidaris.be\/index.php\/etudes\/medecine\/","title":{"rendered":"M\u00e9decine"},"content":{"rendered":"<div class=\"fusion-fullwidth fullwidth-box fusion-builder-row-1 nonhundred-percent-fullwidth non-hundred-percent-height-scrolling\" style=\"--awb-border-radius-top-left:0px;--awb-border-radius-top-right:0px;--awb-border-radius-bottom-right:0px;--awb-border-radius-bottom-left:0px;--awb-flex-wrap:wrap;\" ><div class=\"fusion-builder-row fusion-row\"><div class=\"fusion-layout-column fusion_builder_column fusion-builder-column-0 fusion_builder_column_1_1 1_1 fusion-one-full fusion-column-first fusion-column-last\" style=\"--awb-bg-size:cover;--awb-margin-top:50px;--awb-margin-bottom:50px;\"><div class=\"fusion-column-wrapper fusion-column-has-shadow fusion-flex-column-wrapper-legacy\"><div class=\"fusion-text fusion-text-1\"><p><code>\n<!-- Page-list plugin v.5.9 wordpress.org\/plugins\/page-list\/ -->\n<ul class=\"page-list liste-etudes\">\n<li class=\"page_item page-item-2493\"><a href=\"https:\/\/www.institut-solidaris.be\/index.php\/etudes\/medecine\/le-patient-est-il-fidele-a-son-medecin-traitant\/\">Le patient est-il fid\u00e8le \u00e0 son m\u00e9decin traitant ?<\/a><\/li>\n<li class=\"page_item page-item-2579\"><a href=\"https:\/\/www.institut-solidaris.be\/index.php\/etudes\/medecine\/les-maisons-medicales-a-la-loupe\/\">Les maisons m\u00e9dicales \u00e0 la loupe<\/a><\/li>\n<li class=\"page_item page-item-2575\"><a href=\"https:\/\/www.institut-solidaris.be\/index.php\/etudes\/medecine\/laccessibilite-des-maisons-medicales-au-forfait-une-analyse-sur-base-des-quartiers-statistiques-a-bruxelles\/\">L\u2019accessibilit\u00e9 des maisons m\u00e9dicales au forfait<\/a><\/li>\n<li class=\"page_item page-item-2461\"><a href=\"https:\/\/www.institut-solidaris.be\/index.php\/etudes\/medecine\/barometre-dossier-medical-global-2011\/\">Barom\u00e8tre dossier m\u00e9dical global 2011<\/a><\/li>\n<li class=\"page_item page-item-2571 page_item_has_children\"><a href=\"https:\/\/www.institut-solidaris.be\/index.php\/etudes\/medecine\/barometre-dossier-medical-global-2012\/\">Barom\u00e8tre dossier m\u00e9dical global 2012<\/a>\n<ul class='children'>\n\t<li class=\"page_item page-item-3395\"><a href=\"https:\/\/www.institut-solidaris.be\/index.php\/etudes\/medecine\/barometre-dossier-medical-global-2012\/report-soins-2025\/\">Le report des soins de sant\u00e9 \u2013 Edition 2025<\/a><\/li>\n<\/ul>\n<\/li>\n<li class=\"page_item page-item-2466\"><a href=\"https:\/\/www.institut-solidaris.be\/index.php\/etudes\/medecine\/barometre-dossier-medical-global-2016\/\">Barom\u00e8tre dossier m\u00e9dical global 2016<\/a><\/li>\n\n<\/ul><\/code><\/p>\n<\/div><div class=\"fusion-clearfix\"><\/div><\/div><\/div><\/div><\/div>\n","protected":false},"excerpt":{"rendered":"","protected":false},"author":1,"featured_media":0,"parent":2228,"menu_order":0,"comment_status":"closed","ping_status":"closed","template":"","meta":{"footnotes":""},"class_list":["post-2245","page","type-page","status-publish","hentry"],"_links":{"self":[{"href":"https:\/\/www.institut-solidaris.be\/index.php\/wp-json\/wp\/v2\/pages\/2245","targetHints":{"allow":["GET"]}}],"collection":[{"href":"https:\/\/www.institut-solidaris.be\/index.php\/wp-json\/wp\/v2\/pages"}],"about":[{"href":"https:\/\/www.institut-solidaris.be\/index.php\/wp-json\/wp\/v2\/types\/page"}],"author":[{"embeddable":true,"href":"https:\/\/www.institut-solidaris.be\/index.php\/wp-json\/wp\/v2\/users\/1"}],"replies":[{"embeddable":true,"href":"https:\/\/www.institut-solidaris.be\/index.php\/wp-json\/wp\/v2\/comments?post=2245"}],"version-history":[{"count":3,"href":"https:\/\/www.institut-solidaris.be\/index.php\/wp-json\/wp\/v2\/pages\/2245\/revisions"}],"predecessor-version":[{"id":2839,"href":"https:\/\/www.institut-solidaris.be\/index.php\/wp-json\/wp\/v2\/pages\/2245\/revisions\/2839"}],"up":[{"embeddable":true,"href":"https:\/\/www.institut-solidaris.be\/index.php\/wp-json\/wp\/v2\/pages\/2228"}],"wp:attachment":[{"href":"https:\/\/www.institut-solidaris.be\/index.php\/wp-json\/wp\/v2\/media?parent=2245"}],"curies":[{"name":"wp","href":"https:\/\/api.w.org\/{rel}","templated":true}]}}