{"id":221,"date":"2015-12-07T13:32:57","date_gmt":"2015-12-07T12:32:57","guid":{"rendered":"https:\/\/www.institut-solidaris.be\/?page_id=221"},"modified":"2019-12-16T11:04:27","modified_gmt":"2019-12-16T10:04:27","slug":"que-vivent-les-jeunes-retraites","status":"publish","type":"page","link":"https:\/\/www.institut-solidaris.be\/index.php\/que-vivent-les-jeunes-retraites\/","title":{"rendered":"Que vivent les jeunes retrait\u00e9s ?"},"content":{"rendered":"<div class=\"fusion-fullwidth fullwidth-box fusion-builder-row-1 nonhundred-percent-fullwidth non-hundred-percent-height-scrolling\" style=\"--awb-background-position:left top;--awb-border-radius-top-left:0px;--awb-border-radius-top-right:0px;--awb-border-radius-bottom-right:0px;--awb-border-radius-bottom-left:0px;--awb-padding-top:20px;--awb-padding-bottom:20px;--awb-border-sizes-top:0px;--awb-border-sizes-bottom:0px;--awb-flex-wrap:wrap;\" ><div class=\"fusion-builder-row fusion-row\"><div class=\"fusion-layout-column fusion_builder_column fusion-builder-column-0 fusion_builder_column_1_2 1_2 fusion-one-half fusion-column-first\" style=\"--awb-bg-size:cover;width:48%; margin-right: 4%;\"><div class=\"fusion-column-wrapper fusion-flex-column-wrapper-legacy\"><div class=\"fusion-slider-sc fusion-flexslider-loading flexslider flexslider-hover-type-none\" data-slideshow_autoplay=\"1\" data-slideshow_smooth_height=\"0\" data-slideshow_speed=\"7000\" style=\"max-width:100%;height:100%;\"><ul class=\"slides\"><li class=\"image\"><span class=\"fusion-image-hover-element hover-type-none\"><img decoding=\"async\" src=\"https:\/\/www.institut-solidaris.be\/wp-content\/uploads\/2015\/12\/image-retraites-1.jpg\" width=\"600\" height=\"350\" \/><\/span><\/li><li class=\"image\"><span class=\"fusion-image-hover-element hover-type-none\"><img decoding=\"async\" src=\"https:\/\/www.institut-solidaris.be\/wp-content\/uploads\/2015\/12\/image-retraites-2.jpg\" width=\"600\" height=\"350\" \/><\/span><\/li><li class=\"video\"><div class=\"full-video\"><div class=\"fusion-video fusion-youtube\" style=\"--awb-max-width:600px;--awb-max-height:350px;\"><div class=\"video-shortcode\"><div class=\"fluid-width-video-wrapper\" style=\"padding-top:58.33%;\" ><iframe title=\"YouTube video player 1\" src=\"https:\/\/www.youtube.com\/embed\/FH-tmDeEkos?wmode=transparent&autoplay=0\" width=\"600\" height=\"350\" allowfullscreen allow=\"autoplay; clipboard-write; encrypted-media; gyroscope; picture-in-picture;\"><\/iframe><\/div><\/div><\/div><\/div><\/li><\/ul><\/div><div class=\"fusion-clearfix\"><\/div><\/div><\/div><div class=\"fusion-layout-column fusion_builder_column fusion-builder-column-1 fusion_builder_column_1_2 1_2 fusion-one-half fusion-column-last\" style=\"--awb-bg-size:cover;width:48%;\"><div class=\"fusion-column-wrapper fusion-flex-column-wrapper-legacy\"><div class=\"fusion-text fusion-text-1\"><p style=\"text-align: justify;\"><strong>638 personnes, repr\u00e9sentatives des jeunes retrait\u00e9s francophones selon les quotas classiques (\u00e2ge, genre, niveau d\u2019\u00e9tudes, type d\u2019habitat, localisation g\u00e9ographique), ont \u00e9t\u00e9 interrog\u00e9es en mars\/avril 2015 dans le cadre de cette enqu\u00eate.<\/strong><\/p>\n<p style=\"text-align: justify;\">Ce Thermom\u00e8tre Solidaris \u2013 RTL Info \u2013 Le Soir d\u00e9monte de nombreux st\u00e9r\u00e9otypes. Non, les retrait\u00e9s ne craignent pas tous la solitude et se sentent encore bel et bien utiles \u00e0 la collectivit\u00e9. Autre constat important : beaucoup regrettent qu\u2019il n\u2019y ait pas eu d\u2019am\u00e9nagements des conditions de travail pour les inciter \u00e0 rester plus longtemps la vie professionnelle.<\/p>\n<p style=\"text-align: justify;\">Cette investigation dans l\u2019univers des retrait\u00e9s r\u00e9cents &#8211; c\u2019est-\u00e0-dire ayant pris le statut de pr\u00e9-retrait\u00e9, pr\u00e9-pensionn\u00e9 ou retrait\u00e9 depuis maximum cinq ans \u2013 souligne aussi que les trajectoires de vie sont de moins en moins lin\u00e9aires et standardis\u00e9es. La soci\u00e9t\u00e9 n\u2019est pas suffisamment adapt\u00e9e \u00e0 des parcours de vie de plus en plus individualis\u00e9s : c\u2019est le constat principal de ce Thermom\u00e8tre Solidaris intitul\u00e9 \u00ab Que vivent les retrait(e)s r\u00e9cent(e)s ? \u00bb.<\/p>\n<p><img decoding=\"async\" class=\"size-full wp-image-112 alignleft\" src=\"https:\/\/www.institut-solidaris.be\/wp-content\/uploads\/2015\/12\/icone-pdf.gif\" alt=\"Consulter notre enqu\u00eate\" width=\"32\" height=\"32\" \/><a href=\"https:\/\/www.institut-solidaris.be\/wp-content\/uploads\/2015\/12\/Therm7_Retraites.pdf\" target=\"_blank\" rel=\"noopener noreferrer\">T\u00e9l\u00e9charger notre enqu\u00eate<\/a><\/p>\n<p><img decoding=\"async\" class=\"size-full wp-image-448 alignleft\" src=\"https:\/\/www.institut-solidaris.be\/wp-content\/uploads\/2015\/12\/youtube.gif\" alt=\"youtube\" width=\"32\" height=\"32\" \/><a href=\"https:\/\/youtu.be\/FH-tmDeEkos\" target=\"new\" rel=\"noopener noreferrer\">Visionner la vid\u00e9o en lien \u00e0 cette \u00e9tude<\/a><\/p>\n<\/div><div class=\"fusion-clearfix\"><\/div><\/div><\/div><div class=\"fusion-layout-column fusion_builder_column fusion-builder-column-2 fusion_builder_column_1_2 1_2 fusion-one-half fusion-column-first\" style=\"--awb-bg-size:cover;width:48%; margin-right: 4%;\"><div class=\"fusion-column-wrapper fusion-flex-column-wrapper-legacy\"><div class=\"accordian fusion-accordian\" style=\"--awb-border-size:1px;--awb-icon-size:13px;--awb-content-font-size:13px;--awb-icon-alignment:left;--awb-hover-color:#f9f9f9;--awb-border-color:#cccccc;--awb-background-color:#ffffff;--awb-divider-color:#e0dede;--awb-divider-hover-color:#e0dede;--awb-icon-color:#ffffff;--awb-title-color:#0502d3;--awb-content-color:#000000;--awb-icon-box-color:#000000;--awb-toggle-hover-accent-color:#e41618;--awb-title-font-family:&quot;Antic Slab&quot;;--awb-title-font-weight:regular;--awb-title-font-style:normal;--awb-title-font-size:13px;--awb-content-font-family:Arial, Helvetica, sans-serif;--awb-content-font-style:normal;--awb-content-font-weight:400;\"><div class=\"panel-group fusion-toggle-icon-boxed\" id=\"accordion-221-1\"><div class=\"fusion-panel panel-default panel-780564758f9bfceb4 fusion-toggle-has-divider\"><div class=\"panel-heading\"><h4 class=\"panel-title toggle\" id=\"toggle_780564758f9bfceb4\"><a aria-expanded=\"false\" aria-controls=\"780564758f9bfceb4\" role=\"button\" data-toggle=\"collapse\" data-parent=\"#accordion-221-1\" data-target=\"#780564758f9bfceb4\" href=\"#780564758f9bfceb4\"><span class=\"fusion-toggle-icon-wrapper\" aria-hidden=\"true\"><i class=\"fa-fusion-box active-icon awb-icon-minus\" aria-hidden=\"true\"><\/i><i class=\"fa-fusion-box inactive-icon awb-icon-plus\" aria-hidden=\"true\"><\/i><\/span><span class=\"fusion-toggle-heading\">Travailler plus longtemps mais dans de meilleures conditions<\/span><\/a><\/h4><\/div><div id=\"780564758f9bfceb4\" class=\"panel-collapse collapse \" aria-labelledby=\"toggle_780564758f9bfceb4\"><div class=\"panel-body toggle-content fusion-clearfix\">\n<p>Le regard que les jeunes retrait\u00e9s portent sur leur carri\u00e8re est unanime : les motivations de quitter la vie professionnelle avant l\u2019\u00e2ge l\u00e9gal de la retraite rel\u00e8vent surtout du stress constant au travail et la charge de travail trop forte.<\/p>\n<p>Ainsi, le passage de la vie professionnelle active au statut de retrait\u00e9 n\u2019est pas du tout v\u00e9cu par une tr\u00e8s large majorit\u00e9, comme une cassure, un traumatisme ou une mort sociale.<\/p>\n<p>Beaucoup d\u2019entre eux auraient certes appr\u00e9ci\u00e9 de travailler plus longtemps, mais seulement si les conditions de travail avaient \u00e9t\u00e9 r\u00e9am\u00e9nag\u00e9es. Avec am\u00e9nagement du temps de travail, j&rsquo;aurais \u00e9t\u00e9 pr\u00eat(e) \u00e0 travailler jusqu&rsquo;\u00e0 :<\/p>\n<\/div><\/div><\/div><div class=\"fusion-panel panel-default panel-4c2ffba27537d849d fusion-toggle-has-divider\"><div class=\"panel-heading\"><h4 class=\"panel-title toggle\" id=\"toggle_4c2ffba27537d849d\"><a aria-expanded=\"false\" aria-controls=\"4c2ffba27537d849d\" role=\"button\" data-toggle=\"collapse\" data-parent=\"#accordion-221-1\" data-target=\"#4c2ffba27537d849d\" href=\"#4c2ffba27537d849d\"><span class=\"fusion-toggle-icon-wrapper\" aria-hidden=\"true\"><i class=\"fa-fusion-box active-icon awb-icon-minus\" aria-hidden=\"true\"><\/i><i class=\"fa-fusion-box inactive-icon awb-icon-plus\" aria-hidden=\"true\"><\/i><\/span><span class=\"fusion-toggle-heading\">Perte de confiance envers notre syst\u00e8me<\/span><\/a><\/h4><\/div><div id=\"4c2ffba27537d849d\" class=\"panel-collapse collapse \" aria-labelledby=\"toggle_4c2ffba27537d849d\"><div class=\"panel-body toggle-content fusion-clearfix\">\n<p>Autre constat majeur, les s\u00e9niors expriment une d\u00e9fiance totale \u00e0 l\u2019\u00e9gard du syst\u00e8me \u00e9conomique et financier. Neuf retrait\u00e9s r\u00e9cents sur dix \u2013 pensent que \u00ab\u00a0l\u2019Etat et la S\u00e9curit\u00e9 sociale vont les prot\u00e9ger de moins en moins\u00a0\u00bb. Les plus pr\u00e9caris\u00e9s qui ont un r\u00e9el sentiment d\u2019abandon de la part de l\u2019Etat et de la soci\u00e9t\u00e9.<\/p>\n<p>Ils ressentent une tr\u00e8s forte inqui\u00e9tude concernant l\u2019avenir des g\u00e9n\u00e9rations suivantes : tout comme les 18-30 ans interrog\u00e9s dans le Thermom\u00e8tre Solidaris pr\u00e9c\u00e9dent, les jeunes retrait\u00e9s sont pr\u00e8s d\u2019un sur deux \u00e0 affirmer que leurs enfants auront des conditions de vie moins bonnes que les leurs.<\/p>\n<p>La grande majorit\u00e9 d\u2019entre eux ne pensent pas que les responsables politiques agissent vraiment pour am\u00e9liorer la qualit\u00e9 de vie de la population.:<\/p>\n<\/div><\/div><\/div><div class=\"fusion-panel panel-default panel-9f9a8b48f400bc176 fusion-toggle-has-divider\"><div class=\"panel-heading\"><h4 class=\"panel-title toggle\" id=\"toggle_9f9a8b48f400bc176\"><a aria-expanded=\"false\" aria-controls=\"9f9a8b48f400bc176\" role=\"button\" data-toggle=\"collapse\" data-parent=\"#accordion-221-1\" data-target=\"#9f9a8b48f400bc176\" href=\"#9f9a8b48f400bc176\"><span class=\"fusion-toggle-icon-wrapper\" aria-hidden=\"true\"><i class=\"fa-fusion-box active-icon awb-icon-minus\" aria-hidden=\"true\"><\/i><i class=\"fa-fusion-box inactive-icon awb-icon-plus\" aria-hidden=\"true\"><\/i><\/span><span class=\"fusion-toggle-heading\">Peur de la solitude ? Pas vraiment<\/span><\/a><\/h4><\/div><div id=\"9f9a8b48f400bc176\" class=\"panel-collapse collapse \" aria-labelledby=\"toggle_9f9a8b48f400bc176\"><div class=\"panel-body toggle-content fusion-clearfix\">Contrairement aux id\u00e9es re\u00e7ues, les jeunes retrait\u00e9s ne souffrent pas tous de l\u2019isolement. Seuls deux sur dix expriment une vraie anxi\u00e9t\u00e9 et une peur de la solitude. L\u2019angoisse principale pour une grande majorit\u00e9 d\u2019entre eux de devenir, plus tard, \u00ab une charge pour leurs proches \u00bb.<\/div><\/div><\/div><\/div><\/div><div class=\"fusion-clearfix\"><\/div><\/div><\/div><div class=\"fusion-layout-column fusion_builder_column fusion-builder-column-3 fusion_builder_column_1_2 1_2 fusion-one-half fusion-column-last\" style=\"--awb-bg-size:cover;width:48%;\"><div class=\"fusion-column-wrapper fusion-flex-column-wrapper-legacy\"><div class=\"fusion-title title fusion-title-1 fusion-title-text fusion-title-size-two\" style=\"--awb-margin-top-small:0px;--awb-margin-right-small:0px;--awb-margin-bottom-small:20px;--awb-margin-left-small:0px;\"><h2 class=\"fusion-title-heading title-heading-left\" style=\"margin:0;\">En chiffres<\/h2><span class=\"awb-title-spacer\"><\/span><div class=\"title-sep-container\"><div class=\"title-sep sep-double sep-solid\" style=\"border-color:#e0dede;\"><\/div><\/div><\/div><div class=\"fusion-progressbar\" style=\"--awb-textcolor:#000000;--awb-filledcolor:#e41618;--awb-filledbordercolor:#e41618;--awb-maximum-value-wrapper-width:44%;\"><div class=\"fusion-progressbar-bar progress-bar\"><div class=\"progress progress-bar-content not-animated\" role=\"progressbar\" aria-labelledby=\"awb-progressbar-label-1\" aria-valuemin=\"0\" aria-valuemax=\"100\" aria-valuenow=\"56\" data-filling-speed=\"600\"><span class=\"progress-title awb-on-bar\"><span class=\"fusion-progressbar-text\" id=\"awb-progressbar-label-1\">Choisir soi-m\u00eame l\u2019\u00e2ge auquel on part \u00e0 la retraite:<\/span> <span class=\"fusion-progressbar-value\">56%<\/span><\/span><\/div><span class=\"awb-pb-max-value-wrap awb-on-bar\"><span class=\"awb-pb-max-value-text\"><\/span><\/span><\/div><\/div><div class=\"fusion-progressbar\" style=\"--awb-textcolor:#000000;--awb-filledcolor:#e41618;--awb-filledbordercolor:#e41618;--awb-maximum-value-wrapper-width:55%;\"><div class=\"fusion-progressbar-bar progress-bar\"><div class=\"progress progress-bar-content not-animated\" role=\"progressbar\" aria-labelledby=\"awb-progressbar-label-2\" aria-valuemin=\"0\" aria-valuemax=\"100\" aria-valuenow=\"45\" data-filling-speed=\"600\"><span class=\"progress-title awb-on-bar\"><span class=\"fusion-progressbar-text\" id=\"awb-progressbar-label-2\">Sont partis en pr\u00e9-retraites pour r\u00e9duire leur stress: <\/span> <span class=\"fusion-progressbar-value\">45%<\/span><\/span><\/div><span class=\"awb-pb-max-value-wrap awb-on-bar\"><span class=\"awb-pb-max-value-text\"><\/span><\/span><\/div><\/div><div class=\"fusion-progressbar\" style=\"--awb-textcolor:#000000;--awb-filledcolor:#e41618;--awb-filledbordercolor:#e41618;--awb-maximum-value-wrapper-width:33%;\"><div class=\"fusion-progressbar-bar progress-bar\"><div class=\"progress progress-bar-content not-animated\" role=\"progressbar\" aria-labelledby=\"awb-progressbar-label-3\" aria-valuemin=\"0\" aria-valuemax=\"100\" aria-valuenow=\"67\" data-filling-speed=\"600\"><span class=\"progress-title awb-on-bar\"><span class=\"fusion-progressbar-text\" id=\"awb-progressbar-label-3\">inquiets par le syst\u00e8me \u00e9conomique et financier:<\/span> <span class=\"fusion-progressbar-value\">67%<\/span><\/span><\/div><span class=\"awb-pb-max-value-wrap awb-on-bar\"><span class=\"awb-pb-max-value-text\"><\/span><\/span><\/div><\/div><div class=\"fusion-progressbar\" style=\"--awb-textcolor:#000000;--awb-filledcolor:#e41618;--awb-filledbordercolor:#e41618;--awb-maximum-value-wrapper-width:80%;\"><div class=\"fusion-progressbar-bar progress-bar\"><div class=\"progress progress-bar-content not-animated\" role=\"progressbar\" aria-labelledby=\"awb-progressbar-label-4\" aria-valuemin=\"0\" aria-valuemax=\"100\" aria-valuenow=\"20\" data-filling-speed=\"600\"><span class=\"progress-title awb-on-bar\"><span class=\"fusion-progressbar-text\" id=\"awb-progressbar-label-4\">sont \u00e0 d\u00e9couvert pour boucler le budget mensuel:<\/span> <span class=\"fusion-progressbar-value\">20%<\/span><\/span><\/div><span class=\"awb-pb-max-value-wrap awb-on-bar\"><span class=\"awb-pb-max-value-text\"><\/span><\/span><\/div><\/div><div class=\"fusion-progressbar\" style=\"--awb-textcolor:#000000;--awb-filledcolor:#e41618;--awb-filledbordercolor:#e41618;--awb-maximum-value-wrapper-width:93%;\"><div class=\"fusion-progressbar-bar progress-bar\"><div class=\"progress progress-bar-content not-animated\" role=\"progressbar\" aria-labelledby=\"awb-progressbar-label-5\" aria-valuemin=\"0\" aria-valuemax=\"100\" aria-valuenow=\"7\" data-filling-speed=\"600\"><span class=\"progress-title awb-on-bar\"><span class=\"fusion-progressbar-text\" id=\"awb-progressbar-label-5\">pensent que voter sert vraiment \u00e0 quelque chose: <\/span> <span class=\"fusion-progressbar-value\">7%<\/span><\/span><\/div><span class=\"awb-pb-max-value-wrap awb-on-bar\"><span class=\"awb-pb-max-value-text\"><\/span><\/span><\/div><\/div><div class=\"fusion-progressbar\" style=\"--awb-textcolor:#000000;--awb-filledcolor:#e41618;--awb-filledbordercolor:#e41618;--awb-maximum-value-wrapper-width:11%;\"><div class=\"fusion-progressbar-bar progress-bar\"><div class=\"progress progress-bar-content not-animated\" role=\"progressbar\" aria-labelledby=\"awb-progressbar-label-6\" aria-valuemin=\"0\" aria-valuemax=\"100\" aria-valuenow=\"89\" data-filling-speed=\"600\"><span class=\"progress-title awb-on-bar\"><span class=\"fusion-progressbar-text\" id=\"awb-progressbar-label-6\">\u00e9valuent leur vie comme plut\u00f4t satisfaisante:<\/span> <span class=\"fusion-progressbar-value\">89%<\/span><\/span><\/div><span class=\"awb-pb-max-value-wrap awb-on-bar\"><span class=\"awb-pb-max-value-text\"><\/span><\/span><\/div><\/div><div class=\"fusion-clearfix\"><\/div><\/div><\/div><\/div><\/div>\n","protected":false},"excerpt":{"rendered":"","protected":false},"author":1,"featured_media":0,"parent":0,"menu_order":0,"comment_status":"closed","ping_status":"closed","template":"","meta":{"footnotes":""},"class_list":["post-221","page","type-page","status-publish","hentry"],"_links":{"self":[{"href":"https:\/\/www.institut-solidaris.be\/index.php\/wp-json\/wp\/v2\/pages\/221","targetHints":{"allow":["GET"]}}],"collection":[{"href":"https:\/\/www.institut-solidaris.be\/index.php\/wp-json\/wp\/v2\/pages"}],"about":[{"href":"https:\/\/www.institut-solidaris.be\/index.php\/wp-json\/wp\/v2\/types\/page"}],"author":[{"embeddable":true,"href":"https:\/\/www.institut-solidaris.be\/index.php\/wp-json\/wp\/v2\/users\/1"}],"replies":[{"embeddable":true,"href":"https:\/\/www.institut-solidaris.be\/index.php\/wp-json\/wp\/v2\/comments?post=221"}],"version-history":[{"count":36,"href":"https:\/\/www.institut-solidaris.be\/index.php\/wp-json\/wp\/v2\/pages\/221\/revisions"}],"predecessor-version":[{"id":1917,"href":"https:\/\/www.institut-solidaris.be\/index.php\/wp-json\/wp\/v2\/pages\/221\/revisions\/1917"}],"wp:attachment":[{"href":"https:\/\/www.institut-solidaris.be\/index.php\/wp-json\/wp\/v2\/media?parent=221"}],"curies":[{"name":"wp","href":"https:\/\/api.w.org\/{rel}","templated":true}]}}