{"id":2153,"date":"2021-11-19T11:15:29","date_gmt":"2021-11-19T10:15:29","guid":{"rendered":"https:\/\/www.institut-solidaris.be\/?page_id=2153"},"modified":"2021-11-24T07:51:24","modified_gmt":"2021-11-24T06:51:24","slug":"modele-etude-enquete-2","status":"publish","type":"page","link":"https:\/\/www.institut-solidaris.be\/index.php\/modele-etude-enquete-2\/","title":{"rendered":"Le report des soins de sant\u00e9 &#8211; Edition 2021"},"content":{"rendered":"<div class=\"fusion-fullwidth fullwidth-box fusion-builder-row-1 nonhundred-percent-fullwidth non-hundred-percent-height-scrolling\" style=\"--awb-background-position:left top;--awb-border-radius-top-left:0px;--awb-border-radius-top-right:0px;--awb-border-radius-bottom-right:0px;--awb-border-radius-bottom-left:0px;--awb-padding-top:20px;--awb-padding-bottom:20px;--awb-border-sizes-top:0px;--awb-border-sizes-bottom:0px;--awb-flex-wrap:wrap;\" ><div class=\"fusion-builder-row fusion-row\"><div class=\"fusion-layout-column fusion_builder_column fusion-builder-column-0 fusion_builder_column_1_2 1_2 fusion-one-half fusion-column-first\" style=\"--awb-bg-size:cover;width:48%; margin-right: 4%;\"><div class=\"fusion-column-wrapper fusion-flex-column-wrapper-legacy\"><div class=\"fusion-text fusion-text-1\"><p><strong>Comme chaque ann\u00e9e depuis 2015, Solidaris a interrog\u00e9 1000 personnes concernant le report de soins. Le constat est accablant. Aujourd\u2019hui, en Wallonie et \u00e0 Bruxelles, pr\u00e8s d\u2019une personne sur deux ayant besoin de soins doit y renoncer pour des raisons financi\u00e8res !<\/strong><\/p>\n<p>L\u2019enqu\u00eate de Solidaris montre que le report de soins ne cesse d\u2019augmenter ces derni\u00e8res ann\u00e9es (+13,2 points entre 2015 et 2021). Tous types de soins confondus, 45% des belges francophones qui en avaient besoin d\u00e9clarent avoir renonc\u00e9 \u00e0 au moins un soin cette ann\u00e9e.<\/p>\n<p>Non seulement une part importante des personnes en situation de pr\u00e9carit\u00e9 est concern\u00e9e (pr\u00e8s de 60%), creusant les in\u00e9galit\u00e9s sociales et de sant\u00e9, mais le report de soins touche aussi de plus en plus les classes moyennes. Le report y a augment\u00e9 de 17 points en 6 ans. A cela s\u2019ajoute la situation des personnes en incapacit\u00e9 de travail qui reste particuli\u00e8rement probl\u00e9matique : elles sont trois sur quatre \u00e0 avoir d\u00fb reporter au moins un soin en 2021.<\/p>\n<p>Notre enqu\u00eate r\u00e9v\u00e8le par ailleurs que le report de soins a fortement augment\u00e9 chez les sp\u00e9cialistes (+12.2 points) et pour les soins en sant\u00e9 mentale (+10 points) depuis 2015. Ainsi, en 2021, 27% des personnes qui en avaient besoin ont d\u00fb reporter des soins psychologiques ou des rendez-vous chez des sp\u00e9cialistes pour des raisons financi\u00e8res. A noter toutefois que ce sont les soins dentaires qui restent les plus touch\u00e9s par le report de soins pour raisons financi\u00e8res (30%).<\/p>\n<p><strong>De lourdes in\u00e9galit\u00e9s<\/strong><\/p>\n<p>Les femmes, les familles monoparentales et les 40-59 ans sont davantage concern\u00e9s par le report de soins. Alors qu\u2019une femme sur deux (50,8%) a d\u00fb renoncer \u00e0 au moins un soin cette ann\u00e9e (+11.2 points), le chiffre est de 44,3% chez les hommes (+12.7 points). L\u2019in\u00e9galit\u00e9 entre hommes et femmes persiste bel et bien quant \u00e0 l\u2019acc\u00e8s aux soins de sant\u00e9.<\/p>\n<p>Du c\u00f4t\u00e9 des familles monoparentales, on parle de deux personnes sur trois (66,7%) concern\u00e9es, un type de structure familiale tr\u00e8s durement touch\u00e9.<\/p>\n<p>Quant aux 40-59 ans, ils sont pr\u00e8s de 6 sur 10 (57.7%) \u00e0 avoir report\u00e9 au moins un soin en 2021. Se soigner ou se priver de soins devient une variable d\u2019ajustement dans le budget des m\u00e9nages.<\/p>\n<p><strong>Plusieurs recommandations<\/strong><\/p>\n<p>Face \u00e0 ces constats, Solidaris plaide pour garantir l\u2019accessibilit\u00e9 aux soins de sant\u00e9, d\u2019une part en portant une attention particuli\u00e8re aux populations plus fragiles sur le plan socio-\u00e9conomique et de la sant\u00e9, d\u2019autre part en revendiquant le remboursement int\u00e9gral des soins de sant\u00e9 de premi\u00e8re ligne.<\/p>\n<p>Cela passe principalement par :<\/p>\n<ol>\n<li>Les soins de premi\u00e8re ligne totalement rembours\u00e9s chez le m\u00e9decin g\u00e9n\u00e9raliste et le dentiste pour les patients ayant ouvert un Dossier M\u00e9dical Global aupr\u00e8s de leur m\u00e9decin g\u00e9n\u00e9raliste.<\/li>\n<li>Le renforcement de l\u2019acc\u00e8s aux soins psychologiques en poursuivant les efforts en la mati\u00e8re, dans le cadre de la r\u00e9cente convention INAMI pr\u00e9voyant le remboursement des consultations chez le psychologue sous certaines conditions.<\/li>\n<li>L\u2019octroi automatique du droit \u00e0 l\u2019intervention major\u00e9e aux m\u00e9nages en difficult\u00e9s comme les familles monoparentales avec titulaire ch\u00f4meur de longue dur\u00e9e, les m\u00e9nages avec titulaire ch\u00f4meur de longue dur\u00e9e isol\u00e9 ou chef de m\u00e9nage.<\/li>\n<li>Le tiers-payant obligatoire g\u00e9n\u00e9ralis\u00e9 pour les b\u00e9n\u00e9ficiaires de l\u2019intervention major\u00e9e et les malades chroniques. Pour les b\u00e9n\u00e9ficiaires ordinaires, le tiers-payant doit devenir un droit : si ils le demandent, le prestataire de soins ne peut le refuser.<\/li>\n<li>Le rel\u00e8vement des indemnit\u00e9s minimales jusqu\u2019\u00e0 10% au-del\u00e0 du seuil de pauvret\u00e9 d\u00e8s le premier jour d\u2019incapacit\u00e9.<\/li>\n<li>L\u2019individualisation des droits sociaux, \u00e0 commencer par l\u2019alignement du statut de cohabitant sur celui de personne isol\u00e9e dans le secteur des indemnit\u00e9s.<\/li>\n<li>La r\u00e9forme du financement hospitalier et de la nomenclature doit se traduire par une r\u00e9duction des suppl\u00e9ments pour les patients, tant \u00e0 l\u2019h\u00f4pital qu\u2019en ambulatoire.<\/li>\n<li>Une augmentation des taux de conventionnement des sp\u00e9cialistes.<\/li>\n<\/ol>\n<p>Retrouvez tous les r\u00e9sultats de l\u2019\u00e9tude ici :<\/p>\n<p><img decoding=\"async\" class=\"size-full wp-image-112 alignleft\" src=\"https:\/\/www.institut-solidaris.be\/wp-content\/uploads\/2015\/12\/icone-pdf.gif\" alt=\"Consulter notre enqu\u00eate\" width=\"32\" height=\"32\" \/><a href=\"https:\/\/www.institut-solidaris.be\/wp-content\/uploads\/2021\/11\/reportsdessoins2021VF.pdf\" target=\"_blank\" rel=\"noopener noreferrer\">T\u00e9l\u00e9charger notre enqu\u00eate<\/a><\/p>\n<\/div><div class=\"fusion-clearfix\"><\/div><\/div><\/div><div class=\"fusion-layout-column fusion_builder_column fusion-builder-column-1 fusion_builder_column_1_2 1_2 fusion-one-half fusion-column-last\" style=\"--awb-bg-size:cover;width:48%;\"><div class=\"fusion-column-wrapper fusion-flex-column-wrapper-legacy\"><div class=\"fusion-slider-sc fusion-flexslider-loading flexslider flexslider-hover-type-none\" data-slideshow_autoplay=\"1\" data-slideshow_smooth_height=\"0\" data-slideshow_speed=\"7000\" style=\"max-width:100%;height:100%;\"><ul class=\"slides\"><li class=\"image\"><span class=\"fusion-image-hover-element hover-type-none\"><img decoding=\"async\" src=\"https:\/\/www.institut-solidaris.be\/wp-content\/uploads\/2021\/11\/thumbnail_Thermo_SecuriteSociale_600x350-1.jpg\" width=\"600\" height=\"350\" class=\"wp-image-2165\" srcset=\"https:\/\/www.institut-solidaris.be\/wp-content\/uploads\/2021\/11\/thumbnail_Thermo_SecuriteSociale_600x350-1-200x117.jpg 200w, https:\/\/www.institut-solidaris.be\/wp-content\/uploads\/2021\/11\/thumbnail_Thermo_SecuriteSociale_600x350-1-400x233.jpg 400w, https:\/\/www.institut-solidaris.be\/wp-content\/uploads\/2021\/11\/thumbnail_Thermo_SecuriteSociale_600x350-1.jpg 600w\" sizes=\"(max-width: 800px) 100vw, 600px\" \/><\/span><\/li><\/ul><\/div><div class=\"fusion-clearfix\"><\/div><\/div><\/div><\/div><\/div>\n","protected":false},"excerpt":{"rendered":"","protected":false},"author":8,"featured_media":0,"parent":0,"menu_order":0,"comment_status":"closed","ping_status":"closed","template":"","meta":{"footnotes":""},"class_list":["post-2153","page","type-page","status-publish","hentry"],"_links":{"self":[{"href":"https:\/\/www.institut-solidaris.be\/index.php\/wp-json\/wp\/v2\/pages\/2153","targetHints":{"allow":["GET"]}}],"collection":[{"href":"https:\/\/www.institut-solidaris.be\/index.php\/wp-json\/wp\/v2\/pages"}],"about":[{"href":"https:\/\/www.institut-solidaris.be\/index.php\/wp-json\/wp\/v2\/types\/page"}],"author":[{"embeddable":true,"href":"https:\/\/www.institut-solidaris.be\/index.php\/wp-json\/wp\/v2\/users\/8"}],"replies":[{"embeddable":true,"href":"https:\/\/www.institut-solidaris.be\/index.php\/wp-json\/wp\/v2\/comments?post=2153"}],"version-history":[{"count":8,"href":"https:\/\/www.institut-solidaris.be\/index.php\/wp-json\/wp\/v2\/pages\/2153\/revisions"}],"predecessor-version":[{"id":2183,"href":"https:\/\/www.institut-solidaris.be\/index.php\/wp-json\/wp\/v2\/pages\/2153\/revisions\/2183"}],"wp:attachment":[{"href":"https:\/\/www.institut-solidaris.be\/index.php\/wp-json\/wp\/v2\/media?parent=2153"}],"curies":[{"name":"wp","href":"https:\/\/api.w.org\/{rel}","templated":true}]}}