{"id":2076,"date":"2021-02-04T07:29:13","date_gmt":"2021-02-04T06:29:13","guid":{"rendered":"https:\/\/www.institut-solidaris.be\/?page_id=2076"},"modified":"2021-02-04T11:55:04","modified_gmt":"2021-02-04T10:55:04","slug":"vousavezditsecuritesociale","status":"publish","type":"page","link":"https:\/\/www.institut-solidaris.be\/index.php\/vousavezditsecuritesociale\/","title":{"rendered":"Vous avez dit s\u00e9curit\u00e9 sociale ?"},"content":{"rendered":"<div class=\"fusion-fullwidth fullwidth-box fusion-builder-row-1 nonhundred-percent-fullwidth non-hundred-percent-height-scrolling\" style=\"--awb-background-position:left top;--awb-border-radius-top-left:0px;--awb-border-radius-top-right:0px;--awb-border-radius-bottom-right:0px;--awb-border-radius-bottom-left:0px;--awb-padding-top:20px;--awb-padding-bottom:20px;--awb-border-sizes-top:0px;--awb-border-sizes-bottom:0px;--awb-flex-wrap:wrap;\" ><div class=\"fusion-builder-row fusion-row\"><div class=\"fusion-layout-column fusion_builder_column fusion-builder-column-0 fusion_builder_column_1_2 1_2 fusion-one-half fusion-column-first\" style=\"--awb-bg-size:cover;width:48%; margin-right: 4%;\"><div class=\"fusion-column-wrapper fusion-flex-column-wrapper-legacy\"><div class=\"fusion-slider-sc fusion-flexslider-loading flexslider flexslider-hover-type-none\" data-slideshow_autoplay=\"1\" data-slideshow_smooth_height=\"0\" data-slideshow_speed=\"7000\" style=\"max-width:100%;height:100%;\"><ul class=\"slides\"><li class=\"image\"><span class=\"fusion-image-hover-element hover-type-none\"><img decoding=\"async\" src=\"https:\/\/www.institut-solidaris.be\/wp-content\/uploads\/2021\/02\/Thermo_SecuriteSociale_600x350.jpg\" width=\"600\" height=\"350\" class=\"wp-image-2081\" srcset=\"https:\/\/www.institut-solidaris.be\/wp-content\/uploads\/2021\/02\/Thermo_SecuriteSociale_600x350-200x117.jpg 200w, https:\/\/www.institut-solidaris.be\/wp-content\/uploads\/2021\/02\/Thermo_SecuriteSociale_600x350-400x233.jpg 400w, https:\/\/www.institut-solidaris.be\/wp-content\/uploads\/2021\/02\/Thermo_SecuriteSociale_600x350.jpg 600w\" sizes=\"(max-width: 800px) 100vw, 600px\" \/><\/span><\/li><\/ul><\/div><div class=\"fusion-clearfix\"><\/div><\/div><\/div><div class=\"fusion-layout-column fusion_builder_column fusion-builder-column-1 fusion_builder_column_1_2 1_2 fusion-one-half fusion-column-last\" style=\"--awb-bg-size:cover;width:48%;\"><div class=\"fusion-column-wrapper fusion-flex-column-wrapper-legacy\"><div class=\"fusion-text fusion-text-1\"><h2><strong>Pour son 13e Thermom\u00e8tre, Solidaris s\u2019est int\u00e9ress\u00e9 \u00e0 la S\u00e9curit\u00e9 sociale belge. Comment est-elle per\u00e7ue aujourd\u2019hui, par les citoyens ? Quel a \u00e9t\u00e9 l\u2019impact de la pand\u00e9mie sur la S\u00e9curit\u00e9 sociale ? Quelles sont les priorit\u00e9s des Belges dans ce domaine ? Vous avez dit S\u00e9curit\u00e9 sociale ?<\/strong><\/h2>\n<p>Lors de sa cr\u00e9ation, en 1944, son mod\u00e8le de fonctionnement solidaire voulait que chacun cotise selon ses moyens et re\u00e7oive selon ses besoins. En 2021, m\u00eame s\u2019il est affaibli, ce syst\u00e8me est encore le seul \u00e0 garantir l\u2019\u00e9galit\u00e9 entre les bien portants et les malades, les plus jeunes et les plus vieux, les plus pauvres et les plus riches. L\u2019importance d\u2019une protection sociale forte est pour Solidaris une \u00e9vidence. La mutualit\u00e9 s\u2019est d\u2019ailleurs toujours battue pour avoir une S\u00e9curit\u00e9 sociale solide. Il \u00e9tait temps de prendre le pouls de la population sur cette question. Voici, d\u00e8s lors, les principaux r\u00e9sultats, sous forme d\u2019une infographie, de ce 13e Thermom\u00e8tre Solidaris.<\/p>\n<p><img decoding=\"async\" class=\"alignleft wp-image-2090 size-full\" src=\"https:\/\/www.institut-solidaris.be\/wp-content\/uploads\/2021\/02\/Infographie_1bis.png\" alt=\"\" width=\"960\" height=\"578\" srcset=\"https:\/\/www.institut-solidaris.be\/wp-content\/uploads\/2021\/02\/Infographie_1bis-200x120.png 200w, https:\/\/www.institut-solidaris.be\/wp-content\/uploads\/2021\/02\/Infographie_1bis-300x181.png 300w, https:\/\/www.institut-solidaris.be\/wp-content\/uploads\/2021\/02\/Infographie_1bis-400x241.png 400w, https:\/\/www.institut-solidaris.be\/wp-content\/uploads\/2021\/02\/Infographie_1bis-600x361.png 600w, https:\/\/www.institut-solidaris.be\/wp-content\/uploads\/2021\/02\/Infographie_1bis-768x462.png 768w, https:\/\/www.institut-solidaris.be\/wp-content\/uploads\/2021\/02\/Infographie_1bis-800x482.png 800w, https:\/\/www.institut-solidaris.be\/wp-content\/uploads\/2021\/02\/Infographie_1bis.png 960w\" sizes=\"(max-width: 960px) 100vw, 960px\" \/><\/p>\n<p><img decoding=\"async\" class=\"alignleft wp-image-2091 size-full\" src=\"https:\/\/www.institut-solidaris.be\/wp-content\/uploads\/2021\/02\/Infographie_2bis.png\" alt=\"\" width=\"952\" height=\"513\" srcset=\"https:\/\/www.institut-solidaris.be\/wp-content\/uploads\/2021\/02\/Infographie_2bis-200x108.png 200w, https:\/\/www.institut-solidaris.be\/wp-content\/uploads\/2021\/02\/Infographie_2bis-300x162.png 300w, https:\/\/www.institut-solidaris.be\/wp-content\/uploads\/2021\/02\/Infographie_2bis-400x216.png 400w, https:\/\/www.institut-solidaris.be\/wp-content\/uploads\/2021\/02\/Infographie_2bis-600x323.png 600w, https:\/\/www.institut-solidaris.be\/wp-content\/uploads\/2021\/02\/Infographie_2bis-768x414.png 768w, https:\/\/www.institut-solidaris.be\/wp-content\/uploads\/2021\/02\/Infographie_2bis-800x431.png 800w, https:\/\/www.institut-solidaris.be\/wp-content\/uploads\/2021\/02\/Infographie_2bis.png 952w\" sizes=\"(max-width: 952px) 100vw, 952px\" \/><\/p>\n<p><img decoding=\"async\" class=\"alignleft wp-image-2092 size-full\" src=\"https:\/\/www.institut-solidaris.be\/wp-content\/uploads\/2021\/02\/Infographie_3bis.png\" alt=\"\" width=\"790\" height=\"588\" srcset=\"https:\/\/www.institut-solidaris.be\/wp-content\/uploads\/2021\/02\/Infographie_3bis-200x149.png 200w, https:\/\/www.institut-solidaris.be\/wp-content\/uploads\/2021\/02\/Infographie_3bis-300x223.png 300w, https:\/\/www.institut-solidaris.be\/wp-content\/uploads\/2021\/02\/Infographie_3bis-400x298.png 400w, https:\/\/www.institut-solidaris.be\/wp-content\/uploads\/2021\/02\/Infographie_3bis-600x447.png 600w, https:\/\/www.institut-solidaris.be\/wp-content\/uploads\/2021\/02\/Infographie_3bis-768x572.png 768w, https:\/\/www.institut-solidaris.be\/wp-content\/uploads\/2021\/02\/Infographie_3bis.png 790w\" sizes=\"(max-width: 790px) 100vw, 790px\" \/><\/p>\n<p><img decoding=\"async\" class=\"alignleft wp-image-2093 size-full\" src=\"https:\/\/www.institut-solidaris.be\/wp-content\/uploads\/2021\/02\/Infographie_4bis.png\" alt=\"\" width=\"786\" height=\"522\" srcset=\"https:\/\/www.institut-solidaris.be\/wp-content\/uploads\/2021\/02\/Infographie_4bis-200x133.png 200w, https:\/\/www.institut-solidaris.be\/wp-content\/uploads\/2021\/02\/Infographie_4bis-300x199.png 300w, https:\/\/www.institut-solidaris.be\/wp-content\/uploads\/2021\/02\/Infographie_4bis-400x266.png 400w, https:\/\/www.institut-solidaris.be\/wp-content\/uploads\/2021\/02\/Infographie_4bis-600x398.png 600w, https:\/\/www.institut-solidaris.be\/wp-content\/uploads\/2021\/02\/Infographie_4bis-768x510.png 768w, https:\/\/www.institut-solidaris.be\/wp-content\/uploads\/2021\/02\/Infographie_4bis.png 786w\" sizes=\"(max-width: 786px) 100vw, 786px\" \/><\/p>\n<h2><\/h2>\n<h2><\/h2>\n<h2><\/h2>\n<h2><\/h2>\n<h2><\/h2>\n<h2><\/h2>\n<h2><\/h2>\n<h2><\/h2>\n<h2><\/h2>\n<h2><\/h2>\n<h2><\/h2>\n<h2><\/h2>\n<h2><\/h2>\n<h2><\/h2>\n<h2><\/h2>\n<h2><\/h2>\n<h2><\/h2>\n<h2><\/h2>\n<h2><\/h2>\n<h2><\/h2>\n<h2><\/h2>\n<h2><\/h2>\n<h2><\/h2>\n<h2><\/h2>\n<h2><\/h2>\n<h2><\/h2>\n<h2><\/h2>\n<h2><\/h2>\n<h2><\/h2>\n<h2><\/h2>\n<h2><\/h2>\n<h2><\/h2>\n<h2><\/h2>\n<h2><\/h2>\n<h2><\/h2>\n<h2><\/h2>\n<h2><\/h2>\n<h2><\/h2>\n<h2><\/h2>\n<h2><\/h2>\n<p>.<\/p>\n<p>Les r\u00e9sultats de cette \u00e9tude le montre, la solidarit\u00e9 se craquelle par endroit, souvent l\u00e0 o\u00f9 l\u2019on n\u2019a pas suffisamment pris soin d\u2019elle, souvent l\u00e0 o\u00f9 on l\u2019a affaiblie alors qu\u2019on aurait d\u00fb la renforcer. La crise a \u00e9videmment agi comme un r\u00e9v\u00e9lateur de l\u2019inqui\u00e9tant \u00e9tat de d\u00e9labrement dans lequel se trouvent certains pans de notre S\u00e9curit\u00e9 sociale, mais elle nous a surtout d\u00e9montrer, s\u2019il \u00e9tait besoin de le faire, son indispensabilit\u00e9 pour maintenir une soci\u00e9t\u00e9 la plus juste possible, quelle que soit la temp\u00eate que nous ayons \u00e0 traverser. Ensemble on est plus fort, c\u2019est aussi ce qui s\u2019est r\u00e9veill\u00e9 chez nous alors m\u00eame que nous \u00e9tions contraints de limiter les interactions sociales. C\u2019est pour maintenir cette flamme que Solidaris a lanc\u00e9 la p\u00e9tition <strong><u>#RestonsSolidaires<\/u><\/strong>, une p\u00e9tition qui rassemble plus de 20.000 signataires et qui r\u00e9clame le renforcement, n\u00e9cessaire, de notre syst\u00e8me de sant\u00e9, pour que chaque personne en Belgique puisse \u00eatre soign\u00e9e dans les meilleures conditions, sur le m\u00eame pied d\u2019\u00e9galit\u00e9. Pour que notre sant\u00e9 compte : restons solidaires. www.restonssolidaires.be&lt;<a href=\"http:\/\/www.restonssolidaires.be\/\">http:\/\/www.restonssolidaires.be\/<\/a>&gt;<\/p>\n<p>Et c\u2019est parce que le sentiment dominant aujourd\u2019hui est la perspective de fortes r\u00e9ductions des diverses protections sociales, que Solidaris sugg\u00e8re notamment :<\/p>\n<ol>\n<li>De r\u00e9former la fiscalit\u00e9\u00a0;<\/li>\n<li>De mettre en place l\u2019individualisation des droits\u00a0;<\/li>\n<li>Une r\u00e9duction collective du temps de travail sans perte de salaire avec embauches compensatoires\u00a0;<\/li>\n<li>De \u00ab\u00a0d\u00e9marchandiser\u00a0\u00bb ET de \u00ab\u00a0repolitiser\u00a0\u00bb la S\u00e9curit\u00e9 sociale\u00a0;<\/li>\n<li>De repenser le r\u00f4le social, \u00e9cologique et d\u00e9mocratique de l\u2019\u00c9tat\u00a0;\n<ul>\n<li>Il doit \u00eatre un r\u00e9gulateur, un arbitre, un protecteur pour le citoyen\u00a0;<\/li>\n<li>Un \u00c9tat le plus pr\u00e9ventif possible\u00a0;<\/li>\n<li>Un \u00c9tat capable de g\u00e9rer les grandes crises\u00a0;<\/li>\n<\/ul>\n<\/li>\n<\/ol>\n<p>La r\u00e9duction des in\u00e9galit\u00e9s de protection permettrait \u00e0 tous les citoyens d\u2019avoir un socle de base rassurant afin qu\u2019ils aient la capacit\u00e9 de s\u2019inventer une vie et non de la subir ou de se sentir abandonn\u00e9.e, non reconnu.e, non consid\u00e9r\u00e9.e. Il faut donc cr\u00e9er des utopies et des combats qui am\u00e8neront de la confiance et de l\u2019espoir au sein de la soci\u00e9t\u00e9.<\/p>\n<h2 style=\"text-align: left;\"><strong>Retrouvez les r\u00e9sultats complets de l&rsquo;enqu\u00eate :<\/strong><\/h2>\n<p>Consulter <a href=\"https:\/\/www.institut-solidaris.be\/wp-content\/uploads\/2021\/02\/Infographie_Thermo_SecuriteSociale_vf.pdf\"><strong>l&rsquo;infographie\u00a0<\/strong><\/a><\/p>\n<p>Consulter<strong> le <a href=\"https:\/\/www.institut-solidaris.be\/wp-content\/uploads\/2021\/02\/Thermo-13_Secu_R\u00e9sum\u00e9_OK.pdf\">r\u00e9sum\u00e9 de l&rsquo;enqu\u00eate<\/a><\/strong><\/p>\n<p>Consulter l&rsquo;enqu\u00eate compl\u00e8te :<\/p>\n<ul>\n<li><strong><a href=\"https:\/\/www.institut-solidaris.be\/wp-content\/uploads\/2021\/02\/Thermometre13_rapport_completpart1.pdf\">Partie 1\u00a0<\/a><\/strong><\/li>\n<li><strong><a href=\"https:\/\/www.institut-solidaris.be\/wp-content\/uploads\/2021\/02\/Thermometre13_rapport_complet_part2.pdf\">Partie 2<\/a><\/strong><\/li>\n<\/ul>\n<\/div><div class=\"fusion-clearfix\"><\/div><\/div><\/div><\/div><\/div>\n","protected":false},"excerpt":{"rendered":"","protected":false},"author":7,"featured_media":0,"parent":0,"menu_order":0,"comment_status":"closed","ping_status":"closed","template":"","meta":{"footnotes":""},"class_list":["post-2076","page","type-page","status-publish","hentry"],"_links":{"self":[{"href":"https:\/\/www.institut-solidaris.be\/index.php\/wp-json\/wp\/v2\/pages\/2076","targetHints":{"allow":["GET"]}}],"collection":[{"href":"https:\/\/www.institut-solidaris.be\/index.php\/wp-json\/wp\/v2\/pages"}],"about":[{"href":"https:\/\/www.institut-solidaris.be\/index.php\/wp-json\/wp\/v2\/types\/page"}],"author":[{"embeddable":true,"href":"https:\/\/www.institut-solidaris.be\/index.php\/wp-json\/wp\/v2\/users\/7"}],"replies":[{"embeddable":true,"href":"https:\/\/www.institut-solidaris.be\/index.php\/wp-json\/wp\/v2\/comments?post=2076"}],"version-history":[{"count":11,"href":"https:\/\/www.institut-solidaris.be\/index.php\/wp-json\/wp\/v2\/pages\/2076\/revisions"}],"predecessor-version":[{"id":2102,"href":"https:\/\/www.institut-solidaris.be\/index.php\/wp-json\/wp\/v2\/pages\/2076\/revisions\/2102"}],"wp:attachment":[{"href":"https:\/\/www.institut-solidaris.be\/index.php\/wp-json\/wp\/v2\/media?parent=2076"}],"curies":[{"name":"wp","href":"https:\/\/api.w.org\/{rel}","templated":true}]}}