{"id":2058,"date":"2020-12-10T10:41:38","date_gmt":"2020-12-10T09:41:38","guid":{"rendered":"https:\/\/www.institut-solidaris.be\/?page_id=2058"},"modified":"2020-12-10T12:59:12","modified_gmt":"2020-12-10T11:59:12","slug":"france-2020","status":"publish","type":"page","link":"https:\/\/www.institut-solidaris.be\/index.php\/france-2020\/","title":{"rendered":"France 2020"},"content":{"rendered":"<div class=\"fusion-fullwidth fullwidth-box fusion-builder-row-1 nonhundred-percent-fullwidth non-hundred-percent-height-scrolling\" style=\"--awb-background-position:left top;--awb-border-radius-top-left:0px;--awb-border-radius-top-right:0px;--awb-border-radius-bottom-right:0px;--awb-border-radius-bottom-left:0px;--awb-padding-top:20px;--awb-padding-bottom:20px;--awb-border-sizes-top:0px;--awb-border-sizes-bottom:0px;--awb-flex-wrap:wrap;\" ><div class=\"fusion-builder-row fusion-row\"><div class=\"fusion-layout-column fusion_builder_column fusion-builder-column-0 fusion_builder_column_1_2 1_2 fusion-one-half fusion-column-first\" style=\"--awb-bg-size:cover;width:48%; margin-right: 4%;\"><div class=\"fusion-column-wrapper fusion-flex-column-wrapper-legacy\"><div class=\"fusion-slider-sc fusion-flexslider-loading flexslider flexslider-hover-type-none\" data-slideshow_autoplay=\"1\" data-slideshow_smooth_height=\"0\" data-slideshow_speed=\"7000\" style=\"max-width:100%;height:100%;\"><ul class=\"slides\"><li class=\"image\"><span class=\"fusion-image-hover-element hover-type-none\"><img decoding=\"async\" src=\"https:\/\/www.institut-solidaris.be\/wp-content\/uploads\/2020\/12\/Barometre2020_BannerFB_851x315_France.jpg\" width=\"851\" height=\"315\" class=\"wp-image-2057\" srcset=\"https:\/\/www.institut-solidaris.be\/wp-content\/uploads\/2020\/12\/Barometre2020_BannerFB_851x315_France-200x74.jpg 200w, https:\/\/www.institut-solidaris.be\/wp-content\/uploads\/2020\/12\/Barometre2020_BannerFB_851x315_France-400x148.jpg 400w, https:\/\/www.institut-solidaris.be\/wp-content\/uploads\/2020\/12\/Barometre2020_BannerFB_851x315_France-600x222.jpg 600w, https:\/\/www.institut-solidaris.be\/wp-content\/uploads\/2020\/12\/Barometre2020_BannerFB_851x315_France-800x296.jpg 800w, https:\/\/www.institut-solidaris.be\/wp-content\/uploads\/2020\/12\/Barometre2020_BannerFB_851x315_France.jpg 851w\" sizes=\"(max-width: 800px) 100vw, 600px\" \/><\/span><\/li><\/ul><\/div><div class=\"fusion-clearfix\"><\/div><\/div><\/div><div class=\"fusion-layout-column fusion_builder_column fusion-builder-column-1 fusion_builder_column_1_2 1_2 fusion-one-half fusion-column-last\" style=\"--awb-bg-size:cover;width:48%;\"><div class=\"fusion-column-wrapper fusion-flex-column-wrapper-legacy\"><div class=\"fusion-text fusion-text-1\"><h3><strong>Pour la cinqui\u00e8me ann\u00e9e cons\u00e9cutive, le groupe MGEN &#8211; avec le soutien de la mutuelle belge Solidaris &#8211; m\u00e8ne une enqu\u00eate sur la confiance et le bien-\u00eatre des Fran\u00e7ais, r\u00e9alis\u00e9e par OpinionWay et l\u2019institut Solidaris. Quel est le moral des Fran\u00e7ais en 2020\u00a0? Quel est l\u2019impact de la Covid-19 sur leur bien-\u00eatre, leur rapport \u00e0 la soci\u00e9t\u00e9, au travail, leur sant\u00e9\u00a0? R\u00e9sultats du barom\u00e8tre 2020 et analyse par Michel Wieviorka<\/strong><strong>, directeur d&rsquo;\u00e9tudes \u00e0 l&rsquo;Ecole des Hautes Etudes en Sciences Sociales.<\/strong><\/h3>\n<p>\u00ab<em> Lorsque le d\u00e9litement de la confiance s\u2019accompagne d\u2019un renforcement des in\u00e9galit\u00e9s, il devient urgent de replacer les vraies richesses de notre soci\u00e9t\u00e9 au coeur de celle-ci. Les valeurs du groupe MGEN, de l\u2019ESS et du service public, solidarit\u00e9, \u00e9galit\u00e9, proximit\u00e9 offrent en cela de vraies perspectives de vivre-ensemble<\/em> \u00bb, <strong>indique Roland Berthilier, pr\u00e9sident du groupe MGEN.<\/strong><\/p>\n<h2><strong>Indice global de bien-\u00eatre :<\/strong><\/h2>\n<p><img decoding=\"async\" class=\"alignleft size-full wp-image-2063\" src=\"https:\/\/www.institut-solidaris.be\/wp-content\/uploads\/2020\/12\/BCBE_France.png\" alt=\"\" width=\"1240\" height=\"591\" srcset=\"https:\/\/www.institut-solidaris.be\/wp-content\/uploads\/2020\/12\/BCBE_France-200x95.png 200w, https:\/\/www.institut-solidaris.be\/wp-content\/uploads\/2020\/12\/BCBE_France-300x143.png 300w, https:\/\/www.institut-solidaris.be\/wp-content\/uploads\/2020\/12\/BCBE_France-400x191.png 400w, https:\/\/www.institut-solidaris.be\/wp-content\/uploads\/2020\/12\/BCBE_France-600x286.png 600w, https:\/\/www.institut-solidaris.be\/wp-content\/uploads\/2020\/12\/BCBE_France-768x366.png 768w, https:\/\/www.institut-solidaris.be\/wp-content\/uploads\/2020\/12\/BCBE_France-800x381.png 800w, https:\/\/www.institut-solidaris.be\/wp-content\/uploads\/2020\/12\/BCBE_France-1024x488.png 1024w, https:\/\/www.institut-solidaris.be\/wp-content\/uploads\/2020\/12\/BCBE_France-1200x572.png 1200w, https:\/\/www.institut-solidaris.be\/wp-content\/uploads\/2020\/12\/BCBE_France.png 1240w\" sizes=\"(max-width: 1240px) 100vw, 1240px\" \/><\/p>\n<p><strong>Retrouvez le communiqu\u00e9 de presse ainsi que les r\u00e9sultats complets de l&rsquo;enqu\u00eate :<\/strong><\/p>\n<p><strong>Consulter l&rsquo;int\u00e9gralit\u00e9 de l&rsquo;enqu\u00eate :\u00a0<\/strong><\/p>\n<ul>\n<li><strong><a href=\"https:\/\/www.institut-solidaris.be\/wp-content\/uploads\/2020\/12\/Presentation-BCBE-FR_part1_compressed.pdf\">Partie 1\u00a0<\/a><\/strong><\/li>\n<li><strong><a href=\"https:\/\/www.institut-solidaris.be\/wp-content\/uploads\/2020\/12\/Pr\u00e9sentation-BCBE-FR_part2_compressed.pdf\">Partie 2<\/a><\/strong><\/li>\n<li><strong><a href=\"https:\/\/www.institut-solidaris.be\/wp-content\/uploads\/2020\/12\/Presentation-BCBE-FR_part3_compressed.pdf\">Partie 3<\/a>\u00a0<\/strong><\/li>\n<\/ul>\n<p><strong><a href=\"https:\/\/www.institut-solidaris.be\/wp-content\/uploads\/2020\/12\/CPBarometreMGENSolidarisDec2020Def-JP.pdf\" target=\"_blank\" rel=\"noopener noreferrer\">Consulter le communiqu\u00e9 de presse<\/a><\/strong><\/p>\n<\/div><div class=\"fusion-clearfix\"><\/div><\/div><\/div><\/div><\/div>\n","protected":false},"excerpt":{"rendered":"","protected":false},"author":7,"featured_media":0,"parent":0,"menu_order":0,"comment_status":"closed","ping_status":"closed","template":"","meta":{"footnotes":""},"class_list":["post-2058","page","type-page","status-publish","hentry"],"_links":{"self":[{"href":"https:\/\/www.institut-solidaris.be\/index.php\/wp-json\/wp\/v2\/pages\/2058","targetHints":{"allow":["GET"]}}],"collection":[{"href":"https:\/\/www.institut-solidaris.be\/index.php\/wp-json\/wp\/v2\/pages"}],"about":[{"href":"https:\/\/www.institut-solidaris.be\/index.php\/wp-json\/wp\/v2\/types\/page"}],"author":[{"embeddable":true,"href":"https:\/\/www.institut-solidaris.be\/index.php\/wp-json\/wp\/v2\/users\/7"}],"replies":[{"embeddable":true,"href":"https:\/\/www.institut-solidaris.be\/index.php\/wp-json\/wp\/v2\/comments?post=2058"}],"version-history":[{"count":7,"href":"https:\/\/www.institut-solidaris.be\/index.php\/wp-json\/wp\/v2\/pages\/2058\/revisions"}],"predecessor-version":[{"id":2071,"href":"https:\/\/www.institut-solidaris.be\/index.php\/wp-json\/wp\/v2\/pages\/2058\/revisions\/2071"}],"wp:attachment":[{"href":"https:\/\/www.institut-solidaris.be\/index.php\/wp-json\/wp\/v2\/media?parent=2058"}],"curies":[{"name":"wp","href":"https:\/\/api.w.org\/{rel}","templated":true}]}}