{"id":2012,"date":"2020-12-03T11:26:30","date_gmt":"2020-12-03T10:26:30","guid":{"rendered":"https:\/\/www.institut-solidaris.be\/?page_id=2012"},"modified":"2020-12-10T10:44:25","modified_gmt":"2020-12-10T09:44:25","slug":"barometre-confiance-bien-etre-2020","status":"publish","type":"page","link":"https:\/\/www.institut-solidaris.be\/index.php\/barometre-confiance-bien-etre-2020\/","title":{"rendered":"Barom\u00e8tre Confiance &#038; Bien-\u00eatre 2020"},"content":{"rendered":"<div class=\"fusion-fullwidth fullwidth-box fusion-builder-row-1 nonhundred-percent-fullwidth non-hundred-percent-height-scrolling\" style=\"--awb-background-position:left top;--awb-border-radius-top-left:0px;--awb-border-radius-top-right:0px;--awb-border-radius-bottom-right:0px;--awb-border-radius-bottom-left:0px;--awb-padding-top:20px;--awb-padding-bottom:20px;--awb-border-sizes-top:0px;--awb-border-sizes-bottom:0px;--awb-flex-wrap:wrap;\" ><div class=\"fusion-builder-row fusion-row\"><div class=\"fusion-layout-column fusion_builder_column fusion-builder-column-0 fusion_builder_column_1_2 1_2 fusion-one-half fusion-column-first\" style=\"--awb-bg-size:cover;width:48%; margin-right: 4%;\"><div class=\"fusion-column-wrapper fusion-flex-column-wrapper-legacy\"><div class=\"fusion-slider-sc fusion-flexslider-loading flexslider flexslider-hover-type-none\" data-slideshow_autoplay=\"1\" data-slideshow_smooth_height=\"0\" data-slideshow_speed=\"7000\" style=\"max-width:100%;height:100%;\"><ul class=\"slides\"><li class=\"image\"><span class=\"fusion-image-hover-element hover-type-none\"><img decoding=\"async\" src=\"https:\/\/www.institut-solidaris.be\/wp-content\/uploads\/2020\/12\/Barometre2020_500x200.jpg\" width=\"500\" height=\"200\" class=\"wp-image-2004\" srcset=\"https:\/\/www.institut-solidaris.be\/wp-content\/uploads\/2020\/12\/Barometre2020_500x200-200x80.jpg 200w, https:\/\/www.institut-solidaris.be\/wp-content\/uploads\/2020\/12\/Barometre2020_500x200-400x160.jpg 400w, https:\/\/www.institut-solidaris.be\/wp-content\/uploads\/2020\/12\/Barometre2020_500x200.jpg 500w\" sizes=\"(max-width: 800px) 100vw, 500px\" \/><\/span><\/li><\/ul><\/div><div class=\"fusion-clearfix\"><\/div><\/div><\/div><div class=\"fusion-layout-column fusion_builder_column fusion-builder-column-1 fusion_builder_column_1_2 1_2 fusion-one-half fusion-column-last\" style=\"--awb-bg-size:cover;width:48%;\"><div class=\"fusion-column-wrapper fusion-flex-column-wrapper-legacy\"><div class=\"fusion-text fusion-text-1\"><h2><strong>Depuis 2015, l\u2019Institut Solidaris, en collaboration avec la MGEN, prend le pouls de la soci\u00e9t\u00e9 belge francophone et fran\u00e7aise afin de mesurer de mani\u00e8re globale l\u2019\u00e9tat de bien-\u00eatre et de confiance de la population.<\/strong><\/h2>\n<h4><strong>La nouvelle \u00e9dition de cette vaste enqu\u00eate fut r\u00e9alis\u00e9e en septembre 2020 aupr\u00e8s d&rsquo;un millier de personnes amen\u00e9es \u00e0 livrer leur ressenti, leurs espoirs ou encore leurs craintes quant \u00e0 la soci\u00e9t\u00e9 actuelle.<\/strong><\/h4>\n<h4><strong>Retrouvez les r\u00e9sultats de notre enqu\u00eate :<\/strong><\/h4>\n<ul>\n<li>\n<h3><a href=\"https:\/\/www.institut-solidaris.be\/index.php\/belgique-2020\/\"><strong>Les r\u00e9sultats Belges<\/strong>\u00a0<\/a><\/h3>\n<\/li>\n<li>\n<h3><strong><a href=\"https:\/\/www.institut-solidaris.be\/index.php\/france-2020\/\">Les r\u00e9sultats Fran\u00e7ais\u00a0<\/a><\/strong><\/h3>\n<\/li>\n<\/ul>\n<p style=\"text-align: justify;\"><span style=\"color: #333333;\"><strong>\u00a0<\/strong><\/span><\/p>\n<\/div><div class=\"fusion-clearfix\"><\/div><\/div><\/div><div class=\"fusion-layout-column fusion_builder_column fusion-builder-column-2 fusion_builder_column_1_2 1_2 fusion-one-half fusion-column-first\" style=\"--awb-bg-size:cover;width:48%; margin-right: 4%;\"><div class=\"fusion-column-wrapper fusion-flex-column-wrapper-legacy\"><div class=\"fusion-clearfix\"><\/div><\/div><\/div><div class=\"fusion-layout-column fusion_builder_column fusion-builder-column-3 fusion_builder_column_1_2 1_2 fusion-one-half fusion-column-last\" style=\"--awb-bg-size:cover;width:48%;\"><div class=\"fusion-column-wrapper fusion-flex-column-wrapper-legacy\"><div class=\"fusion-clearfix\"><\/div><\/div><\/div><\/div><\/div>\n","protected":false},"excerpt":{"rendered":"","protected":false},"author":7,"featured_media":0,"parent":0,"menu_order":0,"comment_status":"closed","ping_status":"closed","template":"","meta":{"footnotes":""},"class_list":["post-2012","page","type-page","status-publish","hentry"],"_links":{"self":[{"href":"https:\/\/www.institut-solidaris.be\/index.php\/wp-json\/wp\/v2\/pages\/2012","targetHints":{"allow":["GET"]}}],"collection":[{"href":"https:\/\/www.institut-solidaris.be\/index.php\/wp-json\/wp\/v2\/pages"}],"about":[{"href":"https:\/\/www.institut-solidaris.be\/index.php\/wp-json\/wp\/v2\/types\/page"}],"author":[{"embeddable":true,"href":"https:\/\/www.institut-solidaris.be\/index.php\/wp-json\/wp\/v2\/users\/7"}],"replies":[{"embeddable":true,"href":"https:\/\/www.institut-solidaris.be\/index.php\/wp-json\/wp\/v2\/comments?post=2012"}],"version-history":[{"count":17,"href":"https:\/\/www.institut-solidaris.be\/index.php\/wp-json\/wp\/v2\/pages\/2012\/revisions"}],"predecessor-version":[{"id":2062,"href":"https:\/\/www.institut-solidaris.be\/index.php\/wp-json\/wp\/v2\/pages\/2012\/revisions\/2062"}],"wp:attachment":[{"href":"https:\/\/www.institut-solidaris.be\/index.php\/wp-json\/wp\/v2\/media?parent=2012"}],"curies":[{"name":"wp","href":"https:\/\/api.w.org\/{rel}","templated":true}]}}