{"id":1974,"date":"2020-07-20T07:32:49","date_gmt":"2020-07-20T06:32:49","guid":{"rendered":"https:\/\/www.institut-solidaris.be\/?page_id=1974"},"modified":"2020-07-20T07:32:49","modified_gmt":"2020-07-20T06:32:49","slug":"suivisoinsmaladeschroniquescrisesanitaire","status":"publish","type":"page","link":"https:\/\/www.institut-solidaris.be\/index.php\/suivisoinsmaladeschroniquescrisesanitaire\/","title":{"rendered":"Suivi des soins aux malades chroniques durant la crise sanitaire"},"content":{"rendered":"<div class=\"fusion-fullwidth fullwidth-box fusion-builder-row-1 nonhundred-percent-fullwidth non-hundred-percent-height-scrolling\" style=\"--awb-background-position:left top;--awb-border-radius-top-left:0px;--awb-border-radius-top-right:0px;--awb-border-radius-bottom-right:0px;--awb-border-radius-bottom-left:0px;--awb-padding-top:20px;--awb-padding-bottom:20px;--awb-border-sizes-top:0px;--awb-border-sizes-bottom:0px;--awb-flex-wrap:wrap;\" ><div class=\"fusion-builder-row fusion-row\"><div class=\"fusion-layout-column fusion_builder_column fusion-builder-column-0 fusion_builder_column_1_2 1_2 fusion-one-half fusion-column-first\" style=\"--awb-bg-size:cover;width:48%; margin-right: 4%;\"><div class=\"fusion-column-wrapper fusion-flex-column-wrapper-legacy\"><div class=\"fusion-slider-sc fusion-flexslider-loading flexslider flexslider-hover-type-none\" data-slideshow_autoplay=\"1\" data-slideshow_smooth_height=\"0\" data-slideshow_speed=\"7000\" style=\"max-width:100%;height:100%;\"><ul class=\"slides\"><li class=\"image\"><span class=\"fusion-image-hover-element hover-type-none\"><img decoding=\"async\" src=\"https:\/\/www.institut-solidaris.be\/wp-content\/uploads\/2020\/07\/BannerFB_851x315.jpg\" width=\"851\" height=\"315\" class=\"wp-image-1977\" srcset=\"https:\/\/www.institut-solidaris.be\/wp-content\/uploads\/2020\/07\/BannerFB_851x315-200x74.jpg 200w, https:\/\/www.institut-solidaris.be\/wp-content\/uploads\/2020\/07\/BannerFB_851x315-400x148.jpg 400w, https:\/\/www.institut-solidaris.be\/wp-content\/uploads\/2020\/07\/BannerFB_851x315-600x222.jpg 600w, https:\/\/www.institut-solidaris.be\/wp-content\/uploads\/2020\/07\/BannerFB_851x315-800x296.jpg 800w, https:\/\/www.institut-solidaris.be\/wp-content\/uploads\/2020\/07\/BannerFB_851x315.jpg 851w\" sizes=\"(max-width: 800px) 100vw, 600px\" \/><\/span><\/li><\/ul><\/div><div class=\"fusion-clearfix\"><\/div><\/div><\/div><div class=\"fusion-layout-column fusion_builder_column fusion-builder-column-1 fusion_builder_column_1_2 1_2 fusion-one-half fusion-column-last\" style=\"--awb-bg-size:cover;width:48%;\"><div class=\"fusion-column-wrapper fusion-flex-column-wrapper-legacy\"><div class=\"fusion-text fusion-text-1\"><h2><strong>Un patient chronique sur cinq estime que l\u2019annulation ou le report de ses soins durant le confinement aura des cons\u00e9quences importantes voire tr\u00e8s importantes sur sa sant\u00e9. Ce chiffre est de un sur trois pour les publics plus pr\u00e9caris\u00e9s<\/strong>. <strong>Il s\u2019agit l\u00e0 d\u2019un des nombreux r\u00e9sultats de l\u2019enqu\u00eate men\u00e9e par Solidaris sur le suivi des soins aux malades chroniques durant la crise sanitaire.<\/strong><\/h2>\n<p>Solidaris a men\u00e9 une grande enqu\u00eate sur le suivi des soins aux patients chroniques durant la crise sanitaire. Cette enqu\u00eate men\u00e9e aupr\u00e8s de 7.200 affili\u00e9s wallons de Solidaris atteints de pathologies chroniques courantes\u00a0 (diab\u00e8te, maladies\u00a0respiratoires ; maladies cardiovasculaires\u00a0; d\u00e9pression) entre le 10 et le 14 juin dernier, d\u00e9bouche sur de nombreux r\u00e9sultats parfois interpellants.<\/p>\n<p>Si 98,5% des malades chroniques ont pu suivre leurs traitements m\u00e9dicamenteux durant le confinement, 64% d\u2019entre eux ont eu au moins un rendez-vous m\u00e9dical annul\u00e9 ou report\u00e9 durant cette p\u00e9riode. L\u2019enqu\u00eate r\u00e9v\u00e8le de fortes diff\u00e9rences selon les disciplines m\u00e9dicales. Ainsi 70,4% des consultations de m\u00e9decins g\u00e9n\u00e9ralistes ont eu lieu \u00e0 la date pr\u00e9vue pendant le confinement contre 27,6% pour les m\u00e9decins sp\u00e9cialistes. <em>\u00ab\u00a0Les t\u00e9l\u00e9consultations pour les m\u00e9decins g\u00e9n\u00e9ralistes ont \u00e9t\u00e9 prises en charge par l\u2019assurance maladie d\u00e8s le d\u00e9but du confinement et \u00e9largies par la suite aux m\u00e9decins sp\u00e9cialistes ce qui peut expliquer en partie une meilleure continuit\u00e9 des soins en m\u00e9decine g\u00e9n\u00e9rale\u00a0\u00bb <\/em>rel\u00e8ve Jean-Pascal Labille Secr\u00e9taire g\u00e9n\u00e9ral de Solidaris qui souligne aussi que 32% des consultations m\u00e9dicales des patients chroniques durant le confinement se sont d\u00e9roul\u00e9es par t\u00e9l\u00e9consultations (principalement au t\u00e9l\u00e9phone).<\/p>\n<p>Par ailleurs, pour certaines disciplines m\u00e9dicales sp\u00e9cialis\u00e9es, comme la chirurgie en particulier, de nombreuses interventions programm\u00e9es ont \u00e9t\u00e9 postpos\u00e9es conform\u00e9ment aux directives afin d\u2019\u00e9viter un encombrement des infrastructures de soins. L\u2019analyse de la p\u00e9riode de d\u00e9confinement montre que la situation s\u2019est progressivement am\u00e9lior\u00e9e puisqu\u2019entre le 4 mai et le 4 juin, 75% des consultations m\u00e9dicales ont pu avoir lieu comme pr\u00e9vu.<\/p>\n<p>Dans huit cas sur dix, c\u2019est le m\u00e9decin qui a annul\u00e9 la consultation pr\u00e9vue. Dans un tiers des cas seulement un nouveau rendez-vous a \u00e9t\u00e9 programm\u00e9e avec le m\u00e9decin. Lorsque le patient a pris l\u2019initiative de reporter sa consultation (18% des situations), la raison la plus fr\u00e9quemment invoqu\u00e9e est la crainte de contracter le coronavirus (43%) tandis que 29% ont annul\u00e9 car \u00ab\u00a0ils ne voulaient pas d\u00e9ranger le m\u00e9decin\u00a0\u00bb. Enfin, ils sont 27% \u00e0 avoir annul\u00e9 le rendez-vous parce qu\u2019ils estiment que la consultation n\u2019\u00e9tait pas urgente ou essentielle<\/p>\n<p>Les r\u00e9sultats montrent aussi que les patients n\u2019ont pas tous la m\u00eame perception des cons\u00e9quences sur leur sant\u00e9 de l\u2019annulation de leurs soins. Ainsi, un patient chronique sur cinq d\u00e9clare que l\u2019annulation\/le report de ses soins durant le confinement aura un impact important voire tr\u00e8s important sur sa sant\u00e9. Ce chiffre monte \u00e0 un sur trois pour les publics plus pr\u00e9caris\u00e9s. Les patients souffrants de d\u00e9pression ainsi que ceux se d\u00e9clarant en mauvaise sant\u00e9 sont aussi plus nombreux proportionnellement que les autres patients chroniques \u00e0 penser que le report ou l\u2019annulation de la consultation aura des cons\u00e9quences importantes ou tr\u00e8s importantes sur leur sant\u00e9.<\/p>\n<p>L\u2019enqu\u00eate r\u00e9v\u00e8le par ailleurs que seul un patient chronique sur trois estime que les autorit\u00e9s ont communiqu\u00e9 suffisamment sur le suivi des soins pendant la crise sanitaire. Ce chiffre monte \u00e0 un sur deux, lorsqu\u2019il s\u2019agit de l\u2019information communiqu\u00e9e par les prestataires de soins qui les suivent habituellement.<\/p>\n<h2>Retrouvez nos recommandations et donn\u00e9es chiffr\u00e9es compl\u00e8tes ci-dessous :<\/h2>\n<p><strong><a href=\"https:\/\/www.institut-solidaris.be\/wp-content\/uploads\/2020\/07\/Communiqu\u00e9-de-presse.pdf\"><img decoding=\"async\" class=\"alignleft wp-image-112\" src=\"https:\/\/www.institut-solidaris.be\/wp-content\/uploads\/2015\/12\/icone-pdf.gif\" alt=\"\" width=\"27\" height=\"27\" \/>T\u00e9l\u00e9charger notre communiqu\u00e9 de presse complet<\/a><\/strong><\/p>\n<p><img decoding=\"async\" class=\"alignleft wp-image-112\" src=\"https:\/\/www.institut-solidaris.be\/wp-content\/uploads\/2015\/12\/icone-pdf.gif\" alt=\"\" width=\"27\" height=\"27\" \/><\/p>\n<p><strong><a href=\"https:\/\/www.institut-solidaris.be\/wp-content\/uploads\/2020\/07\/Synth\u00e8se-Enqu\u00eate-Solidaris_Suivi-des-soins-MC-et-covid19_20200714.pdf\">T\u00e9l\u00e9charger notre synth\u00e8se compl\u00e8te<\/a><\/strong><\/p>\n<p><img decoding=\"async\" class=\"alignleft wp-image-112\" src=\"https:\/\/www.institut-solidaris.be\/wp-content\/uploads\/2015\/12\/icone-pdf.gif\" alt=\"\" width=\"28\" height=\"28\" \/><strong><a href=\"https:\/\/www.institut-solidaris.be\/wp-content\/uploads\/2020\/07\/Enqu\u00eate-Report-Soins-MC_1307-compress\u00e9.pdf\">T\u00e9l\u00e9charger notre enqu\u00eate <\/a><\/strong><\/p>\n<p style=\"text-align: justify;\"><span style=\"color: #333333;\"><strong>\u00a0<\/strong><\/span><\/p>\n<\/div><div class=\"fusion-clearfix\"><\/div><\/div><\/div><div class=\"fusion-layout-column fusion_builder_column fusion-builder-column-2 fusion_builder_column_1_2 1_2 fusion-one-half fusion-column-first\" style=\"--awb-bg-size:cover;width:48%; margin-right: 4%;\"><div class=\"fusion-column-wrapper fusion-flex-column-wrapper-legacy\"><div class=\"fusion-clearfix\"><\/div><\/div><\/div><div class=\"fusion-layout-column fusion_builder_column fusion-builder-column-3 fusion_builder_column_1_2 1_2 fusion-one-half fusion-column-last\" style=\"--awb-bg-size:cover;width:48%;\"><div class=\"fusion-column-wrapper fusion-flex-column-wrapper-legacy\"><div class=\"fusion-clearfix\"><\/div><\/div><\/div><\/div><\/div>\n","protected":false},"excerpt":{"rendered":"","protected":false},"author":7,"featured_media":0,"parent":0,"menu_order":0,"comment_status":"closed","ping_status":"closed","template":"","meta":{"footnotes":""},"class_list":["post-1974","page","type-page","status-publish","hentry"],"_links":{"self":[{"href":"https:\/\/www.institut-solidaris.be\/index.php\/wp-json\/wp\/v2\/pages\/1974","targetHints":{"allow":["GET"]}}],"collection":[{"href":"https:\/\/www.institut-solidaris.be\/index.php\/wp-json\/wp\/v2\/pages"}],"about":[{"href":"https:\/\/www.institut-solidaris.be\/index.php\/wp-json\/wp\/v2\/types\/page"}],"author":[{"embeddable":true,"href":"https:\/\/www.institut-solidaris.be\/index.php\/wp-json\/wp\/v2\/users\/7"}],"replies":[{"embeddable":true,"href":"https:\/\/www.institut-solidaris.be\/index.php\/wp-json\/wp\/v2\/comments?post=1974"}],"version-history":[{"count":5,"href":"https:\/\/www.institut-solidaris.be\/index.php\/wp-json\/wp\/v2\/pages\/1974\/revisions"}],"predecessor-version":[{"id":1986,"href":"https:\/\/www.institut-solidaris.be\/index.php\/wp-json\/wp\/v2\/pages\/1974\/revisions\/1986"}],"wp:attachment":[{"href":"https:\/\/www.institut-solidaris.be\/index.php\/wp-json\/wp\/v2\/media?parent=1974"}],"curies":[{"name":"wp","href":"https:\/\/api.w.org\/{rel}","templated":true}]}}