{"id":1944,"date":"2020-03-06T08:52:57","date_gmt":"2020-03-06T07:52:57","guid":{"rendered":"https:\/\/www.institut-solidaris.be\/?page_id=1944"},"modified":"2020-03-06T08:54:05","modified_gmt":"2020-03-06T07:54:05","slug":"environnementetsante","status":"publish","type":"page","link":"https:\/\/www.institut-solidaris.be\/index.php\/environnementetsante\/","title":{"rendered":"L&rsquo;environnement et la sant\u00e9"},"content":{"rendered":"<div class=\"fusion-fullwidth fullwidth-box fusion-builder-row-1 nonhundred-percent-fullwidth non-hundred-percent-height-scrolling\" style=\"--awb-background-position:left top;--awb-border-radius-top-left:0px;--awb-border-radius-top-right:0px;--awb-border-radius-bottom-right:0px;--awb-border-radius-bottom-left:0px;--awb-padding-top:20px;--awb-padding-bottom:20px;--awb-border-sizes-top:0px;--awb-border-sizes-bottom:0px;--awb-flex-wrap:wrap;\" ><div class=\"fusion-builder-row fusion-row\"><div class=\"fusion-layout-column fusion_builder_column fusion-builder-column-0 fusion_builder_column_1_2 1_2 fusion-one-half fusion-column-first\" style=\"--awb-bg-size:cover;width:48%; margin-right: 4%;\"><div class=\"fusion-column-wrapper fusion-flex-column-wrapper-legacy\"><div class=\"fusion-slider-sc fusion-flexslider-loading flexslider flexslider-hover-type-none\" data-slideshow_autoplay=\"1\" data-slideshow_smooth_height=\"0\" data-slideshow_speed=\"7000\" style=\"max-width:100%;height:100%;\"><ul class=\"slides\"><li class=\"image\"><span class=\"fusion-image-hover-element hover-type-none\"><img decoding=\"async\" src=\"https:\/\/www.institut-solidaris.be\/wp-content\/uploads\/2020\/03\/BannerFB_851x315.jpg\" width=\"851\" height=\"315\" class=\"wp-image-1940\" srcset=\"https:\/\/www.institut-solidaris.be\/wp-content\/uploads\/2020\/03\/BannerFB_851x315-200x74.jpg 200w, https:\/\/www.institut-solidaris.be\/wp-content\/uploads\/2020\/03\/BannerFB_851x315-400x148.jpg 400w, https:\/\/www.institut-solidaris.be\/wp-content\/uploads\/2020\/03\/BannerFB_851x315-600x222.jpg 600w, https:\/\/www.institut-solidaris.be\/wp-content\/uploads\/2020\/03\/BannerFB_851x315-800x296.jpg 800w, https:\/\/www.institut-solidaris.be\/wp-content\/uploads\/2020\/03\/BannerFB_851x315.jpg 851w\" sizes=\"(max-width: 800px) 100vw, 600px\" \/><\/span><\/li><\/ul><\/div><div class=\"fusion-clearfix\"><\/div><\/div><\/div><div class=\"fusion-layout-column fusion_builder_column fusion-builder-column-1 fusion_builder_column_1_2 1_2 fusion-one-half fusion-column-last\" style=\"--awb-bg-size:cover;width:48%;\"><div class=\"fusion-column-wrapper fusion-flex-column-wrapper-legacy\"><div class=\"fusion-text fusion-text-1\"><h2><strong>77% des Belges francophones\u00a0demandent de poursuivre la mobilisation pour le climat afin d&rsquo;imposer des changements drastiques et profonds\u00a0!<\/strong><\/h2>\n<p><strong>Pour son 12<sup>e<\/sup> Thermom\u00e8tre, Solidaris s\u2019est int\u00e9ress\u00e9 aux changements climatiques et \u00e0 leurs impacts sur la sant\u00e9 des Belges francophones<a href=\"https:\/\/www.institut-solidaris.be\/wp-admin\/post.php?post=1944&amp;action=edit#_ftn1\" name=\"_ftnref1\">[1]<\/a>. Plusieurs constats sont largement partag\u00e9s aujourd\u2019hui\u00a0: pour 80% de la population, le r\u00e9chauffement climatique est essentiellement caus\u00e9 par les activit\u00e9s humaines et une grande majorit\u00e9 craignent que les changements climatiques aient un impact n\u00e9gatif sur leur sant\u00e9 (70%) et accroisse encore plus les in\u00e9galit\u00e9s (85%). Enfin, pour trois quart de la population interrog\u00e9e, il faut changer radicalement de mod\u00e8le de soci\u00e9t\u00e9 si l\u2019on veut pouvoir faire face aux d\u00e9fis qui sont devant nous. Analyse et r\u00e9sultats. <\/strong><\/p>\n<p>Ce 12<sup>\u00e8me<\/sup> Thermom\u00e8tre Solidaris refait d\u2019abord le point sur des constats bien ancr\u00e9s au sein de la population\u00a0:<\/p>\n<ul>\n<li>Pour 84% des personnes interrog\u00e9es, la d\u00e9t\u00e9rioration de l\u2019\u00e9tat de la plan\u00e8te ne va faire que s\u2019acc\u00e9l\u00e9rer\u00a0;<\/li>\n<li>85% trouvent que les \u00e9v\u00e8nements climatiques extr\u00eames (canicules, temp\u00eates, s\u00e9cheresses,\u00a0\u2026) vont augmenter en intensit\u00e9 et en fr\u00e9quence en Belgique\u00a0;<\/li>\n<li>69% de la population consid\u00e8rent que les changements climatiques ont vraiment des effets n\u00e9gatifs (directs ou indirects) sur la sant\u00e9 des gens\u00a0;<\/li>\n<li>Pour 61% des belges francophones, d\u2019ici 50 ans, les conditions de vie deviendront vraiment tr\u00e8s p\u00e9nibles\u00a0;<\/li>\n<li>Pour 84% des sond\u00e9s, c\u2019est l\u2019organisation actuelle de l\u2019\u00e9conomie et de la finance mondiale qui conduit \u00e0 la destruction de notre environnement et donc \u00e0 la d\u00e9t\u00e9rioration de la sant\u00e9 des citoyens par unique obsession du profit \u00e0 court terme.<\/li>\n<\/ul>\n<p>Ce Thermom\u00e8tre met aussi en \u00e9vidence la volont\u00e9 des citoyens \u00e0 agir \u00e0 leur niveau. En effet, 18% des sond\u00e9s affirment avoir d\u00e9j\u00e0 chang\u00e9 leurs habitudes de consommation et de d\u00e9placement. Autre chiffre encourageant, deux tiers des belges francophones d\u00e9clarent avoir d\u00e9j\u00e0 commenc\u00e9 \u00e0 modifier leurs comportements et pensent pouvoir encore faire mieux. Ils sont d\u2019ailleurs 69% \u00e0 \u00eatre pr\u00eats \u00e0 boycotter les produits et les marques qui polluent le plus, peu importe si cela implique un changement dans leurs habitudes.<\/p>\n<p><span style=\"color: #666666; font-family: 'Verdana',sans-serif; font-size: 9pt;\">Concernant l\u2019impact des changements climatiques sur la sant\u00e9, cette \u00e9tude montre \u00e0 quel point les r\u00e9pondants sont conscients des risques qu\u2019engendre la d\u00e9gradation de notre environnement pour la sant\u00e9 et sont d\u00e9sireux d\u2019\u00eatre mieux inform\u00e9s. Les impacts sur la sant\u00e9 ne sont plus vus comme un menace lointaine mais bien comme une menace concr\u00e8te et personnellement ressentie. Pour 73% des personnes interrog\u00e9es, ces impacts n\u00e9gatifs sur la sant\u00e9 toucheront plus fortement les populations les plus faibles et les plus pauvres. <\/span><\/p>\n<p><a href=\"https:\/\/www.institut-solidaris.be\/wp-admin\/post.php?post=1944&amp;action=edit#_ftnref1\" name=\"_ftn1\">[1]<\/a> L\u2019Institut Solidaris a interrog\u00e9 plus de 1.000 personnes Belges francophones de 18 ans et plus, repr\u00e9sentatives de la population vivant en Wallonie et \u00e0 Bruxelles. Une enqu\u00eate r\u00e9alis\u00e9e par internet en octobre 2019.<\/p>\n<h3><strong>Pour retrouver l&rsquo;int\u00e9gralit\u00e9 de l&rsquo;enqu\u00eate, l&rsquo;avis des experts et les pistes de solution sugg\u00e9r\u00e9es :<\/strong><\/h3>\n<h4><img decoding=\"async\" class=\"size-full wp-image-112 alignleft\" src=\"https:\/\/www.institut-solidaris.be\/wp-content\/uploads\/2015\/12\/icone-pdf.gif\" alt=\"Consulter notre enqu\u00eate\" width=\"32\" height=\"32\" \/><strong><a href=\"https:\/\/www.institut-solidaris.be\/wp-content\/uploads\/2020\/03\/Enqu\u00eate-compl\u00e8te_lenvironnement-et-la-sant\u00e9_TH12-compress\u00e9.pdf\">T\u00e9l\u00e9charger notre enqu\u00eate compl\u00e8te<\/a><\/strong><\/h4>\n<h4><img decoding=\"async\" class=\"size-full wp-image-112 alignleft\" src=\"https:\/\/www.institut-solidaris.be\/wp-content\/uploads\/2015\/12\/icone-pdf.gif\" alt=\"Consulter notre enqu\u00eate\" width=\"32\" height=\"32\" \/><strong><a href=\"https:\/\/www.institut-solidaris.be\/wp-content\/uploads\/2020\/03\/Communiqu\u00e9-de-presse_Thermom\u00e8tre-12.pdf\">T\u00e9l\u00e9charger notre communiqu\u00e9 de presse<\/a><\/strong><\/h4>\n<h4><img decoding=\"async\" class=\"size-full wp-image-112 alignleft\" src=\"https:\/\/www.institut-solidaris.be\/wp-content\/uploads\/2015\/12\/icone-pdf.gif\" alt=\"Consulter notre enqu\u00eate\" width=\"32\" height=\"32\" \/><a href=\"https:\/\/www.institut-solidaris.be\/wp-content\/uploads\/2020\/03\/R\u00e9sum\u00e9-enqu\u00eate_lenvironnement-et-la-sant\u00e9_TH12-compress\u00e9.pdf\"><strong>T\u00e9l\u00e9charger le r\u00e9sum\u00e9 de notre enqu\u00eate <\/strong><\/a><\/h4>\n<\/div><div class=\"fusion-clearfix\"><\/div><\/div><\/div><\/div><\/div>\n","protected":false},"excerpt":{"rendered":"","protected":false},"author":7,"featured_media":0,"parent":0,"menu_order":0,"comment_status":"closed","ping_status":"closed","template":"","meta":{"footnotes":""},"class_list":["post-1944","page","type-page","status-publish","hentry"],"_links":{"self":[{"href":"https:\/\/www.institut-solidaris.be\/index.php\/wp-json\/wp\/v2\/pages\/1944","targetHints":{"allow":["GET"]}}],"collection":[{"href":"https:\/\/www.institut-solidaris.be\/index.php\/wp-json\/wp\/v2\/pages"}],"about":[{"href":"https:\/\/www.institut-solidaris.be\/index.php\/wp-json\/wp\/v2\/types\/page"}],"author":[{"embeddable":true,"href":"https:\/\/www.institut-solidaris.be\/index.php\/wp-json\/wp\/v2\/users\/7"}],"replies":[{"embeddable":true,"href":"https:\/\/www.institut-solidaris.be\/index.php\/wp-json\/wp\/v2\/comments?post=1944"}],"version-history":[{"count":4,"href":"https:\/\/www.institut-solidaris.be\/index.php\/wp-json\/wp\/v2\/pages\/1944\/revisions"}],"predecessor-version":[{"id":1949,"href":"https:\/\/www.institut-solidaris.be\/index.php\/wp-json\/wp\/v2\/pages\/1944\/revisions\/1949"}],"wp:attachment":[{"href":"https:\/\/www.institut-solidaris.be\/index.php\/wp-json\/wp\/v2\/media?parent=1944"}],"curies":[{"name":"wp","href":"https:\/\/api.w.org\/{rel}","templated":true}]}}