{"id":1834,"date":"2019-12-09T10:20:28","date_gmt":"2019-12-09T09:20:28","guid":{"rendered":"https:\/\/www.institut-solidaris.be\/?page_id=1834"},"modified":"2019-12-16T11:04:25","modified_gmt":"2019-12-16T10:04:25","slug":"solidarisxsudpressetravailleurspauvres","status":"publish","type":"page","link":"https:\/\/www.institut-solidaris.be\/index.php\/solidarisxsudpressetravailleurspauvres\/","title":{"rendered":"Grandes enqu\u00eates Solidaris x Sudpresse : travailleurs pauvres"},"content":{"rendered":"<div class=\"fusion-fullwidth fullwidth-box fusion-builder-row-1 nonhundred-percent-fullwidth non-hundred-percent-height-scrolling\" style=\"--awb-background-position:left top;--awb-border-radius-top-left:0px;--awb-border-radius-top-right:0px;--awb-border-radius-bottom-right:0px;--awb-border-radius-bottom-left:0px;--awb-padding-top:20px;--awb-padding-bottom:20px;--awb-border-sizes-top:0px;--awb-border-sizes-bottom:0px;--awb-flex-wrap:wrap;\" ><div class=\"fusion-builder-row fusion-row\"><div class=\"fusion-layout-column fusion_builder_column fusion-builder-column-0 fusion_builder_column_1_2 1_2 fusion-one-half fusion-column-first\" style=\"--awb-bg-size:cover;width:48%; margin-right: 4%;\"><div class=\"fusion-column-wrapper fusion-flex-column-wrapper-legacy\"><div class=\"fusion-slider-sc fusion-flexslider-loading flexslider flexslider-hover-type-none\" data-slideshow_autoplay=\"1\" data-slideshow_smooth_height=\"0\" data-slideshow_speed=\"7000\" style=\"max-width:100%;height:100%;\"><ul class=\"slides\"><li class=\"image\"><span class=\"fusion-image-hover-element hover-type-none\"><img decoding=\"async\" src=\"https:\/\/www.institut-solidaris.be\/wp-content\/uploads\/2019\/12\/ImageCarousel_Contraception_600x350.jpg\" width=\"600\" height=\"350\" \/><\/span><\/li><\/ul><\/div><div class=\"fusion-clearfix\"><\/div><\/div><\/div><div class=\"fusion-layout-column fusion_builder_column fusion-builder-column-1 fusion_builder_column_1_2 1_2 fusion-one-half fusion-column-last\" style=\"--awb-bg-size:cover;width:48%;\"><div class=\"fusion-column-wrapper fusion-flex-column-wrapper-legacy\"><div class=\"fusion-text fusion-text-1\"><h2><strong>Le nombre de travailleurs pauvres en Belgique\u00a0<\/strong><strong>francophone atteint 48%\u00a0!!!<\/strong><\/h2>\n<p><strong>Deux ans apr\u00e8s avoir interrog\u00e9 les travailleurs pauvres sur leurs conditions de vie, Solidaris est reparti \u00e0 leur rencontre. La Mutualit\u00e9 s\u2019est donc replong\u00e9e dans la vie de ces travailleurs pauvres Bruxellois et Wallons, avec un constat principal\u00a0: ils n\u2019ont jamais \u00e9t\u00e9 aussi nombreux\u00a0et vont clairement moins bien\u00a0! \u00a0<\/strong><\/p>\n<p><strong>\u00a0<\/strong>Fin novembre, le journal L\u2019\u00c9cho mettait en lumi\u00e8re le dernier rapport du SPF S\u00e9curit\u00e9 sociale qui annon\u00e7ait que le nombre de pauvres en Belgique avait a augment\u00e9 de 56.000 personnes en dix ans. De plus, le risque de pauvret\u00e9 sur base du revenu n\u2019a jamais \u00e9t\u00e9 aussi \u00e9lev\u00e9. Ces r\u00e9sultats alarmants sont malheureusement confirm\u00e9s cette \u00e9tude Solidaris sur les \u00ab\u00a0travailleurs pauvres\u00a0\u00bb <a href=\"#_ftnref2\" name=\"_ftn2\">[1]<\/a> . Voici les r\u00e9sultats principaux :<\/p>\n<ol>\n<li>En deux ann\u00e9es seulement, <strong><u>la part des travailleurs pauvres a continu\u00e9 d\u2019augmenter : passant ainsi de 40% en 2017 \u00e0 48% en 2019<\/u><\/strong>. Plus inqui\u00e9tant encore, c\u2019est surtout la part de ceux qui ne s\u2019en sortent vraiment pas qui progresse le plus fortement, pour passer de 3% en 2017 \u00e0 7% en 2019. Ces r\u00e9sultats mettent en lumi\u00e8re le fait qu\u2019il y a plus de femmes (53% d\u2019entre elles), de locataires (62%), de personnes travaillant \u00e0 temps partiel (59%), de moins dipl\u00f4m\u00e9s (64%) qui peuvent \u00eatre consid\u00e9r\u00e9s comme des \u00ab\u00a0travailleurs pauvres\u00a0\u00bb.<\/li>\n<li>Leur sant\u00e9 physique r\u00e9gresse de pr\u00e8s de 10 points en 2 ans (on passe de 74,5% de personnes se d\u00e9clarant en bonne sant\u00e9 en 2017 \u00e0 63,9% aujourd\u2019hui). Compar\u00e9 \u00e0 la population des travailleurs dans son ensemble, c\u2019est 10 points de plus pour la part des personnes en mauvaise sant\u00e9.<\/li>\n<li>C\u2019est assez \u00e9tonnant, mais le fait d\u2019\u00eatre en CDI ou CDD ne semble pas jouer \u00e9norm\u00e9ment sur la crainte d\u2019\u00eatre touch\u00e9 par la pauvret\u00e9. L\u2019obtention d\u2019un contrat \u00e0 dur\u00e9e ind\u00e9termin\u00e9 n\u2019est donc plus synonyme de mise \u00e0 l\u2019abri de la pauvret\u00e9. En 2019, pr\u00e8s de 50% des travailleurs en CDI peuvent \u00eatre consid\u00e9r\u00e9s comme des \u00ab\u00a0travailleurs pauvres\u00a0\u00bb.<\/li>\n<li>Dans la m\u00eame logique, pour 60% des \u00ab\u00a0travailleurs pauvres\u00a0\u00bb aujourd\u2019hui, avoir un bon dipl\u00f4me ne prot\u00e8ge plus de la pr\u00e9carit\u00e9, soit une augmentation de 13 points en 2 ans\u00a0! Les chiffres de cette \u00e9tude ne leur donnent pas tort puisque 37% des personnes ayant fait des \u00e9tudes sup\u00e9rieures font partie des travailleurs pauvres\u00a0!<\/li>\n<li>Parmi la population cibl\u00e9e, ils ne sont \u00e0 peine que <strong><u>4% \u00e0 penser que les conditions salariales vont s\u2019am\u00e9liorer dans les 5 ans \u00e0 venir<\/u><\/strong> et 45% pensent que les conditions \u00e9taient vraiment meilleures au d\u00e9but des ann\u00e9es 2000. Un optimisme qui s\u2019effondre et qui laisse place au fatalisme\u00a0? Aujourd\u2019hui, le sentiment que le salaire permet de couvrir les frais de logement se d\u00e9grade fortement. Concr\u00e8tement, le salaire n\u2019arrive m\u00eame plus \u00e0 couvrir les besoins de base.<\/li>\n<\/ol>\n<p><a href=\"#_ftnref2\" name=\"_ftn2\">[1]<\/a> Par \u00ab\u00a0travailleurs pauvres\u00a0\u00bb, nous entendons des citoyens qui, soit estiment ne pas s\u2019en sortir, soit qui ne parviennent pas \u00e0 boucler leur budget ou qui parviennent tout juste \u00e0 le boucler.<\/p>\n<p>Et pour tenter d\u2019endiguer ce ph\u00e9nom\u00e8ne, <strong>Solidaris \u00a0appelle \u00e0 un renforcement de l\u2019\u00c9tat social<\/strong>, un Etat qui prot\u00e8ge tous les citoyens, et rappelle les 4 chantiers principaux que la mutuelle avait mis en avant lors de la publication de son <a href=\"http:\/\/pactesocialecologique.org\/\">Manifeste pour un pacte social et \u00e9cologique\u00a0<\/a> en mai dernier :<\/p>\n<ol>\n<li>R\u00e9pondre \u00e0 l\u2019\u00e9volution fulgurante des technologies (robotisation, num\u00e9risation) en offrant des protections adapt\u00e9es aux nouvelles formes d\u2019emplois\u00a0;<\/li>\n<li>Accompagner la civilisation dans sa sortie du dogme productiviste en promouvant un syst\u00e8me \u00e9cologiquement soutenable\u00a0;<\/li>\n<li>Accompagner l\u2019\u00e9volution des modes de vie en promouvant l\u2019\u00e9galit\u00e9 des sexes et en \u00e9mancipant les activit\u00e9s de soin des logiques marchandes afin de faire face au vieillissement de la population\u00a0;<\/li>\n<li>Relever le d\u00e9fi des migrations et de l\u2019internationalisation en int\u00e9grant les migrants et en travaillant au niveau international pour une convergence vers le haut des politiques sociales.<\/li>\n<\/ol>\n<p><strong>Pour Solidaris, \u00ab\u00a0L\u2019\u00e9tat social n\u2019est pas le probl\u00e8me, mais la solution aux d\u00e9fis qui sont devant nous.\u00a0\u00bb<\/strong><\/p>\n<h2>Pour retrouver tous les r\u00e9sultats :<\/h2>\n<p><img decoding=\"async\" class=\"size-full wp-image-112 alignleft\" src=\"https:\/\/www.institut-solidaris.be\/wp-content\/uploads\/2015\/12\/icone-pdf.gif\" alt=\"Consulter notre enqu\u00eate\" width=\"32\" height=\"32\" \/><strong><a href=\"https:\/\/www.institut-solidaris.be\/wp-content\/uploads\/2019\/12\/Travailleurs-pauvres_VMW-compress\u00e9.pdf\">T\u00e9l\u00e9charger notre enqu\u00eate<\/a><\/strong><\/p>\n<p><img decoding=\"async\" class=\"size-full wp-image-112 alignleft\" src=\"https:\/\/www.institut-solidaris.be\/wp-content\/uploads\/2015\/12\/icone-pdf.gif\" alt=\"Consulter notre enqu\u00eate\" width=\"32\" height=\"32\" \/><strong><a href=\"https:\/\/www.institut-solidaris.be\/wp-content\/uploads\/2019\/12\/Communiqu\u00e9-Solidaris-Travailleurs-pauvres.pdf\">T\u00e9l\u00e9charger notre communiqu\u00e9 de presse<\/a><\/strong><\/p>\n<\/div><div class=\"fusion-clearfix\"><\/div><\/div><\/div><\/div><\/div>\n","protected":false},"excerpt":{"rendered":"","protected":false},"author":7,"featured_media":0,"parent":0,"menu_order":0,"comment_status":"closed","ping_status":"closed","template":"","meta":{"footnotes":""},"class_list":["post-1834","page","type-page","status-publish","hentry"],"_links":{"self":[{"href":"https:\/\/www.institut-solidaris.be\/index.php\/wp-json\/wp\/v2\/pages\/1834","targetHints":{"allow":["GET"]}}],"collection":[{"href":"https:\/\/www.institut-solidaris.be\/index.php\/wp-json\/wp\/v2\/pages"}],"about":[{"href":"https:\/\/www.institut-solidaris.be\/index.php\/wp-json\/wp\/v2\/types\/page"}],"author":[{"embeddable":true,"href":"https:\/\/www.institut-solidaris.be\/index.php\/wp-json\/wp\/v2\/users\/7"}],"replies":[{"embeddable":true,"href":"https:\/\/www.institut-solidaris.be\/index.php\/wp-json\/wp\/v2\/comments?post=1834"}],"version-history":[{"count":5,"href":"https:\/\/www.institut-solidaris.be\/index.php\/wp-json\/wp\/v2\/pages\/1834\/revisions"}],"predecessor-version":[{"id":1871,"href":"https:\/\/www.institut-solidaris.be\/index.php\/wp-json\/wp\/v2\/pages\/1834\/revisions\/1871"}],"wp:attachment":[{"href":"https:\/\/www.institut-solidaris.be\/index.php\/wp-json\/wp\/v2\/media?parent=1834"}],"curies":[{"name":"wp","href":"https:\/\/api.w.org\/{rel}","templated":true}]}}