{"id":1822,"date":"2019-12-02T09:39:58","date_gmt":"2019-12-02T08:39:58","guid":{"rendered":"https:\/\/www.institut-solidaris.be\/?page_id=1822"},"modified":"2019-12-16T11:04:25","modified_gmt":"2019-12-16T10:04:25","slug":"solidarisxsudpresselesjeunesparents","status":"publish","type":"page","link":"https:\/\/www.institut-solidaris.be\/index.php\/solidarisxsudpresselesjeunesparents\/","title":{"rendered":"Grandes enqu\u00eates Solidaris x Sudpresse : jeunes parents"},"content":{"rendered":"<div class=\"fusion-fullwidth fullwidth-box fusion-builder-row-1 nonhundred-percent-fullwidth non-hundred-percent-height-scrolling\" style=\"--awb-background-position:left top;--awb-border-radius-top-left:0px;--awb-border-radius-top-right:0px;--awb-border-radius-bottom-right:0px;--awb-border-radius-bottom-left:0px;--awb-padding-top:20px;--awb-padding-bottom:20px;--awb-border-sizes-top:0px;--awb-border-sizes-bottom:0px;--awb-flex-wrap:wrap;\" ><div class=\"fusion-builder-row fusion-row\"><div class=\"fusion-layout-column fusion_builder_column fusion-builder-column-0 fusion_builder_column_1_2 1_2 fusion-one-half fusion-column-first\" style=\"--awb-bg-size:cover;width:48%; margin-right: 4%;\"><div class=\"fusion-column-wrapper fusion-flex-column-wrapper-legacy\"><div class=\"fusion-slider-sc fusion-flexslider-loading flexslider flexslider-hover-type-none\" data-slideshow_autoplay=\"1\" data-slideshow_smooth_height=\"0\" data-slideshow_speed=\"7000\" style=\"max-width:100%;height:100%;\"><ul class=\"slides\"><li class=\"image\"><span class=\"fusion-image-hover-element hover-type-none\"><img decoding=\"async\" src=\"https:\/\/www.institut-solidaris.be\/wp-content\/uploads\/2019\/12\/ImageCarousel_JeunesParents_600x350.jpg\" width=\"600\" height=\"350\" \/><\/span><\/li><\/ul><\/div><div class=\"fusion-clearfix\"><\/div><\/div><\/div><div class=\"fusion-layout-column fusion_builder_column fusion-builder-column-1 fusion_builder_column_1_2 1_2 fusion-one-half fusion-column-last\" style=\"--awb-bg-size:cover;width:48%;\"><div class=\"fusion-column-wrapper fusion-flex-column-wrapper-legacy\"><div class=\"fusion-text fusion-text-1\"><h2><strong>Jeunes parents\u00a0: un moral en baisse et de plus en plus d\u2019in\u00e9galit\u00e9s entre les mamans et les papas\u2026<\/strong><\/h2>\n<p><strong>Quatre ans apr\u00e8s avoir interrog\u00e9 les jeunes parents (parents d\u2019enfants de moins de 3 ans) sur leurs conditions de vie, l&rsquo;institut Solidaris est reparti \u00e0 leur rencontre. En partenariat avec les journaux du groupe SudPresse, la Mutualit\u00e9 s\u2019est donc replong\u00e9e dans la vie de ces jeunes parents Bruxellois et Wallons, avec un constat principal\u00a0: les parents de jeunes enfants vont moins bien en 2019 qu\u2019en 2015. Si l\u2019\u00e9volution touche les papas comme les mamans, on notera que ces derni\u00e8res sont victimes de toujours plus d\u2019in\u00e9galit\u00e9s.<\/strong><\/p>\n<ol>\n<li>On observe donc un recul du niveau de sant\u00e9 des jeunes parents. Il y a une diminution de 13,6 points chez les parents qui se consid\u00e8rent en bonne\/tr\u00e8s bonne sant\u00e9 entre 2015 et 2019. Dans tous les cas, peu importe le genre, la sant\u00e9 physique des parents est \u00e0 la baisse. Cette diminution est plus visible chez les hommes que chez les femmes.<\/li>\n<li>Notre enqu\u00eate confirme aussi, sans r\u00e9elle surprise, l\u2019augmentation de l\u2019anxi\u00e9t\u00e9, voire de la d\u00e9pression chez les parents en 2019\u00a0; une \u00e9volution positive de 10 points entre 2015 et 2019. A noter aussi qu\u2019en 2019, 3,8% des personnes interrog\u00e9es d\u00e9clarent ne jamais se sentir anxieux, angoiss\u00e9s ou en d\u00e9pression. Ils \u00e9taient 9,2% en 2015\u00a0! On constate aussi que les mamans sont plus anxieuses que les papas m\u00eame si l\u2019\u00e9volution touche les deux c\u00f4t\u00e9s. On remarque donc encore une nouvelle in\u00e9galit\u00e9 entre les hommes et les femmes.<\/li>\n<li>La perception de l\u2019\u00e9cole maternelle est de plus en plus inqui\u00e9tante. Lorsque l\u2019on pose la question de son importance \u00ab\u00a0pour r\u00e9ussir plus tard\u00a0\u00bb les jeunes parents sont moins nombreux \u00e0 adh\u00e9rer \u00e0 cette id\u00e9e. Concr\u00e8tement, aujourd\u2019hui, en 2019, pour plus de la moiti\u00e9 des parents (57%), l\u2019\u00e9cole maternelle est vraiment un atout pour r\u00e9ussir plus tard \u00e0 l\u2019\u00e9cole. Mais, en \u00e0 peine quatre ans, cet item a diminu\u00e9 de pr\u00e8s de 10 points (66% en 2015). Ce n\u2019est certainement pas sans lien avec les r\u00e9sultats de notre derni\u00e8re \u00e9tude sur les 18-30 ans o\u00f9 l\u2019on constatait une baisse de leur confiance dans l\u2019enseignement, avec en parall\u00e8le, une d\u00e9fiance toujours plus grande de cette population envers les institutions.<\/li>\n<li>Tant pour les 18-30 ans que pour les jeunes parents, la vision de leur avenir et notamment celui de leur(s) enfant(s), est teint\u00e9e de pessimisme (nouvelle question en 2019) : la moiti\u00e9 est certaine que ce sera pire \u00e0 40 ans pour leur(s) enfant(s). A noter que le rapport \u00e0 l\u2019avenir est particuli\u00e8rement corr\u00e9l\u00e9 avec le fait d\u2019\u00eatre propri\u00e9taire ou non.<\/li>\n<li>Stabilit\u00e9 totale entre 2015 et 2019 quant \u00e0 la r\u00e9partition des t\u00e2ches ayant trait aux enfants. Les in\u00e9galit\u00e9s de genre sont toujours pr\u00e9sentes.<\/li>\n<\/ol>\n<p>Dans ce contexte d\u2019augmentation des in\u00e9galit\u00e9s Femmes-Hommes, Solidaris et le r\u00e9seau des Femmes Pr\u00e9voyantes socialistes (FPS), plaide entre autres (via notamment le <a href=\"http:\/\/www.femmesprevoyantes.be\/wp-content\/uploads\/2019\/03\/memorandum-2019-FINAL_compressed-1.pdf\">M\u00e9morandum<\/a> FPS) pour<\/p>\n<ul>\n<li><strong>L\u2019individualisation des droits sociaux et fiscaux<\/strong><\/li>\n<li><strong>La\u00a0repr\u00e9sentation \u00e9quilibr\u00e9e\u00a0des hommes et des femmes dans les\u00a0instances de d\u00e9cision<\/strong><\/li>\n<li><strong>Une meilleure articulation vie priv\u00e9e\/vie professionnelle<\/strong><\/li>\n<li><strong>Une \u00e9galit\u00e9 salariale<\/strong><\/li>\n<li><strong>Une r\u00e9duction collective du temps de travail<\/strong><\/li>\n<\/ul>\n<h2>Pour retrouver tous les r\u00e9sultats :<\/h2>\n<p><img decoding=\"async\" class=\"size-full wp-image-112 alignleft\" src=\"https:\/\/www.institut-solidaris.be\/wp-content\/uploads\/2015\/12\/icone-pdf.gif\" alt=\"Consulter notre enqu\u00eate\" width=\"32\" height=\"32\" \/><strong><a href=\"https:\/\/www.institut-solidaris.be\/wp-content\/uploads\/2019\/12\/Jeunes_parentsV2.pdf\">T\u00e9l\u00e9charger notre enqu\u00eate<\/a><\/strong><\/p>\n<p><img decoding=\"async\" class=\"size-full wp-image-112 alignleft\" src=\"https:\/\/www.institut-solidaris.be\/wp-content\/uploads\/2015\/12\/icone-pdf.gif\" alt=\"Consulter notre enqu\u00eate\" width=\"32\" height=\"32\" \/><strong><a href=\"https:\/\/www.institut-solidaris.be\/wp-content\/uploads\/2019\/12\/Communiqu\u00e9-Solidaris-Jeunes-parents.pdf\">T\u00e9l\u00e9charger notre communiqu\u00e9 de presse<\/a><\/strong><\/p>\n<\/div><div class=\"fusion-clearfix\"><\/div><\/div><\/div><\/div><\/div>\n","protected":false},"excerpt":{"rendered":"","protected":false},"author":7,"featured_media":0,"parent":0,"menu_order":0,"comment_status":"closed","ping_status":"closed","template":"","meta":{"footnotes":""},"class_list":["post-1822","page","type-page","status-publish","hentry"],"_links":{"self":[{"href":"https:\/\/www.institut-solidaris.be\/index.php\/wp-json\/wp\/v2\/pages\/1822","targetHints":{"allow":["GET"]}}],"collection":[{"href":"https:\/\/www.institut-solidaris.be\/index.php\/wp-json\/wp\/v2\/pages"}],"about":[{"href":"https:\/\/www.institut-solidaris.be\/index.php\/wp-json\/wp\/v2\/types\/page"}],"author":[{"embeddable":true,"href":"https:\/\/www.institut-solidaris.be\/index.php\/wp-json\/wp\/v2\/users\/7"}],"replies":[{"embeddable":true,"href":"https:\/\/www.institut-solidaris.be\/index.php\/wp-json\/wp\/v2\/comments?post=1822"}],"version-history":[{"count":4,"href":"https:\/\/www.institut-solidaris.be\/index.php\/wp-json\/wp\/v2\/pages\/1822\/revisions"}],"predecessor-version":[{"id":1872,"href":"https:\/\/www.institut-solidaris.be\/index.php\/wp-json\/wp\/v2\/pages\/1822\/revisions\/1872"}],"wp:attachment":[{"href":"https:\/\/www.institut-solidaris.be\/index.php\/wp-json\/wp\/v2\/media?parent=1822"}],"curies":[{"name":"wp","href":"https:\/\/api.w.org\/{rel}","templated":true}]}}