{"id":1797,"date":"2019-11-25T12:43:49","date_gmt":"2019-11-25T11:43:49","guid":{"rendered":"https:\/\/www.institut-solidaris.be\/?page_id=1797"},"modified":"2019-12-16T11:04:25","modified_gmt":"2019-12-16T10:04:25","slug":"solidarisxsudpresseles1830ans","status":"publish","type":"page","link":"https:\/\/www.institut-solidaris.be\/index.php\/solidarisxsudpresseles1830ans\/","title":{"rendered":"Grandes enqu\u00eates Solidaris x Sudpresse : les 18-30 ans"},"content":{"rendered":"<div class=\"fusion-fullwidth fullwidth-box fusion-builder-row-1 nonhundred-percent-fullwidth non-hundred-percent-height-scrolling\" style=\"--awb-background-position:left top;--awb-border-radius-top-left:0px;--awb-border-radius-top-right:0px;--awb-border-radius-bottom-right:0px;--awb-border-radius-bottom-left:0px;--awb-padding-top:20px;--awb-padding-bottom:20px;--awb-border-sizes-top:0px;--awb-border-sizes-bottom:0px;--awb-flex-wrap:wrap;\" ><div class=\"fusion-builder-row fusion-row\"><div class=\"fusion-layout-column fusion_builder_column fusion-builder-column-0 fusion_builder_column_1_2 1_2 fusion-one-half fusion-column-first\" style=\"--awb-bg-size:cover;width:48%; margin-right: 4%;\"><div class=\"fusion-column-wrapper fusion-flex-column-wrapper-legacy\"><div class=\"fusion-slider-sc fusion-flexslider-loading flexslider flexslider-hover-type-none\" data-slideshow_autoplay=\"1\" data-slideshow_smooth_height=\"0\" data-slideshow_speed=\"7000\" style=\"max-width:100%;height:100%;\"><ul class=\"slides\"><li class=\"image\"><span class=\"fusion-image-hover-element hover-type-none\"><img decoding=\"async\" src=\"https:\/\/www.institut-solidaris.be\/wp-content\/uploads\/2019\/11\/ImageCarousel_18-30ans_600x350.jpg\" width=\"600\" height=\"350\" \/><\/span><\/li><\/ul><\/div><div class=\"fusion-clearfix\"><\/div><\/div><\/div><div class=\"fusion-layout-column fusion_builder_column fusion-builder-column-1 fusion_builder_column_1_2 1_2 fusion-one-half fusion-column-last\" style=\"--awb-bg-size:cover;width:48%;\"><div class=\"fusion-column-wrapper fusion-flex-column-wrapper-legacy\"><div class=\"fusion-text fusion-text-1\"><h2><strong>Comment vont les 18-30 ans\u00a0? <\/strong><strong>Entre individualit\u00e9s, espoir et r\u00e9signation !<\/strong><\/h2>\n<p>Cinq ans apr\u00e8s avoir interrog\u00e9 les jeunes adultes (18-30 ans) sur leurs conditions de vie, Solidaris est reparti \u00e0 leur rencontre. En partenariat avec les journaux du groupe SudPresse, la Mutualit\u00e9 s\u2019est donc replong\u00e9e dans la vie des 18-30 ans Bruxellois et Wallons, avec un constat principal\u00a0: <strong>ils sont plus optimistes qu\u2019il y a cinq ans quant \u00e0 leur avenir personnel, tout en int\u00e9grant totalement que leur vie sera plus compliqu\u00e9e que celle des g\u00e9n\u00e9rations pass\u00e9es.<\/strong><\/p>\n<p><b>Quelques r\u00e9sultats :\u00a0<\/b><\/p>\n<ul>\n<li><strong>En 2019, 37,6% des 18-30 ans pensent que leurs conditions de vie \u00e0 40 ans seront pires que celles de leurs parents au m\u00eame \u00e2ge<\/strong> (ils \u00e9taient 27,8% \u00e0 le penser en 2014). Mais dans le m\u00eame temps, au niveau de la perception qu\u2019ils ont de l\u2019\u00e9volution de la soci\u00e9t\u00e9, nous observons un recul important dans le pourcentage de jeunes qui ne sont pas tr\u00e8s optimistes (passant de 53,2% en 2014 \u00e0 39,4% en 2019) principalement au profit d\u2019une forme de statut quo\u2026 <strong>Le signe qu\u2019ils savent que ce sera plus compliqu\u00e9 \u00e0 l\u2019avenir mais qu\u2019ils ne renoncent pas totalement\u00a0?<\/strong> Les femmes (44%) demeurent moins optimistes que les hommes.<\/li>\n<li>Notre enqu\u00eate <strong>confirme<\/strong> aussi sans surprise l\u2019\u00e9norme <strong>augmentation de la conscience des probl\u00e8mes environnementaux<\/strong>. En 2014, ils \u00e9taient 44,8% \u00e0 d\u00e9clarer que l\u2019environnement les pr\u00e9occupait vraiment beaucoup,<strong> ils sont 62,1% aujourd\u2019hui<\/strong> (+17,3pts). Sur cette question, l\u2019\u00e9cart s\u2019accroit de plus en plus entre les femmes (68%) et les hommes (56%).<\/li>\n<li><strong>En plus de cette prise de conscience \u00e9cologique<\/strong> massive des jeunes, <strong>ceux-ci veulent aussi s\u2019engager et agir dans ce domaine<\/strong>. A nouveau, <strong>ce sont plus les femmes<\/strong> (avec 57%) que les hommes (49%) qui disent vouloir devenir acteur dans la lutte contre le changement climatique. Ce n\u2019est pas sans lien avec les visages des jeunes \u00e0 la t\u00eate de #YouthForClimate notamment (Ad\u00e9la\u00efde Charlier, Anuna De Wever, \u2026).<\/li>\n<li>Dans ce contexte soci\u00e9tal, comment \u00ab\u00a0cotent-ils\u00a0\u00bb leur vie\u00a0? <strong>Parmi les 18-30 ans interrog\u00e9s, ils sont 17,6% \u00e0 avoir une tr\u00e8s mauvaise image de leur vie actuelle sur l\u2019\u00e9chelle internationale de cantril.<\/strong> <strong>Un sentiment en nette diminution<\/strong> (-6,8 points) <strong>par rapport \u00e0 2014<\/strong>, en lien avec ce sentiment de non-renonciation malgr\u00e9 des lendemains a priori jug\u00e9s pires.<\/li>\n<\/ul>\n<p>Dans ce contexte, Latitude Jeunes, l\u2019association jeunesse du R\u00e9seau Solidaris, appelle \u00e0 :<\/p>\n<ul>\n<li><strong>Un enseignement financi\u00e8rement accessible \u00e0 toutes et tous<\/strong><\/li>\n<li><strong>Une politique de l\u2019emploi juste et \u00e9quitable<\/strong><\/li>\n<li><strong>Un acc\u00e8s facilit\u00e9 \u00e0 un logement de qualit\u00e9<\/strong><\/li>\n<\/ul>\n<p>&nbsp;<\/p>\n<h2>Pour retrouver tous les r\u00e9sultats :<\/h2>\n<p><img decoding=\"async\" class=\"size-full wp-image-112 alignleft\" src=\"https:\/\/www.institut-solidaris.be\/wp-content\/uploads\/2015\/12\/icone-pdf.gif\" alt=\"Consulter notre enqu\u00eate\" width=\"32\" height=\"32\" \/><strong><a href=\"https:\/\/www.institut-solidaris.be\/wp-content\/uploads\/2019\/11\/18_30-vMW.pdf\">T\u00e9l\u00e9charger notre enqu\u00eate<\/a><\/strong><\/p>\n<p><img decoding=\"async\" class=\"size-full wp-image-112 alignleft\" src=\"https:\/\/www.institut-solidaris.be\/wp-content\/uploads\/2015\/12\/icone-pdf.gif\" alt=\"Consulter notre enqu\u00eate\" width=\"32\" height=\"32\" \/><strong><a href=\"https:\/\/www.institut-solidaris.be\/wp-content\/uploads\/2019\/11\/Communiqu\u00e9-Solidaris-1830_AS.pdf\">T\u00e9l\u00e9charger notre communiqu\u00e9 de presse<\/a><\/strong><\/p>\n<\/div><div class=\"fusion-clearfix\"><\/div><\/div><\/div><\/div><\/div>\n","protected":false},"excerpt":{"rendered":"","protected":false},"author":7,"featured_media":0,"parent":0,"menu_order":0,"comment_status":"closed","ping_status":"closed","template":"","meta":{"footnotes":""},"class_list":["post-1797","page","type-page","status-publish","hentry"],"_links":{"self":[{"href":"https:\/\/www.institut-solidaris.be\/index.php\/wp-json\/wp\/v2\/pages\/1797","targetHints":{"allow":["GET"]}}],"collection":[{"href":"https:\/\/www.institut-solidaris.be\/index.php\/wp-json\/wp\/v2\/pages"}],"about":[{"href":"https:\/\/www.institut-solidaris.be\/index.php\/wp-json\/wp\/v2\/types\/page"}],"author":[{"embeddable":true,"href":"https:\/\/www.institut-solidaris.be\/index.php\/wp-json\/wp\/v2\/users\/7"}],"replies":[{"embeddable":true,"href":"https:\/\/www.institut-solidaris.be\/index.php\/wp-json\/wp\/v2\/comments?post=1797"}],"version-history":[{"count":6,"href":"https:\/\/www.institut-solidaris.be\/index.php\/wp-json\/wp\/v2\/pages\/1797\/revisions"}],"predecessor-version":[{"id":1873,"href":"https:\/\/www.institut-solidaris.be\/index.php\/wp-json\/wp\/v2\/pages\/1797\/revisions\/1873"}],"wp:attachment":[{"href":"https:\/\/www.institut-solidaris.be\/index.php\/wp-json\/wp\/v2\/media?parent=1797"}],"curies":[{"name":"wp","href":"https:\/\/api.w.org\/{rel}","templated":true}]}}