{"id":1695,"date":"2019-10-18T10:15:49","date_gmt":"2019-10-18T09:15:49","guid":{"rendered":"https:\/\/www.institut-solidaris.be\/?page_id=1695"},"modified":"2019-12-16T11:04:25","modified_gmt":"2019-12-16T10:04:25","slug":"grandesenquetessolidarissudpresse","status":"publish","type":"page","link":"https:\/\/www.institut-solidaris.be\/index.php\/grandesenquetessolidarissudpresse\/","title":{"rendered":"Grandes enqu\u00eates Solidaris x Sudpresse"},"content":{"rendered":"<div class=\"fusion-fullwidth fullwidth-box fusion-builder-row-1 nonhundred-percent-fullwidth non-hundred-percent-height-scrolling\" style=\"--awb-background-position:left top;--awb-border-radius-top-left:0px;--awb-border-radius-top-right:0px;--awb-border-radius-bottom-right:0px;--awb-border-radius-bottom-left:0px;--awb-padding-top:20px;--awb-padding-bottom:20px;--awb-border-sizes-top:0px;--awb-border-sizes-bottom:0px;--awb-flex-wrap:wrap;\" ><div class=\"fusion-builder-row fusion-row\"><div class=\"fusion-layout-column fusion_builder_column fusion-builder-column-0 fusion_builder_column_1_2 1_2 fusion-one-half fusion-column-first\" style=\"--awb-bg-size:cover;width:48%; margin-right: 4%;\"><div class=\"fusion-column-wrapper fusion-flex-column-wrapper-legacy\"><div class=\"fusion-slider-sc fusion-flexslider-loading flexslider flexslider-hover-type-none\" data-slideshow_autoplay=\"1\" data-slideshow_smooth_height=\"0\" data-slideshow_speed=\"7000\" style=\"max-width:100%;height:100%;\"><ul class=\"slides\"><li class=\"image\"><span class=\"fusion-image-hover-element hover-type-none\"><img decoding=\"async\" src=\"https:\/\/www.institut-solidaris.be\/wp-content\/uploads\/2019\/10\/g\u00e9n\u00e9rique_solidaris_1100x295.png\" width=\"1100\" height=\"295\" \/><\/span><\/li><\/ul><\/div><div class=\"fusion-clearfix\"><\/div><\/div><\/div><div class=\"fusion-layout-column fusion_builder_column fusion-builder-column-1 fusion_builder_column_1_2 1_2 fusion-one-half fusion-column-last\" style=\"--awb-bg-size:cover;width:48%;\"><div class=\"fusion-column-wrapper fusion-flex-column-wrapper-legacy\"><div class=\"fusion-text fusion-text-1\"><p>Depuis 2012, l&rsquo;<strong>Institut Solidaris interroge la population belge francophone sur sa perception de grandes th\u00e9matiques du quotidien<\/strong>.<\/p>\n<p><strong>Six ans plus tard, nos \u00e9quipes sont une nouvelle fois partie \u00e0 la rencontre des Belges<\/strong> pour r\u00e9colter leurs avis sur ces derni\u00e8res.<\/p>\n<p><strong>Comment leurs percpetions ont-elles \u00e9volu\u00e9es ?<\/strong> Que nous ont-ils r\u00e9v\u00e9l\u00e9 sur ces sujets qui nous touchent tous ?<\/p>\n<p>Du <strong>19 octobre au 16 d\u00e9cembre<\/strong>, <strong>Solidaris et Sudpresse vous d\u00e9voileront les r\u00e9sultats de leurs Grandes enqu\u00eates.<\/strong> Alimentation, consommation m\u00e9dicamenteuse, parentalit\u00e9, stress au travail, retraite, nous reviendrons sur les grands enseignements de ce nouveau sondage.<\/p>\n<p><strong>Rendez-vous ce samedi 19 octobre pour d\u00e9couvrir les r\u00e9sultats complets et exclusifs de l&rsquo;enqu\u00eate consacr\u00e9e \u00e0 l&rsquo;alimentation<\/strong>.<\/p>\n<\/div><div class=\"fusion-clearfix\"><\/div><\/div><\/div><div class=\"fusion-layout-column fusion_builder_column fusion-builder-column-2 fusion_builder_column_1_2 1_2 fusion-one-half fusion-column-first\" style=\"--awb-bg-size:cover;width:48%; margin-right: 4%;\"><div class=\"fusion-column-wrapper fusion-flex-column-wrapper-legacy\"><div class=\"fusion-clearfix\"><\/div><\/div><\/div><div class=\"fusion-layout-column fusion_builder_column fusion-builder-column-3 fusion_builder_column_1_2 1_2 fusion-one-half fusion-column-last\" style=\"--awb-bg-size:cover;width:48%;\"><div class=\"fusion-column-wrapper fusion-flex-column-wrapper-legacy\"><div class=\"fusion-clearfix\"><\/div><\/div><\/div><\/div><\/div>\n","protected":false},"excerpt":{"rendered":"","protected":false},"author":7,"featured_media":0,"parent":0,"menu_order":0,"comment_status":"closed","ping_status":"closed","template":"","meta":{"footnotes":""},"class_list":["post-1695","page","type-page","status-publish","hentry"],"_links":{"self":[{"href":"https:\/\/www.institut-solidaris.be\/index.php\/wp-json\/wp\/v2\/pages\/1695","targetHints":{"allow":["GET"]}}],"collection":[{"href":"https:\/\/www.institut-solidaris.be\/index.php\/wp-json\/wp\/v2\/pages"}],"about":[{"href":"https:\/\/www.institut-solidaris.be\/index.php\/wp-json\/wp\/v2\/types\/page"}],"author":[{"embeddable":true,"href":"https:\/\/www.institut-solidaris.be\/index.php\/wp-json\/wp\/v2\/users\/7"}],"replies":[{"embeddable":true,"href":"https:\/\/www.institut-solidaris.be\/index.php\/wp-json\/wp\/v2\/comments?post=1695"}],"version-history":[{"count":4,"href":"https:\/\/www.institut-solidaris.be\/index.php\/wp-json\/wp\/v2\/pages\/1695\/revisions"}],"predecessor-version":[{"id":1881,"href":"https:\/\/www.institut-solidaris.be\/index.php\/wp-json\/wp\/v2\/pages\/1695\/revisions\/1881"}],"wp:attachment":[{"href":"https:\/\/www.institut-solidaris.be\/index.php\/wp-json\/wp\/v2\/media?parent=1695"}],"curies":[{"name":"wp","href":"https:\/\/api.w.org\/{rel}","templated":true}]}}