{"id":1670,"date":"2019-04-23T16:32:41","date_gmt":"2019-04-23T15:32:41","guid":{"rendered":"https:\/\/www.institut-solidaris.be\/?page_id=1670"},"modified":"2020-12-02T14:29:31","modified_gmt":"2020-12-02T13:29:31","slug":"lereportdesoinsdesante-2","status":"publish","type":"page","link":"https:\/\/www.institut-solidaris.be\/index.php\/lereportdesoinsdesante-2\/","title":{"rendered":"Le report des soins de sant\u00e9 &#8211; 2019"},"content":{"rendered":"<div class=\"fusion-fullwidth fullwidth-box fusion-builder-row-1 nonhundred-percent-fullwidth non-hundred-percent-height-scrolling\" style=\"--awb-background-position:left top;--awb-border-radius-top-left:0px;--awb-border-radius-top-right:0px;--awb-border-radius-bottom-right:0px;--awb-border-radius-bottom-left:0px;--awb-padding-top:20px;--awb-padding-bottom:20px;--awb-border-sizes-top:0px;--awb-border-sizes-bottom:0px;--awb-flex-wrap:wrap;\" ><div class=\"fusion-builder-row fusion-row\"><div class=\"fusion-layout-column fusion_builder_column fusion-builder-column-0 fusion_builder_column_1_2 1_2 fusion-one-half fusion-column-first\" style=\"--awb-bg-size:cover;width:48%; margin-right: 4%;\"><div class=\"fusion-column-wrapper fusion-flex-column-wrapper-legacy\"><div class=\"fusion-text fusion-text-1\"><h2><strong>En F\u00e9d\u00e9ration Wallonie Bruxelles, 4 personnes sur 10 renoncent \u00e0 des soins de sant\u00e9 pour des raisons financi\u00e8res !\u00a0<\/strong><\/h2>\n<h4><strong>Les r\u00e9sultats de cette enqu\u00eate sur le renoncement aux soins de sant\u00e9 pour des raisons financi\u00e8res en F\u00e9d\u00e9ration Wallonie-Bruxelles et en France sont issus de notre grand Barom\u00e8tre annuel sur la confiance et le bien-\u00eatre des Belges et des Fran\u00e7ais sorti en f\u00e9vrier dernier. Dans le cadre du renoncement \u00e0 des soins de sant\u00e9, plusieurs items ont \u00e9t\u00e9 cr\u00e9\u00e9s, mis en perspective dans le temps et crois\u00e9s avec des donn\u00e9es sociod\u00e9mographiques pour mettre en \u00e9vidence des diff\u00e9rences d\u2019acc\u00e8s aux soins.<\/strong><\/h4>\n<p><strong>Constat principal\u00a0:<\/strong> 4 personnes sur 10 qui en avaient besoin, ont renonc\u00e9 au moins \u00e0 un soin pour des raisons financi\u00e8res en Wallonie et \u00e0 Bruxelles. Tous types de soins confondus, 39,8% de la population belge francophone qui en avait besoin, a d\u00e9clar\u00e9 avoir \u00e9t\u00e9 concern\u00e9e par la probl\u00e9matique, soit une augmentation significative de + 4pts en 4 ans. C\u2019est le report des consultations chez les m\u00e9decins sp\u00e9cialistes qui a le plus augment\u00e9 en 4 ans, +7,9pts, passant de 17,7% \u00e0 25,6%\u00a0! Pour les g\u00e9n\u00e9ralistes c\u2019est +4,5pts, les soins dentaires +2,4pts et le report d\u2019un achat de m\u00e9dicament prescrit +3,1pts.<\/p>\n<p>Les in\u00e9galit\u00e9s sociales en mati\u00e8re de report de soins se creusent donc. Et en particulier dans la classe moyenne qui ne r\u00e9siste plus au manque de moyens pour se soigner. Jusqu\u2019\u00e0 2016, seuls les groupes sociaux les plus faibles se distinguaient par des difficult\u00e9s financi\u00e8res plus importantes. En 4 ann\u00e9es, la donne a totalement chang\u00e9. Si pour les groupes sociaux les plus \u00e9lev\u00e9s la situation n\u2019a pas boug\u00e9, voire s\u2019est m\u00eame am\u00e9lior\u00e9e, le report de soins a augment\u00e9 dans les autres groupes. Pour les classes moyennes, l\u2019augmentation se situe entre +6,8pts et +9,8pts. Les in\u00e9galit\u00e9s sociales p\u00e8sent donc de plus en plus lourd dans l\u2019accessibilit\u00e9 aux soins de sant\u00e9.<\/p>\n<p>Trop souvent consid\u00e9r\u00e9es comme les boucs-\u00e9missaires d\u2019une S\u00e9curit\u00e9 Sociale en p\u00e9ril, la situation des personnes en incapacit\u00e9 de travail est effarante. En effet, alors que le gouvernement f\u00e9d\u00e9ral souhaite les remettre au travail au plus vite co\u00fbte que co\u00fbte, 61,1% des personnes en incapacit\u00e9, concern\u00e9es par l\u2019un ou l\u2019autre de ces soins, ont d\u00fb reporter au moins un soin en 2018\u00a0: +2,7pts en 4 ans. Pour 28% d\u2019entre eux, ce fut le cas pour une consultation d\u2019un m\u00e9decin g\u00e9n\u00e9raliste et pour 41,6% ce fut le cas pour une consultation de sp\u00e9cialistes.<\/p>\n<p>Pour Solidaris, <strong>il est urgent de r\u00e9investir des moyens dans l\u2019assurance maladie obligatoire <\/strong>afin de lever tout obstacle financier aux soins de base pour l\u2019ensemble de la population. Mais il faut aussi <strong>renforcer les m\u00e9canismes de protection des populations plus fragiles<\/strong> sur le plan socio-\u00e9conomique et de la sant\u00e9 et lever les freins \u00e0 l\u2019acc\u00e8s aux droits. Enfin, le syst\u00e8me de s\u00e9curit\u00e9 sociale doit \u00eatre renforc\u00e9. Pour Solidaris, il est inadmissible que l\u2019arr\u00eat forc\u00e9 d\u2019une activit\u00e9 suite \u00e0 la maladie expose au risque de pauvret\u00e9. <strong>Les malades de longue dur\u00e9e doivent b\u00e9n\u00e9ficier d\u2019un niveau d\u2019indemnit\u00e9 suffisant pour que la maladie ne d\u00e9bouche pas sur la pr\u00e9carit\u00e9<\/strong>.<\/p>\n<p>Concr\u00e8tement <strong>Solidaris propose<\/strong>\u00a0:<\/p>\n<ul>\n<li>le remboursement int\u00e9gral des soins de base en premi\u00e8re ligne (consultations du MG, consultations et soins dentaires pr\u00e9ventifs, extractions, 8 premi\u00e8res s\u00e9ances chez le psychologue de premi\u00e8re ligne) pour les patients ayant ouvert un DMG aupr\u00e8s de leur m\u00e9decin g\u00e9n\u00e9raliste\u00a0;<\/li>\n<li>le tiers-payant obligatoire g\u00e9n\u00e9ralis\u00e9 \u00e0 tous les soins pour les b\u00e9n\u00e9ficiaires de l\u2019intervention major\u00e9e et les malades chroniques\u00a0;<\/li>\n<li>soutenir le d\u00e9veloppement des maisons m\u00e9dicales et \u00e9tendre le mod\u00e8le des maisons m\u00e9dicales au forfait aux prestations de base des dentistes et des psychologues cliniciens\u00a0;<\/li>\n<li>le rel\u00e8vement des indemnit\u00e9s minimales jusqu\u2019\u00e0 10% au-del\u00e0 du seuil de pauvret\u00e9 d\u00e8s le premier jour d\u2019incapacit\u00e9 ceci afin que la maladie ne d\u00e9bouche pas sur la pr\u00e9carit\u00e9.<\/li>\n<\/ul>\n<p>Enfin, pour Jean-Pascal Labille, Secr\u00e9taire g\u00e9n\u00e9ral de Solidaris, \u00ab\u00a0<em>Les reports de soins sont la cons\u00e9quence de la politique d\u00e9sastreuse men\u00e9e par le gouvernement en mati\u00e8re de soins de sant\u00e9.\u00a0Favorisant l&rsquo;industrie pharmaceutique et le secteur priv\u00e9, elle fait payer la facture aux patients. Se soigner plus tard ou ne pas soigner du tout: c&rsquo;est la r\u00e9alit\u00e9 \u00e0 laquelle sont aujourd&rsquo;hui confront\u00e9s de nombreux belges. Dans un syst\u00e8me qui accro\u00eet les in\u00e9galit\u00e9s sociales et favorisent la marchandisation de sant\u00e9,\u00a0 les reports de soins sont en hausse de mani\u00e8re inqui\u00e9tante et inacceptable pour une soci\u00e9t\u00e9 bas\u00e9e sur les principes de la solidarit\u00e9.<\/em><\/p>\n<p><img decoding=\"async\" class=\"size-full wp-image-112 alignleft\" src=\"https:\/\/www.institut-solidaris.be\/wp-content\/uploads\/2015\/12\/icone-pdf.gif\" alt=\"Consulter notre enqu\u00eate\" width=\"32\" height=\"32\" \/><strong><a href=\"https:\/\/www.institut-solidaris.be\/wp-content\/uploads\/2019\/04\/Etude-Solidaris-Report-de-soins_240419-compress\u00e9.pdf\">T\u00e9l\u00e9charger notre enqu\u00eate<\/a><\/strong><\/p>\n<p><img decoding=\"async\" class=\"size-full wp-image-112 alignleft\" src=\"https:\/\/www.institut-solidaris.be\/wp-content\/uploads\/2015\/12\/icone-pdf.gif\" alt=\"Consulter notre enqu\u00eate\" width=\"32\" height=\"32\" \/><strong><a href=\"https:\/\/www.institut-solidaris.be\/wp-content\/uploads\/2019\/04\/Solidaris-Reports-de-soins_240419_docx.pdf\">T\u00e9l\u00e9charger notre communiqu\u00e9 de presse complet<\/a><\/strong><\/p>\n<\/div><div class=\"fusion-clearfix\"><\/div><\/div><\/div><div class=\"fusion-layout-column fusion_builder_column fusion-builder-column-1 fusion_builder_column_1_2 1_2 fusion-one-half fusion-column-last\" style=\"--awb-bg-size:cover;width:48%;\"><div class=\"fusion-column-wrapper fusion-flex-column-wrapper-legacy\"><div class=\"fusion-slider-sc fusion-flexslider-loading flexslider flexslider-hover-type-none\" data-slideshow_autoplay=\"1\" data-slideshow_smooth_height=\"0\" data-slideshow_speed=\"7000\" style=\"max-width:100%;height:100%;\"><ul class=\"slides\"><li class=\"image\"><span class=\"fusion-image-hover-element hover-type-none\"><img decoding=\"async\" src=\"https:\/\/www.institut-solidaris.be\/wp-content\/uploads\/2019\/04\/Visuels_500x200_Soindesante-1.jpg\" width=\"2083\" height=\"833\" \/><\/span><\/li><\/ul><\/div><div class=\"fusion-clearfix\"><\/div><\/div><\/div><\/div><\/div>\n","protected":false},"excerpt":{"rendered":"","protected":false},"author":7,"featured_media":0,"parent":0,"menu_order":0,"comment_status":"closed","ping_status":"closed","template":"","meta":{"footnotes":""},"class_list":["post-1670","page","type-page","status-publish","hentry"],"_links":{"self":[{"href":"https:\/\/www.institut-solidaris.be\/index.php\/wp-json\/wp\/v2\/pages\/1670","targetHints":{"allow":["GET"]}}],"collection":[{"href":"https:\/\/www.institut-solidaris.be\/index.php\/wp-json\/wp\/v2\/pages"}],"about":[{"href":"https:\/\/www.institut-solidaris.be\/index.php\/wp-json\/wp\/v2\/types\/page"}],"author":[{"embeddable":true,"href":"https:\/\/www.institut-solidaris.be\/index.php\/wp-json\/wp\/v2\/users\/7"}],"replies":[{"embeddable":true,"href":"https:\/\/www.institut-solidaris.be\/index.php\/wp-json\/wp\/v2\/comments?post=1670"}],"version-history":[{"count":8,"href":"https:\/\/www.institut-solidaris.be\/index.php\/wp-json\/wp\/v2\/pages\/1670\/revisions"}],"predecessor-version":[{"id":2015,"href":"https:\/\/www.institut-solidaris.be\/index.php\/wp-json\/wp\/v2\/pages\/1670\/revisions\/2015"}],"wp:attachment":[{"href":"https:\/\/www.institut-solidaris.be\/index.php\/wp-json\/wp\/v2\/media?parent=1670"}],"curies":[{"name":"wp","href":"https:\/\/api.w.org\/{rel}","templated":true}]}}