{"id":1572,"date":"2019-02-20T11:52:57","date_gmt":"2019-02-20T10:52:57","guid":{"rendered":"https:\/\/www.institut-solidaris.be\/?page_id=1572"},"modified":"2019-12-16T11:04:25","modified_gmt":"2019-12-16T10:04:25","slug":"france2019","status":"publish","type":"page","link":"https:\/\/www.institut-solidaris.be\/index.php\/france2019\/","title":{"rendered":"France 2019"},"content":{"rendered":"<div class=\"fusion-fullwidth fullwidth-box fusion-builder-row-1 nonhundred-percent-fullwidth non-hundred-percent-height-scrolling\" style=\"--awb-background-position:left top;--awb-border-radius-top-left:0px;--awb-border-radius-top-right:0px;--awb-border-radius-bottom-right:0px;--awb-border-radius-bottom-left:0px;--awb-padding-top:20px;--awb-padding-bottom:20px;--awb-border-sizes-top:0px;--awb-border-sizes-bottom:0px;--awb-flex-wrap:wrap;\" ><div class=\"fusion-builder-row fusion-row\"><div class=\"fusion-layout-column fusion_builder_column fusion-builder-column-0 fusion_builder_column_1_2 1_2 fusion-one-half fusion-column-first\" style=\"--awb-bg-size:cover;width:48%; margin-right: 4%;\"><div class=\"fusion-column-wrapper fusion-flex-column-wrapper-legacy\"><div class=\"fusion-slider-sc fusion-flexslider-loading flexslider flexslider-hover-type-none\" data-slideshow_autoplay=\"1\" data-slideshow_smooth_height=\"0\" data-slideshow_speed=\"7000\" style=\"max-width:100%;height:100%;\"><ul class=\"slides\"><li class=\"image\"><span class=\"fusion-image-hover-element hover-type-none\"><img decoding=\"async\" src=\"https:\/\/www.institut-solidaris.be\/wp-content\/uploads\/2017\/02\/Baro_France-Belgique.jpg\" width=\"600\" height=\"350\" \/><\/span><\/li><\/ul><\/div><div class=\"fusion-clearfix\"><\/div><\/div><\/div><div class=\"fusion-layout-column fusion_builder_column fusion-builder-column-1 fusion_builder_column_1_2 1_2 fusion-one-half fusion-column-last\" style=\"--awb-bg-size:cover;width:48%;\"><div class=\"fusion-column-wrapper fusion-flex-column-wrapper-legacy\"><div class=\"fusion-text fusion-text-1\"><h2><strong>Un moral \u00e0 nouveau en baisse&#8230;<\/strong><\/h2>\n<p><strong>Alors que le moral des Fran\u00e7ais \u00e9tait \u00e0 la hausse de plus de 4 points l\u2019ann\u00e9e derni\u00e8re, la tendance s\u2019inverse en 2019 puisque leur indice global de bien-\u00eatre, qui s\u2019\u00e9tablit sur une \u00e9chelle de 0 \u00e0 100, est pass\u00e9 de \u00e0 60,1 en 2018 pour atteindre 59,3 en 2019.<\/strong><\/p>\n<p>Quelles sont les origines de cette chute ? Focus sur certaines pistes explicatives :<\/p>\n<p><strong>&#8211; Rapport \u00e0 la soci\u00e9t\u00e9\u00a0: <\/strong>un premier \u00e9l\u00e9ment se d\u00e9gage, que l\u2019on peut maintenant qualifier d\u2019annonciateur, le sentiment g\u00e9n\u00e9ral d\u2019une soci\u00e9t\u00e9 cloisonn\u00e9e. Cet item \u00e9tait en progression en 2017, malgr\u00e9 l\u2019enthousiasme quasi g\u00e9n\u00e9ral. Et il poursuit son augmentation en 2018 pour concerner d\u00e9sormais 36,6% des Fran\u00e7ais.<\/p>\n<p><strong>&#8211; Le public rural est celui qui souffre le plus<\/strong>, notamment au niveau de sa sant\u00e9 physique mais aussi des conditions objectives de vie. Les urbains se distinguent n\u00e9gativement sur la sant\u00e9 mentale.<\/p>\n<p><strong>&#8211; Confiance en l\u2019avenir\u00a0: <\/strong>la plus grosse \u00e9volution concerne le sentiment de ne pas avoir les moyens n\u00e9cessaires pour s\u2019occuper de ses proches quand ils en auront besoin. Les Fran\u00e7ais s\u2019inqui\u00e8tent pour l\u2019avenir de leurs enfants.<\/p>\n<p><strong>&#8211; Acc\u00e8s \u00e0 la culture\u00a0<\/strong>: la part des gens renon\u00e7ant \u00e0 des activit\u00e9s culturelles pour des raisons financi\u00e8res d\u00e9passe d\u00e9sormais la part de ceux qui ne sont pas concern\u00e9s par cette probl\u00e9matique.<\/p>\n<p><strong>&#8211; In\u00e9galit\u00e9s\u00a0<\/strong>: la perception des in\u00e9galit\u00e9s avait chut\u00e9 jusqu\u2019\u00e0 en diminuer le caract\u00e8re insupportable. Mais ces derni\u00e8res sont toutes davantage ressenties en 2018, que ce soit les in\u00e9galit\u00e9s \u00e0 l\u2019emploi, celles entre les genres, celles d\u2019acc\u00e8s aux soins ou \u00e0 un enseignement de qualit\u00e9.<\/p>\n<p><strong>&#8211; Institutions\u00a0: <\/strong>tous les corps interm\u00e9diaires (s\u00e9curit\u00e9 sociale, enseignement, syndicats, mutuelles\u2026) reculent dans la perception des Fran\u00e7ais alors qu\u2019ils accordent toujours plus de confiance \u00e0 leur entourage proche (famille, amis).<\/p>\n<p><strong>&#8211; Proximit\u00e9\u00a0: <\/strong>la proximit\u00e9 c\u2019est ce qui semble compenser largement le contexte anxiog\u00e8ne. La difficult\u00e9 \u00e0 vivre-ensemble, qui reste n\u00e9anmoins per\u00e7ue par plus de 2\/3 des Fran\u00e7ais, diminue petit \u00e0 petit.<\/p>\n<p style=\"text-align: justify;\"><span style=\"color: #333333;\"><strong>\u00a0<a href=\"https:\/\/www.institut-solidaris.be\/wp-content\/uploads\/2017\/02\/BaroBELV1.pdf\" target=\"_blank\" rel=\"noopener noreferrer\"><img decoding=\"async\" class=\"alignnone wp-image-112 size-full\" src=\"https:\/\/www.institut-solidaris.be\/wp-content\/uploads\/2015\/12\/icone-pdf.gif\" alt=\"Consulter notre enqu\u00eate\" width=\"32\" height=\"32\" \/><\/a><a href=\"https:\/\/www.institut-solidaris.be\/wp-content\/uploads\/2019\/02\/Presentation-France-compress\u00e9.pdf\" target=\"_blank\" rel=\"noopener noreferrer\">Consulter l&rsquo;int\u00e9gralit\u00e9 de l&rsquo;enqu\u00eate<\/a><\/strong><\/span><\/p>\n<\/div><div class=\"fusion-clearfix\"><\/div><\/div><\/div><div class=\"fusion-layout-column fusion_builder_column fusion-builder-column-2 fusion_builder_column_1_1 1_1 fusion-one-full fusion-column-first fusion-column-last fusion-column-no-min-height\" style=\"--awb-bg-size:cover;--awb-margin-bottom:0px;\"><div class=\"fusion-column-wrapper fusion-flex-column-wrapper-legacy\"><div class=\"fusion-title title fusion-title-1 fusion-title-text fusion-title-size-one\" style=\"--awb-margin-top-small:0px;--awb-margin-right-small:0px;--awb-margin-bottom-small:20px;--awb-margin-left-small:0px;\"><h1 class=\"fusion-title-heading title-heading-left\" style=\"margin:0;\"><h1 style=\"text-align: center;\"><strong>En chiffres<\/strong><\/h1><\/h1><span class=\"awb-title-spacer\"><\/span><div class=\"title-sep-container\"><div class=\"title-sep sep-double sep-solid\" style=\"border-color:#e0dede;\"><\/div><\/div><\/div><div class=\"fusion-clearfix\"><\/div><\/div><\/div><div class=\"fusion-layout-column fusion_builder_column fusion-builder-column-3 fusion_builder_column_1_2 1_2 fusion-one-half fusion-column-first\" style=\"--awb-bg-size:cover;width:48%; margin-right: 4%;\"><div class=\"fusion-column-wrapper fusion-flex-column-wrapper-legacy\"><div class=\"fusion-text fusion-text-2\"><p><strong>Evolution de l&rsquo;indice de bien-\u00eatre global entre 2017 et 2018 : -0,8<\/strong><\/p>\n<\/div><div class=\"fusion-progressbar\" style=\"--awb-textcolor:#000000;--awb-filledcolor:#b7b7b7;--awb-filledbordercolor:#b7b7b7;--awb-maximum-value-wrapper-width:40%;\"><div class=\"fusion-progressbar-bar progress-bar\"><div class=\"progress progress-bar-content not-animated\" role=\"progressbar\" aria-labelledby=\"awb-progressbar-label-1\" aria-valuemin=\"0\" aria-valuemax=\"100\" aria-valuenow=\"60\" data-filling-speed=\"600\"><span class=\"progress-title awb-on-bar\"><span class=\"fusion-progressbar-text\" id=\"awb-progressbar-label-1\">2017 :<\/span> <span class=\"fusion-progressbar-value\">60%<\/span><\/span><\/div><span class=\"awb-pb-max-value-wrap awb-on-bar\"><span class=\"awb-pb-max-value-text\"><\/span><\/span><\/div><\/div><div class=\"fusion-progressbar\" style=\"--awb-textcolor:#000000;--awb-filledcolor:#b7b7b7;--awb-filledbordercolor:#b7b7b7;--awb-maximum-value-wrapper-width:41%;\"><div class=\"fusion-progressbar-bar progress-bar\"><div class=\"progress progress-bar-content not-animated\" role=\"progressbar\" aria-labelledby=\"awb-progressbar-label-2\" aria-valuemin=\"0\" aria-valuemax=\"100\" aria-valuenow=\"59\" data-filling-speed=\"600\"><span class=\"progress-title awb-on-bar\"><span class=\"fusion-progressbar-text\" id=\"awb-progressbar-label-2\">2018 :<\/span> <span class=\"fusion-progressbar-value\">59%<\/span><\/span><\/div><span class=\"awb-pb-max-value-wrap awb-on-bar\"><span class=\"awb-pb-max-value-text\"><\/span><\/span><\/div><\/div><div class=\"fusion-text fusion-text-3\"><p><strong>Le co\u00fbt pour me d\u00e9placer devient un probl\u00e8me pour mon budget<\/strong><\/p>\n<\/div><div class=\"fusion-progressbar\" style=\"--awb-textcolor:#000000;--awb-filledcolor:#b7b7b7;--awb-filledbordercolor:#b7b7b7;--awb-maximum-value-wrapper-width:57%;\"><div class=\"fusion-progressbar-bar progress-bar\"><div class=\"progress progress-bar-content not-animated\" role=\"progressbar\" aria-labelledby=\"awb-progressbar-label-3\" aria-valuemin=\"0\" aria-valuemax=\"100\" aria-valuenow=\"43\" data-filling-speed=\"600\"><span class=\"progress-title awb-on-bar\"><span class=\"fusion-progressbar-text\" id=\"awb-progressbar-label-3\">Urbain :<\/span> <span class=\"fusion-progressbar-value\">43%<\/span><\/span><\/div><span class=\"awb-pb-max-value-wrap awb-on-bar\"><span class=\"awb-pb-max-value-text\"><\/span><\/span><\/div><\/div><div class=\"fusion-progressbar\" style=\"--awb-textcolor:#000000;--awb-filledcolor:#b7b7b7;--awb-filledbordercolor:#b7b7b7;--awb-maximum-value-wrapper-width:60%;\"><div class=\"fusion-progressbar-bar progress-bar\"><div class=\"progress progress-bar-content not-animated\" role=\"progressbar\" aria-labelledby=\"awb-progressbar-label-4\" aria-valuemin=\"0\" aria-valuemax=\"100\" aria-valuenow=\"40\" data-filling-speed=\"600\"><span class=\"progress-title awb-on-bar\"><span class=\"fusion-progressbar-text\" id=\"awb-progressbar-label-4\">P\u00e9ri-urbain :<\/span> <span class=\"fusion-progressbar-value\">40%<\/span><\/span><\/div><span class=\"awb-pb-max-value-wrap awb-on-bar\"><span class=\"awb-pb-max-value-text\"><\/span><\/span><\/div><\/div><div class=\"fusion-progressbar\" style=\"--awb-textcolor:#000000;--awb-filledcolor:#b7b7b7;--awb-filledbordercolor:#b7b7b7;--awb-maximum-value-wrapper-width:64%;\"><div class=\"fusion-progressbar-bar progress-bar\"><div class=\"progress progress-bar-content not-animated\" role=\"progressbar\" aria-labelledby=\"awb-progressbar-label-5\" aria-valuemin=\"0\" aria-valuemax=\"100\" aria-valuenow=\"36\" data-filling-speed=\"600\"><span class=\"progress-title awb-on-bar\"><span class=\"fusion-progressbar-text\" id=\"awb-progressbar-label-5\">Rural :<\/span> <span class=\"fusion-progressbar-value\">36%<\/span><\/span><\/div><span class=\"awb-pb-max-value-wrap awb-on-bar\"><span class=\"awb-pb-max-value-text\"><\/span><\/span><\/div><\/div><div class=\"fusion-text fusion-text-4\"><p><strong>Mes revenus me permettent vraiment d&rsquo;acc\u00e9der \u00e0 ce que je souhaiterais<\/strong><\/p>\n<\/div><div class=\"fusion-progressbar\" style=\"--awb-textcolor:#000000;--awb-filledcolor:#b7b7b7;--awb-unfilledcolor:#ffffff;--awb-filledbordercolor:#b7b7b7;--awb-maximum-value-wrapper-width:56%;\"><div class=\"fusion-progressbar-bar progress-bar\"><div class=\"progress progress-bar-content not-animated\" role=\"progressbar\" aria-labelledby=\"awb-progressbar-label-6\" aria-valuemin=\"0\" aria-valuemax=\"100\" aria-valuenow=\"44\" data-filling-speed=\"600\"><span class=\"progress-title awb-on-bar\"><span class=\"fusion-progressbar-text\" id=\"awb-progressbar-label-6\">Urbain :<\/span> <span class=\"fusion-progressbar-value\">44%<\/span><\/span><\/div><span class=\"awb-pb-max-value-wrap awb-on-bar\"><span class=\"awb-pb-max-value-text\"><\/span><\/span><\/div><\/div><div class=\"fusion-progressbar\" style=\"--awb-textcolor:#000000;--awb-filledcolor:#b7b7b7;--awb-unfilledcolor:#ffffff;--awb-filledbordercolor:#b7b7b7;--awb-maximum-value-wrapper-width:65%;\"><div class=\"fusion-progressbar-bar progress-bar\"><div class=\"progress progress-bar-content not-animated\" role=\"progressbar\" aria-labelledby=\"awb-progressbar-label-7\" aria-valuemin=\"0\" aria-valuemax=\"100\" aria-valuenow=\"35\" data-filling-speed=\"600\"><span class=\"progress-title awb-on-bar\"><span class=\"fusion-progressbar-text\" id=\"awb-progressbar-label-7\">P\u00e9ri-urbain :<\/span> <span class=\"fusion-progressbar-value\">35%<\/span><\/span><\/div><span class=\"awb-pb-max-value-wrap awb-on-bar\"><span class=\"awb-pb-max-value-text\"><\/span><\/span><\/div><\/div><div class=\"fusion-progressbar\" style=\"--awb-textcolor:#000000;--awb-filledcolor:#b7b7b7;--awb-unfilledcolor:#ffffff;--awb-filledbordercolor:#b7b7b7;--awb-maximum-value-wrapper-width:71%;\"><div class=\"fusion-progressbar-bar progress-bar\"><div class=\"progress progress-bar-content not-animated\" role=\"progressbar\" aria-labelledby=\"awb-progressbar-label-8\" aria-valuemin=\"0\" aria-valuemax=\"100\" aria-valuenow=\"29\" data-filling-speed=\"600\"><span class=\"progress-title awb-on-bar\"><span class=\"fusion-progressbar-text\" id=\"awb-progressbar-label-8\">Rural :<\/span> <span class=\"fusion-progressbar-value\">29%<\/span><\/span><\/div><span class=\"awb-pb-max-value-wrap awb-on-bar\"><span class=\"awb-pb-max-value-text\"><\/span><\/span><\/div><\/div><div class=\"fusion-clearfix\"><\/div><\/div><\/div><div class=\"fusion-layout-column fusion_builder_column fusion-builder-column-4 fusion_builder_column_1_2 1_2 fusion-one-half fusion-column-last\" style=\"--awb-bg-size:cover;width:48%;\"><div class=\"fusion-column-wrapper fusion-flex-column-wrapper-legacy\"><div class=\"fusion-text fusion-text-5\"><p><strong>Je suis vraiment tr\u00e8s inquiet pour l&rsquo;avenir de mes enfants<\/strong><\/p>\n<\/div><div class=\"fusion-progressbar\" style=\"--awb-textcolor:#000000;--awb-filledcolor:#b7b7b7;--awb-filledbordercolor:#b7b7b7;--awb-maximum-value-wrapper-width:31%;\"><div class=\"fusion-progressbar-bar progress-bar\"><div class=\"progress progress-bar-content not-animated\" role=\"progressbar\" aria-labelledby=\"awb-progressbar-label-9\" aria-valuemin=\"0\" aria-valuemax=\"100\" aria-valuenow=\"69\" data-filling-speed=\"600\"><span class=\"progress-title awb-on-bar\"><span class=\"fusion-progressbar-text\" id=\"awb-progressbar-label-9\">2017 :<\/span> <span class=\"fusion-progressbar-value\">69%<\/span><\/span><\/div><span class=\"awb-pb-max-value-wrap awb-on-bar\"><span class=\"awb-pb-max-value-text\"><\/span><\/span><\/div><\/div><div class=\"fusion-progressbar\" style=\"--awb-textcolor:#000000;--awb-filledcolor:#b7b7b7;--awb-filledbordercolor:#b7b7b7;--awb-maximum-value-wrapper-width:27%;\"><div class=\"fusion-progressbar-bar progress-bar\"><div class=\"progress progress-bar-content not-animated\" role=\"progressbar\" aria-labelledby=\"awb-progressbar-label-10\" aria-valuemin=\"0\" aria-valuemax=\"100\" aria-valuenow=\"73\" data-filling-speed=\"600\"><span class=\"progress-title awb-on-bar\"><span class=\"fusion-progressbar-text\" id=\"awb-progressbar-label-10\">2018 :<\/span> <span class=\"fusion-progressbar-value\">73%<\/span><\/span><\/div><span class=\"awb-pb-max-value-wrap awb-on-bar\"><span class=\"awb-pb-max-value-text\"><\/span><\/span><\/div><\/div><div class=\"fusion-text fusion-text-6\"><p><strong>Le risque de ne pas avoir les moyens n\u00e9cessaires pour m&rsquo;occuper de mes parents ou de mes enfants quand ils en auront besoin m&rsquo;inqui\u00e8te vraiment<\/strong><\/p>\n<\/div><div class=\"fusion-progressbar\" style=\"--awb-textcolor:#000000;--awb-filledcolor:#b7b7b7;--awb-filledbordercolor:#b7b7b7;--awb-maximum-value-wrapper-width:57%;\"><div class=\"fusion-progressbar-bar progress-bar\"><div class=\"progress progress-bar-content not-animated\" role=\"progressbar\" aria-labelledby=\"awb-progressbar-label-11\" aria-valuemin=\"0\" aria-valuemax=\"100\" aria-valuenow=\"43\" data-filling-speed=\"600\"><span class=\"progress-title awb-on-bar\"><span class=\"fusion-progressbar-text\" id=\"awb-progressbar-label-11\">2017 :<\/span> <span class=\"fusion-progressbar-value\">43%<\/span><\/span><\/div><span class=\"awb-pb-max-value-wrap awb-on-bar\"><span class=\"awb-pb-max-value-text\"><\/span><\/span><\/div><\/div><div class=\"fusion-progressbar\" style=\"--awb-textcolor:#000000;--awb-filledcolor:#b7b7b7;--awb-filledbordercolor:#b7b7b7;--awb-maximum-value-wrapper-width:42%;\"><div class=\"fusion-progressbar-bar progress-bar\"><div class=\"progress progress-bar-content not-animated\" role=\"progressbar\" aria-labelledby=\"awb-progressbar-label-12\" aria-valuemin=\"0\" aria-valuemax=\"100\" aria-valuenow=\"58\" data-filling-speed=\"600\"><span class=\"progress-title awb-on-bar\"><span class=\"fusion-progressbar-text\" id=\"awb-progressbar-label-12\">2018 :<\/span> <span class=\"fusion-progressbar-value\">58%<\/span><\/span><\/div><span class=\"awb-pb-max-value-wrap awb-on-bar\"><span class=\"awb-pb-max-value-text\"><\/span><\/span><\/div><\/div><div class=\"fusion-text fusion-text-7\"><p><b>Les in\u00e9galit\u00e9s face \u00e0 l&#8217;emploi sont vraiment importantes en France<\/b><\/p>\n<\/div><div class=\"fusion-progressbar\" style=\"--awb-textcolor:#000000;--awb-filledcolor:#b7b7b7;--awb-filledbordercolor:#b7b7b7;--awb-maximum-value-wrapper-width:29%;\"><div class=\"fusion-progressbar-bar progress-bar\"><div class=\"progress progress-bar-content not-animated\" role=\"progressbar\" aria-labelledby=\"awb-progressbar-label-13\" aria-valuemin=\"0\" aria-valuemax=\"100\" aria-valuenow=\"71\" data-filling-speed=\"600\"><span class=\"progress-title awb-on-bar\"><span class=\"fusion-progressbar-text\" id=\"awb-progressbar-label-13\">2017 :<\/span> <span class=\"fusion-progressbar-value\">71%<\/span><\/span><\/div><span class=\"awb-pb-max-value-wrap awb-on-bar\"><span class=\"awb-pb-max-value-text\"><\/span><\/span><\/div><\/div><div class=\"fusion-progressbar\" style=\"--awb-textcolor:#000000;--awb-filledcolor:#b7b7b7;--awb-filledbordercolor:#b7b7b7;--awb-maximum-value-wrapper-width:19%;\"><div class=\"fusion-progressbar-bar progress-bar\"><div class=\"progress progress-bar-content not-animated\" role=\"progressbar\" aria-labelledby=\"awb-progressbar-label-14\" aria-valuemin=\"0\" aria-valuemax=\"100\" aria-valuenow=\"81\" data-filling-speed=\"600\"><span class=\"progress-title awb-on-bar\"><span class=\"fusion-progressbar-text\" id=\"awb-progressbar-label-14\">2018 :<\/span> <span class=\"fusion-progressbar-value\">81%<\/span><\/span><\/div><span class=\"awb-pb-max-value-wrap awb-on-bar\"><span class=\"awb-pb-max-value-text\"><\/span><\/span><\/div><\/div><div class=\"fusion-clearfix\"><\/div><\/div><\/div><div class=\"fusion-layout-column fusion_builder_column fusion-builder-column-5 fusion_builder_column_1_1 1_1 fusion-one-full fusion-column-first fusion-column-last fusion-column-no-min-height\" style=\"--awb-bg-size:cover;--awb-margin-bottom:0px;\"><div class=\"fusion-column-wrapper fusion-flex-column-wrapper-legacy\"><div class=\"fusion-text fusion-text-8\"><p>Qui agit vraiment pour am\u00e9liorer la qualit\u00e9 de vie des individus<\/p>\n<\/div><div class=\"fusion-clearfix\"><\/div><\/div><\/div><div class=\"fusion-layout-column fusion_builder_column fusion-builder-column-6 fusion_builder_column_1_1 1_1 fusion-one-full fusion-column-first fusion-column-last fusion-column-no-min-height\" style=\"--awb-bg-size:cover;--awb-margin-bottom:0px;\"><div class=\"fusion-column-wrapper fusion-flex-column-wrapper-legacy\"><div class=\"fusion-progressbar\" style=\"--awb-textcolor:#000000;--awb-filledcolor:#b7b7b7;--awb-filledbordercolor:#b7b7b7;--awb-maximum-value-wrapper-width:11%;\"><div class=\"fusion-progressbar-bar progress-bar\"><div class=\"progress progress-bar-content not-animated\" role=\"progressbar\" aria-labelledby=\"awb-progressbar-label-15\" aria-valuemin=\"0\" aria-valuemax=\"100\" aria-valuenow=\"89\" data-filling-speed=\"600\"><span class=\"progress-title awb-on-bar\"><span class=\"fusion-progressbar-text\" id=\"awb-progressbar-label-15\">Conjoint :<\/span> <span class=\"fusion-progressbar-value\">89%<\/span><\/span><\/div><span class=\"awb-pb-max-value-wrap awb-on-bar\"><span class=\"awb-pb-max-value-text\"><\/span><\/span><\/div><\/div><div class=\"fusion-clearfix\"><\/div><\/div><\/div><div class=\"fusion-layout-column fusion_builder_column fusion-builder-column-7 fusion_builder_column_1_1 1_1 fusion-one-full fusion-column-first fusion-column-last fusion-column-no-min-height\" style=\"--awb-bg-size:cover;--awb-margin-bottom:0px;\"><div class=\"fusion-column-wrapper fusion-flex-column-wrapper-legacy\"><div class=\"fusion-progressbar\" style=\"--awb-textcolor:#000000;--awb-filledcolor:#b7b7b7;--awb-filledbordercolor:#b7b7b7;--awb-maximum-value-wrapper-width:12%;\"><div class=\"fusion-progressbar-bar progress-bar\"><div class=\"progress progress-bar-content not-animated\" role=\"progressbar\" aria-labelledby=\"awb-progressbar-label-16\" aria-valuemin=\"0\" aria-valuemax=\"100\" aria-valuenow=\"88\" data-filling-speed=\"600\"><span class=\"progress-title awb-on-bar\"><span class=\"fusion-progressbar-text\" id=\"awb-progressbar-label-16\">Famille :<\/span> <span class=\"fusion-progressbar-value\">88%<\/span><\/span><\/div><span class=\"awb-pb-max-value-wrap awb-on-bar\"><span class=\"awb-pb-max-value-text\"><\/span><\/span><\/div><\/div><div class=\"fusion-clearfix\"><\/div><\/div><\/div><div class=\"fusion-layout-column fusion_builder_column fusion-builder-column-8 fusion_builder_column_1_1 1_1 fusion-one-full fusion-column-first fusion-column-last fusion-column-no-min-height\" style=\"--awb-bg-size:cover;--awb-margin-bottom:0px;\"><div class=\"fusion-column-wrapper fusion-flex-column-wrapper-legacy\"><div class=\"fusion-progressbar\" style=\"--awb-textcolor:#000000;--awb-filledcolor:#b7b7b7;--awb-filledbordercolor:#b7b7b7;--awb-maximum-value-wrapper-width:17%;\"><div class=\"fusion-progressbar-bar progress-bar\"><div class=\"progress progress-bar-content not-animated\" role=\"progressbar\" aria-labelledby=\"awb-progressbar-label-17\" aria-valuemin=\"0\" aria-valuemax=\"100\" aria-valuenow=\"83\" data-filling-speed=\"600\"><span class=\"progress-title awb-on-bar\"><span class=\"fusion-progressbar-text\" id=\"awb-progressbar-label-17\">Amis :<\/span> <span class=\"fusion-progressbar-value\">83%<\/span><\/span><\/div><span class=\"awb-pb-max-value-wrap awb-on-bar\"><span class=\"awb-pb-max-value-text\"><\/span><\/span><\/div><\/div><div class=\"fusion-clearfix\"><\/div><\/div><\/div><div class=\"fusion-layout-column fusion_builder_column fusion-builder-column-9 fusion_builder_column_1_1 1_1 fusion-one-full fusion-column-first fusion-column-last fusion-column-no-min-height\" style=\"--awb-bg-size:cover;--awb-margin-bottom:0px;\"><div class=\"fusion-column-wrapper fusion-flex-column-wrapper-legacy\"><div class=\"fusion-progressbar\" style=\"--awb-textcolor:#000000;--awb-filledcolor:#b7b7b7;--awb-filledbordercolor:#b7b7b7;--awb-maximum-value-wrapper-width:54%;\"><div class=\"fusion-progressbar-bar progress-bar\"><div class=\"progress progress-bar-content not-animated\" role=\"progressbar\" aria-labelledby=\"awb-progressbar-label-18\" aria-valuemin=\"0\" aria-valuemax=\"100\" aria-valuenow=\"46\" data-filling-speed=\"600\"><span class=\"progress-title awb-on-bar\"><span class=\"fusion-progressbar-text\" id=\"awb-progressbar-label-18\">Associations de la soci\u00e9t\u00e9 civile :<\/span> <span class=\"fusion-progressbar-value\">46%<\/span><\/span><\/div><span class=\"awb-pb-max-value-wrap awb-on-bar\"><span class=\"awb-pb-max-value-text\"><\/span><\/span><\/div><\/div><div class=\"fusion-clearfix\"><\/div><\/div><\/div><div class=\"fusion-layout-column fusion_builder_column fusion-builder-column-10 fusion_builder_column_1_1 1_1 fusion-one-full fusion-column-first fusion-column-last fusion-column-no-min-height\" style=\"--awb-bg-size:cover;--awb-margin-bottom:0px;\"><div class=\"fusion-column-wrapper fusion-flex-column-wrapper-legacy\"><div class=\"fusion-progressbar\" style=\"--awb-textcolor:#000000;--awb-filledcolor:#b7b7b7;--awb-filledbordercolor:#b7b7b7;--awb-maximum-value-wrapper-width:88%;\"><div class=\"fusion-progressbar-bar progress-bar\"><div class=\"progress progress-bar-content not-animated\" role=\"progressbar\" aria-labelledby=\"awb-progressbar-label-19\" aria-valuemin=\"0\" aria-valuemax=\"100\" aria-valuenow=\"12\" data-filling-speed=\"600\"><span class=\"progress-title awb-on-bar\"><span class=\"fusion-progressbar-text\" id=\"awb-progressbar-label-19\">Gouvernants politiques :<\/span> <span class=\"fusion-progressbar-value\">12%<\/span><\/span><\/div><span class=\"awb-pb-max-value-wrap awb-on-bar\"><span class=\"awb-pb-max-value-text\"><\/span><\/span><\/div><\/div><div class=\"fusion-clearfix\"><\/div><\/div><\/div><\/div><\/div>\n","protected":false},"excerpt":{"rendered":"","protected":false},"author":7,"featured_media":0,"parent":0,"menu_order":0,"comment_status":"closed","ping_status":"closed","template":"","meta":{"footnotes":""},"class_list":["post-1572","page","type-page","status-publish","hentry"],"_links":{"self":[{"href":"https:\/\/www.institut-solidaris.be\/index.php\/wp-json\/wp\/v2\/pages\/1572","targetHints":{"allow":["GET"]}}],"collection":[{"href":"https:\/\/www.institut-solidaris.be\/index.php\/wp-json\/wp\/v2\/pages"}],"about":[{"href":"https:\/\/www.institut-solidaris.be\/index.php\/wp-json\/wp\/v2\/types\/page"}],"author":[{"embeddable":true,"href":"https:\/\/www.institut-solidaris.be\/index.php\/wp-json\/wp\/v2\/users\/7"}],"replies":[{"embeddable":true,"href":"https:\/\/www.institut-solidaris.be\/index.php\/wp-json\/wp\/v2\/comments?post=1572"}],"version-history":[{"count":14,"href":"https:\/\/www.institut-solidaris.be\/index.php\/wp-json\/wp\/v2\/pages\/1572\/revisions"}],"predecessor-version":[{"id":1886,"href":"https:\/\/www.institut-solidaris.be\/index.php\/wp-json\/wp\/v2\/pages\/1572\/revisions\/1886"}],"wp:attachment":[{"href":"https:\/\/www.institut-solidaris.be\/index.php\/wp-json\/wp\/v2\/media?parent=1572"}],"curies":[{"name":"wp","href":"https:\/\/api.w.org\/{rel}","templated":true}]}}