{"id":1570,"date":"2019-02-20T11:53:22","date_gmt":"2019-02-20T10:53:22","guid":{"rendered":"https:\/\/www.institut-solidaris.be\/?page_id=1570"},"modified":"2019-12-16T11:04:25","modified_gmt":"2019-12-16T10:04:25","slug":"belgique2019-2","status":"publish","type":"page","link":"https:\/\/www.institut-solidaris.be\/index.php\/belgique2019-2\/","title":{"rendered":"Belgique 2019"},"content":{"rendered":"<div class=\"fusion-fullwidth fullwidth-box fusion-builder-row-1 nonhundred-percent-fullwidth non-hundred-percent-height-scrolling\" style=\"--awb-background-position:left top;--awb-border-radius-top-left:0px;--awb-border-radius-top-right:0px;--awb-border-radius-bottom-right:0px;--awb-border-radius-bottom-left:0px;--awb-padding-top:20px;--awb-padding-bottom:20px;--awb-border-sizes-top:0px;--awb-border-sizes-bottom:0px;--awb-flex-wrap:wrap;\" ><div class=\"fusion-builder-row fusion-row\"><div class=\"fusion-layout-column fusion_builder_column fusion-builder-column-0 fusion_builder_column_1_2 1_2 fusion-one-half fusion-column-first\" style=\"--awb-bg-size:cover;width:48%; margin-right: 4%;\"><div class=\"fusion-column-wrapper fusion-flex-column-wrapper-legacy\"><div class=\"fusion-slider-sc fusion-flexslider-loading flexslider flexslider-hover-type-none\" data-slideshow_autoplay=\"1\" data-slideshow_smooth_height=\"0\" data-slideshow_speed=\"7000\" style=\"max-width:100%;height:100%;\"><ul class=\"slides\"><li class=\"image\"><span class=\"fusion-image-hover-element hover-type-none\"><img decoding=\"async\" src=\"https:\/\/www.institut-solidaris.be\/wp-content\/uploads\/2017\/02\/photo16.jpg\" width=\"3000\" height=\"2000\" \/><\/span><\/li><\/ul><\/div><div class=\"fusion-clearfix\"><\/div><\/div><\/div><div class=\"fusion-layout-column fusion_builder_column fusion-builder-column-1 fusion_builder_column_1_2 1_2 fusion-one-half fusion-column-last\" style=\"--awb-bg-size:cover;width:48%;\"><div class=\"fusion-column-wrapper fusion-flex-column-wrapper-legacy\"><div class=\"fusion-text fusion-text-1\"><h2><strong>Le bien-\u00eatre des Belges en recul constant depuis 4 ans\u00a0! <\/strong><\/h2>\n<p><strong>Comment les Belges francophones se sentent-ils aujourd\u2019hui\u00a0? Quel est leur \u00e9tat d\u2019esprit\u00a0? Comment sont leurs conditions de vie\u00a0? Quel est leur rapport \u00e0 la soci\u00e9t\u00e9\u00a0? \u00c0 la citoyennet\u00e9\u00a0? Quel est leur \u00e9tat de sant\u00e9 physique et psychique\u00a0? Comment per\u00e7oivent-ils l\u2019avenir\u00a0?<\/strong><\/p>\n<p>Pour sa quatri\u00e8me \u00e9dition annuelle, Solidaris a pris le pouls de la soci\u00e9t\u00e9 belge francophone afin de mesurer de mani\u00e8re globale son \u00e9tat de bien-\u00eatre et de confiance.<\/p>\n<p>Ce sont plus de 1.000 personnes qui ont particip\u00e9 \u00e0 cette enqu\u00eate, via t\u00e9l\u00e9phone ou par Internet au cours du mois de septembre\u00a02018. Ils ont r\u00e9pondu \u00e0 un questionnaire de pr\u00e8s de 200 items sur leurs perceptions, leur vision, leurs espoirs, leurs crainte&#8230;<\/p>\n<ul>\n<li><strong>1er enseignement<\/strong>\u00a0: l\u2019indice global de bien-\u00eatre est en recul constant sur quatre ans. Certes, l\u2019indice global 2018\/2019 reste relativement stable sur un an en Belgique mais sur les quatre ann\u00e9es la baisse est continue, soit une diminution de \u2013 2,3 pts .<\/li>\n<li><strong>2\u00e8me enseignement<\/strong>\u00a0: l\u2019indice \u00ab\u00a0conditions objectives de vie\u00a0\u00bb des Belges est en forte chute sur 4 ans avec une baisse significative entre 2017 et 2018. Dans cet indice, on interroge les citoyens sur des th\u00e9matiques de leur quotidien. Et cela s\u2019aggrave !<\/li>\n<li><strong>3\u00e8me enseignement<\/strong>\u00a0<strong>:<\/strong>\u00a0les Belges tiennent le coup gr\u00e2ce \u00e0 leur sph\u00e8re de proximit\u00e9. L\u2019indice \u00ab\u00a0qualit\u00e9 du relationnel\u00a0\u00bb est le seul qui progresse sur 4 ans. Et c\u2019est aussi l\u2019indice le plus haut toutes dimensions confondues. Marches pour le climat ou gilets jaunes, les gens se rapprochent et se mettent en capacit\u00e9 de \u00ab\u00a0faire ensemble\u00a0\u00bb.<\/li>\n<li><strong>4\u00e8me enseignement<\/strong>\u00a0: ce barom\u00e8tre met \u00e0 nouveau en lumi\u00e8re des in\u00e9galit\u00e9s bien pr\u00e9sentes et qui s\u2019aggravent dramatiquement.<\/li>\n<\/ul>\n<p>Pour Solidaris, les in\u00e9galit\u00e9s sont une profonde atteinte au bien-\u00eatre des gens. Pour ceux qui les vivent mais aussi pour ceux qui les craignent. Symptomatiques d\u2019une soci\u00e9t\u00e9 qui va mal, les \u00e9carts entre les hommes et les femmes semblent toujours plus grands d\u2019ann\u00e9e en ann\u00e9e.<\/p>\n<p>&nbsp;<\/p>\n<p style=\"text-align: justify;\"><span style=\"color: #333333;\"><strong>\u00a0<a href=\"https:\/\/www.institut-solidaris.be\/wp-content\/uploads\/2017\/02\/BaroBELV1.pdf\" target=\"_blank\" rel=\"noopener noreferrer\"><img decoding=\"async\" class=\"alignnone wp-image-112 size-full\" src=\"https:\/\/www.institut-solidaris.be\/wp-content\/uploads\/2015\/12\/icone-pdf.gif\" alt=\"Consulter notre enqu\u00eate\" width=\"32\" height=\"32\" \/><\/a><a href=\"https:\/\/www.institut-solidaris.be\/wp-content\/uploads\/2019\/02\/pr\u00e9sentation-Belgique.pdf\" target=\"_blank\" rel=\"noopener noreferrer\">Consulter l&rsquo;int\u00e9gralit\u00e9 de l&rsquo;enqu\u00eate<\/a><\/strong><\/span><\/p>\n<p><span style=\"color: #333333;\"><strong><a href=\"https:\/\/www.institut-solidaris.be\/wp-content\/uploads\/2017\/02\/BaroBELV1.pdf\" target=\"_blank\" rel=\"noopener noreferrer\"><img decoding=\"async\" class=\"alignnone wp-image-112 size-full\" src=\"https:\/\/www.institut-solidaris.be\/wp-content\/uploads\/2015\/12\/icone-pdf.gif\" alt=\"Consulter notre enqu\u00eate\" width=\"32\" height=\"32\" \/><\/a><a href=\"https:\/\/www.institut-solidaris.be\/wp-content\/uploads\/2019\/02\/CP_Barom\u00e8tre-Confiance-Bien-\u00eatre-2019_VF.pdf\" target=\"_blank\" rel=\"noopener noreferrer\">Consulter le communiqu\u00e9 de presse<\/a><\/strong><\/span><\/p>\n<\/div><div class=\"fusion-clearfix\"><\/div><\/div><\/div><div class=\"fusion-layout-column fusion_builder_column fusion-builder-column-2 fusion_builder_column_1_1 1_1 fusion-one-full fusion-column-first fusion-column-last fusion-column-no-min-height\" style=\"--awb-bg-size:cover;--awb-margin-bottom:0px;\"><div class=\"fusion-column-wrapper fusion-flex-column-wrapper-legacy\"><div class=\"fusion-title title fusion-title-1 fusion-title-text fusion-title-size-one\" style=\"--awb-margin-top-small:0px;--awb-margin-right-small:0px;--awb-margin-bottom-small:20px;--awb-margin-left-small:0px;\"><h1 class=\"fusion-title-heading title-heading-left\" style=\"margin:0;\"><h1 style=\"text-align: center;\"><strong>En chiffres<\/strong><\/h1><\/h1><span class=\"awb-title-spacer\"><\/span><div class=\"title-sep-container\"><div class=\"title-sep sep-double sep-solid\" style=\"border-color:#e0dede;\"><\/div><\/div><\/div><div class=\"fusion-clearfix\"><\/div><\/div><\/div><div class=\"fusion-layout-column fusion_builder_column fusion-builder-column-3 fusion_builder_column_1_2 1_2 fusion-one-half fusion-column-first\" style=\"--awb-bg-size:cover;width:48%; margin-right: 4%;\"><div class=\"fusion-column-wrapper fusion-flex-column-wrapper-legacy\"><div class=\"fusion-title title fusion-title-2 fusion-title-text fusion-title-size-one\" style=\"--awb-margin-top-small:0px;--awb-margin-right-small:0px;--awb-margin-bottom-small:20px;--awb-margin-left-small:0px;\"><h1 class=\"fusion-title-heading title-heading-left\" style=\"margin:0;\"><h2><strong>Les \u00e9carts<\/strong><\/h2><\/h1><span class=\"awb-title-spacer\"><\/span><div class=\"title-sep-container\"><div class=\"title-sep sep-double sep-solid\" style=\"border-color:#e0dede;\"><\/div><\/div><\/div><div class=\"fusion-text fusion-text-2\"><h4><strong>Evolution de l&rsquo;indice moyen entre 2015 et 2018 : &#8211; 2,3 points<\/strong><\/h4>\n<\/div><div class=\"fusion-progressbar\" style=\"--awb-textcolor:#000000;--awb-filledcolor:#b7b7b7;--awb-filledbordercolor:#b7b7b7;--awb-maximum-value-wrapper-width:44%;\"><div class=\"fusion-progressbar-bar progress-bar\"><div class=\"progress progress-bar-content not-animated\" role=\"progressbar\" aria-labelledby=\"awb-progressbar-label-1\" aria-valuemin=\"0\" aria-valuemax=\"100\" aria-valuenow=\"56\" data-filling-speed=\"600\"><span class=\"progress-title awb-on-bar\"><span class=\"fusion-progressbar-text\" id=\"awb-progressbar-label-1\">Indice moyen en 2015 :<\/span> <span class=\"fusion-progressbar-value\">56%<\/span><\/span><\/div><span class=\"awb-pb-max-value-wrap awb-on-bar\"><span class=\"awb-pb-max-value-text\"><\/span><\/span><\/div><\/div><div class=\"fusion-progressbar\" style=\"--awb-textcolor:#000000;--awb-filledcolor:#b7b7b7;--awb-filledbordercolor:#b7b7b7;--awb-maximum-value-wrapper-width:46%;\"><div class=\"fusion-progressbar-bar progress-bar\"><div class=\"progress progress-bar-content not-animated\" role=\"progressbar\" aria-labelledby=\"awb-progressbar-label-2\" aria-valuemin=\"0\" aria-valuemax=\"100\" aria-valuenow=\"54\" data-filling-speed=\"600\"><span class=\"progress-title awb-on-bar\"><span class=\"fusion-progressbar-text\" id=\"awb-progressbar-label-2\">Indice moyen en 2018 :<\/span> <span class=\"fusion-progressbar-value\">54%<\/span><\/span><\/div><span class=\"awb-pb-max-value-wrap awb-on-bar\"><span class=\"awb-pb-max-value-text\"><\/span><\/span><\/div><\/div><div class=\"fusion-text fusion-text-3\"><h4><strong>Indice moyen femmes VS hommes : 6 points d&rsquo;\u00e9cart<\/strong><\/h4>\n<\/div><div class=\"fusion-progressbar\" style=\"--awb-textcolor:#000000;--awb-filledcolor:#b7b7b7;--awb-filledbordercolor:#b7b7b7;--awb-maximum-value-wrapper-width:49%;\"><div class=\"fusion-progressbar-bar progress-bar\"><div class=\"progress progress-bar-content not-animated\" role=\"progressbar\" aria-labelledby=\"awb-progressbar-label-3\" aria-valuemin=\"0\" aria-valuemax=\"100\" aria-valuenow=\"51\" data-filling-speed=\"600\"><span class=\"progress-title awb-on-bar\"><span class=\"fusion-progressbar-text\" id=\"awb-progressbar-label-3\">indice femmes : <\/span> <span class=\"fusion-progressbar-value\">51%<\/span><\/span><\/div><span class=\"awb-pb-max-value-wrap awb-on-bar\"><span class=\"awb-pb-max-value-text\"><\/span><\/span><\/div><\/div><div class=\"fusion-progressbar\" style=\"--awb-textcolor:#000000;--awb-filledcolor:#b7b7b7;--awb-filledbordercolor:#b7b7b7;--awb-maximum-value-wrapper-width:43%;\"><div class=\"fusion-progressbar-bar progress-bar\"><div class=\"progress progress-bar-content not-animated\" role=\"progressbar\" aria-labelledby=\"awb-progressbar-label-4\" aria-valuemin=\"0\" aria-valuemax=\"100\" aria-valuenow=\"57\" data-filling-speed=\"600\"><span class=\"progress-title awb-on-bar\"><span class=\"fusion-progressbar-text\" id=\"awb-progressbar-label-4\">indice hommes :<\/span> <span class=\"fusion-progressbar-value\">57%<\/span><\/span><\/div><span class=\"awb-pb-max-value-wrap awb-on-bar\"><span class=\"awb-pb-max-value-text\"><\/span><\/span><\/div><\/div><div class=\"fusion-text fusion-text-4\"><h4><strong>Indice moyen 25% qui vont le mieux VS 25% qui vont le moins bien : 58,2 points d&rsquo;\u00e9cart<\/strong><\/h4>\n<\/div><div class=\"fusion-progressbar\" style=\"--awb-textcolor:#000000;--awb-filledcolor:#b7b7b7;--awb-unfilledcolor:#ffffff;--awb-filledbordercolor:#b7b7b7;--awb-maximum-value-wrapper-width:18%;\"><div class=\"fusion-progressbar-bar progress-bar\"><div class=\"progress progress-bar-content not-animated\" role=\"progressbar\" aria-labelledby=\"awb-progressbar-label-5\" aria-valuemin=\"0\" aria-valuemax=\"100\" aria-valuenow=\"82\" data-filling-speed=\"600\"><span class=\"progress-title awb-on-bar\"><span class=\"fusion-progressbar-text\" id=\"awb-progressbar-label-5\">indice des 25% qui vont le mieux :<\/span> <span class=\"fusion-progressbar-value\">82%<\/span><\/span><\/div><span class=\"awb-pb-max-value-wrap awb-on-bar\"><span class=\"awb-pb-max-value-text\"><\/span><\/span><\/div><\/div><div class=\"fusion-progressbar\" style=\"--awb-textcolor:#000000;--awb-filledcolor:#b7b7b7;--awb-unfilledcolor:#ffffff;--awb-filledbordercolor:#b7b7b7;--awb-maximum-value-wrapper-width:77%;\"><div class=\"fusion-progressbar-bar progress-bar\"><div class=\"progress progress-bar-content not-animated\" role=\"progressbar\" aria-labelledby=\"awb-progressbar-label-6\" aria-valuemin=\"0\" aria-valuemax=\"100\" aria-valuenow=\"23\" data-filling-speed=\"600\"><span class=\"progress-title awb-on-bar\"><span class=\"fusion-progressbar-text\" id=\"awb-progressbar-label-6\">Indice des 25% qui vont le moins bien :<\/span> <span class=\"fusion-progressbar-value\">23%<\/span><\/span><\/div><span class=\"awb-pb-max-value-wrap awb-on-bar\"><span class=\"awb-pb-max-value-text\"><\/span><\/span><\/div><\/div><div class=\"fusion-clearfix\"><\/div><\/div><\/div><div class=\"fusion-layout-column fusion_builder_column fusion-builder-column-4 fusion_builder_column_1_2 1_2 fusion-one-half fusion-column-last\" style=\"--awb-bg-size:cover;width:48%;\"><div class=\"fusion-column-wrapper fusion-flex-column-wrapper-legacy\"><div class=\"fusion-title title fusion-title-3 fusion-title-text fusion-title-size-one\" style=\"--awb-margin-top-small:0px;--awb-margin-right-small:0px;--awb-margin-bottom-small:20px;--awb-margin-left-small:0px;\"><h1 class=\"fusion-title-heading title-heading-left\" style=\"margin:0;\"><h2><strong>Confiance<\/strong><\/h2><\/h1><span class=\"awb-title-spacer\"><\/span><div class=\"title-sep-container\"><div class=\"title-sep sep-double sep-solid\" style=\"border-color:#e0dede;\"><\/div><\/div><\/div><div class=\"fusion-text fusion-text-5\"><h4><strong>Qui tente d\u2019agir pour am\u00e9liorer la qualit\u00e9 de vie des individus ?<\/strong><\/h4>\n<\/div><div class=\"fusion-progressbar\" style=\"--awb-textcolor:#000000;--awb-filledcolor:#b7b7b7;--awb-unfilledcolor:#ffffff;--awb-filledbordercolor:#b7b7b7;--awb-maximum-value-wrapper-width:14%;\"><div class=\"fusion-progressbar-bar progress-bar\"><div class=\"progress progress-bar-content not-animated\" role=\"progressbar\" aria-labelledby=\"awb-progressbar-label-7\" aria-valuemin=\"0\" aria-valuemax=\"100\" aria-valuenow=\"86\" data-filling-speed=\"600\"><span class=\"progress-title awb-on-bar\"><span class=\"fusion-progressbar-text\" id=\"awb-progressbar-label-7\">Conjoint :<\/span> <span class=\"fusion-progressbar-value\">86%<\/span><\/span><\/div><span class=\"awb-pb-max-value-wrap awb-on-bar\"><span class=\"awb-pb-max-value-text\"><\/span><\/span><\/div><\/div><div class=\"fusion-progressbar\" style=\"--awb-textcolor:#000000;--awb-filledcolor:#b7b7b7;--awb-unfilledcolor:#ffffff;--awb-filledbordercolor:#b7b7b7;--awb-maximum-value-wrapper-width:19%;\"><div class=\"fusion-progressbar-bar progress-bar\"><div class=\"progress progress-bar-content not-animated\" role=\"progressbar\" aria-labelledby=\"awb-progressbar-label-8\" aria-valuemin=\"0\" aria-valuemax=\"100\" aria-valuenow=\"81\" data-filling-speed=\"600\"><span class=\"progress-title awb-on-bar\"><span class=\"fusion-progressbar-text\" id=\"awb-progressbar-label-8\">Famille :<\/span> <span class=\"fusion-progressbar-value\">81%<\/span><\/span><\/div><span class=\"awb-pb-max-value-wrap awb-on-bar\"><span class=\"awb-pb-max-value-text\"><\/span><\/span><\/div><\/div><div class=\"fusion-progressbar\" style=\"--awb-textcolor:#000000;--awb-filledcolor:#b7b7b7;--awb-unfilledcolor:#ffffff;--awb-filledbordercolor:#b7b7b7;--awb-maximum-value-wrapper-width:20%;\"><div class=\"fusion-progressbar-bar progress-bar\"><div class=\"progress progress-bar-content not-animated\" role=\"progressbar\" aria-labelledby=\"awb-progressbar-label-9\" aria-valuemin=\"0\" aria-valuemax=\"100\" aria-valuenow=\"80\" data-filling-speed=\"600\"><span class=\"progress-title awb-on-bar\"><span class=\"fusion-progressbar-text\" id=\"awb-progressbar-label-9\">M\u00e9decin g\u00e9n\u00e9raliste :<\/span> <span class=\"fusion-progressbar-value\">80%<\/span><\/span><\/div><span class=\"awb-pb-max-value-wrap awb-on-bar\"><span class=\"awb-pb-max-value-text\"><\/span><\/span><\/div><\/div><div class=\"fusion-progressbar\" style=\"--awb-textcolor:#000000;--awb-filledcolor:#b7b7b7;--awb-unfilledcolor:#ffffff;--awb-filledbordercolor:#b7b7b7;--awb-maximum-value-wrapper-width:24%;\"><div class=\"fusion-progressbar-bar progress-bar\"><div class=\"progress progress-bar-content not-animated\" role=\"progressbar\" aria-labelledby=\"awb-progressbar-label-10\" aria-valuemin=\"0\" aria-valuemax=\"100\" aria-valuenow=\"76\" data-filling-speed=\"600\"><span class=\"progress-title awb-on-bar\"><span class=\"fusion-progressbar-text\" id=\"awb-progressbar-label-10\">Amis :<\/span> <span class=\"fusion-progressbar-value\">76%<\/span><\/span><\/div><span class=\"awb-pb-max-value-wrap awb-on-bar\"><span class=\"awb-pb-max-value-text\"><\/span><\/span><\/div><\/div><div class=\"fusion-progressbar\" style=\"--awb-textcolor:#000000;--awb-filledcolor:#b7b7b7;--awb-unfilledcolor:#ffffff;--awb-filledbordercolor:#b7b7b7;--awb-maximum-value-wrapper-width:89%;\"><div class=\"fusion-progressbar-bar progress-bar\"><div class=\"progress progress-bar-content not-animated\" role=\"progressbar\" aria-labelledby=\"awb-progressbar-label-11\" aria-valuemin=\"0\" aria-valuemax=\"100\" aria-valuenow=\"11\" data-filling-speed=\"600\"><span class=\"progress-title awb-on-bar\"><span class=\"fusion-progressbar-text\" id=\"awb-progressbar-label-11\">Gouvernants politiques :<\/span> <span class=\"fusion-progressbar-value\">11%<\/span><\/span><\/div><span class=\"awb-pb-max-value-wrap awb-on-bar\"><span class=\"awb-pb-max-value-text\"><\/span><\/span><\/div><\/div><div class=\"fusion-progressbar\" style=\"--awb-textcolor:#000000;--awb-filledcolor:#b7b7b7;--awb-unfilledcolor:#ffffff;--awb-filledbordercolor:#b7b7b7;--awb-maximum-value-wrapper-width:91%;\"><div class=\"fusion-progressbar-bar progress-bar\"><div class=\"progress progress-bar-content not-animated\" role=\"progressbar\" aria-labelledby=\"awb-progressbar-label-12\" aria-valuemin=\"0\" aria-valuemax=\"100\" aria-valuenow=\"9\" data-filling-speed=\"600\"><span class=\"progress-title awb-on-bar\"><span class=\"fusion-progressbar-text\" id=\"awb-progressbar-label-12\">Partis politiques :<\/span> <span class=\"fusion-progressbar-value\">9%<\/span><\/span><\/div><span class=\"awb-pb-max-value-wrap awb-on-bar\"><span class=\"awb-pb-max-value-text\"><\/span><\/span><\/div><\/div><div class=\"fusion-clearfix\"><\/div><\/div><\/div><\/div><\/div>\n","protected":false},"excerpt":{"rendered":"","protected":false},"author":7,"featured_media":0,"parent":0,"menu_order":0,"comment_status":"closed","ping_status":"closed","template":"","meta":{"footnotes":""},"class_list":["post-1570","page","type-page","status-publish","hentry"],"_links":{"self":[{"href":"https:\/\/www.institut-solidaris.be\/index.php\/wp-json\/wp\/v2\/pages\/1570","targetHints":{"allow":["GET"]}}],"collection":[{"href":"https:\/\/www.institut-solidaris.be\/index.php\/wp-json\/wp\/v2\/pages"}],"about":[{"href":"https:\/\/www.institut-solidaris.be\/index.php\/wp-json\/wp\/v2\/types\/page"}],"author":[{"embeddable":true,"href":"https:\/\/www.institut-solidaris.be\/index.php\/wp-json\/wp\/v2\/users\/7"}],"replies":[{"embeddable":true,"href":"https:\/\/www.institut-solidaris.be\/index.php\/wp-json\/wp\/v2\/comments?post=1570"}],"version-history":[{"count":10,"href":"https:\/\/www.institut-solidaris.be\/index.php\/wp-json\/wp\/v2\/pages\/1570\/revisions"}],"predecessor-version":[{"id":1885,"href":"https:\/\/www.institut-solidaris.be\/index.php\/wp-json\/wp\/v2\/pages\/1570\/revisions\/1885"}],"wp:attachment":[{"href":"https:\/\/www.institut-solidaris.be\/index.php\/wp-json\/wp\/v2\/media?parent=1570"}],"curies":[{"name":"wp","href":"https:\/\/api.w.org\/{rel}","templated":true}]}}