{"id":148,"date":"2015-12-04T10:38:47","date_gmt":"2015-12-04T09:38:47","guid":{"rendered":"https:\/\/www.institut-solidaris.be\/?page_id=148"},"modified":"2024-10-24T09:24:22","modified_gmt":"2024-10-24T08:24:22","slug":"respect-de-la-vie-privee","status":"publish","type":"page","link":"https:\/\/www.institut-solidaris.be\/index.php\/respect-de-la-vie-privee\/","title":{"rendered":"Respect de la vie priv\u00e9e"},"content":{"rendered":"<p><strong>Vos donn\u00e9es personnelles<\/strong><\/p>\n<p>Les donn\u00e9es \u00e0 caract\u00e8re personnel que vous nous communiquez via ce site, dans le cadre d&rsquo;une demande d&rsquo;information, d&rsquo;une inscription ou d&rsquo;une commande de publication, peuvent \u00eatre stock\u00e9es dans les fichiers de l&rsquo;Union nationale des mutualit\u00e9s socialistes, de ses mutualit\u00e9s r\u00e9gionales, et\/ou de leurs asbl affili\u00e9es.<\/p>\n<p>Ces donn\u00e9es sont utilis\u00e9es principalement pour r\u00e9pondre \u00e0 votre demande, pour l&rsquo;ex\u00e9cution de l&rsquo;assurance obligatoire soins de sant\u00e9 et indemnit\u00e9s (loi coordonn\u00e9e du 14 juillet 1994), pour l&rsquo;ex\u00e9cution des assurances compl\u00e9mentaire et facultative (loi du 6 ao\u00fbt 1990 relative aux mutualit\u00e9s) ainsi que pour vous informer sur les activit\u00e9s et publications des mutualit\u00e9s socialistes et leurs asbl partenaires, ou encore pour r\u00e9aliser des analyses statistiques internes. Vos donn\u00e9es personnelles ne sont ni transmises ni vendues \u00e0 des tiers, sauf si requis par la loi ou si vous en avez donn\u00e9 explicitement le consentement.<\/p>\n<p>Si vous nous communiquez votre num\u00e9ro de t\u00e9l\u00e9phone via le web, vous pourriez recevoir un appel de notre part dans le cadre d&rsquo;enqu\u00eates de satisfaction ou d\u2019informations relatives \u00e0 nos produits, services ou \u00e9v\u00e9nements \u00e0 venir. Ces d\u00e9marches restent exceptionnelles.<\/p>\n<p>Conform\u00e9ment au R\u00e8glement g\u00e9n\u00e9ral sur la protection des donn\u00e9es (RGPD) du 27 avril 2016 et \u00e0 la loi du 30 juillet 2018 relative \u00e0 la protection des personnes physiques \u00e0 l\u2019\u00e9gard du traitement des donn\u00e9es \u00e0 caract\u00e8re personnel, vous disposez de droits d&rsquo;acc\u00e8s, de rectification, d&rsquo;effacement, de limitation du traitement et d&rsquo;opposition au traitement de vos donn\u00e9es. Pour exercer vos droits, veuillez contacter notre D\u00e9l\u00e9gu\u00e9 \u00e0 la protection des donn\u00e9es (DPO) \u00e0 l&rsquo;adresse : <a href=\"mailto:dpo@solidaris.be\">dpo@solidaris.be<\/a>.<\/p>\n<p>Pour plus d&rsquo;informations sur la mani\u00e8re dont nous traitons vos donn\u00e9es personnelles, nous vous invitons \u00e0 consulter notre <a href=\"https:\/\/solidaris-wallonie.be\/page-legale\/mut-politique-de-vie-privee\" target=\"_blank\" rel=\"noopener\">d\u00e9claration de confidentialit\u00e9 compl\u00e8te<\/a>.<\/p>\n<p><strong>Outil statistique<\/strong><\/p>\n<p>Nous utilisons des outils statistiques pour analyser les visites sur notre site. Ces outils recueillent des informations agr\u00e9g\u00e9es et anonymes, telles que le nombre de visiteurs, de visites, et de pages consult\u00e9es. Aucune donn\u00e9e permettant de vous identifier personnellement n&rsquo;est collect\u00e9e dans ce cadre.<\/p>\n<p><strong>Informations<\/strong><\/p>\n<p>L&rsquo;\u00e9diteur responsable veille \u00e0 la fiabilit\u00e9 des informations publi\u00e9es sur ce site, qui ont un caract\u00e8re informatif et non contractuel. Seuls les r\u00e8glements et statuts de Solidaris \u2013 Mutualit\u00e9 Socialiste font foi. Pour toute demande d\u2019information compl\u00e9mentaire, n\u2019h\u00e9sitez pas \u00e0 nous contacter.<\/p>\n","protected":false},"excerpt":{"rendered":"<p>Vos donn\u00e9es personnelles Les donn\u00e9es \u00e0 caract\u00e8re personnel que vous nous communiquez via ce site, dans le cadre d&rsquo;une demande d&rsquo;information, d&rsquo;une inscription ou d&rsquo;une commande de publication, peuvent \u00eatre stock\u00e9es dans les fichiers de l&rsquo;Union nationale des mutualit\u00e9s socialistes, de ses mutualit\u00e9s r\u00e9gionales, et\/ou de leurs asbl affili\u00e9es. Ces donn\u00e9es sont utilis\u00e9es principalement pour  [&#8230;]<\/p>\n","protected":false},"author":1,"featured_media":0,"parent":0,"menu_order":0,"comment_status":"closed","ping_status":"closed","template":"","meta":{"footnotes":""},"class_list":["post-148","page","type-page","status-publish","hentry"],"_links":{"self":[{"href":"https:\/\/www.institut-solidaris.be\/index.php\/wp-json\/wp\/v2\/pages\/148","targetHints":{"allow":["GET"]}}],"collection":[{"href":"https:\/\/www.institut-solidaris.be\/index.php\/wp-json\/wp\/v2\/pages"}],"about":[{"href":"https:\/\/www.institut-solidaris.be\/index.php\/wp-json\/wp\/v2\/types\/page"}],"author":[{"embeddable":true,"href":"https:\/\/www.institut-solidaris.be\/index.php\/wp-json\/wp\/v2\/users\/1"}],"replies":[{"embeddable":true,"href":"https:\/\/www.institut-solidaris.be\/index.php\/wp-json\/wp\/v2\/comments?post=148"}],"version-history":[{"count":4,"href":"https:\/\/www.institut-solidaris.be\/index.php\/wp-json\/wp\/v2\/pages\/148\/revisions"}],"predecessor-version":[{"id":3193,"href":"https:\/\/www.institut-solidaris.be\/index.php\/wp-json\/wp\/v2\/pages\/148\/revisions\/3193"}],"wp:attachment":[{"href":"https:\/\/www.institut-solidaris.be\/index.php\/wp-json\/wp\/v2\/media?parent=148"}],"curies":[{"name":"wp","href":"https:\/\/api.w.org\/{rel}","templated":true}]}}