{"id":1439,"date":"2018-02-21T18:00:10","date_gmt":"2018-02-21T17:00:10","guid":{"rendered":"https:\/\/www.institut-solidaris.be\/?page_id=1439"},"modified":"2019-12-16T11:04:26","modified_gmt":"2019-12-16T10:04:26","slug":"belgiquefrance2018","status":"publish","type":"page","link":"https:\/\/www.institut-solidaris.be\/index.php\/belgiquefrance2018\/","title":{"rendered":"Belgique &#038; France 2018"},"content":{"rendered":"<div class=\"fusion-fullwidth fullwidth-box fusion-builder-row-1 nonhundred-percent-fullwidth non-hundred-percent-height-scrolling\" style=\"--awb-background-position:left top;--awb-border-radius-top-left:0px;--awb-border-radius-top-right:0px;--awb-border-radius-bottom-right:0px;--awb-border-radius-bottom-left:0px;--awb-padding-top:20px;--awb-padding-bottom:20px;--awb-border-sizes-top:0px;--awb-border-sizes-bottom:0px;--awb-flex-wrap:wrap;\" ><div class=\"fusion-builder-row fusion-row\"><div class=\"fusion-layout-column fusion_builder_column fusion-builder-column-0 fusion_builder_column_1_2 1_2 fusion-one-half fusion-column-first\" style=\"--awb-bg-size:cover;width:48%; margin-right: 4%;\"><div class=\"fusion-column-wrapper fusion-flex-column-wrapper-legacy\"><div class=\"fusion-slider-sc fusion-flexslider-loading flexslider flexslider-hover-type-none\" data-slideshow_autoplay=\"1\" data-slideshow_smooth_height=\"0\" data-slideshow_speed=\"7000\" style=\"max-width:100%;height:100%;\"><ul class=\"slides\"><li class=\"image\"><span class=\"fusion-image-hover-element hover-type-none\"><img decoding=\"async\" src=\"https:\/\/www.institut-solidaris.be\/wp-content\/uploads\/2017\/02\/baroBelgique-300x175.jpg\" width=\"300\" height=\"175\" \/><\/span><\/li><\/ul><\/div><div class=\"fusion-clearfix\"><\/div><\/div><\/div><div class=\"fusion-layout-column fusion_builder_column fusion-builder-column-1 fusion_builder_column_1_2 1_2 fusion-one-half fusion-column-last\" style=\"--awb-bg-size:cover;width:48%;\"><div class=\"fusion-column-wrapper fusion-flex-column-wrapper-legacy\"><div class=\"fusion-text fusion-text-1\"><h2 style=\"text-align: justify;\"><strong>Regain de confiance pour une France \u00ab\u00a0en marche\u00a0\u00bb face \u00e0 une Belgique morose<\/strong><\/h2>\n<p>Cette ann\u00e9e, l\u2019Institut Solidaris a pu effectuer pour la premi\u00e8re fois un comparatif \u00e9volutif entre la France et la Belgique, s\u2019agissant de la 2<sup>\u00e8me<\/sup> mesure pour la France et de la 3<sup>\u00e8me<\/sup> pour la Belgique.<\/p>\n<p>Les mesures effectu\u00e9es l\u2019ann\u00e9e pass\u00e9e nous avaient d\u00e9j\u00e0 permis de mettre en \u00e9vidence un contexte ind\u00e9niablement proche entre nos deux pays avec des similitudes \u00e0 de nombreux niveaux. Se r\u00e9v\u00e9laient notamment une perte de confiance commune et grandissante envers les institutions et les valeurs-refuges, telles que la famille.<\/p>\n<p>Un an et une \u00e9lection pr\u00e9sidentielle fran\u00e7aise plus tard, il semble que nos deux pays ne prennent pas tout \u00e0 fait la m\u00eame direction. Certes, il reste beaucoup de points de convergence mais globalement, le moral des Fran\u00e7ais est bien plus haut que celui des Belges. Ainsi, l\u2019indice composite s\u2019\u00e9l\u00e8ve \u00e0 60,1 pour la France contre 54,5 pour la Belgique.<\/p>\n<p>La \u00ab\u00a0<em>qualit\u00e9 du relationnel<\/em>\u00a0\u00bb (\u00e9galement en augmentation en Belgique) et \u00ab\u00a0<em>l\u2019estime de soi<\/em>\u00a0\u00bb connaissent une forte progression en France, plong\u00e9e dans un climat g\u00e9n\u00e9ral qui modifie l\u2019image de soi et des autres, forg\u00e9e par le sentiment que l\u2019on est occup\u00e9s \u00e0 refaire la soci\u00e9t\u00e9. On notera d\u2019ailleurs des changements non n\u00e9gligeables dans la perception de la sph\u00e8re politique (d\u00e9mocratie qui fonctionne, confiance \u00e0 l\u2019\u00e9gard des gouvernants, sentiment de protection,\u2026).<\/p>\n<p>M\u00eame l\u2019analyse de certains \u00e9carts au travers des quartiles (le quart qui va le mieux VS le quart qui va le moins bien\u00a0; les hommes VS les femmes) confirme qu\u2019en France, ces \u00e9carts auraient tendance \u00e0 diminuer quand, en Belgique, c\u2019est l\u2019inverse.<\/p>\n<p>Le rapport \u00e0 l\u2019Europe &#8211;\u00a0qui n\u2019\u00e9tait pas questionn\u00e9 en 2016\/2017 &#8211; souligne \u00e9galement quelques diff\u00e9rences. \u00c0 titre d\u2019exemple, la confiance semble un peu plus \u00e9lev\u00e9e au sein de la population fran\u00e7aise.<\/p>\n<p>Seules les\u00a0\u00ab\u00a0<em>conditions de vie\u00a0\u00bb<\/em>, relativement stables dans nos deux pays, constituent clairement LE point d\u2019attention de ces beaux r\u00e9sultats fran\u00e7ais. Une nouvelle soci\u00e9t\u00e9 y est-elle en marche\u00a0? La suite en 2019\u2026<\/p>\n<p style=\"text-align: justify;\"><span style=\"color: #333333;\"><strong>\u00a0<a href=\"https:\/\/www.institut-solidaris.be\/wp-content\/uploads\/2017\/02\/BaroBELV1.pdf\" target=\"_blank\" rel=\"noopener noreferrer\"><img decoding=\"async\" class=\"alignnone wp-image-112 size-full\" src=\"https:\/\/www.institut-solidaris.be\/wp-content\/uploads\/2015\/12\/icone-pdf.gif\" alt=\"Consulter notre enqu\u00eate\" width=\"32\" height=\"32\" \/><\/a><\/strong><a href=\"https:\/\/www.institut-solidaris.be\/wp-content\/uploads\/2018\/02\/BCBE2018_BEL_FR_complet.pdf\" target=\"_blank\" rel=\"noopener noreferrer\">Consulter l&rsquo;int\u00e9gralit\u00e9 de l&rsquo;enqu\u00eate<\/a><\/span><\/p>\n<\/div><div class=\"fusion-clearfix\"><\/div><\/div><\/div><div class=\"fusion-layout-column fusion_builder_column fusion-builder-column-2 fusion_builder_column_1_1 1_1 fusion-one-full fusion-column-first fusion-column-last fusion-column-no-min-height\" style=\"--awb-bg-size:cover;--awb-margin-bottom:0px;\"><div class=\"fusion-column-wrapper fusion-flex-column-wrapper-legacy\"><div class=\"fusion-title title fusion-title-1 fusion-title-text fusion-title-size-one\" style=\"--awb-margin-top-small:0px;--awb-margin-right-small:0px;--awb-margin-bottom-small:20px;--awb-margin-left-small:0px;\"><h1 class=\"fusion-title-heading title-heading-left\" style=\"margin:0;\"><h1 style=\"text-align: center;\"><strong>Chiffres comparatifs Belgique\/France<\/strong><\/h1><\/h1><span class=\"awb-title-spacer\"><\/span><div class=\"title-sep-container\"><div class=\"title-sep sep-double sep-solid\" style=\"border-color:#e0dede;\"><\/div><\/div><\/div><div class=\"fusion-clearfix\"><\/div><\/div><\/div><div class=\"fusion-layout-column fusion_builder_column fusion-builder-column-3 fusion_builder_column_1_2 1_2 fusion-one-half fusion-column-first\" style=\"--awb-bg-size:cover;width:48%; margin-right: 4%;\"><div class=\"fusion-column-wrapper fusion-flex-column-wrapper-legacy\"><div class=\"fusion-text fusion-text-2\"><p><strong>Concernant mon avenir personnel, je suis vraiment tr\u00e8s optimiste<\/strong><\/p>\n<\/div><div class=\"fusion-progressbar\" style=\"--awb-textcolor:#000000;--awb-filledcolor:#b7b7b7;--awb-filledbordercolor:#b7b7b7;--awb-maximum-value-wrapper-width:50%;\"><div class=\"fusion-progressbar-bar progress-bar\"><div class=\"progress progress-bar-content not-animated\" role=\"progressbar\" aria-labelledby=\"awb-progressbar-label-1\" aria-valuemin=\"0\" aria-valuemax=\"100\" aria-valuenow=\"50\" data-filling-speed=\"600\"><span class=\"progress-title awb-on-bar\"><span class=\"fusion-progressbar-text\" id=\"awb-progressbar-label-1\">Belgique :<\/span> <span class=\"fusion-progressbar-value\">50%<\/span><\/span><\/div><span class=\"awb-pb-max-value-wrap awb-on-bar\"><span class=\"awb-pb-max-value-text\"><\/span><\/span><\/div><\/div><div class=\"fusion-progressbar\" style=\"--awb-textcolor:#000000;--awb-filledcolor:#b7b7b7;--awb-filledbordercolor:#b7b7b7;--awb-maximum-value-wrapper-width:40%;\"><div class=\"fusion-progressbar-bar progress-bar\"><div class=\"progress progress-bar-content not-animated\" role=\"progressbar\" aria-labelledby=\"awb-progressbar-label-2\" aria-valuemin=\"0\" aria-valuemax=\"100\" aria-valuenow=\"60\" data-filling-speed=\"600\"><span class=\"progress-title awb-on-bar\"><span class=\"fusion-progressbar-text\" id=\"awb-progressbar-label-2\">France :<\/span> <span class=\"fusion-progressbar-value\">60%<\/span><\/span><\/div><span class=\"awb-pb-max-value-wrap awb-on-bar\"><span class=\"awb-pb-max-value-text\"><\/span><\/span><\/div><\/div><div class=\"fusion-text fusion-text-3\"><p><strong>Je me sens tr\u00e8s attach\u00e9-e \u00e0 mon identit\u00e9 fran\u00e7aise\/belge<\/strong><\/p>\n<\/div><div class=\"fusion-progressbar\" style=\"--awb-textcolor:#000000;--awb-filledcolor:#b7b7b7;--awb-filledbordercolor:#b7b7b7;--awb-maximum-value-wrapper-width:26%;\"><div class=\"fusion-progressbar-bar progress-bar\"><div class=\"progress progress-bar-content not-animated\" role=\"progressbar\" aria-labelledby=\"awb-progressbar-label-3\" aria-valuemin=\"0\" aria-valuemax=\"100\" aria-valuenow=\"74\" data-filling-speed=\"600\"><span class=\"progress-title awb-on-bar\"><span class=\"fusion-progressbar-text\" id=\"awb-progressbar-label-3\">Belgique :<\/span> <span class=\"fusion-progressbar-value\">74%<\/span><\/span><\/div><span class=\"awb-pb-max-value-wrap awb-on-bar\"><span class=\"awb-pb-max-value-text\"><\/span><\/span><\/div><\/div><div class=\"fusion-progressbar\" style=\"--awb-textcolor:#000000;--awb-filledcolor:#b7b7b7;--awb-filledbordercolor:#b7b7b7;--awb-maximum-value-wrapper-width:18%;\"><div class=\"fusion-progressbar-bar progress-bar\"><div class=\"progress progress-bar-content not-animated\" role=\"progressbar\" aria-labelledby=\"awb-progressbar-label-4\" aria-valuemin=\"0\" aria-valuemax=\"100\" aria-valuenow=\"82\" data-filling-speed=\"600\"><span class=\"progress-title awb-on-bar\"><span class=\"fusion-progressbar-text\" id=\"awb-progressbar-label-4\">France :<\/span> <span class=\"fusion-progressbar-value\">82%<\/span><\/span><\/div><span class=\"awb-pb-max-value-wrap awb-on-bar\"><span class=\"awb-pb-max-value-text\"><\/span><\/span><\/div><\/div><div class=\"fusion-text fusion-text-4\"><p><strong>En Belgique\/France, la d\u00e9mocratie fonctionne vraiment tr\u00e8s bien<\/strong><\/p>\n<\/div><div class=\"fusion-progressbar\" style=\"--awb-textcolor:#000000;--awb-filledcolor:#b7b7b7;--awb-filledbordercolor:#b7b7b7;--awb-maximum-value-wrapper-width:73%;\"><div class=\"fusion-progressbar-bar progress-bar\"><div class=\"progress progress-bar-content not-animated\" role=\"progressbar\" aria-labelledby=\"awb-progressbar-label-5\" aria-valuemin=\"0\" aria-valuemax=\"100\" aria-valuenow=\"27\" data-filling-speed=\"600\"><span class=\"progress-title awb-on-bar\"><span class=\"fusion-progressbar-text\" id=\"awb-progressbar-label-5\">Belgique :<\/span> <span class=\"fusion-progressbar-value\">27%<\/span><\/span><\/div><span class=\"awb-pb-max-value-wrap awb-on-bar\"><span class=\"awb-pb-max-value-text\"><\/span><\/span><\/div><\/div><div class=\"fusion-progressbar\" style=\"--awb-textcolor:#000000;--awb-filledcolor:#b7b7b7;--awb-filledbordercolor:#b7b7b7;--awb-maximum-value-wrapper-width:66%;\"><div class=\"fusion-progressbar-bar progress-bar\"><div class=\"progress progress-bar-content not-animated\" role=\"progressbar\" aria-labelledby=\"awb-progressbar-label-6\" aria-valuemin=\"0\" aria-valuemax=\"100\" aria-valuenow=\"34\" data-filling-speed=\"600\"><span class=\"progress-title awb-on-bar\"><span class=\"fusion-progressbar-text\" id=\"awb-progressbar-label-6\">France :<\/span> <span class=\"fusion-progressbar-value\">34%<\/span><\/span><\/div><span class=\"awb-pb-max-value-wrap awb-on-bar\"><span class=\"awb-pb-max-value-text\"><\/span><\/span><\/div><\/div><div class=\"fusion-clearfix\"><\/div><\/div><\/div><div class=\"fusion-layout-column fusion_builder_column fusion-builder-column-4 fusion_builder_column_1_2 1_2 fusion-one-half fusion-column-last\" style=\"--awb-bg-size:cover;width:48%;\"><div class=\"fusion-column-wrapper fusion-flex-column-wrapper-legacy\"><div class=\"fusion-text fusion-text-5\"><p><strong>J\u2019estime que je fais suffisamment de sport, d\u2019exercices physiques <\/strong><\/p>\n<\/div><div class=\"fusion-progressbar\" style=\"--awb-textcolor:#000000;--awb-filledcolor:#b7b7b7;--awb-filledbordercolor:#b7b7b7;--awb-maximum-value-wrapper-width:70%;\"><div class=\"fusion-progressbar-bar progress-bar\"><div class=\"progress progress-bar-content not-animated\" role=\"progressbar\" aria-labelledby=\"awb-progressbar-label-7\" aria-valuemin=\"0\" aria-valuemax=\"100\" aria-valuenow=\"30\" data-filling-speed=\"600\"><span class=\"progress-title awb-on-bar\"><span class=\"fusion-progressbar-text\" id=\"awb-progressbar-label-7\">Belgique :<\/span> <span class=\"fusion-progressbar-value\">30%<\/span><\/span><\/div><span class=\"awb-pb-max-value-wrap awb-on-bar\"><span class=\"awb-pb-max-value-text\"><\/span><\/span><\/div><\/div><div class=\"fusion-progressbar\" style=\"--awb-textcolor:#000000;--awb-filledcolor:#b7b7b7;--awb-filledbordercolor:#b7b7b7;--awb-maximum-value-wrapper-width:55%;\"><div class=\"fusion-progressbar-bar progress-bar\"><div class=\"progress progress-bar-content not-animated\" role=\"progressbar\" aria-labelledby=\"awb-progressbar-label-8\" aria-valuemin=\"0\" aria-valuemax=\"100\" aria-valuenow=\"45\" data-filling-speed=\"600\"><span class=\"progress-title awb-on-bar\"><span class=\"fusion-progressbar-text\" id=\"awb-progressbar-label-8\">France :<\/span> <span class=\"fusion-progressbar-value\">45%<\/span><\/span><\/div><span class=\"awb-pb-max-value-wrap awb-on-bar\"><span class=\"awb-pb-max-value-text\"><\/span><\/span><\/div><\/div><div class=\"fusion-text fusion-text-6\"><p><strong>Globalement le syst\u00e8me de sant\u00e9 est bien adapt\u00e9 \u00e0 des gens comme moi<\/strong><\/p>\n<\/div><div class=\"fusion-progressbar\" style=\"--awb-textcolor:#000000;--awb-filledcolor:#b7b7b7;--awb-filledbordercolor:#b7b7b7;--awb-maximum-value-wrapper-width:31%;\"><div class=\"fusion-progressbar-bar progress-bar\"><div class=\"progress progress-bar-content not-animated\" role=\"progressbar\" aria-labelledby=\"awb-progressbar-label-9\" aria-valuemin=\"0\" aria-valuemax=\"100\" aria-valuenow=\"69\" data-filling-speed=\"600\"><span class=\"progress-title awb-on-bar\"><span class=\"fusion-progressbar-text\" id=\"awb-progressbar-label-9\">Belgique (-7,6%) :<\/span> <span class=\"fusion-progressbar-value\">69%<\/span><\/span><\/div><span class=\"awb-pb-max-value-wrap awb-on-bar\"><span class=\"awb-pb-max-value-text\"><\/span><\/span><\/div><\/div><div class=\"fusion-progressbar\" style=\"--awb-textcolor:#000000;--awb-filledcolor:#b7b7b7;--awb-filledbordercolor:#b7b7b7;--awb-maximum-value-wrapper-width:32%;\"><div class=\"fusion-progressbar-bar progress-bar\"><div class=\"progress progress-bar-content not-animated\" role=\"progressbar\" aria-labelledby=\"awb-progressbar-label-10\" aria-valuemin=\"0\" aria-valuemax=\"100\" aria-valuenow=\"68\" data-filling-speed=\"600\"><span class=\"progress-title awb-on-bar\"><span class=\"fusion-progressbar-text\" id=\"awb-progressbar-label-10\">France (+0,7%) :<\/span> <span class=\"fusion-progressbar-value\">68%<\/span><\/span><\/div><span class=\"awb-pb-max-value-wrap awb-on-bar\"><span class=\"awb-pb-max-value-text\"><\/span><\/span><\/div><\/div><div class=\"fusion-text fusion-text-7\"><p><strong>Concernant mon avenir personnel, je suis vraiment tr\u00e8s optimiste<\/strong><\/p>\n<\/div><div class=\"fusion-progressbar\" style=\"--awb-textcolor:#000000;--awb-filledcolor:#b7b7b7;--awb-filledbordercolor:#b7b7b7;--awb-maximum-value-wrapper-width:82%;\"><div class=\"fusion-progressbar-bar progress-bar\"><div class=\"progress progress-bar-content not-animated\" role=\"progressbar\" aria-labelledby=\"awb-progressbar-label-11\" aria-valuemin=\"0\" aria-valuemax=\"100\" aria-valuenow=\"18\" data-filling-speed=\"600\"><span class=\"progress-title awb-on-bar\"><span class=\"fusion-progressbar-text\" id=\"awb-progressbar-label-11\">Belgique :<\/span> <span class=\"fusion-progressbar-value\">18%<\/span><\/span><\/div><span class=\"awb-pb-max-value-wrap awb-on-bar\"><span class=\"awb-pb-max-value-text\"><\/span><\/span><\/div><\/div><div class=\"fusion-progressbar\" style=\"--awb-textcolor:#000000;--awb-filledcolor:#b7b7b7;--awb-filledbordercolor:#b7b7b7;--awb-maximum-value-wrapper-width:73%;\"><div class=\"fusion-progressbar-bar progress-bar\"><div class=\"progress progress-bar-content not-animated\" role=\"progressbar\" aria-labelledby=\"awb-progressbar-label-12\" aria-valuemin=\"0\" aria-valuemax=\"100\" aria-valuenow=\"27\" data-filling-speed=\"600\"><span class=\"progress-title awb-on-bar\"><span class=\"fusion-progressbar-text\" id=\"awb-progressbar-label-12\">France :<\/span> <span class=\"fusion-progressbar-value\">27%<\/span><\/span><\/div><span class=\"awb-pb-max-value-wrap awb-on-bar\"><span class=\"awb-pb-max-value-text\"><\/span><\/span><\/div><\/div><div class=\"fusion-clearfix\"><\/div><\/div><\/div><\/div><\/div>\n","protected":false},"excerpt":{"rendered":"","protected":false},"author":6,"featured_media":0,"parent":0,"menu_order":0,"comment_status":"closed","ping_status":"closed","template":"","meta":{"footnotes":""},"class_list":["post-1439","page","type-page","status-publish","hentry"],"_links":{"self":[{"href":"https:\/\/www.institut-solidaris.be\/index.php\/wp-json\/wp\/v2\/pages\/1439","targetHints":{"allow":["GET"]}}],"collection":[{"href":"https:\/\/www.institut-solidaris.be\/index.php\/wp-json\/wp\/v2\/pages"}],"about":[{"href":"https:\/\/www.institut-solidaris.be\/index.php\/wp-json\/wp\/v2\/types\/page"}],"author":[{"embeddable":true,"href":"https:\/\/www.institut-solidaris.be\/index.php\/wp-json\/wp\/v2\/users\/6"}],"replies":[{"embeddable":true,"href":"https:\/\/www.institut-solidaris.be\/index.php\/wp-json\/wp\/v2\/comments?post=1439"}],"version-history":[{"count":9,"href":"https:\/\/www.institut-solidaris.be\/index.php\/wp-json\/wp\/v2\/pages\/1439\/revisions"}],"predecessor-version":[{"id":1891,"href":"https:\/\/www.institut-solidaris.be\/index.php\/wp-json\/wp\/v2\/pages\/1439\/revisions\/1891"}],"wp:attachment":[{"href":"https:\/\/www.institut-solidaris.be\/index.php\/wp-json\/wp\/v2\/media?parent=1439"}],"curies":[{"name":"wp","href":"https:\/\/api.w.org\/{rel}","templated":true}]}}