{"id":1419,"date":"2018-02-21T16:45:13","date_gmt":"2018-02-21T15:45:13","guid":{"rendered":"https:\/\/www.institut-solidaris.be\/?page_id=1419"},"modified":"2020-12-02T10:01:59","modified_gmt":"2020-12-02T09:01:59","slug":"barometre-confiance-bien-etre-2018","status":"publish","type":"page","link":"https:\/\/www.institut-solidaris.be\/index.php\/barometre-confiance-bien-etre-2018\/","title":{"rendered":"Barom\u00e8tre Confiance &#038; Bien-\u00eatre 2017"},"content":{"rendered":"<div class=\"fusion-fullwidth fullwidth-box fusion-builder-row-1 nonhundred-percent-fullwidth non-hundred-percent-height-scrolling\" style=\"--awb-background-position:left top;--awb-border-radius-top-left:0px;--awb-border-radius-top-right:0px;--awb-border-radius-bottom-right:0px;--awb-border-radius-bottom-left:0px;--awb-padding-top:20px;--awb-padding-bottom:20px;--awb-border-sizes-top:0px;--awb-border-sizes-bottom:0px;--awb-flex-wrap:wrap;\" ><div class=\"fusion-builder-row fusion-row\"><div class=\"fusion-layout-column fusion_builder_column fusion-builder-column-0 fusion_builder_column_1_2 1_2 fusion-one-half fusion-column-first\" style=\"--awb-bg-size:cover;width:48%; margin-right: 4%;\"><div class=\"fusion-column-wrapper fusion-flex-column-wrapper-legacy\"><div class=\"fusion-slider-sc fusion-flexslider-loading flexslider flexslider-hover-type-none\" data-slideshow_autoplay=\"1\" data-slideshow_smooth_height=\"0\" data-slideshow_speed=\"7000\" style=\"max-width:100%;height:100%;\"><ul class=\"slides\"><li class=\"image\"><span class=\"fusion-image-hover-element hover-type-none\"><img decoding=\"async\" src=\"https:\/\/www.institut-solidaris.be\/wp-content\/uploads\/2018\/02\/ImageCarousel_InfoSante_600x350_BaroCB_2018-300x175.jpg\" width=\"300\" height=\"175\" \/><\/span><\/li><\/ul><\/div><div class=\"fusion-clearfix\"><\/div><\/div><\/div><div class=\"fusion-layout-column fusion_builder_column fusion-builder-column-1 fusion_builder_column_1_2 1_2 fusion-one-half fusion-column-last\" style=\"--awb-bg-size:cover;width:48%;\"><div class=\"fusion-column-wrapper fusion-flex-column-wrapper-legacy\"><div class=\"fusion-text fusion-text-1\"><h2 style=\"text-align: justify;\"><strong>Pour la troisi\u00e8me ann\u00e9e cons\u00e9cutive en Belgique francophone et pour la 2<sup>\u00e8me<\/sup> ann\u00e9e en France, Solidaris a pris le pouls de la population<\/strong>.<\/h2>\n<p>Cette 3e \u00e9dition du Barom\u00e8tre Confiance et Bien-\u00eatre a \u00e9t\u00e9 de nouveau men\u00e9e en \u00e9troite collaboration avec la mutuelle fran\u00e7aise MGEN.<\/p>\n<p>Les deux mutuelles ont ainsi sond\u00e9 leurs soci\u00e9t\u00e9s respectives afin d\u2019en savoir un peu plus sur la confiance et le sentiment de bien-\u00eatre de leurs citoyens.<\/p>\n<p>Pour <strong>Solidaris et la MGEN<\/strong>, acteurs de protection sociale, ce barom\u00e8tre a pour objectif de mieux comprendre la mani\u00e8re dont la population vit et ressent l\u2019\u00e9volution de la soci\u00e9t\u00e9 et du vivre-ensemble.<\/p>\n<p>Sur le terrain, <strong>1057 Belges francophones<\/strong> et <strong>973<\/strong><strong> Fran\u00e7ais<\/strong> ont \u00e9t\u00e9 interrog\u00e9s en septembre 2017, soit par t\u00e9l\u00e9phone, soit par internet.<\/p>\n<p>Ce troisi\u00e8me barom\u00e8tre met en exergue des \u00e9volutions sensiblement diff\u00e9rentes entre nos deux pays\u00a0: si les difficult\u00e9s rencontr\u00e9es restent largement communes et d\u00e9passent les fronti\u00e8res, des tendances parfois oppos\u00e9es sont observ\u00e9es. La France b\u00e9n\u00e9ficiant d\u2019un regain d\u2019optimisme quand la Belgique aurait plut\u00f4t tendance \u00e0 voir son moral amput\u00e9.<\/p>\n<p style=\"text-align: justify;\">Ce Barom\u00e8tre se d\u00e9coupe en 3 volets, \u00e0 savoir :<\/p>\n<ul>\n<li style=\"text-align: justify;\">L&rsquo;enqu\u00eate en <strong>Belgique<\/strong>, dont les r\u00e9sultats sont consultables\u00a0<span style=\"color: #ff0000;\"><strong><a style=\"color: #ff0000;\" href=\"https:\/\/www.institut-solidaris.be\/index.php\/belgique2018\/\" target=\"_blank\" rel=\"noopener noreferrer\">ici<\/a><\/strong><\/span><\/li>\n<li style=\"text-align: justify;\">L&rsquo;enqu\u00eate en <strong>France<\/strong>, dont les r\u00e9sultats sont consultables\u00a0<span style=\"color: #ff0000;\"><strong><a style=\"color: #ff0000;\" href=\"https:\/\/www.institut-solidaris.be\/index.php\/france2018\/\" target=\"_blank\" rel=\"noopener noreferrer\">ici<\/a><\/strong><\/span><\/li>\n<li style=\"text-align: justify;\">Le comparatif <strong>Belgique\/France<\/strong> qui est consultable<span style=\"color: #ff0000;\"><strong>\u00a0<a style=\"color: #ff0000;\" href=\"https:\/\/www.institut-solidaris.be\/index.php\/belgiquefrance2018\/\" target=\"_blank\" rel=\"noopener noreferrer\">ici<\/a><\/strong><\/span><\/li>\n<\/ul>\n<p style=\"text-align: justify;\"><span style=\"color: #333333;\"><strong>\u00a0<\/strong><\/span><\/p>\n<\/div><div class=\"fusion-clearfix\"><\/div><\/div><\/div><div class=\"fusion-layout-column fusion_builder_column fusion-builder-column-2 fusion_builder_column_1_2 1_2 fusion-one-half fusion-column-first\" style=\"--awb-bg-size:cover;width:48%; margin-right: 4%;\"><div class=\"fusion-column-wrapper fusion-flex-column-wrapper-legacy\"><div class=\"fusion-clearfix\"><\/div><\/div><\/div><div class=\"fusion-layout-column fusion_builder_column fusion-builder-column-3 fusion_builder_column_1_2 1_2 fusion-one-half fusion-column-last\" style=\"--awb-bg-size:cover;width:48%;\"><div class=\"fusion-column-wrapper fusion-flex-column-wrapper-legacy\"><div class=\"fusion-clearfix\"><\/div><\/div><\/div><\/div><\/div>\n","protected":false},"excerpt":{"rendered":"","protected":false},"author":6,"featured_media":0,"parent":0,"menu_order":0,"comment_status":"closed","ping_status":"closed","template":"","meta":{"footnotes":""},"class_list":["post-1419","page","type-page","status-publish","hentry"],"_links":{"self":[{"href":"https:\/\/www.institut-solidaris.be\/index.php\/wp-json\/wp\/v2\/pages\/1419","targetHints":{"allow":["GET"]}}],"collection":[{"href":"https:\/\/www.institut-solidaris.be\/index.php\/wp-json\/wp\/v2\/pages"}],"about":[{"href":"https:\/\/www.institut-solidaris.be\/index.php\/wp-json\/wp\/v2\/types\/page"}],"author":[{"embeddable":true,"href":"https:\/\/www.institut-solidaris.be\/index.php\/wp-json\/wp\/v2\/users\/6"}],"replies":[{"embeddable":true,"href":"https:\/\/www.institut-solidaris.be\/index.php\/wp-json\/wp\/v2\/comments?post=1419"}],"version-history":[{"count":15,"href":"https:\/\/www.institut-solidaris.be\/index.php\/wp-json\/wp\/v2\/pages\/1419\/revisions"}],"predecessor-version":[{"id":2009,"href":"https:\/\/www.institut-solidaris.be\/index.php\/wp-json\/wp\/v2\/pages\/1419\/revisions\/2009"}],"wp:attachment":[{"href":"https:\/\/www.institut-solidaris.be\/index.php\/wp-json\/wp\/v2\/media?parent=1419"}],"curies":[{"name":"wp","href":"https:\/\/api.w.org\/{rel}","templated":true}]}}